{"id":3026,"date":"2026-03-19T16:59:02","date_gmt":"2026-03-19T20:59:02","guid":{"rendered":"https:\/\/site.ac-martinique.fr\/clg-diamant\/?page_id=3026"},"modified":"2026-03-19T17:28:23","modified_gmt":"2026-03-19T21:28:23","slug":"les-ecailles","status":"publish","type":"page","link":"https:\/\/site.ac-martinique.fr\/clg-diamant\/les-ecailles\/","title":{"rendered":"Les \u00e9cailles"},"content":{"rendered":"\n<div class=\"wp-block-media-text is-stacked-on-mobile\" style=\"grid-template-columns:30% auto\"><figure class=\"wp-block-media-text__media\"><img loading=\"lazy\" decoding=\"async\" width=\"1024\" height=\"683\" src=\"https:\/\/site.ac-martinique.fr\/clg-diamant\/wp-content\/uploads\/sites\/52\/2026\/03\/ChatGPT-Image-19-mars-2026-16_57_45-1024x683.png\" alt=\"\" class=\"wp-image-3029 size-full\" srcset=\"https:\/\/site.ac-martinique.fr\/clg-diamant\/wp-content\/uploads\/sites\/52\/2026\/03\/ChatGPT-Image-19-mars-2026-16_57_45-1024x683.png 1024w, https:\/\/site.ac-martinique.fr\/clg-diamant\/wp-content\/uploads\/sites\/52\/2026\/03\/ChatGPT-Image-19-mars-2026-16_57_45-300x200.png 300w, https:\/\/site.ac-martinique.fr\/clg-diamant\/wp-content\/uploads\/sites\/52\/2026\/03\/ChatGPT-Image-19-mars-2026-16_57_45.png 1536w\" sizes=\"auto, (max-width: 1024px) 100vw, 1024px\" \/><\/figure><div class=\"wp-block-media-text__content\">\n<p>Le projet de la classe de 4A, \u00ab\u00a0Dans la peau d\u2019un journaliste\u00a0\u00bb, encadr\u00e9 par le professeur de lettres, Mme POLLISSARD, est l\u2019occasion de toucher du doigt les aspects du m\u00e9tier de journaliste via les diff\u00e9rents m\u00e9dias. Premi\u00e8re \u00e9tape\u00a0: la Web radio. L\u2019occasion d\u2019\u00e9voquer des th\u00e9matiques d\u2019actualit\u00e9 comme la protection de l\u2019environnement.<\/p>\n<\/div><\/div>\n\n\n\n<figure class=\"wp-block-audio\"><audio controls src=\"https:\/\/site.ac-martinique.fr\/clg-diamant\/wp-content\/uploads\/sites\/52\/2026\/03\/Emission-Les-ecailles-2.mp3\"><\/audio><\/figure>\n","protected":false},"excerpt":{"rendered":"<p>Le projet de la classe de 4A, \u00ab\u00a0Dans la peau d\u2019un journaliste\u00a0\u00bb, encadr\u00e9 par le professeur de lettres, Mme POLLISSARD, est l\u2019occasion de toucher du doigt les aspects du m\u00e9tier de journaliste via les diff\u00e9rents m\u00e9dias. Premi\u00e8re \u00e9tape\u00a0: la Web radio. L\u2019occasion d\u2019\u00e9voquer des th\u00e9matiques d\u2019actualit\u00e9 comme la protection de l\u2019environnement.<\/p>\n","protected":false},"author":587,"featured_media":3039,"parent":0,"menu_order":0,"comment_status":"closed","ping_status":"closed","template":"","meta":{"inspiro_hide_title":false,"footnotes":""},"class_list":["post-3026","page","type-page","status-publish","has-post-thumbnail","hentry"],"_links":{"self":[{"href":"https:\/\/site.ac-martinique.fr\/clg-diamant\/wp-json\/wp\/v2\/pages\/3026","targetHints":{"allow":["GET"]}}],"collection":[{"href":"https:\/\/site.ac-martinique.fr\/clg-diamant\/wp-json\/wp\/v2\/pages"}],"about":[{"href":"https:\/\/site.ac-martinique.fr\/clg-diamant\/wp-json\/wp\/v2\/types\/page"}],"author":[{"embeddable":true,"href":"https:\/\/site.ac-martinique.fr\/clg-diamant\/wp-json\/wp\/v2\/users\/587"}],"replies":[{"embeddable":true,"href":"https:\/\/site.ac-martinique.fr\/clg-diamant\/wp-json\/wp\/v2\/comments?post=3026"}],"version-history":[{"count":1,"href":"https:\/\/site.ac-martinique.fr\/clg-diamant\/wp-json\/wp\/v2\/pages\/3026\/revisions"}],"predecessor-version":[{"id":3030,"href":"https:\/\/site.ac-martinique.fr\/clg-diamant\/wp-json\/wp\/v2\/pages\/3026\/revisions\/3030"}],"wp:featuredmedia":[{"embeddable":true,"href":"https:\/\/site.ac-martinique.fr\/clg-diamant\/wp-json\/wp\/v2\/media\/3039"}],"wp:attachment":[{"href":"https:\/\/site.ac-martinique.fr\/clg-diamant\/wp-json\/wp\/v2\/media?parent=3026"}],"curies":[{"name":"wp","href":"https:\/\/api.w.org\/{rel}","templated":true}]}}