{"id":3034,"date":"2026-03-19T17:13:40","date_gmt":"2026-03-19T21:13:40","guid":{"rendered":"https:\/\/site.ac-martinique.fr\/clg-diamant\/?page_id=3034"},"modified":"2026-03-20T14:14:28","modified_gmt":"2026-03-20T18:14:28","slug":"rencontre-avec-emmanuel-kherad","status":"publish","type":"page","link":"https:\/\/site.ac-martinique.fr\/clg-diamant\/rencontre-avec-emmanuel-kherad\/","title":{"rendered":"Rencontre avec Emmanuel KHERAD"},"content":{"rendered":"\n<div class=\"wp-block-media-text is-stacked-on-mobile\" style=\"grid-template-columns:30% auto\"><figure class=\"wp-block-media-text__media\"><img loading=\"lazy\" decoding=\"async\" width=\"1024\" height=\"683\" src=\"https:\/\/site.ac-martinique.fr\/clg-diamant\/wp-content\/uploads\/sites\/52\/2026\/03\/10eba57f-8bf3-480c-8499-3126261cd1bc-1024x683.png\" alt=\"\" class=\"wp-image-3036 size-full\" srcset=\"https:\/\/site.ac-martinique.fr\/clg-diamant\/wp-content\/uploads\/sites\/52\/2026\/03\/10eba57f-8bf3-480c-8499-3126261cd1bc-1024x683.png 1024w, https:\/\/site.ac-martinique.fr\/clg-diamant\/wp-content\/uploads\/sites\/52\/2026\/03\/10eba57f-8bf3-480c-8499-3126261cd1bc-300x200.png 300w, https:\/\/site.ac-martinique.fr\/clg-diamant\/wp-content\/uploads\/sites\/52\/2026\/03\/10eba57f-8bf3-480c-8499-3126261cd1bc.png 1536w\" sizes=\"auto, (max-width: 1024px) 100vw, 1024px\" \/><\/figure><div class=\"wp-block-media-text__content\">\n<p>Dans le cadre du Festival en Pays r\u00eav\u00e9, les \u00e9l\u00e8ves de 4A ont accueilli le journaliste Emmanuel KHERAD. Ce fut l\u2019occasion d\u2019\u00e9changer autour du parcours et du m\u00e9tier du journaliste et de profiter de ses nombreux conseils.<\/p>\n<\/div><\/div>\n\n\n\n<figure class=\"wp-block-audio\"><audio controls src=\"https:\/\/site.ac-martinique.fr\/clg-diamant\/wp-content\/uploads\/sites\/52\/2026\/03\/interview-dEmmanuel-Kherad-nov-2025.mp3\"><\/audio><\/figure>\n\n\n\n<p><\/p>\n","protected":false},"excerpt":{"rendered":"<p>Dans le cadre du Festival en Pays r\u00eav\u00e9, les \u00e9l\u00e8ves de 4A ont accueilli le journaliste Emmanuel KHERAD. Ce fut l\u2019occasion d\u2019\u00e9changer autour du parcours et du m\u00e9tier du journaliste et de profiter de ses nombreux conseils.<\/p>\n","protected":false},"author":587,"featured_media":3019,"parent":0,"menu_order":0,"comment_status":"closed","ping_status":"closed","template":"","meta":{"inspiro_hide_title":false,"footnotes":""},"class_list":["post-3034","page","type-page","status-publish","has-post-thumbnail","hentry"],"_links":{"self":[{"href":"https:\/\/site.ac-martinique.fr\/clg-diamant\/wp-json\/wp\/v2\/pages\/3034","targetHints":{"allow":["GET"]}}],"collection":[{"href":"https:\/\/site.ac-martinique.fr\/clg-diamant\/wp-json\/wp\/v2\/pages"}],"about":[{"href":"https:\/\/site.ac-martinique.fr\/clg-diamant\/wp-json\/wp\/v2\/types\/page"}],"author":[{"embeddable":true,"href":"https:\/\/site.ac-martinique.fr\/clg-diamant\/wp-json\/wp\/v2\/users\/587"}],"replies":[{"embeddable":true,"href":"https:\/\/site.ac-martinique.fr\/clg-diamant\/wp-json\/wp\/v2\/comments?post=3034"}],"version-history":[{"count":4,"href":"https:\/\/site.ac-martinique.fr\/clg-diamant\/wp-json\/wp\/v2\/pages\/3034\/revisions"}],"predecessor-version":[{"id":3045,"href":"https:\/\/site.ac-martinique.fr\/clg-diamant\/wp-json\/wp\/v2\/pages\/3034\/revisions\/3045"}],"wp:featuredmedia":[{"embeddable":true,"href":"https:\/\/site.ac-martinique.fr\/clg-diamant\/wp-json\/wp\/v2\/media\/3019"}],"wp:attachment":[{"href":"https:\/\/site.ac-martinique.fr\/clg-diamant\/wp-json\/wp\/v2\/media?parent=3034"}],"curies":[{"name":"wp","href":"https:\/\/api.w.org\/{rel}","templated":true}]}}