{"id":321,"date":"2024-10-07T11:05:06","date_gmt":"2024-10-07T15:05:06","guid":{"rendered":"\/clg-diamant\/?page_id=321"},"modified":"2024-10-07T11:23:20","modified_gmt":"2024-10-07T15:23:20","slug":"accueil","status":"publish","type":"page","link":"https:\/\/site.ac-martinique.fr\/clg-diamant\/accueil\/","title":{"rendered":"Pr\u00e9parez votre rentr\u00e9e"},"content":{"rendered":"\n<figure class=\"wp-block-image size-full is-resized\"><a href=\"https:\/\/site.ac-martinique.fr\/clg-diamant\/wp-content\/uploads\/sites\/52\/2024\/07\/Blue-Back-to-School-Email-Header-2.png\"><img loading=\"lazy\" decoding=\"async\" width=\"750\" height=\"250\" src=\"https:\/\/site.ac-martinique.fr\/clg-diamant\/wp-content\/uploads\/sites\/52\/2024\/07\/Blue-Back-to-School-Email-Header-2.png\" alt=\"\" class=\"wp-image-2456\" style=\"width:1140px;height:auto\" srcset=\"https:\/\/site.ac-martinique.fr\/clg-diamant\/wp-content\/uploads\/sites\/52\/2024\/07\/Blue-Back-to-School-Email-Header-2.png 750w, https:\/\/site.ac-martinique.fr\/clg-diamant\/wp-content\/uploads\/sites\/52\/2024\/07\/Blue-Back-to-School-Email-Header-2-300x100.png 300w\" sizes=\"auto, (max-width: 750px) 100vw, 750px\" \/><\/a><\/figure>\n\n\n\n<p class=\"has-text-align-center\"><strong>Ouverture campagne de bourse coll\u00e8ge 2024\/2025<\/strong><\/p>\n\n\n\n<p>Mesdames, Messieurs,&nbsp;<\/p>\n\n\n\n<p>Pour l&rsquo;ann\u00e9e scolaire&nbsp;2024-2025, la campagne de bourses de coll\u00e8ge est ouverte du&nbsp;<strong>1er septembre 2024 au 17 octobre 2024 inclus<\/strong>.<\/p>\n\n\n\n<p>Le service en ligne de demande de bourse de coll\u00e8ge ou le d\u00e9p\u00f4t d&rsquo;une demande de bourse via le formulaire Cerfa (\u00e0&nbsp;retirer et d\u00e9poser aupr\u00e8s du service Intendance de l&rsquo;\u00e9tablissement) est accessible&nbsp;pour&nbsp;tous les&nbsp;<strong>\u00e9l\u00e8ves.<\/strong><\/p>\n\n\n\n<p>Dans le cadre de l&rsquo;harmonisation coll\u00e8ges \/ lyc\u00e9es des dispositions relatives \u00e0 la dur\u00e9e et mode d&rsquo;attribution des bourses nationales,&nbsp;<strong>la possibilit\u00e9 de consentir via le t\u00e9l\u00e9service Bourses \u00e0 l&rsquo;actualisation des donn\u00e9es fiscales pour l&rsquo;examen du droit \u00e0 la bourse nationale de coll\u00e8ge est supprim\u00e9e<\/strong>&nbsp;(fin de la tacite reconduction).&nbsp;<strong>Ainsi, toutes les familles souhaitant b\u00e9n\u00e9ficier d&rsquo;une bourse doivent d\u00e9poser une demande de bourse, quelle que soit la proc\u00e9dure choisie (consentement \u00e0 l&rsquo;\u00e9tude automatique du droit \u00e0 bourse ou d\u00e9p\u00f4t d&rsquo;une demande de bourse via le service en ligne ou le formulaire Cerfa), y compris les familles de coll\u00e9giens qui avaient consenti \u00e0 la tacite reconduction de leur demande.<\/strong><\/p>\n\n\n\n<p>Vous trouverez en ci-dessous, le CERFA \u00e0 remplir, imprimer et a remettre avec la liste des pi\u00e8ces demand\u00e9es.<\/p>\n\n\n\n<ul class=\"wp-block-list\">\n<li><a href=\"https:\/\/site.ac-martinique.fr\/clg-diamant\/wp-content\/uploads\/sites\/52\/2024\/10\/2024_bourse-nationale_flyer.pdf\" target=\"_blank\" rel=\"noopener\"><strong>FLYER<\/strong><\/a><\/li>\n\n\n\n<li><a href=\"https:\/\/site.ac-martinique.fr\/clg-diamant\/wp-content\/uploads\/sites\/52\/2024\/10\/formulaire-de-demande-de-bourse-nationale-de-coll-ge-pour-l-ann-e-scolaire-2024-2025-195009.pdf\" target=\"_blank\" rel=\"noopener\"><strong>CERFA<\/strong><\/a><\/li>\n<\/ul>\n\n\n\n<p>Vous pouvez consulter \u00e9galement les liens suivants :<\/p>\n\n\n\n<p><a href=\"https:\/\/www.education.gouv.fr\/les-bourses-de-college-et-de-lycee-326728\" target=\"_blank\" rel=\"noopener\">https:\/\/www.education.gouv.fr\/les-bourses-de-college-et-de-lycee-326728<\/a><\/p>\n\n\n\n<p><a href=\"https:\/\/www.education.gouv.fr\/le-portail-scolarite-services-326158\">https:\/\/www.education.gouv.fr\/le-portail-scolarite-services-326158<\/a><\/p>\n\n\n\n<hr class=\"wp-block-separator has-alpha-channel-opacity\"\/>\n\n\n\n<p class=\"has-primary-color has-text-color has-link-color has-large-font-size wp-elements-f7c551acc2cb3f7c74ab092f156b03f8\">Lundi 2 septembre 2024<\/p>\n\n\n\n<ul class=\"wp-block-list\">\n<li style=\"font-style:normal;font-weight:700\">8h : Accueil des \u00e9l\u00e8ves et parents de 6\u00e8me<\/li>\n\n\n\n<li>9h \u2013 11h30 : Prise en charge des \u00e9l\u00e8ves en salle par les professeurs<\/li>\n\n\n\n<li>11h30 \u00e0 12h30 : \u00ab Le d\u00e9jeuner sera offert \u00e0 tous les \u00e9l\u00e8ves de 6\u00e8me au r\u00e9fectoire \u00bb<\/li>\n\n\n\n<li>9h : R\u00e9union avec les parents d\u2019\u00e9l\u00e8ves de 6\u00e8me<br><\/li>\n\n\n\n<li style=\"font-style:normal;font-weight:700\">13h30 : Accueil des \u00e9l\u00e8ves et parents de 5\u00e8me<\/li>\n\n\n\n<li>14h \u2013 16h : Prise en charge des \u00e9l\u00e8ves en salle par les professeurs (14h45 \u2013 15h : Quiz et jeux)<\/li>\n\n\n\n<li>14h : R\u00e9union avec les parents d\u2019\u00e9l\u00e8ves de 5\u00e8me<\/li>\n<\/ul>\n\n\n\n<p class=\"has-large-font-size\">Mardi 3 septembre 2024<\/p>\n\n\n\n<ul class=\"wp-block-list\">\n<li style=\"font-style:normal;font-weight:700\">8h : Accueil des \u00e9l\u00e8ves et parents de 4\u00e8me<\/li>\n\n\n\n<li>8h \u2013 12h : Prise en charge des \u00e9l\u00e8ves en salle par les professeurs (9h15 olympiades pour les 4\u00e8mes en tenue de sport avec une bouteille d\u2019eau)<\/li>\n\n\n\n<li>8h30 : R\u00e9union avec les parents d\u2019\u00e9l\u00e8ves de 4\u00e8me<\/li>\n<\/ul>\n\n\n\n<p class=\"has-large-font-size\">Mercredi 4 septembre 2024<\/p>\n\n\n\n<ul class=\"wp-block-list\">\n<li style=\"font-style:normal;font-weight:700\">8h : Accueil des \u00e9l\u00e8ves et parents de 3\u00e8me<\/li>\n\n\n\n<li>8h \u2013 12h : Prise en charge des \u00e9l\u00e8ves en salle par les professeurs (9h30 \u2013 12h : Quiz et ateliers)<\/li>\n\n\n\n<li>8h30 : R\u00e9union avec les parents d\u2019\u00e9l\u00e8ves de 3\u00e8me<\/li>\n<\/ul>\n\n\n\n<p class=\"has-large-font-size\">Jeudi 5 septembre 2024<\/p>\n\n\n\n<ul class=\"wp-block-list\">\n<li style=\"font-style:normal;font-weight:700\">8h \u2013 11h30 : Rallye d\u00e9couverte et jeux sportif pour les \u00e9l\u00e8ves de 6\u00e8me (en tenue de sport avec une bouteille d\u2019eau)<br><\/li>\n<\/ul>\n\n\n\n<p class=\"has-primary-color has-text-color has-link-color has-large-font-size wp-elements-b921a550dd966259e83b471b99ca157e\">Vendredi 6 septembre 2024<\/p>\n\n\n\n<p class=\"has-primary-color has-text-color has-link-color has-medium-font-size wp-elements-05dd5eb2465029ad6c09a45691a78ab9\"><strong>Rentr\u00e9e g\u00e9n\u00e9rale conform\u00e9ment aux emplois du temps<\/strong><\/p>\n\n\n\n<hr class=\"wp-block-separator has-alpha-channel-opacity\"\/>\n\n\n\n<p class=\"has-primary-color has-text-color has-link-color has-medium-font-size wp-elements-da6c27f2c527022f9cd0fc6a9bbb7834\" style=\"font-style:normal;font-weight:700\"><br><strong>Les listes des fournitures scolaires sont disponibles dans le tableau suivant:<\/strong><\/p>\n\n\n\n<figure class=\"wp-block-table\"><table><tbody><tr><td class=\"has-text-align-center\" data-align=\"center\">Liste des fournitures scolaires <strong>ULIS<\/strong><\/td><td><strong><a href=\"https:\/\/site.ac-martinique.fr\/clg-diamant\/wp-content\/uploads\/sites\/52\/2024\/07\/liste-materiel-eleves-de-lULIS-2024-2025.pdf\" target=\"_blank\" rel=\"noreferrer noopener\">T\u00e9l\u00e9charger<\/a><\/strong><\/td><\/tr><tr><td class=\"has-text-align-center\" data-align=\"center\">Liste des fournitures scolaires <strong>6E<\/strong><\/td><td><strong><a href=\"https:\/\/site.ac-martinique.fr\/clg-diamant\/wp-content\/uploads\/sites\/52\/2024\/07\/MATERIEL-SCOLAIRE-2024-2025-6eme.pdf\" target=\"_blank\" rel=\"noreferrer noopener\">T\u00e9l\u00e9charger<\/a><\/strong><\/td><\/tr><tr><td class=\"has-text-align-center\" data-align=\"center\">Liste des fournitures scolaires <strong>5E<\/strong><\/td><td><strong><a href=\"https:\/\/site.ac-martinique.fr\/clg-diamant\/wp-content\/uploads\/sites\/52\/2024\/07\/MATERIEL-SCOLAIRE-2024-2025-5eme.pdf\" target=\"_blank\" rel=\"noreferrer noopener\">T\u00e9l\u00e9charger<\/a><\/strong><\/td><\/tr><tr><td class=\"has-text-align-center\" data-align=\"center\">Liste des fournitures scolaires <strong>4E<\/strong><\/td><td><strong><a href=\"https:\/\/site.ac-martinique.fr\/clg-diamant\/wp-content\/uploads\/sites\/52\/2024\/07\/MATERIEL-SCOLAIRE-2024-2025-4eme.pdf\" target=\"_blank\" rel=\"noreferrer noopener\">T\u00e9l\u00e9charger<\/a><\/strong><\/td><\/tr><tr><td class=\"has-text-align-center\" data-align=\"center\">Liste des fournitures scolaires <strong>3E<\/strong><\/td><td><strong><a href=\"https:\/\/site.ac-martinique.fr\/clg-diamant\/wp-content\/uploads\/sites\/52\/2024\/07\/MATERIEL-SCOLAIRE-2024-2025-3eme.pdf\" target=\"_blank\" rel=\"noreferrer noopener\">T\u00e9l\u00e9charger<\/a><\/strong><\/td><\/tr><\/tbody><\/table><\/figure>\n\n\n\n<hr class=\"wp-block-separator has-alpha-channel-opacity\"\/>\n\n\n\n<div class=\"alignnormal\"><div id=\"metaslider-id-1927\" style=\"width: 100%; margin: 0 auto;\" class=\"ml-slider-3-108-0 metaslider metaslider-flex metaslider-1927 ml-slider has-dots-nav ms-theme-highway\" role=\"region\" aria-label=\"Nouveau diaporama\" data-height=\"1080\" data-width=\"1920\">\n    <div id=\"metaslider_container_1927\">\n        <div id=\"metaslider_1927\">\n            <ul class='slides'>\n                <li style=\"display: block; width: 100%;\" class=\"slide-2346 ms-image \" aria-roledescription=\"slide\" data-date=\"2024-06-12 07:21:39\" data-filename=\"1000040081-scaled-1920x1080.jpg\" data-slide-type=\"image\"><img loading=\"lazy\" decoding=\"async\" src=\"https:\/\/site.ac-martinique.fr\/clg-diamant\/wp-content\/uploads\/sites\/52\/2024\/06\/1000040081-scaled-1920x1080.jpg\" height=\"1080\" width=\"1920\" alt=\"\" class=\"slider-1927 slide-2346 msDefaultImage\" title=\"1000040081\" \/><\/li>\n                <li style=\"display: none; width: 100%;\" class=\"slide-1938 ms-image \" aria-roledescription=\"slide\" data-date=\"2023-11-27 09:21:40\" data-filename=\"20231016_164029-scaled-1920x1080.jpg\" data-slide-type=\"image\"><img loading=\"lazy\" decoding=\"async\" src=\"https:\/\/site.ac-martinique.fr\/clg-diamant\/wp-content\/uploads\/sites\/52\/2023\/11\/20231016_164029-scaled-1920x1080.jpg\" height=\"1080\" width=\"1920\" alt=\"\" class=\"slider-1927 slide-1938 msDefaultImage\" title=\"20231016_164029\" \/><div class=\"caption-wrap\"><div class=\"caption\">Les b\u00e2timents<\/div><\/div><\/li>\n                <li style=\"display: none; width: 100%;\" class=\"slide-1937 ms-image \" aria-roledescription=\"slide\" data-date=\"2023-11-27 09:21:40\" data-filename=\"20231016_164005-scaled-1920x1080.jpg\" data-slide-type=\"image\"><img loading=\"lazy\" decoding=\"async\" src=\"https:\/\/site.ac-martinique.fr\/clg-diamant\/wp-content\/uploads\/sites\/52\/2023\/11\/20231016_164005-scaled-1920x1080.jpg\" height=\"1080\" width=\"1920\" alt=\"\" class=\"slider-1927 slide-1937 msDefaultImage\" title=\"20231016_164005\" \/><\/li>\n                <li style=\"display: none; width: 100%;\" class=\"slide-2345 ms-image \" aria-roledescription=\"slide\" data-date=\"2024-06-12 07:21:02\" data-filename=\"cropped-MURAL-1920x1080.png\" data-slide-type=\"image\"><img loading=\"lazy\" decoding=\"async\" src=\"https:\/\/site.ac-martinique.fr\/clg-diamant\/wp-content\/uploads\/sites\/52\/2024\/06\/cropped-MURAL-1920x1080.png\" height=\"1080\" width=\"1920\" alt=\"\" class=\"slider-1927 slide-2345 msDefaultImage\" title=\"cropped-MURAL.png\" \/><\/li>\n                <li style=\"display: none; width: 100%;\" class=\"slide-1940 ms-image \" aria-roledescription=\"slide\" data-date=\"2023-11-27 09:21:40\" data-filename=\"20231016_164218-scaled-1920x1080.jpg\" data-slide-type=\"image\"><img loading=\"lazy\" decoding=\"async\" src=\"https:\/\/site.ac-martinique.fr\/clg-diamant\/wp-content\/uploads\/sites\/52\/2023\/11\/20231016_164218-scaled-1920x1080.jpg\" height=\"1080\" width=\"1920\" alt=\"\" class=\"slider-1927 slide-1940 msDefaultImage\" title=\"20231016_164218\" \/><\/li>\n                <li style=\"display: none; width: 100%;\" class=\"slide-1942 ms-image \" aria-roledescription=\"slide\" data-date=\"2023-11-27 09:21:40\" data-filename=\"20231018_083431-scaled-1920x1080.jpg\" data-slide-type=\"image\"><img loading=\"lazy\" decoding=\"async\" src=\"https:\/\/site.ac-martinique.fr\/clg-diamant\/wp-content\/uploads\/sites\/52\/2023\/11\/20231018_083431-scaled-1920x1080.jpg\" height=\"1080\" width=\"1920\" alt=\"\" class=\"slider-1927 slide-1942 msDefaultImage\" title=\"20231018_083431\" \/><div class=\"caption-wrap\"><div class=\"caption\">Les b\u00e2timents<\/div><\/div><\/li>\n                <li style=\"display: none; width: 100%;\" class=\"slide-1941 ms-image \" aria-roledescription=\"slide\" data-date=\"2023-11-27 09:21:40\" data-filename=\"20231018_083530-scaled-1920x1080.jpg\" data-slide-type=\"image\"><img loading=\"lazy\" decoding=\"async\" src=\"https:\/\/site.ac-martinique.fr\/clg-diamant\/wp-content\/uploads\/sites\/52\/2023\/11\/20231018_083530-scaled-1920x1080.jpg\" height=\"1080\" width=\"1920\" alt=\"\" class=\"slider-1927 slide-1941 msDefaultImage\" title=\"20231018_083530\" \/><\/li>\n                <li style=\"display: none; width: 100%;\" class=\"slide-2094 ms-image \" aria-roledescription=\"slide\" data-date=\"2024-03-20 07:18:46\" data-filename=\"20231018_083238-scaled-1920x1080.jpg\" data-slide-type=\"image\"><img loading=\"lazy\" decoding=\"async\" src=\"https:\/\/site.ac-martinique.fr\/clg-diamant\/wp-content\/uploads\/sites\/52\/2023\/11\/20231018_083238-scaled-1920x1080.jpg\" height=\"1080\" width=\"1920\" alt=\"\" class=\"slider-1927 slide-2094 msDefaultImage\" title=\"20231018_083238\" \/><div class=\"caption-wrap\"><div class=\"caption\">Le terrain de sport<\/div><\/div><\/li>\n                <li style=\"display: none; width: 100%;\" class=\"slide-1945 ms-image \" aria-roledescription=\"slide\" data-date=\"2023-11-27 09:21:40\" data-filename=\"20231018_082342-scaled-1920x1080.jpg\" data-slide-type=\"image\"><img loading=\"lazy\" decoding=\"async\" src=\"https:\/\/site.ac-martinique.fr\/clg-diamant\/wp-content\/uploads\/sites\/52\/2023\/11\/20231018_082342-scaled-1920x1080.jpg\" height=\"1080\" width=\"1920\" alt=\"\" class=\"slider-1927 slide-1945 msDefaultImage\" title=\"20231018_082342\" \/><\/li>\n                <li style=\"display: none; width: 100%;\" class=\"slide-1944 ms-image \" aria-roledescription=\"slide\" data-date=\"2023-11-27 09:21:40\" data-filename=\"20231018_083748-scaled-1920x1080.jpg\" data-slide-type=\"image\"><img loading=\"lazy\" decoding=\"async\" src=\"https:\/\/site.ac-martinique.fr\/clg-diamant\/wp-content\/uploads\/sites\/52\/2023\/11\/20231018_083748-scaled-1920x1080.jpg\" height=\"1080\" width=\"1920\" alt=\"\" class=\"slider-1927 slide-1944 msDefaultImage\" title=\"20231018_083748\" \/><div class=\"caption-wrap\"><div class=\"caption\">Le pr\u00e9haut<\/div><\/div><\/li>\n                <li style=\"display: none; width: 100%;\" class=\"slide-2093 ms-image \" aria-roledescription=\"slide\" data-date=\"2024-03-20 07:18:18\" data-filename=\"20231113_091741-scaled-1920x1080.jpg\" data-slide-type=\"image\"><img loading=\"lazy\" decoding=\"async\" src=\"https:\/\/site.ac-martinique.fr\/clg-diamant\/wp-content\/uploads\/sites\/52\/2023\/11\/20231113_091741-scaled-1920x1080.jpg\" height=\"1080\" width=\"1920\" alt=\"\" class=\"slider-1927 slide-2093 msDefaultImage\" title=\"20231113_091741\" \/><div class=\"caption-wrap\"><div class=\"caption\">Salle multim\u00e9dia<\/div><\/div><\/li>\n                <li style=\"display: none; width: 100%;\" class=\"slide-2348 ms-image \" aria-roledescription=\"slide\" data-date=\"2024-06-12 08:01:58\" data-filename=\"mural1-1920x1080.png\" data-slide-type=\"image\"><img loading=\"lazy\" decoding=\"async\" src=\"https:\/\/site.ac-martinique.fr\/clg-diamant\/wp-content\/uploads\/sites\/52\/2024\/06\/mural1-1920x1080.png\" height=\"1080\" width=\"1920\" alt=\"\" class=\"slider-1927 slide-2348 msDefaultImage\" title=\"mural1\" \/><\/li>\n            <\/ul>\n        <\/div>\n        \n    <\/div>\n<\/div><\/div>\n","protected":false},"excerpt":{"rendered":"<p>Ouverture campagne de bourse coll\u00e8ge 2024\/2025 Mesdames, Messieurs,&nbsp; Pour l&rsquo;ann\u00e9e scolaire&nbsp;2024-2025, la campagne de bourses de coll\u00e8ge est ouverte du&nbsp;1er septembre 2024 au 17 octobre 2024 inclus. Le service en ligne de demande de bourse de coll\u00e8ge ou le d\u00e9p\u00f4t d&rsquo;une demande de bourse via le formulaire Cerfa (\u00e0&nbsp;retirer et d\u00e9poser aupr\u00e8s du service Intendance &hellip; <\/p>\n<p class=\"link-more\"><a href=\"https:\/\/site.ac-martinique.fr\/clg-diamant\/accueil\/\" class=\"more-link\">Lire la suite de<span class=\"screen-reader-text\">\u00ab\u00a0Pr\u00e9parez votre rentr\u00e9e\u00a0\u00bb<\/span><\/a><\/p>\n","protected":false},"author":125,"featured_media":0,"parent":0,"menu_order":0,"comment_status":"closed","ping_status":"closed","template":"","meta":{"inspiro_hide_title":false,"footnotes":""},"class_list":["post-321","page","type-page","status-publish","hentry"],"_links":{"self":[{"href":"https:\/\/site.ac-martinique.fr\/clg-diamant\/wp-json\/wp\/v2\/pages\/321","targetHints":{"allow":["GET"]}}],"collection":[{"href":"https:\/\/site.ac-martinique.fr\/clg-diamant\/wp-json\/wp\/v2\/pages"}],"about":[{"href":"https:\/\/site.ac-martinique.fr\/clg-diamant\/wp-json\/wp\/v2\/types\/page"}],"author":[{"embeddable":true,"href":"https:\/\/site.ac-martinique.fr\/clg-diamant\/wp-json\/wp\/v2\/users\/125"}],"replies":[{"embeddable":true,"href":"https:\/\/site.ac-martinique.fr\/clg-diamant\/wp-json\/wp\/v2\/comments?post=321"}],"version-history":[{"count":25,"href":"https:\/\/site.ac-martinique.fr\/clg-diamant\/wp-json\/wp\/v2\/pages\/321\/revisions"}],"predecessor-version":[{"id":2496,"href":"https:\/\/site.ac-martinique.fr\/clg-diamant\/wp-json\/wp\/v2\/pages\/321\/revisions\/2496"}],"wp:attachment":[{"href":"https:\/\/site.ac-martinique.fr\/clg-diamant\/wp-json\/wp\/v2\/media?parent=321"}],"curies":[{"name":"wp","href":"https:\/\/api.w.org\/{rel}","templated":true}]}}