{"id":82,"date":"2015-03-19T10:09:55","date_gmt":"2015-03-19T14:09:55","guid":{"rendered":"\/clg-diamant\/?page_id=82"},"modified":"2026-02-05T09:12:58","modified_gmt":"2026-02-05T13:12:58","slug":"linfirmiere","status":"publish","type":"page","link":"https:\/\/site.ac-martinique.fr\/clg-diamant\/linfirmiere\/","title":{"rendered":"L&rsquo;infirmerie"},"content":{"rendered":"<p style=\"text-align: justify;\"><span style=\"color: #000000;\">L&rsquo;Infirmi\u00e8re, Madame CYPRIENNE, re\u00e7oit les \u00e9l\u00e8ves:<br \/>&#8211; Lundi\u00a0 de 7h30 \u00e0 13h00 et de 13h40 \u00e0 16h00<br \/>&#8211; Mercredi\u00a0 de 7h30 \u00e0 12h00<br \/>&#8211; Jeudi\u00a0 de 7h30 \u00e0 13h00 et de 13h40 \u00e0 16h00<br \/>&#8211; Vendredi de 7h30 \u00e0 13h00<br \/><br \/>Elle re\u00e7oit les parents sur rendez-vous en t\u00e9l\u00e9phonant au 0596 76 43 98.<\/span><\/p>\n<p style=\"text-align: justify;\"><span style=\"color: #000000;\"><em>Les principales missions de l\u2019infirmi\u00e8re scolaire (circulaire n\u00b0 2015-19 du 10.11.2015) :<\/em><\/span><\/p>\n<p style=\"text-align: justify;\"><span style=\"color: #000000;\"><strong>\u2013 Accueillir et accompagner les \u00e9l\u00e8ves<\/strong> (elle accueille tout \u00e9l\u00e8ve, parent ou professeur qui la sollicite pour quelque motif que ce soit, y compris d\u2019ordre relationnel ou psychologique).<\/span><br \/><span style=\"color: #000000;\"> <strong>\u2013 Organiser les urgences et les soins.<\/strong><strong><br \/><\/strong><strong>\u2013 Organiser un suivi infirmier.<\/strong> <\/span><br \/><span style=\"color: #000000;\"> <strong>\u2013 Contribuer \u00e0 l\u2019int\u00e9gration scolaire<\/strong> des enfants atteints de handicap.<\/span><br \/><span style=\"color: #000000;\"> <strong>\u2013 Intervenir en urgence<\/strong> aupr\u00e8s des enfants en danger.<\/span><br \/><span style=\"color: #000000;\"> <strong>\u2013 D\u00e9velopper une dynamique d\u2019\u00e9ducation \u00e0 la sant\u00e9.<\/strong><strong><br \/><\/strong><strong>\u2013 Aider \u00e0 la scolarisation des enfants atteints de troubles de la sant\u00e9 <\/strong>\u00e9voluant sur une longue p\u00e9riode.<\/span><br \/><span style=\"color: #000000;\"> <strong>\u2013 Agir en cas de maladies transmissibles <\/strong>survenus en milieu scolaire.<\/span><\/p>\n<p style=\"text-align: center;\">\u00a0<img loading=\"lazy\" decoding=\"async\" class=\"alignnone  wp-image-751\" src=\"\/clg-diamant\/wp-content\/uploads\/sites\/52\/2015\/03\/Sans-titre-300x300.jpg\" alt=\"sans-titre\" width=\"346\" height=\"348\" srcset=\"https:\/\/site.ac-martinique.fr\/clg-diamant\/wp-content\/uploads\/sites\/52\/2015\/03\/Sans-titre-150x150.jpg 150w, https:\/\/site.ac-martinique.fr\/clg-diamant\/wp-content\/uploads\/sites\/52\/2015\/03\/Sans-titre.jpg 420w\" sizes=\"auto, (max-width: 346px) 100vw, 346px\" \/><\/p>\n\n\n<p><\/p>\n","protected":false},"excerpt":{"rendered":"<p>L&rsquo;Infirmi\u00e8re, Madame CYPRIENNE, re\u00e7oit les \u00e9l\u00e8ves:&#8211; Lundi\u00a0 de 7h30 \u00e0 13h00 et de 13h40 \u00e0 16h00&#8211; Mercredi\u00a0 de 7h30 \u00e0 12h00&#8211; Jeudi\u00a0 de 7h30 \u00e0 13h00 et de 13h40 \u00e0 16h00&#8211; Vendredi de 7h30 \u00e0 13h00 Elle re\u00e7oit les parents sur rendez-vous en t\u00e9l\u00e9phonant au 0596 76 43 98. Les principales missions de l\u2019infirmi\u00e8re scolaire &hellip; <\/p>\n<p class=\"link-more\"><a href=\"https:\/\/site.ac-martinique.fr\/clg-diamant\/linfirmiere\/\" class=\"more-link\">Lire la suite de<span class=\"screen-reader-text\">\u00ab\u00a0L&rsquo;infirmerie\u00a0\u00bb<\/span><\/a><\/p>\n","protected":false},"author":125,"featured_media":2971,"parent":0,"menu_order":0,"comment_status":"closed","ping_status":"open","template":"","meta":{"inspiro_hide_title":false,"footnotes":""},"class_list":["post-82","page","type-page","status-publish","has-post-thumbnail","hentry"],"_links":{"self":[{"href":"https:\/\/site.ac-martinique.fr\/clg-diamant\/wp-json\/wp\/v2\/pages\/82","targetHints":{"allow":["GET"]}}],"collection":[{"href":"https:\/\/site.ac-martinique.fr\/clg-diamant\/wp-json\/wp\/v2\/pages"}],"about":[{"href":"https:\/\/site.ac-martinique.fr\/clg-diamant\/wp-json\/wp\/v2\/types\/page"}],"author":[{"embeddable":true,"href":"https:\/\/site.ac-martinique.fr\/clg-diamant\/wp-json\/wp\/v2\/users\/125"}],"replies":[{"embeddable":true,"href":"https:\/\/site.ac-martinique.fr\/clg-diamant\/wp-json\/wp\/v2\/comments?post=82"}],"version-history":[{"count":7,"href":"https:\/\/site.ac-martinique.fr\/clg-diamant\/wp-json\/wp\/v2\/pages\/82\/revisions"}],"predecessor-version":[{"id":2970,"href":"https:\/\/site.ac-martinique.fr\/clg-diamant\/wp-json\/wp\/v2\/pages\/82\/revisions\/2970"}],"wp:featuredmedia":[{"embeddable":true,"href":"https:\/\/site.ac-martinique.fr\/clg-diamant\/wp-json\/wp\/v2\/media\/2971"}],"wp:attachment":[{"href":"https:\/\/site.ac-martinique.fr\/clg-diamant\/wp-json\/wp\/v2\/media?parent=82"}],"curies":[{"name":"wp","href":"https:\/\/api.w.org\/{rel}","templated":true}]}}