{"id":10,"date":"2016-04-15T19:46:57","date_gmt":"2016-04-15T18:46:57","guid":{"rendered":"\/clg-edapierre\/?page_id=10"},"modified":"2016-10-16T17:23:59","modified_gmt":"2016-10-16T16:23:59","slug":"vie-scolaire","status":"publish","type":"page","link":"https:\/\/site.ac-martinique.fr\/clg-edapierre\/?page_id=10","title":{"rendered":"La Vie scolaire"},"content":{"rendered":"<p style=\"text-align: center;\"><strong>Messagerie professionnelle<\/strong><a href=\"https:\/\/pia.ac-martinique.fr:8443\/login?service=https%3A%2F%2Fsogomar.ac-martinique.fr%2FSOGo%2Fso%2Findex\" target=\"_blank\"><img decoding=\"async\" class=\"size-full wp-image-92 aligncenter\" src=\"\/clg-edapierre\/wp-content\/uploads\/sites\/54\/2016\/10\/image-logo-email1.jpg\" alt=\"courrier1\" width=\"150\" height=\"125\" \/><\/a><\/p>\n<p style=\"text-align: center;\"><strong>Cahier de texte\/appel<\/strong><\/p>\n<p style=\"text-align: center;\"><a href=\"https:\/\/clg-edapierre.ac-martinique.fr\/pronote\" target=\"_blank\"><img decoding=\"async\" class=\"alignnone size-full wp-image-84\" src=\"\/clg-edapierre\/wp-content\/uploads\/sites\/54\/2016\/10\/pronote.jpg\" alt=\"pronote\" width=\"250\" height=\"69\" \/><\/a><\/p>\n<p style=\"text-align: center;\"><strong>Comp\u00e9tences<\/strong><\/p>\n<p style=\"text-align: center;\"><a href=\"https:\/\/extranet.ac-martinique.fr\/login\/ct_logon_mixte.jsp?CT_ORIG_URL=https%3A%2F%2Fextranet.ac-martinique.fr%3A443%2Farena%2F&amp;ct_orig_uri=%2Farena%2F\" target=\"_blank\"><img decoding=\"async\" class=\"alignnone size-full wp-image-85\" src=\"\/clg-edapierre\/wp-content\/uploads\/sites\/54\/2016\/04\/sieclesconet.jpg\" alt=\"sieclesconet\" width=\"200\" height=\"73\" \/><\/a><\/p>\n<p><strong>La Vie Scolaire<\/strong><\/p>\n<p style=\"text-align: justify;\">C&#8217;est une \u00e9quipe compos\u00e9e :<\/p>\n<ul style=\"text-align: justify;\">\n<li>d&#8217;un C.P.E. (Conseiller Principal d&#8217;Education), M. CHINAMA,<\/li>\n<li>de 2 assistants p\u00e9dagogiques,<\/li>\n<li>de 2 assistants d&#8217;\u00e9ducation,<\/li>\n<li>de 4 surveillantes C.A.E. (Contrat d&#8217;accompagnement \u00e0 l&#8217;embauche).<\/li>\n<\/ul>\n<p style=\"text-align: justify;\">C&#8217;est un service fondamental. Pilier du coll\u00e8ge, responsable du contr\u00f4le des effectifs, du contr\u00f4le de l&#8217;assiduit\u00e9 des \u00e9l\u00e8ves, de leur suivi p\u00e9dagogique, il fait respecter l&#8217;ordre et la discipline par l&#8217;application rigoureuse du r\u00e9glement int\u00e9rieur.<\/p>\n<p style=\"text-align: justify;\">Le C.P.E m\u00e9thodique, rigoureux et dynamique s&#8217;applique au bon fonctionnement de ce service, par la mise en place d&#8217;une organisation sans faille de son personnel.<\/p>\n<p style=\"text-align: justify;\">Le personnel de vie scolaire joue un r\u00f4le important en mati\u00e8re de s\u00e9curit\u00e9, de relations avec les parents, avec les \u00e9l\u00e8ves, en mati\u00e8re d&#8217;aide au travail des \u00e9l\u00e8ves&#8230;<\/p>\n<p style=\"text-align: justify;\">Service incontournable, qui, comme le nom l&#8217;indique est concern\u00e9 par tout ce qui a trait \u00e0 la Vie Scolaire de l&#8217;\u00e9l\u00e8ve.<\/p>\n<p style=\"text-align: justify;\">Vous avez une question, un doute, une interrogation, n&#8217;h\u00e9sitez pas, laissez un message. Une r\u00e9ponse vous sera apport\u00e9e dans les meilleurs d\u00e9lais.<\/p>\n","protected":false},"excerpt":{"rendered":"<p>Messagerie professionnelle Cahier de texte\/appel Comp\u00e9tences La Vie Scolaire C&#8217;est une \u00e9quipe compos\u00e9e : d&#8217;un C.P.E. (Conseiller Principal d&#8217;Education), M. &hellip; <\/p>\n<p class=\"link-more\"><a href=\"https:\/\/site.ac-martinique.fr\/clg-edapierre\/?page_id=10\" class=\"more-link\">Lire la suite&#8230;<span class=\"screen-reader-text\"> &#8220;La Vie scolaire&#8221;<\/span><\/a><\/p>\n","protected":false},"author":127,"featured_media":0,"parent":0,"menu_order":4,"comment_status":"closed","ping_status":"closed","template":"","meta":{"pagelayer_contact_templates":[],"_pagelayer_content":"","_uag_custom_page_level_css":"","episode_type":"","audio_file":"","podmotor_file_id":"","podmotor_episode_id":"","cover_image":"","cover_image_id":"","duration":"","filesize":"","filesize_raw":"","date_recorded":"","explicit":"","block":"","itunes_episode_number":"","itunes_title":"","itunes_season_number":"","itunes_episode_type":"","_themeisle_gutenberg_block_has_review":false,"footnotes":"","_links_to":"","_links_to_target":""},"class_list":["post-10","page","type-page","status-publish","hentry"],"yoast_head":"<!-- This site is optimized with the Yoast SEO plugin v27.6 - https:\/\/yoast.com\/product\/yoast-seo-wordpress\/ -->\n<title>La Vie scolaire - \u2728 Coll\u00e8ge Christiane EDA-PIERRE \u2728<\/title>\n<meta name=\"robots\" content=\"index, follow, max-snippet:-1, max-image-preview:large, max-video-preview:-1\" \/>\n<link rel=\"canonical\" href=\"https:\/\/site.ac-martinique.fr\/clg-edapierre\/?page_id=10\" \/>\n<meta property=\"og:locale\" content=\"fr_FR\" \/>\n<meta property=\"og:type\" content=\"article\" \/>\n<meta property=\"og:title\" content=\"La Vie scolaire - \u2728 Coll\u00e8ge Christiane EDA-PIERRE \u2728\" \/>\n<meta property=\"og:description\" content=\"Messagerie professionnelle Cahier de texte\/appel Comp\u00e9tences La Vie Scolaire C&#8217;est une \u00e9quipe compos\u00e9e : d&#8217;un C.P.E. (Conseiller Principal d&#8217;Education), M. &hellip; Lire la suite... &quot;La Vie scolaire&quot;\" \/>\n<meta property=\"og:url\" content=\"https:\/\/site.ac-martinique.fr\/clg-edapierre\/?page_id=10\" \/>\n<meta property=\"og:site_name\" content=\"\u2728 Coll\u00e8ge Christiane EDA-PIERRE \u2728\" \/>\n<meta property=\"article:modified_time\" content=\"2016-10-16T16:23:59+00:00\" \/>\n<meta name=\"twitter:card\" content=\"summary_large_image\" \/>\n<meta name=\"twitter:label1\" content=\"Dur\u00e9e de lecture estim\u00e9e\" \/>\n\t<meta name=\"twitter:data1\" content=\"1 minute\" \/>\n<script type=\"application\/ld+json\" class=\"yoast-schema-graph\">{\"@context\":\"https:\\\/\\\/schema.org\",\"@graph\":[{\"@type\":\"WebPage\",\"@id\":\"https:\\\/\\\/site.ac-martinique.fr\\\/clg-edapierre\\\/?page_id=10\",\"url\":\"https:\\\/\\\/site.ac-martinique.fr\\\/clg-edapierre\\\/?page_id=10\",\"name\":\"La Vie scolaire - \u2728 Coll\u00e8ge Christiane EDA-PIERRE \u2728\",\"isPartOf\":{\"@id\":\"https:\\\/\\\/site.ac-martinique.fr\\\/clg-edapierre\\\/#website\"},\"datePublished\":\"2016-04-15T18:46:57+00:00\",\"dateModified\":\"2016-10-16T16:23:59+00:00\",\"breadcrumb\":{\"@id\":\"https:\\\/\\\/site.ac-martinique.fr\\\/clg-edapierre\\\/?page_id=10#breadcrumb\"},\"inLanguage\":\"fr-FR\",\"potentialAction\":[{\"@type\":\"ReadAction\",\"target\":[\"https:\\\/\\\/site.ac-martinique.fr\\\/clg-edapierre\\\/?page_id=10\"]}]},{\"@type\":\"BreadcrumbList\",\"@id\":\"https:\\\/\\\/site.ac-martinique.fr\\\/clg-edapierre\\\/?page_id=10#breadcrumb\",\"itemListElement\":[{\"@type\":\"ListItem\",\"position\":1,\"name\":\"Accueil\",\"item\":\"https:\\\/\\\/site.ac-martinique.fr\\\/clg-edapierre\"},{\"@type\":\"ListItem\",\"position\":2,\"name\":\"La Vie scolaire\"}]},{\"@type\":\"WebSite\",\"@id\":\"https:\\\/\\\/site.ac-martinique.fr\\\/clg-edapierre\\\/#website\",\"url\":\"https:\\\/\\\/site.ac-martinique.fr\\\/clg-edapierre\\\/\",\"name\":\"\u2728 Coll\u00e8ge Christiane EDA-PIERRE \u2728\",\"description\":\"\",\"potentialAction\":[{\"@type\":\"SearchAction\",\"target\":{\"@type\":\"EntryPoint\",\"urlTemplate\":\"https:\\\/\\\/site.ac-martinique.fr\\\/clg-edapierre\\\/?s={search_term_string}\"},\"query-input\":{\"@type\":\"PropertyValueSpecification\",\"valueRequired\":true,\"valueName\":\"search_term_string\"}}],\"inLanguage\":\"fr-FR\"}]}<\/script>\n<!-- \/ Yoast SEO plugin. -->","yoast_head_json":{"title":"La Vie scolaire - \u2728 Coll\u00e8ge Christiane EDA-PIERRE \u2728","robots":{"index":"index","follow":"follow","max-snippet":"max-snippet:-1","max-image-preview":"max-image-preview:large","max-video-preview":"max-video-preview:-1"},"canonical":"https:\/\/site.ac-martinique.fr\/clg-edapierre\/?page_id=10","og_locale":"fr_FR","og_type":"article","og_title":"La Vie scolaire - \u2728 Coll\u00e8ge Christiane EDA-PIERRE \u2728","og_description":"Messagerie professionnelle Cahier de texte\/appel Comp\u00e9tences La Vie Scolaire C&#8217;est une \u00e9quipe compos\u00e9e : d&#8217;un C.P.E. (Conseiller Principal d&#8217;Education), M. &hellip; Lire la suite... \"La Vie scolaire\"","og_url":"https:\/\/site.ac-martinique.fr\/clg-edapierre\/?page_id=10","og_site_name":"\u2728 Coll\u00e8ge Christiane EDA-PIERRE \u2728","article_modified_time":"2016-10-16T16:23:59+00:00","twitter_card":"summary_large_image","twitter_misc":{"Dur\u00e9e de lecture estim\u00e9e":"1 minute"},"schema":{"@context":"https:\/\/schema.org","@graph":[{"@type":"WebPage","@id":"https:\/\/site.ac-martinique.fr\/clg-edapierre\/?page_id=10","url":"https:\/\/site.ac-martinique.fr\/clg-edapierre\/?page_id=10","name":"La Vie scolaire - \u2728 Coll\u00e8ge Christiane EDA-PIERRE \u2728","isPartOf":{"@id":"https:\/\/site.ac-martinique.fr\/clg-edapierre\/#website"},"datePublished":"2016-04-15T18:46:57+00:00","dateModified":"2016-10-16T16:23:59+00:00","breadcrumb":{"@id":"https:\/\/site.ac-martinique.fr\/clg-edapierre\/?page_id=10#breadcrumb"},"inLanguage":"fr-FR","potentialAction":[{"@type":"ReadAction","target":["https:\/\/site.ac-martinique.fr\/clg-edapierre\/?page_id=10"]}]},{"@type":"BreadcrumbList","@id":"https:\/\/site.ac-martinique.fr\/clg-edapierre\/?page_id=10#breadcrumb","itemListElement":[{"@type":"ListItem","position":1,"name":"Accueil","item":"https:\/\/site.ac-martinique.fr\/clg-edapierre"},{"@type":"ListItem","position":2,"name":"La Vie scolaire"}]},{"@type":"WebSite","@id":"https:\/\/site.ac-martinique.fr\/clg-edapierre\/#website","url":"https:\/\/site.ac-martinique.fr\/clg-edapierre\/","name":"\u2728 Coll\u00e8ge Christiane EDA-PIERRE \u2728","description":"","potentialAction":[{"@type":"SearchAction","target":{"@type":"EntryPoint","urlTemplate":"https:\/\/site.ac-martinique.fr\/clg-edapierre\/?s={search_term_string}"},"query-input":{"@type":"PropertyValueSpecification","valueRequired":true,"valueName":"search_term_string"}}],"inLanguage":"fr-FR"}]}},"uagb_featured_image_src":{"full":false,"thumbnail":false,"medium":false,"medium_large":false,"large":false,"1536x1536":false,"2048x2048":false,"smart-post-landscape":false,"smart-post-portrait":false,"lambadalite-featured-image":false,"lambadalite-thumbnail-avatar":false,"mailpoet_newsletter_max":false},"uagb_author_info":{"display_name":"webmestre","author_link":"https:\/\/site.ac-martinique.fr\/clg-edapierre\/?author=127"},"uagb_comment_info":0,"uagb_excerpt":"Messagerie professionnelle Cahier de texte\/appel Comp\u00e9tences La Vie Scolaire C&#8217;est une \u00e9quipe compos\u00e9e : d&#8217;un C.P.E. (Conseiller Principal d&#8217;Education), M. &hellip; Lire la suite... \"La Vie scolaire\"","publishpress_future_action":{"enabled":false,"date":"2026-05-20 08:12:35","action":"change-status","newStatus":"draft","terms":[],"taxonomy":"","extraData":[]},"publishpress_future_workflow_manual_trigger":{"enabledWorkflows":[]},"amp_enabled":true,"_links":{"self":[{"href":"https:\/\/site.ac-martinique.fr\/clg-edapierre\/index.php?rest_route=\/wp\/v2\/pages\/10","targetHints":{"allow":["GET"]}}],"collection":[{"href":"https:\/\/site.ac-martinique.fr\/clg-edapierre\/index.php?rest_route=\/wp\/v2\/pages"}],"about":[{"href":"https:\/\/site.ac-martinique.fr\/clg-edapierre\/index.php?rest_route=\/wp\/v2\/types\/page"}],"author":[{"embeddable":true,"href":"https:\/\/site.ac-martinique.fr\/clg-edapierre\/index.php?rest_route=\/wp\/v2\/users\/127"}],"replies":[{"embeddable":true,"href":"https:\/\/site.ac-martinique.fr\/clg-edapierre\/index.php?rest_route=%2Fwp%2Fv2%2Fcomments&post=10"}],"version-history":[{"count":11,"href":"https:\/\/site.ac-martinique.fr\/clg-edapierre\/index.php?rest_route=\/wp\/v2\/pages\/10\/revisions"}],"predecessor-version":[{"id":601,"href":"https:\/\/site.ac-martinique.fr\/clg-edapierre\/index.php?rest_route=\/wp\/v2\/pages\/10\/revisions\/601"}],"wp:attachment":[{"href":"https:\/\/site.ac-martinique.fr\/clg-edapierre\/index.php?rest_route=%2Fwp%2Fv2%2Fmedia&parent=10"}],"curies":[{"name":"wp","href":"https:\/\/api.w.org\/{rel}","templated":true}]}}