{"id":15,"date":"2016-04-15T19:50:30","date_gmt":"2016-04-15T18:50:30","guid":{"rendered":"\/clg-edapierre\/?page_id=15"},"modified":"2016-07-03T21:20:44","modified_gmt":"2016-07-03T20:20:44","slug":"francais","status":"publish","type":"page","link":"https:\/\/site.ac-martinique.fr\/clg-edapierre\/?page_id=15","title":{"rendered":"Fran\u00e7ais"},"content":{"rendered":"<h3 style=\"text-align: center;\"><a href=\"\/clg-edapierre\/wp-content\/uploads\/sites\/54\/2016\/04\/plumeb.gif\"><img decoding=\"async\" class=\"size-full wp-image-433 alignleft\" src=\"\/clg-edapierre\/wp-content\/uploads\/sites\/54\/2016\/04\/plumeb.gif\" alt=\"plumeb\" width=\"100\" height=\"93\" \/><\/a>Le coin des Ecrivains<\/h3>\n<p>&nbsp;<\/p>\n<h3 style=\"text-align: center;\">&#8220;Miroir, mon beau miroir&#8230;&#8221;<\/h3>\n<h3>L&#8217;exposition<\/h3>\n<figure id=\"attachment_431\" aria-describedby=\"caption-attachment-431\" style=\"width: 300px\" class=\"wp-caption alignleft\"><a href=\"\/clg-edapierre\/wp-content\/uploads\/sites\/54\/2016\/04\/miroir5.jpg\"><img fetchpriority=\"high\" decoding=\"async\" class=\"wp-image-431 size-medium\" src=\"\/clg-edapierre\/wp-content\/uploads\/sites\/54\/2016\/04\/miroir5-300x181.jpg\" alt=\"miroir5\" width=\"300\" height=\"181\" srcset=\"https:\/\/site.ac-martinique.fr\/clg-edapierre\/wp-content\/uploads\/sites\/54\/2016\/04\/miroir5-300x181.jpg 300w, https:\/\/site.ac-martinique.fr\/clg-edapierre\/wp-content\/uploads\/sites\/54\/2016\/04\/miroir5.jpg 495w\" sizes=\"(max-width: 300px) 100vw, 300px\" \/><\/a><figcaption id=\"caption-attachment-431\" class=\"wp-caption-text\">Le reflet de soi<\/figcaption><\/figure>\n<p style=\"text-align: justify;\">C&#8217;est le th\u00e8me du reflet de soi qui a retenu l&#8217;attention du professeur de fran\u00e7ais. Les \u00e9l\u00e8ves de cinqui\u00e8me ont ainsi analys\u00e9 des extraits d&#8217;oeuvres litt\u00e9raires de Kafka \u00e0 Cioran en passant par un regard sur l&#8217;oeuvre du peintre Picabia. La mati\u00e8re pr\u00eatait \u00e0 r\u00e9flexion. Il a ainsi fallu reconna\u00eetre ce que chacun aurait voulu \u00eatre et le double qu&#8217;on pouvait se donner \u00e0 la mani\u00e8re des grands \u00e9crivains du si\u00e8cle pass\u00e9.<\/p>\n<h3>Quatre grands th\u00e8mes ont alors \u00e9t\u00e9 retenus:<\/h3>\n<p style=\"text-align: justify;\">Le reflet transform\u00e9 est d&#8217;abord celui qui touche au d\u00e9sir d&#8217;\u00eatre modifi\u00e9, d&#8217;\u00eatre autre tout en paraissant le m\u00eame.<\/p>\n<figure id=\"attachment_428\" aria-describedby=\"caption-attachment-428\" style=\"width: 261px\" class=\"wp-caption alignleft\"><a href=\"\/clg-edapierre\/wp-content\/uploads\/sites\/54\/2016\/04\/miroir2.jpg\"><img decoding=\"async\" class=\"wp-image-428 size-full\" src=\"\/clg-edapierre\/wp-content\/uploads\/sites\/54\/2016\/04\/miroir2.jpg\" alt=\"miroir2\" width=\"261\" height=\"219\" \/><\/a><figcaption id=\"caption-attachment-428\" class=\"wp-caption-text\">La m\u00e9tamorphose<\/figcaption><\/figure>\n<p style=\"text-align: justify;\">La m\u00e9tamorphose est, \u00e0 l&#8217;instar de Kafka, le reflet qui transforme radicalement l&#8217;\u00eatre.<\/p>\n<p style=\"text-align: justify;\">Le jeu des 7 erreurs est le reflet qui r\u00e9v\u00e8le &#8220;les erreurs&#8221;, les d\u00e9fauts.<\/p>\n<p style=\"text-align: justify;\">Enfin, le monstre est le reflet dont nous avons peur.<\/p>\n<figure id=\"attachment_432\" aria-describedby=\"caption-attachment-432\" style=\"width: 150px\" class=\"wp-caption alignright\"><a href=\"\/clg-edapierre\/wp-content\/uploads\/sites\/54\/2016\/04\/miroir6.jpg\"><img loading=\"lazy\" decoding=\"async\" class=\"wp-image-432 size-thumbnail\" src=\"\/clg-edapierre\/wp-content\/uploads\/sites\/54\/2016\/04\/miroir6-150x150.jpg\" alt=\"miroir6\" width=\"150\" height=\"150\" \/><\/a><figcaption id=\"caption-attachment-432\" class=\"wp-caption-text\">Le monstre<\/figcaption><\/figure>\n<figure id=\"attachment_429\" aria-describedby=\"caption-attachment-429\" style=\"width: 300px\" class=\"wp-caption alignleft\"><a href=\"\/clg-edapierre\/wp-content\/uploads\/sites\/54\/2016\/04\/miroir3.jpg\"><img loading=\"lazy\" decoding=\"async\" class=\"wp-image-429 size-medium\" src=\"\/clg-edapierre\/wp-content\/uploads\/sites\/54\/2016\/04\/miroir3-300x112.jpg\" alt=\"miroir3\" width=\"300\" height=\"112\" srcset=\"https:\/\/site.ac-martinique.fr\/clg-edapierre\/wp-content\/uploads\/sites\/54\/2016\/04\/miroir3-300x112.jpg 300w, https:\/\/site.ac-martinique.fr\/clg-edapierre\/wp-content\/uploads\/sites\/54\/2016\/04\/miroir3.jpg 508w\" sizes=\"(max-width: 300px) 100vw, 300px\" \/><\/a><figcaption id=\"caption-attachment-429\" class=\"wp-caption-text\">Le double<\/figcaption><\/figure>\n<h3>D\u00e9fi Lecture<\/h3>\n<p>Les \u00e9l\u00e8ves de sixi\u00e8me et de CM2 peuvent se r\u00e9f\u00e9rer \u00e0 la carte d&#8217;Ha\u00efti:<\/p>\n<p><a href=\"\/clg-edapierre\/wp-content\/uploads\/sites\/54\/2016\/04\/cartehaiticonde.jpg\"><img loading=\"lazy\" decoding=\"async\" class=\"wp-image-422 size-full aligncenter\" src=\"\/clg-edapierre\/wp-content\/uploads\/sites\/54\/2016\/04\/cartehaiticonde.jpg\" alt=\"cartehaiticonde\" width=\"600\" height=\"691\" srcset=\"https:\/\/site.ac-martinique.fr\/clg-edapierre\/wp-content\/uploads\/sites\/54\/2016\/04\/cartehaiticonde.jpg 600w, https:\/\/site.ac-martinique.fr\/clg-edapierre\/wp-content\/uploads\/sites\/54\/2016\/04\/cartehaiticonde-260x300.jpg 260w\" sizes=\"(max-width: 600px) 100vw, 600px\" \/><\/a><\/p>\n","protected":false},"excerpt":{"rendered":"<p>Le coin des Ecrivains &nbsp; &#8220;Miroir, mon beau miroir&#8230;&#8221; L&#8217;exposition C&#8217;est le th\u00e8me du reflet de soi qui a retenu &hellip; <\/p>\n<p class=\"link-more\"><a href=\"https:\/\/site.ac-martinique.fr\/clg-edapierre\/?page_id=15\" class=\"more-link\">Lire la suite&#8230;<span class=\"screen-reader-text\"> &#8220;Fran\u00e7ais&#8221;<\/span><\/a><\/p>\n","protected":false},"author":127,"featured_media":0,"parent":12,"menu_order":2,"comment_status":"closed","ping_status":"closed","template":"","meta":{"pagelayer_contact_templates":[],"_pagelayer_content":"","_uag_custom_page_level_css":"","episode_type":"","audio_file":"","podmotor_file_id":"","podmotor_episode_id":"","cover_image":"","cover_image_id":"","duration":"","filesize":"","filesize_raw":"","date_recorded":"","explicit":"","block":"","itunes_episode_number":"","itunes_title":"","itunes_season_number":"","itunes_episode_type":"","_themeisle_gutenberg_block_has_review":false,"footnotes":"","_links_to":"","_links_to_target":""},"class_list":["post-15","page","type-page","status-publish","hentry"],"yoast_head":"<!-- This site is optimized with the Yoast SEO plugin v27.6 - https:\/\/yoast.com\/product\/yoast-seo-wordpress\/ -->\n<title>Fran\u00e7ais - \u2728 Coll\u00e8ge Christiane EDA-PIERRE \u2728<\/title>\n<meta name=\"robots\" content=\"index, follow, max-snippet:-1, max-image-preview:large, max-video-preview:-1\" \/>\n<link rel=\"canonical\" href=\"https:\/\/site.ac-martinique.fr\/clg-edapierre\/?page_id=15\" \/>\n<meta property=\"og:locale\" content=\"fr_FR\" \/>\n<meta property=\"og:type\" content=\"article\" \/>\n<meta property=\"og:title\" content=\"Fran\u00e7ais - \u2728 Coll\u00e8ge Christiane EDA-PIERRE \u2728\" \/>\n<meta property=\"og:description\" content=\"Le coin des Ecrivains &nbsp; &#8220;Miroir, mon beau miroir&#8230;&#8221; L&#8217;exposition C&#8217;est le th\u00e8me du reflet de soi qui a retenu &hellip; Lire la suite... &quot;Fran\u00e7ais&quot;\" \/>\n<meta property=\"og:url\" content=\"https:\/\/site.ac-martinique.fr\/clg-edapierre\/?page_id=15\" \/>\n<meta property=\"og:site_name\" content=\"\u2728 Coll\u00e8ge Christiane EDA-PIERRE \u2728\" \/>\n<meta property=\"article:modified_time\" content=\"2016-07-03T20:20:44+00:00\" \/>\n<meta name=\"twitter:card\" content=\"summary_large_image\" \/>\n<meta name=\"twitter:label1\" content=\"Dur\u00e9e de lecture estim\u00e9e\" \/>\n\t<meta name=\"twitter:data1\" content=\"1 minute\" \/>\n<script type=\"application\/ld+json\" class=\"yoast-schema-graph\">{\"@context\":\"https:\\\/\\\/schema.org\",\"@graph\":[{\"@type\":\"WebPage\",\"@id\":\"https:\\\/\\\/site.ac-martinique.fr\\\/clg-edapierre\\\/?page_id=15\",\"url\":\"https:\\\/\\\/site.ac-martinique.fr\\\/clg-edapierre\\\/?page_id=15\",\"name\":\"Fran\u00e7ais - \u2728 Coll\u00e8ge Christiane EDA-PIERRE \u2728\",\"isPartOf\":{\"@id\":\"https:\\\/\\\/site.ac-martinique.fr\\\/clg-edapierre\\\/#website\"},\"datePublished\":\"2016-04-15T18:50:30+00:00\",\"dateModified\":\"2016-07-03T20:20:44+00:00\",\"breadcrumb\":{\"@id\":\"https:\\\/\\\/site.ac-martinique.fr\\\/clg-edapierre\\\/?page_id=15#breadcrumb\"},\"inLanguage\":\"fr-FR\",\"potentialAction\":[{\"@type\":\"ReadAction\",\"target\":[\"https:\\\/\\\/site.ac-martinique.fr\\\/clg-edapierre\\\/?page_id=15\"]}]},{\"@type\":\"BreadcrumbList\",\"@id\":\"https:\\\/\\\/site.ac-martinique.fr\\\/clg-edapierre\\\/?page_id=15#breadcrumb\",\"itemListElement\":[{\"@type\":\"ListItem\",\"position\":1,\"name\":\"Accueil\",\"item\":\"https:\\\/\\\/site.ac-martinique.fr\\\/clg-edapierre\"},{\"@type\":\"ListItem\",\"position\":2,\"name\":\"P\u00e9dagogie\",\"item\":\"https:\\\/\\\/site.ac-martinique.fr\\\/clg-edapierre\\\/?page_id=12\"},{\"@type\":\"ListItem\",\"position\":3,\"name\":\"Fran\u00e7ais\"}]},{\"@type\":\"WebSite\",\"@id\":\"https:\\\/\\\/site.ac-martinique.fr\\\/clg-edapierre\\\/#website\",\"url\":\"https:\\\/\\\/site.ac-martinique.fr\\\/clg-edapierre\\\/\",\"name\":\"\u2728 Coll\u00e8ge Christiane EDA-PIERRE \u2728\",\"description\":\"\",\"potentialAction\":[{\"@type\":\"SearchAction\",\"target\":{\"@type\":\"EntryPoint\",\"urlTemplate\":\"https:\\\/\\\/site.ac-martinique.fr\\\/clg-edapierre\\\/?s={search_term_string}\"},\"query-input\":{\"@type\":\"PropertyValueSpecification\",\"valueRequired\":true,\"valueName\":\"search_term_string\"}}],\"inLanguage\":\"fr-FR\"}]}<\/script>\n<!-- \/ Yoast SEO plugin. -->","yoast_head_json":{"title":"Fran\u00e7ais - \u2728 Coll\u00e8ge Christiane EDA-PIERRE \u2728","robots":{"index":"index","follow":"follow","max-snippet":"max-snippet:-1","max-image-preview":"max-image-preview:large","max-video-preview":"max-video-preview:-1"},"canonical":"https:\/\/site.ac-martinique.fr\/clg-edapierre\/?page_id=15","og_locale":"fr_FR","og_type":"article","og_title":"Fran\u00e7ais - \u2728 Coll\u00e8ge Christiane EDA-PIERRE \u2728","og_description":"Le coin des Ecrivains &nbsp; &#8220;Miroir, mon beau miroir&#8230;&#8221; L&#8217;exposition C&#8217;est le th\u00e8me du reflet de soi qui a retenu &hellip; Lire la suite... \"Fran\u00e7ais\"","og_url":"https:\/\/site.ac-martinique.fr\/clg-edapierre\/?page_id=15","og_site_name":"\u2728 Coll\u00e8ge Christiane EDA-PIERRE \u2728","article_modified_time":"2016-07-03T20:20:44+00:00","twitter_card":"summary_large_image","twitter_misc":{"Dur\u00e9e de lecture estim\u00e9e":"1 minute"},"schema":{"@context":"https:\/\/schema.org","@graph":[{"@type":"WebPage","@id":"https:\/\/site.ac-martinique.fr\/clg-edapierre\/?page_id=15","url":"https:\/\/site.ac-martinique.fr\/clg-edapierre\/?page_id=15","name":"Fran\u00e7ais - \u2728 Coll\u00e8ge Christiane EDA-PIERRE \u2728","isPartOf":{"@id":"https:\/\/site.ac-martinique.fr\/clg-edapierre\/#website"},"datePublished":"2016-04-15T18:50:30+00:00","dateModified":"2016-07-03T20:20:44+00:00","breadcrumb":{"@id":"https:\/\/site.ac-martinique.fr\/clg-edapierre\/?page_id=15#breadcrumb"},"inLanguage":"fr-FR","potentialAction":[{"@type":"ReadAction","target":["https:\/\/site.ac-martinique.fr\/clg-edapierre\/?page_id=15"]}]},{"@type":"BreadcrumbList","@id":"https:\/\/site.ac-martinique.fr\/clg-edapierre\/?page_id=15#breadcrumb","itemListElement":[{"@type":"ListItem","position":1,"name":"Accueil","item":"https:\/\/site.ac-martinique.fr\/clg-edapierre"},{"@type":"ListItem","position":2,"name":"P\u00e9dagogie","item":"https:\/\/site.ac-martinique.fr\/clg-edapierre\/?page_id=12"},{"@type":"ListItem","position":3,"name":"Fran\u00e7ais"}]},{"@type":"WebSite","@id":"https:\/\/site.ac-martinique.fr\/clg-edapierre\/#website","url":"https:\/\/site.ac-martinique.fr\/clg-edapierre\/","name":"\u2728 Coll\u00e8ge Christiane EDA-PIERRE \u2728","description":"","potentialAction":[{"@type":"SearchAction","target":{"@type":"EntryPoint","urlTemplate":"https:\/\/site.ac-martinique.fr\/clg-edapierre\/?s={search_term_string}"},"query-input":{"@type":"PropertyValueSpecification","valueRequired":true,"valueName":"search_term_string"}}],"inLanguage":"fr-FR"}]}},"uagb_featured_image_src":{"full":false,"thumbnail":false,"medium":false,"medium_large":false,"large":false,"1536x1536":false,"2048x2048":false,"smart-post-landscape":false,"smart-post-portrait":false,"lambadalite-featured-image":false,"lambadalite-thumbnail-avatar":false,"mailpoet_newsletter_max":false},"uagb_author_info":{"display_name":"webmestre","author_link":"https:\/\/site.ac-martinique.fr\/clg-edapierre\/?author=127"},"uagb_comment_info":0,"uagb_excerpt":"Le coin des Ecrivains &nbsp; &#8220;Miroir, mon beau miroir&#8230;&#8221; L&#8217;exposition C&#8217;est le th\u00e8me du reflet de soi qui a retenu &hellip; Lire la suite... \"Fran\u00e7ais\"","publishpress_future_action":{"enabled":false,"date":"2026-05-23 10:15:59","action":"change-status","newStatus":"draft","terms":[],"taxonomy":"","extraData":[]},"publishpress_future_workflow_manual_trigger":{"enabledWorkflows":[]},"amp_enabled":true,"_links":{"self":[{"href":"https:\/\/site.ac-martinique.fr\/clg-edapierre\/index.php?rest_route=\/wp\/v2\/pages\/15","targetHints":{"allow":["GET"]}}],"collection":[{"href":"https:\/\/site.ac-martinique.fr\/clg-edapierre\/index.php?rest_route=\/wp\/v2\/pages"}],"about":[{"href":"https:\/\/site.ac-martinique.fr\/clg-edapierre\/index.php?rest_route=\/wp\/v2\/types\/page"}],"author":[{"embeddable":true,"href":"https:\/\/site.ac-martinique.fr\/clg-edapierre\/index.php?rest_route=\/wp\/v2\/users\/127"}],"replies":[{"embeddable":true,"href":"https:\/\/site.ac-martinique.fr\/clg-edapierre\/index.php?rest_route=%2Fwp%2Fv2%2Fcomments&post=15"}],"version-history":[{"count":6,"href":"https:\/\/site.ac-martinique.fr\/clg-edapierre\/index.php?rest_route=\/wp\/v2\/pages\/15\/revisions"}],"predecessor-version":[{"id":436,"href":"https:\/\/site.ac-martinique.fr\/clg-edapierre\/index.php?rest_route=\/wp\/v2\/pages\/15\/revisions\/436"}],"up":[{"embeddable":true,"href":"https:\/\/site.ac-martinique.fr\/clg-edapierre\/index.php?rest_route=\/wp\/v2\/pages\/12"}],"wp:attachment":[{"href":"https:\/\/site.ac-martinique.fr\/clg-edapierre\/index.php?rest_route=%2Fwp%2Fv2%2Fmedia&parent=15"}],"curies":[{"name":"wp","href":"https:\/\/api.w.org\/{rel}","templated":true}]}}