{"id":202,"date":"2016-07-01T23:12:46","date_gmt":"2016-07-01T22:12:46","guid":{"rendered":"\/clg-edapierre\/?page_id=202"},"modified":"2020-09-06T23:47:03","modified_gmt":"2020-09-06T22:47:03","slug":"interview-du-18-juin-2010-sommaire","status":"publish","type":"page","link":"https:\/\/site.ac-martinique.fr\/clg-edapierre\/?page_id=202","title":{"rendered":"Entretien du 18 juin 2010"},"content":{"rendered":"<figure id=\"attachment_182\" aria-describedby=\"caption-attachment-182\" style=\"width: 402px\" class=\"wp-caption aligncenter\"><img fetchpriority=\"high\" decoding=\"async\" class=\"wp-image-182 size-full\" src=\"\/clg-edapierre\/wp-content\/uploads\/sites\/54\/2016\/07\/edapierrefresque.jpg\" alt=\"OLYMPUS DIGITAL CAMERA\" width=\"402\" height=\"300\" srcset=\"https:\/\/site.ac-martinique.fr\/clg-edapierre\/wp-content\/uploads\/sites\/54\/2016\/07\/edapierrefresque.jpg 402w, https:\/\/site.ac-martinique.fr\/clg-edapierre\/wp-content\/uploads\/sites\/54\/2016\/07\/edapierrefresque-300x224.jpg 300w\" sizes=\"(max-width: 402px) 100vw, 402px\" \/><figcaption id=\"caption-attachment-182\" class=\"wp-caption-text\">Christiane EDA PIERRE, le 18 juin 2010 devant la fresque r\u00e9alis\u00e9e en son honneur par les \u00e9l\u00e8ves du coll\u00e8ge.<\/figcaption><\/figure>\n<p><img decoding=\"async\" class=\"size-full wp-image-204 aligncenter\" src=\"\/clg-edapierre\/wp-content\/uploads\/sites\/54\/2016\/07\/citationb.jpg\" alt=\"citationb\" width=\"343\" height=\"129\" srcset=\"https:\/\/site.ac-martinique.fr\/clg-edapierre\/wp-content\/uploads\/sites\/54\/2016\/07\/citationb.jpg 343w, https:\/\/site.ac-martinique.fr\/clg-edapierre\/wp-content\/uploads\/sites\/54\/2016\/07\/citationb-300x113.jpg 300w\" sizes=\"(max-width: 343px) 100vw, 343px\" \/><\/p>\n<p style=\"text-align: justify;\">Ce vendredi 18 juin, Christiane Eda Pierre, est retourn\u00e9e dans le coll\u00e8ge dont elle est la marraine depuis \u00a0d\u00e9j\u00e0 plus de 30 ans.<\/p>\n<p style=\"text-align: justify;\">Et la voici donc&#8230; D\u00e9sarmante de simplicit\u00e9&#8230;<\/p>\n<p style=\"text-align: justify;\">A 78 ans, Christiane Eda Pierre n&#8217;a rien perdu de sa joie de vivre, ni de l&#8217;\u00e9nergie qui l&#8217;a\u00a0men\u00e9e o\u00f9 l&#8217;on sait&#8230;<br \/>\n<a name=\"racine\"><\/a><\/p>\n<h3>I Les Racines<\/h3>\n<ul>\n<li><a href=\"\/clg-edapierre\/?page_id=207\">Vivre au Morne Rouge ou quand le climat d\u00e9termine les<br \/>\nracines&#8230;<\/a><\/li>\n<li><a href=\"\/clg-edapierre\/?page_id=207#enfance\">L&#8217;enfance au Morne Rouge.<\/a><\/li>\n<li><a href=\"\/clg-edapierre\/?page_id=207#colonie\">Le monde colonial.<\/a><\/li>\n<li><a href=\"\/clg-edapierre\/?page_id=207#guerre\">An tan Robert&#8230; La guerre.<\/a><\/li>\n<li><a href=\"\/clg-edapierre\/?page_id=207#debrouille\">Vivre: &#8220;Debouya pa p\u00e9ch\u00e9 !&#8221;<\/a><\/li>\n<li><a href=\"\/clg-edapierre\/?page_id=207#exil\">Antillaise de l&#8217;exil..<\/a>.<\/li>\n<li><a href=\"\/clg-edapierre\/?page_id=207#nardal\">Monsieur C\u00e9saire&#8230;et Paulette Nardal.<\/a><\/li>\n<li><a href=\"\/clg-edapierre\/?page_id=207#heritage\">L&#8217;h\u00e9ritage de Paulette Nardal<\/a><\/li>\n<li><a href=\"\/clg-edapierre\/?page_id=207#famille\">Les origines familiales.<\/a><\/li>\n<li><a href=\"\/clg-edapierre\/?page_id=207#schoelcher\">Schoelcher et le grand p\u00e8re Nardal<\/a><\/li>\n<li><a href=\"\/clg-edapierre\/?page_id=207#identite\">Etre antillais: une identit\u00e9 assum\u00e9e.<\/a><\/li>\n<\/ul>\n<p><a name=\"apprentissage\"><\/a><\/p>\n<h3>II L&#8217;apprentissage<\/h3>\n<ul>\n<li><a href=\"\/clg-edapierre\/?page_id=218\">Le couvent en M\u00e9tropole<\/a><\/li>\n<li><a href=\"\/clg-edapierre\/?page_id=218#etude\">Les \u00e9tudes de musique.<\/a><\/li>\n<li><a href=\"\/clg-edapierre\/?page_id=218#scolarit%E9\">La scolarit\u00e9 en famille&#8230;<\/a><\/li>\n<li><a href=\"\/clg-edapierre\/?page_id=218#saintpierre\">St Pierre et la Musique: une affaire de famille&#8230;<\/a><\/li>\n<li><a href=\"\/clg-edapierre\/?page_id=218#piano\">Entre chant et piano: un choix d\u00e9cisif.<\/a><\/li>\n<li><a href=\"\/clg-edapierre\/?page_id=218#noire\">Noire, et la vocation du chant.<\/a><\/li>\n<li><a href=\"\/clg-edapierre\/?page_id=218#aventure\">Le succ\u00e8s&#8230; L&#8217; aventure<br \/>\nartistique.<\/a><\/li>\n<li><a href=\"\/clg-edapierre\/?page_id=218#soi\">Un travail sur soi m\u00eame.<\/a><\/li>\n<li><a href=\"\/clg-edapierre\/?page_id=218#doute\">Le doute&#8230;et la solidarit\u00e9.<\/a><\/li>\n<\/ul>\n<p><a name=\"artiste\"><\/a><\/p>\n<h3>III Etre artiste<\/h3>\n<ul>\n<li><a href=\"\/clg-edapierre\/?page_id=225\" target=\"_blank\">La discipline collective.<\/a><\/li>\n<li><a href=\"\/clg-edapierre\/?page_id=225#autorite\">L&#8217;autorit\u00e9 d&#8217;un chef.<\/a><\/li>\n<li><a href=\"\/clg-edapierre\/?page_id=225#entendre\">Chanter&#8230;et se faire entendre.<\/a><\/li>\n<li><a href=\"\/clg-edapierre\/?page_id=225#createur\">L&#8217;artiste: un cr\u00e9ateur.<\/a><\/li>\n<li><a href=\"\/clg-edapierre\/?page_id=225#enregistrement\">L&#8217;\u00e9preuve de l&#8217;enregistrement.<\/a><\/li>\n<li><a href=\"\/clg-edapierre\/?page_id=225#qualite\">Les qualit\u00e9s d&#8217;un artiste: cr\u00e9er ou interpr\u00e9ter ?<\/a><\/li>\n<\/ul>\n<p><a name=\"monde\"><\/a><a href=\"\/clg-edapierre\/?page_id=225#qualite\"><br \/>\n<\/a><\/p>\n<h3>IV Le monde de la Musique<\/h3>\n<ul>\n<li><a href=\"\/clg-edapierre\/?page_id=237\" target=\"_blank\">Les \u00e9motions d&#8217;une artiste<\/a><\/li>\n<li><a href=\"\/clg-edapierre\/?page_id=237#rencontre\">Rencontre<\/a><\/li>\n<li><a href=\"\/clg-edapierre\/?page_id=237#choix\">Go\u00fbt et choix artistiques<\/a><\/li>\n<li><a href=\"\/clg-edapierre\/?page_id=237#imprevu\">L&#8217;impr\u00e9vu<\/a><\/li>\n<li><a href=\"\/clg-edapierre\/?page_id=237#politique\">La politique culturelle en Martinique<\/a><\/li>\n<li><a href=\"\/clg-edapierre\/?page_id=237#chant\">Le chant en Martinique<\/a><\/li>\n<li><a href=\"\/clg-edapierre\/?page_id=237#isolement\">La Martinique s&#8217;isole.<\/a><\/li>\n<li><a href=\"\/clg-edapierre\/?page_id=237#don\">Le don et le travail.<\/a><\/li>\n<\/ul>\n","protected":false},"excerpt":{"rendered":"<p>Ce vendredi 18 juin, Christiane Eda Pierre, est retourn\u00e9e dans le coll\u00e8ge dont elle est la marraine depuis \u00a0d\u00e9j\u00e0 plus &hellip; <\/p>\n<p class=\"link-more\"><a href=\"https:\/\/site.ac-martinique.fr\/clg-edapierre\/?page_id=202\" class=\"more-link\">Lire la suite&#8230;<span class=\"screen-reader-text\"> &#8220;Entretien du 18 juin 2010&#8221;<\/span><\/a><\/p>\n","protected":false},"author":127,"featured_media":0,"parent":171,"menu_order":0,"comment_status":"closed","ping_status":"closed","template":"","meta":{"pagelayer_contact_templates":[],"_pagelayer_content":"","_uag_custom_page_level_css":"","episode_type":"","audio_file":"","podmotor_file_id":"","podmotor_episode_id":"","cover_image":"","cover_image_id":"","duration":"","filesize":"","filesize_raw":"","date_recorded":"","explicit":"","block":"","itunes_episode_number":"","itunes_title":"","itunes_season_number":"","itunes_episode_type":"","_themeisle_gutenberg_block_has_review":false,"footnotes":"","_links_to":"","_links_to_target":""},"class_list":["post-202","page","type-page","status-publish","hentry"],"yoast_head":"<!-- This site is optimized with the Yoast SEO plugin v27.4 - https:\/\/yoast.com\/product\/yoast-seo-wordpress\/ -->\n<title>Entretien du 18 juin 2010 - \u2728 Coll\u00e8ge Christiane EDA-PIERRE \u2728<\/title>\n<meta name=\"robots\" content=\"index, follow, max-snippet:-1, max-image-preview:large, max-video-preview:-1\" \/>\n<link rel=\"canonical\" href=\"https:\/\/site.ac-martinique.fr\/clg-edapierre\/?page_id=202\" \/>\n<meta property=\"og:locale\" content=\"fr_FR\" \/>\n<meta property=\"og:type\" content=\"article\" \/>\n<meta property=\"og:title\" content=\"Entretien du 18 juin 2010 - \u2728 Coll\u00e8ge Christiane EDA-PIERRE \u2728\" \/>\n<meta property=\"og:description\" content=\"Ce vendredi 18 juin, Christiane Eda Pierre, est retourn\u00e9e dans le coll\u00e8ge dont elle est la marraine depuis \u00a0d\u00e9j\u00e0 plus &hellip; Lire la suite... &quot;Entretien du 18 juin 2010&quot;\" \/>\n<meta property=\"og:url\" content=\"https:\/\/site.ac-martinique.fr\/clg-edapierre\/?page_id=202\" \/>\n<meta property=\"og:site_name\" content=\"\u2728 Coll\u00e8ge Christiane EDA-PIERRE \u2728\" \/>\n<meta property=\"article:modified_time\" content=\"2020-09-06T22:47:03+00:00\" \/>\n<meta name=\"twitter:card\" content=\"summary_large_image\" \/>\n<meta name=\"twitter:label1\" content=\"Dur\u00e9e de lecture estim\u00e9e\" \/>\n\t<meta name=\"twitter:data1\" content=\"1 minute\" \/>\n<script type=\"application\/ld+json\" class=\"yoast-schema-graph\">{\"@context\":\"https:\\\/\\\/schema.org\",\"@graph\":[{\"@type\":\"WebPage\",\"@id\":\"https:\\\/\\\/site.ac-martinique.fr\\\/clg-edapierre\\\/?page_id=202\",\"url\":\"https:\\\/\\\/site.ac-martinique.fr\\\/clg-edapierre\\\/?page_id=202\",\"name\":\"Entretien du 18 juin 2010 - \u2728 Coll\u00e8ge Christiane EDA-PIERRE \u2728\",\"isPartOf\":{\"@id\":\"https:\\\/\\\/site.ac-martinique.fr\\\/clg-edapierre\\\/#website\"},\"datePublished\":\"2016-07-01T22:12:46+00:00\",\"dateModified\":\"2020-09-06T22:47:03+00:00\",\"breadcrumb\":{\"@id\":\"https:\\\/\\\/site.ac-martinique.fr\\\/clg-edapierre\\\/?page_id=202#breadcrumb\"},\"inLanguage\":\"fr-FR\",\"potentialAction\":[{\"@type\":\"ReadAction\",\"target\":[\"https:\\\/\\\/site.ac-martinique.fr\\\/clg-edapierre\\\/?page_id=202\"]}]},{\"@type\":\"BreadcrumbList\",\"@id\":\"https:\\\/\\\/site.ac-martinique.fr\\\/clg-edapierre\\\/?page_id=202#breadcrumb\",\"itemListElement\":[{\"@type\":\"ListItem\",\"position\":1,\"name\":\"Accueil\",\"item\":\"https:\\\/\\\/site.ac-martinique.fr\\\/clg-edapierre\"},{\"@type\":\"ListItem\",\"position\":2,\"name\":\"Christiane EDA PIERRE\",\"item\":\"https:\\\/\\\/site.ac-martinique.fr\\\/clg-edapierre\\\/?page_id=171\"},{\"@type\":\"ListItem\",\"position\":3,\"name\":\"Entretien du 18 juin 2010\"}]},{\"@type\":\"WebSite\",\"@id\":\"https:\\\/\\\/site.ac-martinique.fr\\\/clg-edapierre\\\/#website\",\"url\":\"https:\\\/\\\/site.ac-martinique.fr\\\/clg-edapierre\\\/\",\"name\":\"\u2728 Coll\u00e8ge Christiane EDA-PIERRE \u2728\",\"description\":\"\",\"potentialAction\":[{\"@type\":\"SearchAction\",\"target\":{\"@type\":\"EntryPoint\",\"urlTemplate\":\"https:\\\/\\\/site.ac-martinique.fr\\\/clg-edapierre\\\/?s={search_term_string}\"},\"query-input\":{\"@type\":\"PropertyValueSpecification\",\"valueRequired\":true,\"valueName\":\"search_term_string\"}}],\"inLanguage\":\"fr-FR\"}]}<\/script>\n<!-- \/ Yoast SEO plugin. -->","yoast_head_json":{"title":"Entretien du 18 juin 2010 - \u2728 Coll\u00e8ge Christiane EDA-PIERRE \u2728","robots":{"index":"index","follow":"follow","max-snippet":"max-snippet:-1","max-image-preview":"max-image-preview:large","max-video-preview":"max-video-preview:-1"},"canonical":"https:\/\/site.ac-martinique.fr\/clg-edapierre\/?page_id=202","og_locale":"fr_FR","og_type":"article","og_title":"Entretien du 18 juin 2010 - \u2728 Coll\u00e8ge Christiane EDA-PIERRE \u2728","og_description":"Ce vendredi 18 juin, Christiane Eda Pierre, est retourn\u00e9e dans le coll\u00e8ge dont elle est la marraine depuis \u00a0d\u00e9j\u00e0 plus &hellip; Lire la suite... \"Entretien du 18 juin 2010\"","og_url":"https:\/\/site.ac-martinique.fr\/clg-edapierre\/?page_id=202","og_site_name":"\u2728 Coll\u00e8ge Christiane EDA-PIERRE \u2728","article_modified_time":"2020-09-06T22:47:03+00:00","twitter_card":"summary_large_image","twitter_misc":{"Dur\u00e9e de lecture estim\u00e9e":"1 minute"},"schema":{"@context":"https:\/\/schema.org","@graph":[{"@type":"WebPage","@id":"https:\/\/site.ac-martinique.fr\/clg-edapierre\/?page_id=202","url":"https:\/\/site.ac-martinique.fr\/clg-edapierre\/?page_id=202","name":"Entretien du 18 juin 2010 - \u2728 Coll\u00e8ge Christiane EDA-PIERRE \u2728","isPartOf":{"@id":"https:\/\/site.ac-martinique.fr\/clg-edapierre\/#website"},"datePublished":"2016-07-01T22:12:46+00:00","dateModified":"2020-09-06T22:47:03+00:00","breadcrumb":{"@id":"https:\/\/site.ac-martinique.fr\/clg-edapierre\/?page_id=202#breadcrumb"},"inLanguage":"fr-FR","potentialAction":[{"@type":"ReadAction","target":["https:\/\/site.ac-martinique.fr\/clg-edapierre\/?page_id=202"]}]},{"@type":"BreadcrumbList","@id":"https:\/\/site.ac-martinique.fr\/clg-edapierre\/?page_id=202#breadcrumb","itemListElement":[{"@type":"ListItem","position":1,"name":"Accueil","item":"https:\/\/site.ac-martinique.fr\/clg-edapierre"},{"@type":"ListItem","position":2,"name":"Christiane EDA PIERRE","item":"https:\/\/site.ac-martinique.fr\/clg-edapierre\/?page_id=171"},{"@type":"ListItem","position":3,"name":"Entretien du 18 juin 2010"}]},{"@type":"WebSite","@id":"https:\/\/site.ac-martinique.fr\/clg-edapierre\/#website","url":"https:\/\/site.ac-martinique.fr\/clg-edapierre\/","name":"\u2728 Coll\u00e8ge Christiane EDA-PIERRE \u2728","description":"","potentialAction":[{"@type":"SearchAction","target":{"@type":"EntryPoint","urlTemplate":"https:\/\/site.ac-martinique.fr\/clg-edapierre\/?s={search_term_string}"},"query-input":{"@type":"PropertyValueSpecification","valueRequired":true,"valueName":"search_term_string"}}],"inLanguage":"fr-FR"}]}},"uagb_featured_image_src":{"full":false,"thumbnail":false,"medium":false,"medium_large":false,"large":false,"1536x1536":false,"2048x2048":false,"lambadalite-featured-image":false,"lambadalite-thumbnail-avatar":false,"mailpoet_newsletter_max":false},"uagb_author_info":{"display_name":"webmestre","author_link":"https:\/\/site.ac-martinique.fr\/clg-edapierre\/?author=127"},"uagb_comment_info":0,"uagb_excerpt":"Ce vendredi 18 juin, Christiane Eda Pierre, est retourn\u00e9e dans le coll\u00e8ge dont elle est la marraine depuis \u00a0d\u00e9j\u00e0 plus &hellip; Lire la suite... \"Entretien du 18 juin 2010\"","publishpress_future_action":{"enabled":false,"date":"2026-04-30 02:26:57","action":"change-status","newStatus":"draft","terms":[],"taxonomy":"","extraData":[]},"publishpress_future_workflow_manual_trigger":{"enabledWorkflows":[]},"amp_enabled":true,"_links":{"self":[{"href":"https:\/\/site.ac-martinique.fr\/clg-edapierre\/index.php?rest_route=\/wp\/v2\/pages\/202","targetHints":{"allow":["GET"]}}],"collection":[{"href":"https:\/\/site.ac-martinique.fr\/clg-edapierre\/index.php?rest_route=\/wp\/v2\/pages"}],"about":[{"href":"https:\/\/site.ac-martinique.fr\/clg-edapierre\/index.php?rest_route=\/wp\/v2\/types\/page"}],"author":[{"embeddable":true,"href":"https:\/\/site.ac-martinique.fr\/clg-edapierre\/index.php?rest_route=\/wp\/v2\/users\/127"}],"replies":[{"embeddable":true,"href":"https:\/\/site.ac-martinique.fr\/clg-edapierre\/index.php?rest_route=%2Fwp%2Fv2%2Fcomments&post=202"}],"version-history":[{"count":10,"href":"https:\/\/site.ac-martinique.fr\/clg-edapierre\/index.php?rest_route=\/wp\/v2\/pages\/202\/revisions"}],"predecessor-version":[{"id":1811,"href":"https:\/\/site.ac-martinique.fr\/clg-edapierre\/index.php?rest_route=\/wp\/v2\/pages\/202\/revisions\/1811"}],"up":[{"embeddable":true,"href":"https:\/\/site.ac-martinique.fr\/clg-edapierre\/index.php?rest_route=\/wp\/v2\/pages\/171"}],"wp:attachment":[{"href":"https:\/\/site.ac-martinique.fr\/clg-edapierre\/index.php?rest_route=%2Fwp%2Fv2%2Fmedia&parent=202"}],"curies":[{"name":"wp","href":"https:\/\/api.w.org\/{rel}","templated":true}]}}