{"id":248,"date":"2016-07-02T05:14:22","date_gmt":"2016-07-02T04:14:22","guid":{"rendered":"\/clg-edapierre\/?page_id=248"},"modified":"2017-01-20T03:32:17","modified_gmt":"2017-01-20T02:32:17","slug":"le-morne-rouge","status":"publish","type":"page","link":"https:\/\/site.ac-martinique.fr\/clg-edapierre\/?page_id=248","title":{"rendered":"Le Morne Rouge"},"content":{"rendered":"<p style=\"text-align: justify;\"><a href=\"\/clg-edapierre\/wp-content\/uploads\/sites\/54\/2016\/07\/villemornerouge.jpg\"><img fetchpriority=\"high\" decoding=\"async\" class=\"aligncenter wp-image-323 size-full\" src=\"\/clg-edapierre\/wp-content\/uploads\/sites\/54\/2016\/07\/villemornerouge.jpg\" alt=\"villemornerouge\" width=\"600\" height=\"349\" srcset=\"https:\/\/site.ac-martinique.fr\/clg-edapierre\/wp-content\/uploads\/sites\/54\/2016\/07\/villemornerouge.jpg 600w, https:\/\/site.ac-martinique.fr\/clg-edapierre\/wp-content\/uploads\/sites\/54\/2016\/07\/villemornerouge-300x175.jpg 300w\" sizes=\"(max-width: 600px) 100vw, 600px\" \/><\/a><\/p>\n<p style=\"text-align: justify;\">Agr\u00e9able petite ville de 5400 habitants, situ\u00e9e \u00e0 450m d&#8217;altitude au pied du volcan de la Montagne Pel\u00e9e,\u00a0 le Morne Rouge est la commune la plus haute de Martinique.<\/p>\n<p style=\"text-align: justify;\">A moins de 5Km, c&#8217;est \u00e9galement la commune la plus proche du crat\u00e8re de la montagne Pel\u00e9e, volcan dont la derni\u00e8re \u00e9ruption remonte \u00e0 1929. De l\u00e0 le nom de ses habitants que l&#8217;on appelle les &#8220;P\u00e9l\u00e9ens&#8221;.<\/p>\n<p style=\"text-align: justify;\">Et pour continuer dans les records, c&#8217;est assur\u00e9ment celle o\u00f9 il pleut le plus.<\/p>\n<p style=\"text-align: justify;\">Joint au relief, ce seul fait explique d&#8217;ailleurs bien des particularit\u00e9s de cette r\u00e9gion comme vous pourrez le d\u00e9couvrir et notamment l&#8217;\u00e9tonnante beaut\u00e9 des paysages qui cernent la petite ville.<\/p>\n<p style=\"text-align: justify;\"><a href=\"\/clg-edapierre\/wp-content\/uploads\/sites\/54\/2016\/07\/cartecaraibe.jpg\"><img decoding=\"async\" class=\"aligncenter wp-image-327 size-full\" src=\"\/clg-edapierre\/wp-content\/uploads\/sites\/54\/2016\/07\/cartecaraibe.jpg\" alt=\"cartecaraibe\" width=\"592\" height=\"398\" srcset=\"https:\/\/site.ac-martinique.fr\/clg-edapierre\/wp-content\/uploads\/sites\/54\/2016\/07\/cartecaraibe.jpg 592w, https:\/\/site.ac-martinique.fr\/clg-edapierre\/wp-content\/uploads\/sites\/54\/2016\/07\/cartecaraibe-300x202.jpg 300w\" sizes=\"(max-width: 592px) 100vw, 592px\" \/><\/a><\/p>\n<p style=\"text-align: justify;\"><a href=\"\/clg-edapierre\/wp-content\/uploads\/sites\/54\/2016\/07\/sitmornerouge.jpg\"><img decoding=\"async\" class=\"alignleft wp-image-320 size-full\" src=\"\/clg-edapierre\/wp-content\/uploads\/sites\/54\/2016\/07\/sitmornerouge.jpg\" alt=\"sitmornerouge\" width=\"300\" height=\"351\" srcset=\"https:\/\/site.ac-martinique.fr\/clg-edapierre\/wp-content\/uploads\/sites\/54\/2016\/07\/sitmornerouge.jpg 300w, https:\/\/site.ac-martinique.fr\/clg-edapierre\/wp-content\/uploads\/sites\/54\/2016\/07\/sitmornerouge-256x300.jpg 256w\" sizes=\"(max-width: 300px) 100vw, 300px\" \/><\/a>Comme on le remarque sur la carte, la commune est situ\u00e9e par 14\u00b046 de latitude nord et 61\u00b007 de longitude ouest. L&#8217;\u00eele est en effet situ\u00e9e entre le Tropique du Cancer (23\u00b027N) et l&#8217;Equateur, autrement dit dans la zone tropicale de l&#8217;h\u00e9misph\u00e8re nord.<\/p>\n<h3>Une commune rurale<\/h3>\n<p style=\"text-align: justify;\">A juger de la ville sur le long terme, on est \u00e9tonn\u00e9 par l&#8217;\u00e9tonnante stabilit\u00e9 de la population de la commune depuis le XIXe si\u00e8cle. Elle comprend encore aujourd&#8217;hui plus de 5300 habitants.<\/p>\n<p style=\"text-align: justify;\">Non sans mal. Le Morne Rouge est une commune rurale qui a souffert et souffre \u00e0 l&#8217;instar de la quasi totalit\u00e9 des bourgades du nord de la Martinique d<span style=\"color: #008000;\">&#8216;un exode rural<a style=\"color: #008000;\" href=\"\/clg-edapierre\/?page_id=248#lexique\">*<\/a><\/span> prononc\u00e9. La population a commenc\u00e9 a r\u00e9gresser d\u00e8s les ann\u00e9es 70 pour passer en dessous des 5000 habitants dans les ann\u00e9es 80 (4 900 habitants en 1882). Mais la population semble en fait s&#8217;\u00eatre en partie maintenue par le simple m\u00e9canisme de l&#8217;<span style=\"color: #008000;\">accroissement naturel*<\/span>. Aujourd&#8217;hui, cette population vieillit en proportion plus importante que dans le reste de l&#8217;\u00eele m\u00eame si la jeunesse de la population reste encore d&#8217;actualit\u00e9.<\/p>\n<p style=\"text-align: justify;\"><a href=\"http:\/\/pedagogie.ac-martinique.fr\/clgedapierre\/pedagogie\/histoire\/carteville.html\" target=\"_blank\"><img loading=\"lazy\" decoding=\"async\" class=\"alignright wp-image-299 size-full\" src=\"\/clg-edapierre\/wp-content\/uploads\/sites\/54\/2016\/07\/minmartiniquevilles.jpg\" alt=\"minmartiniquevilles\" width=\"104\" height=\"150\" \/><\/a>La carte des villes de la Martinique permet d&#8217;avoir une id\u00e9e des logiques du peuplement de la Martinique.<\/p>\n<h3>Exode rural et population active.<\/h3>\n<p style=\"text-align: justify;\">Fort de France a drain\u00e9 une partie de la population active dans sa croissance (l&#8217;agglom\u00e9ration de la ville capitale compte pr\u00e8s du tiers de la population de l&#8217;\u00eele: 135 000 habitants pour 382 000 pour l&#8217;\u00eele enti\u00e8re). Ainsi, 40% de la population active du Morne Rouge travaille ailleurs que dans la commune. Il est cependant \u00e0 noter que le restant, 60 %, desquels il est plus juste de retrancher un taux de ch\u00f4mage de 25%, soit 35% de la population, travaille localement.<\/p>\n<p style=\"text-align: justify;\">On observe ainsi une grande proportion d&#8217;agriculteurs et d&#8217;agricultrices dans un cadre familial \u0153uvrant souvent pour une production essentielle: <span style=\"color: #008000;\">l&#8217;agriculture vivri\u00e8re*<\/span>.<\/p>\n<figure id=\"attachment_300\" aria-describedby=\"caption-attachment-300\" style=\"width: 108px\" class=\"wp-caption aligncenter\"><a href=\"http:\/\/pedagogie.ac-martinique.fr\/clgedapierre\/commune\/mrplan.html\" target=\"_blank\"><img loading=\"lazy\" decoding=\"async\" class=\"wp-image-300 size-full\" src=\"\/clg-edapierre\/wp-content\/uploads\/sites\/54\/2016\/07\/minplanmorne.jpg\" alt=\"minplanmorne\" width=\"108\" height=\"150\" \/><\/a><figcaption id=\"caption-attachment-300\" class=\"wp-caption-text\">Le plan du Morne Rouge<\/figcaption><\/figure>\n<p style=\"text-align: justify;\">La commune du Morne Rouge s&#8217;est form\u00e9e autour d&#8217;une \u00e9glise et d&#8217;une simple rue centrale. Il s&#8217;agit donc bien \u00e0 l&#8217;origine d&#8217;un village-rue dont le d\u00e9veloppement est \u00e9troitement li\u00e9 \u00e0 celui des voies de communication qui le relient d&#8217;une part \u00e0 St Pierre et d&#8217;autre part \u00e0 Fort de France. Le Morne Rouge constitue donc un carrefour entre le nord atlantique, le littoral cara\u00efbe et Fort de France. De l\u00e0 la logique d&#8217;expansion nord-sud qui est demeur\u00e9e en d\u00e9pit des efforts des autorit\u00e9s pour tenter de favoriser un d\u00e9veloppement est-ouest de l&#8217;urbanisation. On observe un centre resserr\u00e9 autour de l&#8217;\u00e9glise tandis qu&#8217;au nord et au sud s&#8217;\u00e9tendent d\u00e9j\u00e0 des lotissements et des logements sociaux, quelque peu excentr\u00e9s.<\/p>\n<h4 style=\"text-align: justify;\">Lexique<br \/>\n<em><span style=\"color: #008000;\">*exode rural: tendance des populations vivant en milieu rural (la campagne) \u00e0 venir habiter et travailler dans les grandes villes, en l&#8217;occurence ici Fort de France, le Morne Rouge \u00e9tant consid\u00e9r\u00e9 comme une commune rurale.<\/span><\/em><br \/>\n<em><span style=\"color: #008000;\"> *accroissement naturel: augmentation de la population qui se produit lorsque le taux de natalit\u00e9 est sup\u00e9rieur au taux de mortalit\u00e9. On ne tient donc pas compte de l&#8217;immigration (l&#8217;arriv\u00e9e d&#8217;\u00e9trangers au sein de la population.)<\/span><\/em><br \/>\n<em><span style=\"color: #008000;\"> *agriculture vivri\u00e8re: agriculture qui consiste \u00e0 produire pour la subsistance d&#8217;une population . Elle n&#8217;ob\u00e9it donc pas une logique commerciale d&#8217;exportation.<\/span><\/em><\/h4>\n","protected":false},"excerpt":{"rendered":"<p>Agr\u00e9able petite ville de 5400 habitants, situ\u00e9e \u00e0 450m d&#8217;altitude au pied du volcan de la Montagne Pel\u00e9e,\u00a0 le Morne &hellip; <\/p>\n<p class=\"link-more\"><a href=\"https:\/\/site.ac-martinique.fr\/clg-edapierre\/?page_id=248\" class=\"more-link\">Lire la suite&#8230;<span class=\"screen-reader-text\"> &#8220;Le Morne Rouge&#8221;<\/span><\/a><\/p>\n","protected":false},"author":127,"featured_media":0,"parent":0,"menu_order":9,"comment_status":"closed","ping_status":"closed","template":"","meta":{"pagelayer_contact_templates":[],"_pagelayer_content":"","_uag_custom_page_level_css":"","episode_type":"","audio_file":"","podmotor_file_id":"","podmotor_episode_id":"","cover_image":"","cover_image_id":"","duration":"","filesize":"","filesize_raw":"","date_recorded":"","explicit":"","block":"","itunes_episode_number":"","itunes_title":"","itunes_season_number":"","itunes_episode_type":"","_themeisle_gutenberg_block_has_review":false,"footnotes":"","_links_to":"","_links_to_target":""},"class_list":["post-248","page","type-page","status-publish","hentry"],"yoast_head":"<!-- This site is optimized with the Yoast SEO plugin v27.5 - https:\/\/yoast.com\/product\/yoast-seo-wordpress\/ -->\n<title>Le Morne Rouge - \u2728 Coll\u00e8ge Christiane EDA-PIERRE \u2728<\/title>\n<meta name=\"robots\" content=\"index, follow, max-snippet:-1, max-image-preview:large, max-video-preview:-1\" \/>\n<link rel=\"canonical\" href=\"https:\/\/site.ac-martinique.fr\/clg-edapierre\/?page_id=248\" \/>\n<meta property=\"og:locale\" content=\"fr_FR\" \/>\n<meta property=\"og:type\" content=\"article\" \/>\n<meta property=\"og:title\" content=\"Le Morne Rouge - \u2728 Coll\u00e8ge Christiane EDA-PIERRE \u2728\" \/>\n<meta property=\"og:description\" content=\"Agr\u00e9able petite ville de 5400 habitants, situ\u00e9e \u00e0 450m d&#8217;altitude au pied du volcan de la Montagne Pel\u00e9e,\u00a0 le Morne &hellip; Lire la suite... &quot;Le Morne Rouge&quot;\" \/>\n<meta property=\"og:url\" content=\"https:\/\/site.ac-martinique.fr\/clg-edapierre\/?page_id=248\" \/>\n<meta property=\"og:site_name\" content=\"\u2728 Coll\u00e8ge Christiane EDA-PIERRE \u2728\" \/>\n<meta property=\"article:modified_time\" content=\"2017-01-20T02:32:17+00:00\" \/>\n<meta name=\"twitter:card\" content=\"summary_large_image\" \/>\n<meta name=\"twitter:label1\" content=\"Dur\u00e9e de lecture estim\u00e9e\" \/>\n\t<meta name=\"twitter:data1\" content=\"3 minutes\" \/>\n<script type=\"application\/ld+json\" class=\"yoast-schema-graph\">{\"@context\":\"https:\\\/\\\/schema.org\",\"@graph\":[{\"@type\":\"WebPage\",\"@id\":\"https:\\\/\\\/site.ac-martinique.fr\\\/clg-edapierre\\\/?page_id=248\",\"url\":\"https:\\\/\\\/site.ac-martinique.fr\\\/clg-edapierre\\\/?page_id=248\",\"name\":\"Le Morne Rouge - \u2728 Coll\u00e8ge Christiane EDA-PIERRE \u2728\",\"isPartOf\":{\"@id\":\"https:\\\/\\\/site.ac-martinique.fr\\\/clg-edapierre\\\/#website\"},\"datePublished\":\"2016-07-02T04:14:22+00:00\",\"dateModified\":\"2017-01-20T02:32:17+00:00\",\"breadcrumb\":{\"@id\":\"https:\\\/\\\/site.ac-martinique.fr\\\/clg-edapierre\\\/?page_id=248#breadcrumb\"},\"inLanguage\":\"fr-FR\",\"potentialAction\":[{\"@type\":\"ReadAction\",\"target\":[\"https:\\\/\\\/site.ac-martinique.fr\\\/clg-edapierre\\\/?page_id=248\"]}]},{\"@type\":\"BreadcrumbList\",\"@id\":\"https:\\\/\\\/site.ac-martinique.fr\\\/clg-edapierre\\\/?page_id=248#breadcrumb\",\"itemListElement\":[{\"@type\":\"ListItem\",\"position\":1,\"name\":\"Accueil\",\"item\":\"https:\\\/\\\/site.ac-martinique.fr\\\/clg-edapierre\"},{\"@type\":\"ListItem\",\"position\":2,\"name\":\"Le Morne Rouge\"}]},{\"@type\":\"WebSite\",\"@id\":\"https:\\\/\\\/site.ac-martinique.fr\\\/clg-edapierre\\\/#website\",\"url\":\"https:\\\/\\\/site.ac-martinique.fr\\\/clg-edapierre\\\/\",\"name\":\"\u2728 Coll\u00e8ge Christiane EDA-PIERRE \u2728\",\"description\":\"\",\"potentialAction\":[{\"@type\":\"SearchAction\",\"target\":{\"@type\":\"EntryPoint\",\"urlTemplate\":\"https:\\\/\\\/site.ac-martinique.fr\\\/clg-edapierre\\\/?s={search_term_string}\"},\"query-input\":{\"@type\":\"PropertyValueSpecification\",\"valueRequired\":true,\"valueName\":\"search_term_string\"}}],\"inLanguage\":\"fr-FR\"}]}<\/script>\n<!-- \/ Yoast SEO plugin. -->","yoast_head_json":{"title":"Le Morne Rouge - \u2728 Coll\u00e8ge Christiane EDA-PIERRE \u2728","robots":{"index":"index","follow":"follow","max-snippet":"max-snippet:-1","max-image-preview":"max-image-preview:large","max-video-preview":"max-video-preview:-1"},"canonical":"https:\/\/site.ac-martinique.fr\/clg-edapierre\/?page_id=248","og_locale":"fr_FR","og_type":"article","og_title":"Le Morne Rouge - \u2728 Coll\u00e8ge Christiane EDA-PIERRE \u2728","og_description":"Agr\u00e9able petite ville de 5400 habitants, situ\u00e9e \u00e0 450m d&#8217;altitude au pied du volcan de la Montagne Pel\u00e9e,\u00a0 le Morne &hellip; Lire la suite... \"Le Morne Rouge\"","og_url":"https:\/\/site.ac-martinique.fr\/clg-edapierre\/?page_id=248","og_site_name":"\u2728 Coll\u00e8ge Christiane EDA-PIERRE \u2728","article_modified_time":"2017-01-20T02:32:17+00:00","twitter_card":"summary_large_image","twitter_misc":{"Dur\u00e9e de lecture estim\u00e9e":"3 minutes"},"schema":{"@context":"https:\/\/schema.org","@graph":[{"@type":"WebPage","@id":"https:\/\/site.ac-martinique.fr\/clg-edapierre\/?page_id=248","url":"https:\/\/site.ac-martinique.fr\/clg-edapierre\/?page_id=248","name":"Le Morne Rouge - \u2728 Coll\u00e8ge Christiane EDA-PIERRE \u2728","isPartOf":{"@id":"https:\/\/site.ac-martinique.fr\/clg-edapierre\/#website"},"datePublished":"2016-07-02T04:14:22+00:00","dateModified":"2017-01-20T02:32:17+00:00","breadcrumb":{"@id":"https:\/\/site.ac-martinique.fr\/clg-edapierre\/?page_id=248#breadcrumb"},"inLanguage":"fr-FR","potentialAction":[{"@type":"ReadAction","target":["https:\/\/site.ac-martinique.fr\/clg-edapierre\/?page_id=248"]}]},{"@type":"BreadcrumbList","@id":"https:\/\/site.ac-martinique.fr\/clg-edapierre\/?page_id=248#breadcrumb","itemListElement":[{"@type":"ListItem","position":1,"name":"Accueil","item":"https:\/\/site.ac-martinique.fr\/clg-edapierre"},{"@type":"ListItem","position":2,"name":"Le Morne Rouge"}]},{"@type":"WebSite","@id":"https:\/\/site.ac-martinique.fr\/clg-edapierre\/#website","url":"https:\/\/site.ac-martinique.fr\/clg-edapierre\/","name":"\u2728 Coll\u00e8ge Christiane EDA-PIERRE \u2728","description":"","potentialAction":[{"@type":"SearchAction","target":{"@type":"EntryPoint","urlTemplate":"https:\/\/site.ac-martinique.fr\/clg-edapierre\/?s={search_term_string}"},"query-input":{"@type":"PropertyValueSpecification","valueRequired":true,"valueName":"search_term_string"}}],"inLanguage":"fr-FR"}]}},"uagb_featured_image_src":{"full":false,"thumbnail":false,"medium":false,"medium_large":false,"large":false,"1536x1536":false,"2048x2048":false,"smart-post-landscape":false,"smart-post-portrait":false,"lambadalite-featured-image":false,"lambadalite-thumbnail-avatar":false,"mailpoet_newsletter_max":false},"uagb_author_info":{"display_name":"webmestre","author_link":"https:\/\/site.ac-martinique.fr\/clg-edapierre\/?author=127"},"uagb_comment_info":0,"uagb_excerpt":"Agr\u00e9able petite ville de 5400 habitants, situ\u00e9e \u00e0 450m d&#8217;altitude au pied du volcan de la Montagne Pel\u00e9e,\u00a0 le Morne &hellip; Lire la suite... \"Le Morne Rouge\"","publishpress_future_action":{"enabled":false,"date":"2026-05-18 15:33:20","action":"change-status","newStatus":"draft","terms":[],"taxonomy":"","extraData":[]},"publishpress_future_workflow_manual_trigger":{"enabledWorkflows":[]},"amp_enabled":true,"_links":{"self":[{"href":"https:\/\/site.ac-martinique.fr\/clg-edapierre\/index.php?rest_route=\/wp\/v2\/pages\/248","targetHints":{"allow":["GET"]}}],"collection":[{"href":"https:\/\/site.ac-martinique.fr\/clg-edapierre\/index.php?rest_route=\/wp\/v2\/pages"}],"about":[{"href":"https:\/\/site.ac-martinique.fr\/clg-edapierre\/index.php?rest_route=\/wp\/v2\/types\/page"}],"author":[{"embeddable":true,"href":"https:\/\/site.ac-martinique.fr\/clg-edapierre\/index.php?rest_route=\/wp\/v2\/users\/127"}],"replies":[{"embeddable":true,"href":"https:\/\/site.ac-martinique.fr\/clg-edapierre\/index.php?rest_route=%2Fwp%2Fv2%2Fcomments&post=248"}],"version-history":[{"count":9,"href":"https:\/\/site.ac-martinique.fr\/clg-edapierre\/index.php?rest_route=\/wp\/v2\/pages\/248\/revisions"}],"predecessor-version":[{"id":329,"href":"https:\/\/site.ac-martinique.fr\/clg-edapierre\/index.php?rest_route=\/wp\/v2\/pages\/248\/revisions\/329"}],"wp:attachment":[{"href":"https:\/\/site.ac-martinique.fr\/clg-edapierre\/index.php?rest_route=%2Fwp%2Fv2%2Fmedia&parent=248"}],"curies":[{"name":"wp","href":"https:\/\/api.w.org\/{rel}","templated":true}]}}