{"id":29,"date":"2016-04-15T20:36:29","date_gmt":"2016-04-15T19:36:29","guid":{"rendered":"\/clg-edapierre\/?page_id=29"},"modified":"2016-07-03T16:43:14","modified_gmt":"2016-07-03T15:43:14","slug":"cdi","status":"publish","type":"page","link":"https:\/\/site.ac-martinique.fr\/clg-edapierre\/?page_id=29","title":{"rendered":"CDI"},"content":{"rendered":"<p style=\"text-align: center;\"><em>Pour acc\u00e9der au catalogue et aux actualit\u00e9s du CDI, cliquez sur l&#8217;image.<\/em><\/p>\n<p><a href=\"http:\/\/9720016k.esidoc.fr\" target=\"_blank\"><img fetchpriority=\"high\" decoding=\"async\" class=\"aligncenter wp-image-117 size-full\" src=\"\/clg-edapierre\/wp-content\/uploads\/sites\/54\/2016\/04\/image1cdi.jpg\" alt=\"image1cdi\" width=\"449\" height=\"237\" srcset=\"https:\/\/site.ac-martinique.fr\/clg-edapierre\/wp-content\/uploads\/sites\/54\/2016\/04\/image1cdi.jpg 449w, https:\/\/site.ac-martinique.fr\/clg-edapierre\/wp-content\/uploads\/sites\/54\/2016\/04\/image1cdi-300x158.jpg 300w\" sizes=\"(max-width: 449px) 100vw, 449px\" \/><\/a><\/p>\n<p style=\"text-align: justify;\">Vu la loi n\u00b0 78-17 du 6 janvier 1978 relative \u00e0 l&#8217;informatique, aux fichiers et aux libert\u00e9s modifi\u00e9e, notamment ses articles 26, 27 et 29 ;<\/p>\n<p style=\"text-align: justify;\">Vu l&#8217;avis de la Commission Nationale de l&#8217;Informatique et des Libert\u00e9s ;<\/p>\n<p style=\"text-align: justify;\">Arr\u00eate (ou d\u00e9cide)<\/p>\n<p style=\"text-align: justify;\">ARTICLE 1 : il est cr\u00e9\u00e9 par COLLEGE CHRISTIANE EDA-PIERRE un traitement automatis\u00e9 de donn\u00e9es \u00e0 caract\u00e8re personnel, d\u00e9nomm\u00e9 E-SIDOC dont l&#8217;objet est la Mise \u00e0 disposition des usagers d&#8217;un ou plusieurs t\u00e9l\u00e9services de l&#8217;administration \u00e9lectronique<\/p>\n<p style=\"text-align: justify;\">ARTICLE 2 : les cat\u00e9gories de donn\u00e9es \u00e0 caract\u00e8re personnel enregistr\u00e9es sont les suivantes : &#8211; Etat civil &#8211; Vie professionnelle &#8211; Donn\u00e9es de connexion<\/p>\n<p style=\"text-align: justify;\">ARTICLE 3 : les destinataires ou cat\u00e9gories de destinataires habilit\u00e9s \u00e0 recevoir communication de ces donn\u00e9es sont, \u00e0 raison de leurs attributions respectives : &#8211; Etat civil : Responsable en charge du logiciel BCDI, administrateurs des donn\u00e9es du portail \u00e0 des fins de maintenance, responsables de la gestion des utilisateurs pour les ressources en ligne tierces &#8211; Vie professionnelle : Responsable en charge du logiciel BCDI, administrateurs des donn\u00e9es du portail \u00e0 des fins de maintenance, responsables de la gestion des utilisateurs pour les ressources en ligne tierces &#8211; Donn\u00e9es de connexion : Responsable en charge du logiciel BCDI, administrateurs des donn\u00e9es du portail \u00e0 des fins de maintenance, responsables de la gestion des utilisateurs pour les ressources en ligne tierces<\/p>\n<p style=\"text-align: justify;\">ARTICLE 4 : le droit d&#8217;acc\u00e8s et de rectification pr\u00e9vu par les articles 39 et suivants de la loi n\u00b0 78-17 du 6 janvier 1978 s&#8217;exerce aupr\u00e8s du service COLLEGE CHRISTIANE EDA-PIERRE RUE MURATET 97260 LE MORNE-ROUGE<\/p>\n<p style=\"text-align: justify;\">ARTICLE 5 : le Chef d&#8217;\u00e9tablissement est charg\u00e9 de l&#8217;ex\u00e9cution de la pr\u00e9sente d\u00e9lib\u00e9ration qui sera affich\u00e9e en vie scolaire, au CDI, et publi\u00e9e sur le site Internet du coll\u00e8ge EDA-PIERRE<\/p>\n","protected":false},"excerpt":{"rendered":"<p>Pour acc\u00e9der au catalogue et aux actualit\u00e9s du CDI, cliquez sur l&#8217;image. Vu la loi n\u00b0 78-17 du 6 janvier &hellip; <\/p>\n<p class=\"link-more\"><a href=\"https:\/\/site.ac-martinique.fr\/clg-edapierre\/?page_id=29\" class=\"more-link\">Lire la suite&#8230;<span class=\"screen-reader-text\"> &#8220;CDI&#8221;<\/span><\/a><\/p>\n","protected":false},"author":127,"featured_media":0,"parent":0,"menu_order":5,"comment_status":"closed","ping_status":"closed","template":"","meta":{"pagelayer_contact_templates":[],"_pagelayer_content":"","_uag_custom_page_level_css":"","episode_type":"","audio_file":"","podmotor_file_id":"","podmotor_episode_id":"","cover_image":"","cover_image_id":"","duration":"","filesize":"","filesize_raw":"","date_recorded":"","explicit":"","block":"","itunes_episode_number":"","itunes_title":"","itunes_season_number":"","itunes_episode_type":"","_themeisle_gutenberg_block_has_review":false,"footnotes":"","_links_to":"","_links_to_target":""},"class_list":["post-29","page","type-page","status-publish","hentry"],"yoast_head":"<!-- This site is optimized with the Yoast SEO plugin v27.4 - https:\/\/yoast.com\/product\/yoast-seo-wordpress\/ -->\n<title>CDI - \u2728 Coll\u00e8ge Christiane EDA-PIERRE \u2728<\/title>\n<meta name=\"robots\" content=\"index, follow, max-snippet:-1, max-image-preview:large, max-video-preview:-1\" \/>\n<link rel=\"canonical\" href=\"https:\/\/site.ac-martinique.fr\/clg-edapierre\/?page_id=29\" \/>\n<meta property=\"og:locale\" content=\"fr_FR\" \/>\n<meta property=\"og:type\" content=\"article\" \/>\n<meta property=\"og:title\" content=\"CDI - \u2728 Coll\u00e8ge Christiane EDA-PIERRE \u2728\" \/>\n<meta property=\"og:description\" content=\"Pour acc\u00e9der au catalogue et aux actualit\u00e9s du CDI, cliquez sur l&#8217;image. Vu la loi n\u00b0 78-17 du 6 janvier &hellip; Lire la suite... &quot;CDI&quot;\" \/>\n<meta property=\"og:url\" content=\"https:\/\/site.ac-martinique.fr\/clg-edapierre\/?page_id=29\" \/>\n<meta property=\"og:site_name\" content=\"\u2728 Coll\u00e8ge Christiane EDA-PIERRE \u2728\" \/>\n<meta property=\"article:modified_time\" content=\"2016-07-03T15:43:14+00:00\" \/>\n<meta name=\"twitter:card\" content=\"summary_large_image\" \/>\n<meta name=\"twitter:label1\" content=\"Dur\u00e9e de lecture estim\u00e9e\" \/>\n\t<meta name=\"twitter:data1\" content=\"2 minutes\" \/>\n<script type=\"application\/ld+json\" class=\"yoast-schema-graph\">{\"@context\":\"https:\\\/\\\/schema.org\",\"@graph\":[{\"@type\":\"WebPage\",\"@id\":\"https:\\\/\\\/site.ac-martinique.fr\\\/clg-edapierre\\\/?page_id=29\",\"url\":\"https:\\\/\\\/site.ac-martinique.fr\\\/clg-edapierre\\\/?page_id=29\",\"name\":\"CDI - \u2728 Coll\u00e8ge Christiane EDA-PIERRE \u2728\",\"isPartOf\":{\"@id\":\"https:\\\/\\\/site.ac-martinique.fr\\\/clg-edapierre\\\/#website\"},\"datePublished\":\"2016-04-15T19:36:29+00:00\",\"dateModified\":\"2016-07-03T15:43:14+00:00\",\"breadcrumb\":{\"@id\":\"https:\\\/\\\/site.ac-martinique.fr\\\/clg-edapierre\\\/?page_id=29#breadcrumb\"},\"inLanguage\":\"fr-FR\",\"potentialAction\":[{\"@type\":\"ReadAction\",\"target\":[\"https:\\\/\\\/site.ac-martinique.fr\\\/clg-edapierre\\\/?page_id=29\"]}]},{\"@type\":\"BreadcrumbList\",\"@id\":\"https:\\\/\\\/site.ac-martinique.fr\\\/clg-edapierre\\\/?page_id=29#breadcrumb\",\"itemListElement\":[{\"@type\":\"ListItem\",\"position\":1,\"name\":\"Accueil\",\"item\":\"https:\\\/\\\/site.ac-martinique.fr\\\/clg-edapierre\"},{\"@type\":\"ListItem\",\"position\":2,\"name\":\"CDI\"}]},{\"@type\":\"WebSite\",\"@id\":\"https:\\\/\\\/site.ac-martinique.fr\\\/clg-edapierre\\\/#website\",\"url\":\"https:\\\/\\\/site.ac-martinique.fr\\\/clg-edapierre\\\/\",\"name\":\"\u2728 Coll\u00e8ge Christiane EDA-PIERRE \u2728\",\"description\":\"\",\"potentialAction\":[{\"@type\":\"SearchAction\",\"target\":{\"@type\":\"EntryPoint\",\"urlTemplate\":\"https:\\\/\\\/site.ac-martinique.fr\\\/clg-edapierre\\\/?s={search_term_string}\"},\"query-input\":{\"@type\":\"PropertyValueSpecification\",\"valueRequired\":true,\"valueName\":\"search_term_string\"}}],\"inLanguage\":\"fr-FR\"}]}<\/script>\n<!-- \/ Yoast SEO plugin. -->","yoast_head_json":{"title":"CDI - \u2728 Coll\u00e8ge Christiane EDA-PIERRE \u2728","robots":{"index":"index","follow":"follow","max-snippet":"max-snippet:-1","max-image-preview":"max-image-preview:large","max-video-preview":"max-video-preview:-1"},"canonical":"https:\/\/site.ac-martinique.fr\/clg-edapierre\/?page_id=29","og_locale":"fr_FR","og_type":"article","og_title":"CDI - \u2728 Coll\u00e8ge Christiane EDA-PIERRE \u2728","og_description":"Pour acc\u00e9der au catalogue et aux actualit\u00e9s du CDI, cliquez sur l&#8217;image. Vu la loi n\u00b0 78-17 du 6 janvier &hellip; Lire la suite... \"CDI\"","og_url":"https:\/\/site.ac-martinique.fr\/clg-edapierre\/?page_id=29","og_site_name":"\u2728 Coll\u00e8ge Christiane EDA-PIERRE \u2728","article_modified_time":"2016-07-03T15:43:14+00:00","twitter_card":"summary_large_image","twitter_misc":{"Dur\u00e9e de lecture estim\u00e9e":"2 minutes"},"schema":{"@context":"https:\/\/schema.org","@graph":[{"@type":"WebPage","@id":"https:\/\/site.ac-martinique.fr\/clg-edapierre\/?page_id=29","url":"https:\/\/site.ac-martinique.fr\/clg-edapierre\/?page_id=29","name":"CDI - \u2728 Coll\u00e8ge Christiane EDA-PIERRE \u2728","isPartOf":{"@id":"https:\/\/site.ac-martinique.fr\/clg-edapierre\/#website"},"datePublished":"2016-04-15T19:36:29+00:00","dateModified":"2016-07-03T15:43:14+00:00","breadcrumb":{"@id":"https:\/\/site.ac-martinique.fr\/clg-edapierre\/?page_id=29#breadcrumb"},"inLanguage":"fr-FR","potentialAction":[{"@type":"ReadAction","target":["https:\/\/site.ac-martinique.fr\/clg-edapierre\/?page_id=29"]}]},{"@type":"BreadcrumbList","@id":"https:\/\/site.ac-martinique.fr\/clg-edapierre\/?page_id=29#breadcrumb","itemListElement":[{"@type":"ListItem","position":1,"name":"Accueil","item":"https:\/\/site.ac-martinique.fr\/clg-edapierre"},{"@type":"ListItem","position":2,"name":"CDI"}]},{"@type":"WebSite","@id":"https:\/\/site.ac-martinique.fr\/clg-edapierre\/#website","url":"https:\/\/site.ac-martinique.fr\/clg-edapierre\/","name":"\u2728 Coll\u00e8ge Christiane EDA-PIERRE \u2728","description":"","potentialAction":[{"@type":"SearchAction","target":{"@type":"EntryPoint","urlTemplate":"https:\/\/site.ac-martinique.fr\/clg-edapierre\/?s={search_term_string}"},"query-input":{"@type":"PropertyValueSpecification","valueRequired":true,"valueName":"search_term_string"}}],"inLanguage":"fr-FR"}]}},"uagb_featured_image_src":{"full":false,"thumbnail":false,"medium":false,"medium_large":false,"large":false,"1536x1536":false,"2048x2048":false,"lambadalite-featured-image":false,"lambadalite-thumbnail-avatar":false,"mailpoet_newsletter_max":false},"uagb_author_info":{"display_name":"webmestre","author_link":"https:\/\/site.ac-martinique.fr\/clg-edapierre\/?author=127"},"uagb_comment_info":0,"uagb_excerpt":"Pour acc\u00e9der au catalogue et aux actualit\u00e9s du CDI, cliquez sur l&#8217;image. Vu la loi n\u00b0 78-17 du 6 janvier &hellip; Lire la suite... \"CDI\"","publishpress_future_action":{"enabled":false,"date":"2026-04-24 22:17:53","action":"change-status","newStatus":"draft","terms":[],"taxonomy":"","extraData":[]},"publishpress_future_workflow_manual_trigger":{"enabledWorkflows":[]},"amp_enabled":true,"_links":{"self":[{"href":"https:\/\/site.ac-martinique.fr\/clg-edapierre\/index.php?rest_route=\/wp\/v2\/pages\/29","targetHints":{"allow":["GET"]}}],"collection":[{"href":"https:\/\/site.ac-martinique.fr\/clg-edapierre\/index.php?rest_route=\/wp\/v2\/pages"}],"about":[{"href":"https:\/\/site.ac-martinique.fr\/clg-edapierre\/index.php?rest_route=\/wp\/v2\/types\/page"}],"author":[{"embeddable":true,"href":"https:\/\/site.ac-martinique.fr\/clg-edapierre\/index.php?rest_route=\/wp\/v2\/users\/127"}],"replies":[{"embeddable":true,"href":"https:\/\/site.ac-martinique.fr\/clg-edapierre\/index.php?rest_route=%2Fwp%2Fv2%2Fcomments&post=29"}],"version-history":[{"count":6,"href":"https:\/\/site.ac-martinique.fr\/clg-edapierre\/index.php?rest_route=\/wp\/v2\/pages\/29\/revisions"}],"predecessor-version":[{"id":170,"href":"https:\/\/site.ac-martinique.fr\/clg-edapierre\/index.php?rest_route=\/wp\/v2\/pages\/29\/revisions\/170"}],"wp:attachment":[{"href":"https:\/\/site.ac-martinique.fr\/clg-edapierre\/index.php?rest_route=%2Fwp%2Fv2%2Fmedia&parent=29"}],"curies":[{"name":"wp","href":"https:\/\/api.w.org\/{rel}","templated":true}]}}