{"id":356,"date":"2016-07-03T04:44:24","date_gmt":"2016-07-03T03:44:24","guid":{"rendered":"\/clg-edapierre\/?page_id=356"},"modified":"2016-07-03T04:46:38","modified_gmt":"2016-07-03T03:46:38","slug":"le-pays-des-mornes","status":"publish","type":"page","link":"https:\/\/site.ac-martinique.fr\/clg-edapierre\/?page_id=356","title":{"rendered":"Le pays des mornes"},"content":{"rendered":"<figure id=\"attachment_289\" aria-describedby=\"caption-attachment-289\" style=\"width: 400px\" class=\"wp-caption aligncenter\"><a href=\"\/clg-edapierre\/wp-content\/uploads\/sites\/54\/2016\/07\/haies.jpg\"><img fetchpriority=\"high\" decoding=\"async\" class=\"wp-image-289 size-full\" src=\"\/clg-edapierre\/wp-content\/uploads\/sites\/54\/2016\/07\/haies.jpg\" alt=\"haies\" width=\"400\" height=\"300\" srcset=\"https:\/\/site.ac-martinique.fr\/clg-edapierre\/wp-content\/uploads\/sites\/54\/2016\/07\/haies.jpg 400w, https:\/\/site.ac-martinique.fr\/clg-edapierre\/wp-content\/uploads\/sites\/54\/2016\/07\/haies-300x225.jpg 300w\" sizes=\"(max-width: 400px) 100vw, 400px\" \/><\/a><figcaption id=\"caption-attachment-289\" class=\"wp-caption-text\">Les haies d&#8217;\u00e9rythrines sur les mornes entourant le Champflor<\/figcaption><\/figure>\n<p style=\"text-align: justify;\">Le paysage du Morne Rouge est caract\u00e9ris\u00e9 par la pr\u00e9sence de nombreux mornes, -nom d&#8217;origine cr\u00e9ole des collines-.<\/p>\n<p style=\"text-align: justify;\">On rep\u00e8re tr\u00e8s vite les nombreuses haies d&#8217;erythrines et surtout d&#8217;immortelles qui quadrillent le paysage. Ces arbustes qu&#8217;on dirait taill\u00e9s par la main de l&#8217;homme ne d\u00e9passent pas les 20 m de haut. Ils forment une sorte de bocage&#8230;mais un bocage typiquement martiniquais.<\/p>\n<p style=\"text-align: justify;\">Ces haies prot\u00e8gent en fait les plantations de cannes \u00e0 sucre et les bananeraies. Fragiles et expos\u00e9es aux vents de l&#8217;Est, ces plantations courent sans cesse le risque d&#8217;\u00eatre d\u00e9truites comme cela a pu \u00eatre le cas lors du cyclone David (1979), Cindy (1993) ou encore plus proche de nous&#8230;.Dean (2007)<\/p>\n<p>&nbsp;<\/p>\n<h3>Un panorama exceptionnel: la plaine du Champflor.<\/h3>\n<p style=\"text-align: justify;\">Cliquez sur la carte pour d\u00e9couvrir la montagne Pel\u00e9e, la rivi\u00e8re Capot, la Cr\u00eate du Cournan, le Morne Jacob et le Piton Gel\u00e9, tous magnifiques sentinelles de ces\u00a0lieux.<\/p>\n<p style=\"text-align: justify;\"><a href=\"\/clg-edapierre\/wp-content\/uploads\/sites\/54\/2016\/07\/cartereliefpelee.jpg\"><img decoding=\"async\" class=\"aligncenter wp-image-275 size-full\" src=\"\/clg-edapierre\/wp-content\/uploads\/sites\/54\/2016\/07\/cartereliefpelee.jpg\" alt=\"cartereliefpelee\" width=\"550\" height=\"413\" srcset=\"https:\/\/site.ac-martinique.fr\/clg-edapierre\/wp-content\/uploads\/sites\/54\/2016\/07\/cartereliefpelee.jpg 550w, https:\/\/site.ac-martinique.fr\/clg-edapierre\/wp-content\/uploads\/sites\/54\/2016\/07\/cartereliefpelee-300x225.jpg 300w\" sizes=\"(max-width: 550px) 100vw, 550px\" \/><\/a><a href=\"\/clg-edapierre\/wp-content\/uploads\/sites\/54\/2016\/07\/legendecarterelief.jpg\"><img decoding=\"async\" class=\"size-medium wp-image-293 aligncenter\" src=\"\/clg-edapierre\/wp-content\/uploads\/sites\/54\/2016\/07\/legendecarterelief-300x261.jpg\" alt=\"legendecarterelief\" width=\"300\" height=\"261\" srcset=\"https:\/\/site.ac-martinique.fr\/clg-edapierre\/wp-content\/uploads\/sites\/54\/2016\/07\/legendecarterelief-300x261.jpg 300w, https:\/\/site.ac-martinique.fr\/clg-edapierre\/wp-content\/uploads\/sites\/54\/2016\/07\/legendecarterelief.jpg 327w\" sizes=\"(max-width: 300px) 100vw, 300px\" \/><\/a><\/p>\n<map name=\"mornes\">\n<area alt=\"La Montagne Pel\u00e9e\" coords=\"178,68,63\" shape=\"circle\" href=\"http:\/\/pedagogie.ac-martinique.fr\/clgedapierre\/commune\/mrpelee.html\" \/>\n<area alt=\"Les rivi\u00e8res\" coords=\"477,36,496,36,423,136,422,303,479,328,441,391,424,385,436,340,390,319,404,207,412,156,404,118\" shape=\"poly\" href=\"http:\/\/pedagogie.ac-martinique.fr\/clgedapierre\/commune\/mrriviere.html\" \/>\n<area alt=\"Les mornes du Champflor\" coords=\"430,206,429,188,494,149,530,202,541,249,543,410,357,409,353,377,373,375,416,391,454,400,492,390,487,334,497,295,456,268,468,240\" shape=\"poly\" href=\"http:\/\/pedagogie.ac-martinique.fr\/clgedapierre\/commune\/mrmornes.html\" \/><\/map>\n<p>La mise en culture d&#8217;une terre jug\u00e9e &#8220;froide&#8221;<\/p>\n<p style=\"text-align: justify;\">La terre de cette r\u00e9gion a longtemps fait l&#8217;objet d&#8217;une tentative d&#8217;occupation et d&#8217;am\u00e9nagement comme le montre le discours de M.LABAT dans le rapport de M Joseph LAGROSILLIERE, \u00a0rapport du Conseil G\u00e9n\u00e9ral de la Colonie en 1930 (1).<\/p>\n<div id=\"citation\">\n<p style=\"text-align: justify;\"><em><span style=\"color: #800000;\">&#8220;Aujourd&#8217;hui,la preuve est faite, les terres en for\u00eats et en jach\u00e8re du Champ Flore, ont \u00e9t\u00e9 cultiv\u00e9es \u00e0 leur tour, encore sur une faible part il est vrai mais les r\u00e9sultats obtenus ne laissent aucun doute sur la fertilit\u00e9 de son sol.<\/span><\/em><\/p>\n<p style=\"text-align: justify;\"><em><span style=\"color: #800000;\">D\u00e9j\u00e0 l&#8217;on y compte des distilleries agricoles. Votre serviteur lui m\u00eame a \u00e9t\u00e9 l&#8217;un des promoteurs de ce mouvement et avec lui M Crocquet qui, comme lui, y plante la canne. Ce dernier cultive aussi quelques vanilliers dont la r\u00e9colte bat tous les records du pays. M Clerville y \u00a0a plant\u00e9 la citronelle et y a cr\u00e9\u00e9 une usine pour distiller cette plante. M Yangting, un promoteur y cultive le caf\u00e9 et le cacao et ses plantations font l&#8217;admiration de tous.<\/span><\/em><\/p>\n<p style=\"text-align: justify;\"><em><span style=\"color: #800000;\">Quant \u00e0 ses plantations vivr\u00e8res, l&#8217;on peut dire qu&#8217;elles s&#8217;y d\u00e9veloppent avec une intensit\u00e9 extraordinaire car la plupart des l\u00e9gumes du pays qui alimentent le march\u00e9 de Fort de France proviennent du Champ Flore. L&#8217;on n&#8217;y cultive pas encore, en grand nombre, le bananier; mais apr\u00e8s quelques modestes essais, je suis par exp\u00e9rience en droit de vous dire que cette plante y trouve son v\u00e9ritable habitat.<\/span><\/em><\/p>\n<p style=\"text-align: justify;\"><em><span style=\"color: #800000;\">Sans pr\u00e9paration presque sans aucun soin, le bananier ne meurt jamais dans ce quartier et les r\u00e9gimes qu&#8217;il produit d\u00e9fient toutes les comparaisons.<\/span><\/em><\/p>\n<p style=\"text-align: justify;\"><em><span style=\"color: #800000;\">Encore un mot, Messieurs, sur l&#8217;ananas. A Champ Flore, la t\u00eate d&#8217;ananas piqu\u00e9e, n&#8217;importe o\u00f9, se d\u00e9veloppe sans soin aucun: la premi\u00e8re ann\u00e9e vous avez un fruit et les ann\u00e9es suivantes ce brom\u00e9li\u00e9c\u00e9 sur une seul souche produit deux, trois, quatre, fruits.<\/span><\/em><\/p>\n<p style=\"text-align: justify;\"><em><span style=\"color: #800000;\">Voil\u00e0 Messieurs, ces terres qualifi\u00e9es de terres froides dans l&#8217;ouvrage de M. Hayot. Enfin, j&#8217;avais r\u00e9pondu compl\u00e9tement \u00e0 M Sev\u00e8re sur ce point en lui disant que les bois d&#8217;essences tels que canneliers, bois d&#8217;Inde, Mahogany, acajou&#8230;etc&#8230;y poussent dans les<\/span> <span style=\"color: #800000;\">for\u00eats \u00e0 l&#8217;\u00e9tat sauvage.<\/span><\/em><\/p>\n<p style=\"text-align: justify;\"><em><span style=\"color: #800000;\">Voil\u00e0 pourquoi, Messieurs, il faut aider \u00e0 coloniser ce vaste et beau Champ Flore, en y reprenant les routes anciennes, en y tra\u00e7ant de nouvelles voies modernes, en y cr\u00e9ant un centre de peuplement qui deviendra plus tard, j&#8217;en suis certain, une nouvelle ville plac\u00e9e au centre de notre Martinique.&#8221;<\/span><\/em><\/p>\n<\/div>\n<p><small>Notes :<br \/>\n(1) Archives D\u00e9partementales de la Martinique, rapports du Conseil G\u00e9n\u00e9ral de la Colonie, 1930<br \/>\n<\/small><\/p>\n","protected":false},"excerpt":{"rendered":"<p>Le paysage du Morne Rouge est caract\u00e9ris\u00e9 par la pr\u00e9sence de nombreux mornes, -nom d&#8217;origine cr\u00e9ole des collines-. On rep\u00e8re &hellip; <\/p>\n<p class=\"link-more\"><a href=\"https:\/\/site.ac-martinique.fr\/clg-edapierre\/?page_id=356\" class=\"more-link\">Lire la suite&#8230;<span class=\"screen-reader-text\"> &#8220;Le pays des mornes&#8221;<\/span><\/a><\/p>\n","protected":false},"author":127,"featured_media":0,"parent":248,"menu_order":4,"comment_status":"closed","ping_status":"closed","template":"","meta":{"pagelayer_contact_templates":[],"_pagelayer_content":"","_uag_custom_page_level_css":"","episode_type":"","audio_file":"","podmotor_file_id":"","podmotor_episode_id":"","cover_image":"","cover_image_id":"","duration":"","filesize":"","filesize_raw":"","date_recorded":"","explicit":"","block":"","itunes_episode_number":"","itunes_title":"","itunes_season_number":"","itunes_episode_type":"","_themeisle_gutenberg_block_has_review":false,"footnotes":"","_links_to":"","_links_to_target":""},"class_list":["post-356","page","type-page","status-publish","hentry"],"yoast_head":"<!-- This site is optimized with the Yoast SEO plugin v27.6 - https:\/\/yoast.com\/product\/yoast-seo-wordpress\/ -->\n<title>Le pays des mornes - \u2728 Coll\u00e8ge Christiane EDA-PIERRE \u2728<\/title>\n<meta name=\"robots\" content=\"index, follow, max-snippet:-1, max-image-preview:large, max-video-preview:-1\" \/>\n<link rel=\"canonical\" href=\"https:\/\/site.ac-martinique.fr\/clg-edapierre\/?page_id=356\" \/>\n<meta property=\"og:locale\" content=\"fr_FR\" \/>\n<meta property=\"og:type\" content=\"article\" \/>\n<meta property=\"og:title\" content=\"Le pays des mornes - \u2728 Coll\u00e8ge Christiane EDA-PIERRE \u2728\" \/>\n<meta property=\"og:description\" content=\"Le paysage du Morne Rouge est caract\u00e9ris\u00e9 par la pr\u00e9sence de nombreux mornes, -nom d&#8217;origine cr\u00e9ole des collines-. On rep\u00e8re &hellip; Lire la suite... &quot;Le pays des mornes&quot;\" \/>\n<meta property=\"og:url\" content=\"https:\/\/site.ac-martinique.fr\/clg-edapierre\/?page_id=356\" \/>\n<meta property=\"og:site_name\" content=\"\u2728 Coll\u00e8ge Christiane EDA-PIERRE \u2728\" \/>\n<meta property=\"article:modified_time\" content=\"2016-07-03T03:46:38+00:00\" \/>\n<meta name=\"twitter:card\" content=\"summary_large_image\" \/>\n<meta name=\"twitter:label1\" content=\"Dur\u00e9e de lecture estim\u00e9e\" \/>\n\t<meta name=\"twitter:data1\" content=\"3 minutes\" \/>\n<script type=\"application\/ld+json\" class=\"yoast-schema-graph\">{\"@context\":\"https:\\\/\\\/schema.org\",\"@graph\":[{\"@type\":\"WebPage\",\"@id\":\"https:\\\/\\\/site.ac-martinique.fr\\\/clg-edapierre\\\/?page_id=356\",\"url\":\"https:\\\/\\\/site.ac-martinique.fr\\\/clg-edapierre\\\/?page_id=356\",\"name\":\"Le pays des mornes - \u2728 Coll\u00e8ge Christiane EDA-PIERRE \u2728\",\"isPartOf\":{\"@id\":\"https:\\\/\\\/site.ac-martinique.fr\\\/clg-edapierre\\\/#website\"},\"datePublished\":\"2016-07-03T03:44:24+00:00\",\"dateModified\":\"2016-07-03T03:46:38+00:00\",\"breadcrumb\":{\"@id\":\"https:\\\/\\\/site.ac-martinique.fr\\\/clg-edapierre\\\/?page_id=356#breadcrumb\"},\"inLanguage\":\"fr-FR\",\"potentialAction\":[{\"@type\":\"ReadAction\",\"target\":[\"https:\\\/\\\/site.ac-martinique.fr\\\/clg-edapierre\\\/?page_id=356\"]}]},{\"@type\":\"BreadcrumbList\",\"@id\":\"https:\\\/\\\/site.ac-martinique.fr\\\/clg-edapierre\\\/?page_id=356#breadcrumb\",\"itemListElement\":[{\"@type\":\"ListItem\",\"position\":1,\"name\":\"Accueil\",\"item\":\"https:\\\/\\\/site.ac-martinique.fr\\\/clg-edapierre\"},{\"@type\":\"ListItem\",\"position\":2,\"name\":\"Le Morne Rouge\",\"item\":\"https:\\\/\\\/site.ac-martinique.fr\\\/clg-edapierre\\\/?page_id=248\"},{\"@type\":\"ListItem\",\"position\":3,\"name\":\"Le pays des mornes\"}]},{\"@type\":\"WebSite\",\"@id\":\"https:\\\/\\\/site.ac-martinique.fr\\\/clg-edapierre\\\/#website\",\"url\":\"https:\\\/\\\/site.ac-martinique.fr\\\/clg-edapierre\\\/\",\"name\":\"\u2728 Coll\u00e8ge Christiane EDA-PIERRE \u2728\",\"description\":\"\",\"potentialAction\":[{\"@type\":\"SearchAction\",\"target\":{\"@type\":\"EntryPoint\",\"urlTemplate\":\"https:\\\/\\\/site.ac-martinique.fr\\\/clg-edapierre\\\/?s={search_term_string}\"},\"query-input\":{\"@type\":\"PropertyValueSpecification\",\"valueRequired\":true,\"valueName\":\"search_term_string\"}}],\"inLanguage\":\"fr-FR\"}]}<\/script>\n<!-- \/ Yoast SEO plugin. -->","yoast_head_json":{"title":"Le pays des mornes - \u2728 Coll\u00e8ge Christiane EDA-PIERRE \u2728","robots":{"index":"index","follow":"follow","max-snippet":"max-snippet:-1","max-image-preview":"max-image-preview:large","max-video-preview":"max-video-preview:-1"},"canonical":"https:\/\/site.ac-martinique.fr\/clg-edapierre\/?page_id=356","og_locale":"fr_FR","og_type":"article","og_title":"Le pays des mornes - \u2728 Coll\u00e8ge Christiane EDA-PIERRE \u2728","og_description":"Le paysage du Morne Rouge est caract\u00e9ris\u00e9 par la pr\u00e9sence de nombreux mornes, -nom d&#8217;origine cr\u00e9ole des collines-. On rep\u00e8re &hellip; Lire la suite... \"Le pays des mornes\"","og_url":"https:\/\/site.ac-martinique.fr\/clg-edapierre\/?page_id=356","og_site_name":"\u2728 Coll\u00e8ge Christiane EDA-PIERRE \u2728","article_modified_time":"2016-07-03T03:46:38+00:00","twitter_card":"summary_large_image","twitter_misc":{"Dur\u00e9e de lecture estim\u00e9e":"3 minutes"},"schema":{"@context":"https:\/\/schema.org","@graph":[{"@type":"WebPage","@id":"https:\/\/site.ac-martinique.fr\/clg-edapierre\/?page_id=356","url":"https:\/\/site.ac-martinique.fr\/clg-edapierre\/?page_id=356","name":"Le pays des mornes - \u2728 Coll\u00e8ge Christiane EDA-PIERRE \u2728","isPartOf":{"@id":"https:\/\/site.ac-martinique.fr\/clg-edapierre\/#website"},"datePublished":"2016-07-03T03:44:24+00:00","dateModified":"2016-07-03T03:46:38+00:00","breadcrumb":{"@id":"https:\/\/site.ac-martinique.fr\/clg-edapierre\/?page_id=356#breadcrumb"},"inLanguage":"fr-FR","potentialAction":[{"@type":"ReadAction","target":["https:\/\/site.ac-martinique.fr\/clg-edapierre\/?page_id=356"]}]},{"@type":"BreadcrumbList","@id":"https:\/\/site.ac-martinique.fr\/clg-edapierre\/?page_id=356#breadcrumb","itemListElement":[{"@type":"ListItem","position":1,"name":"Accueil","item":"https:\/\/site.ac-martinique.fr\/clg-edapierre"},{"@type":"ListItem","position":2,"name":"Le Morne Rouge","item":"https:\/\/site.ac-martinique.fr\/clg-edapierre\/?page_id=248"},{"@type":"ListItem","position":3,"name":"Le pays des mornes"}]},{"@type":"WebSite","@id":"https:\/\/site.ac-martinique.fr\/clg-edapierre\/#website","url":"https:\/\/site.ac-martinique.fr\/clg-edapierre\/","name":"\u2728 Coll\u00e8ge Christiane EDA-PIERRE \u2728","description":"","potentialAction":[{"@type":"SearchAction","target":{"@type":"EntryPoint","urlTemplate":"https:\/\/site.ac-martinique.fr\/clg-edapierre\/?s={search_term_string}"},"query-input":{"@type":"PropertyValueSpecification","valueRequired":true,"valueName":"search_term_string"}}],"inLanguage":"fr-FR"}]}},"uagb_featured_image_src":{"full":false,"thumbnail":false,"medium":false,"medium_large":false,"large":false,"1536x1536":false,"2048x2048":false,"smart-post-landscape":false,"smart-post-portrait":false,"lambadalite-featured-image":false,"lambadalite-thumbnail-avatar":false,"mailpoet_newsletter_max":false},"uagb_author_info":{"display_name":"webmestre","author_link":"https:\/\/site.ac-martinique.fr\/clg-edapierre\/?author=127"},"uagb_comment_info":0,"uagb_excerpt":"Le paysage du Morne Rouge est caract\u00e9ris\u00e9 par la pr\u00e9sence de nombreux mornes, -nom d&#8217;origine cr\u00e9ole des collines-. On rep\u00e8re &hellip; Lire la suite... \"Le pays des mornes\"","publishpress_future_action":{"enabled":false,"date":"2026-05-20 08:56:47","action":"change-status","newStatus":"draft","terms":[],"taxonomy":"","extraData":[]},"publishpress_future_workflow_manual_trigger":{"enabledWorkflows":[]},"amp_enabled":true,"_links":{"self":[{"href":"https:\/\/site.ac-martinique.fr\/clg-edapierre\/index.php?rest_route=\/wp\/v2\/pages\/356","targetHints":{"allow":["GET"]}}],"collection":[{"href":"https:\/\/site.ac-martinique.fr\/clg-edapierre\/index.php?rest_route=\/wp\/v2\/pages"}],"about":[{"href":"https:\/\/site.ac-martinique.fr\/clg-edapierre\/index.php?rest_route=\/wp\/v2\/types\/page"}],"author":[{"embeddable":true,"href":"https:\/\/site.ac-martinique.fr\/clg-edapierre\/index.php?rest_route=\/wp\/v2\/users\/127"}],"replies":[{"embeddable":true,"href":"https:\/\/site.ac-martinique.fr\/clg-edapierre\/index.php?rest_route=%2Fwp%2Fv2%2Fcomments&post=356"}],"version-history":[{"count":3,"href":"https:\/\/site.ac-martinique.fr\/clg-edapierre\/index.php?rest_route=\/wp\/v2\/pages\/356\/revisions"}],"predecessor-version":[{"id":359,"href":"https:\/\/site.ac-martinique.fr\/clg-edapierre\/index.php?rest_route=\/wp\/v2\/pages\/356\/revisions\/359"}],"up":[{"embeddable":true,"href":"https:\/\/site.ac-martinique.fr\/clg-edapierre\/index.php?rest_route=\/wp\/v2\/pages\/248"}],"wp:attachment":[{"href":"https:\/\/site.ac-martinique.fr\/clg-edapierre\/index.php?rest_route=%2Fwp%2Fv2%2Fmedia&parent=356"}],"curies":[{"name":"wp","href":"https:\/\/api.w.org\/{rel}","templated":true}]}}