{"id":361,"date":"2016-07-03T14:54:35","date_gmt":"2016-07-03T13:54:35","guid":{"rendered":"\/clg-edapierre\/?page_id=361"},"modified":"2016-07-03T14:54:35","modified_gmt":"2016-07-03T13:54:35","slug":"les-rivieres-le-cas-de-la-riviere-capot","status":"publish","type":"page","link":"https:\/\/site.ac-martinique.fr\/clg-edapierre\/?page_id=361","title":{"rendered":"Les rivi\u00e8res: le cas de la rivi\u00e8re Capot."},"content":{"rendered":"<figure id=\"attachment_273\" aria-describedby=\"caption-attachment-273\" style=\"width: 300px\" class=\"wp-caption aligncenter\"><a href=\"\/clg-edapierre\/wp-content\/uploads\/sites\/54\/2016\/07\/capot2.jpg\"><img fetchpriority=\"high\" decoding=\"async\" class=\"wp-image-273 size-medium\" src=\"\/clg-edapierre\/wp-content\/uploads\/sites\/54\/2016\/07\/capot2-300x225.jpg\" alt=\"capot2\" width=\"300\" height=\"225\" \/><\/a><figcaption id=\"caption-attachment-273\" class=\"wp-caption-text\">La rivi\u00e8re Capot, une rivi\u00e8re qui descend des Pitons du Carbet en direction du versant Atlantique.<\/figcaption><\/figure>\n<p style=\"text-align: justify;\">La pr\u00e9sence d&#8217;un tel relief explique en grande partie l&#8217;abondance des rivi\u00e8res que l&#8217;on trouve dans cette partie de la Martinique.<\/p>\n<p style=\"text-align: justify;\">La plupart proviennent de la Montagne Pel\u00e9e. D&#8217;autres proviennent des Pitons du Carbet.<\/p>\n<p style=\"text-align: justify;\">L&#8217;une des plus fameuses est la rivi\u00e8re Capot qui traverse \u00e0 plusieurs reprises la route de la Trace qui m\u00e8ne de Fort de France au Morne Rouge ainsi que le bourg lui m\u00eame dans ses parties basses.<\/p>\n<p>&nbsp;<\/p>\n<h3>Un d\u00e9bit tr\u00e8s irr\u00e9gulier<\/h3>\n<p style=\"text-align: justify;\">Cette rivi\u00e8re, comme on le voit sur la carte, vient des Pitons du Carbet et se trouve aliment\u00e9e par plusieurs affluents venus de la Montagne Pel\u00e9e. C&#8217;est peut \u00eatre l\u00e0 l&#8217;une des explications de son d\u00e9bit tr\u00e8s irr\u00e9gulier. La photographie renseigne d\u00e9j\u00e0 beaucoup sur son r\u00e9gime capricieux: son lit majeur serait effectivement bien plus \u00e9tendu qu&#8217;il n&#8217;y para\u00eet.<\/p>\n<p style=\"text-align: justify;\">G\u00e9n\u00e9ralement, les d\u00e9bits des rivi\u00e8res sont faibles car les sols de cette partie de la Martinique ne comprennent pas d&#8217;argiles. On y trouve plut\u00f4t des allophanes, des sables and\u00e9sitiques et des pierres ponces, ce qui les rend \u00a0tr\u00e8s perm\u00e9ables. Ces sols peuvent ainsi contenir jusqu&#8217;\u00e0 200% d&#8217;eau. Tr\u00e8s spongieux, ils subissent des infiltrations et un lessivage constant. Ainsi m\u00eame avec des pr\u00e9cipitations \u00e9normes,\u00a0 l&#8217;eau ne s&#8217;\u00e9coule que tr\u00e8s difficilement sur de telles surfaces.<\/p>\n<figure id=\"attachment_272\" aria-describedby=\"caption-attachment-272\" style=\"width: 300px\" class=\"wp-caption alignright\"><a href=\"\/clg-edapierre\/wp-content\/uploads\/sites\/54\/2016\/07\/capot.jpg\"><img decoding=\"async\" class=\"wp-image-272 size-medium\" src=\"\/clg-edapierre\/wp-content\/uploads\/sites\/54\/2016\/07\/capot-300x225.jpg\" alt=\"capot\" width=\"300\" height=\"225\" \/><\/a><figcaption id=\"caption-attachment-272\" class=\"wp-caption-text\">La rivi\u00e8re Capot peu apr\u00e8s une crue: on remarque l&#8217;importance du lit de la rivi\u00e8re en crue \u00e0 l&#8217;apparence de la v\u00e9g\u00e9tation.<\/figcaption><\/figure>\n<p style=\"text-align: justify;\">L&#8217;\u00e9coulement moyen quotidien de la rivi\u00e8re Capot est donc faible comme dans la plupart des rivi\u00e8res du Nord de la Martinique. On l&#8217;entend g\u00e9n\u00e9ralement entre 0,4 et 1,3 m\u00b3 par seconde en saison s\u00e8che d\u00e9cuplant \u00e0 pr\u00e8s de 10m\u00b3 jusqu&#8217;\u00e0 15m\u00b3 par seconde en saison des pluies..<\/p>\n<p>&nbsp;<\/p>\n<h3>Des crues exceptionnelles: la logique du bassin versant.<\/h3>\n<p style=\"text-align: justify;\">Mais des perturbations atmosph\u00e9riques exceptionnelles peuvent amener des crues incroyables. On aurait mesur\u00e9 sur cette rivi\u00e8re des d\u00e9bits avoisinant les 500 \u00e0 600 m\u00b3 par seconde. A titre de comparaison, ce d\u00e9bit est \u00e0 peu pr\u00e8s celui du Rh\u00f4ne, un des plus puissants fleuves de France, l&#8217;\u00e9t\u00e9 (environ 600m\u00b3 par seconde).<\/p>\n<p style=\"text-align: justify;\">De tels d\u00e9bits s&#8217;expliquent en grande partie du fait de l&#8217;\u00e9troitesse des <span style=\"color: #008000;\">bassins versants*<\/span>. Et pour cause: lle relief tr\u00e8s chaotique de cette partie nord de l&#8217;\u00eele fait que plus de la moiti\u00e9 des terres sont soumises \u00e0 des pentes de 20%.jusqu&#8217;\u00e0 50%.. A titre d&#8217;illustration, la pente moyenne est de 14% au Morne Rouge !<\/p>\n<p style=\"text-align: justify;\">Cons\u00e9quence logique: la moyenne des bassins versants n&#8217;est que de 3 km\u00b2. En clair: la pr\u00e9sence de pentes aussi fortes provoque des crues aussi brutales que soudaines sur les cours d&#8217;eau du Nord Cara\u00efbe. Ils sont d&#8217;ailleurs beaucoup plus instables que les cours d&#8217;eau du versant atlantique. Et beaucoup plus brutaux comme le montre l&#8217;exemple de la Roxelane, la rivi\u00e8re qui longe la route qui descend du Morne Rouge \u00e0 Saint Pierre. Elle prend sa source \u00e0 plus de 1000m sur la Montagne Pel\u00e9e et sa pente moyenne est de 10%. Son r\u00e9gime n&#8217;est que de 3m\u00b3 d&#8217;eau par seconde. Mais lors d&#8217;une crue en 1995, on aurait mesur\u00e9 un d\u00e9bit de pr\u00e8s de 120m\u00b3 par seconde. L&#8217;image que l&#8217;on peut retenir, c&#8217;est celle d&#8217;une\u00a0 vague de 2m de haut sur 20 de large.<\/p>\n<h4 style=\"text-align: justify;\">\n<a name=\"lexique\"><\/a><span style=\"color: #000000;\">Lexique:<\/span><br \/>\n<em><span style=\"color: #008000;\"> Bassin versant: Ensemble des surfaces qui, par le ruissellement des pr\u00e9cipitations qu&#8217;elles re\u00e7oivent, alimentent \u00e0 elles seules un cours d&#8217;eau.<\/span><\/em><\/h4>\n","protected":false},"excerpt":{"rendered":"<p>La pr\u00e9sence d&#8217;un tel relief explique en grande partie l&#8217;abondance des rivi\u00e8res que l&#8217;on trouve dans cette partie de la &hellip; <\/p>\n<p class=\"link-more\"><a href=\"https:\/\/site.ac-martinique.fr\/clg-edapierre\/?page_id=361\" class=\"more-link\">Lire la suite&#8230;<span class=\"screen-reader-text\"> &#8220;Les rivi\u00e8res: le cas de la rivi\u00e8re Capot.&#8221;<\/span><\/a><\/p>\n","protected":false},"author":127,"featured_media":0,"parent":248,"menu_order":5,"comment_status":"closed","ping_status":"closed","template":"","meta":{"pagelayer_contact_templates":[],"_pagelayer_content":"","_uag_custom_page_level_css":"","episode_type":"","audio_file":"","podmotor_file_id":"","podmotor_episode_id":"","cover_image":"","cover_image_id":"","duration":"","filesize":"","filesize_raw":"","date_recorded":"","explicit":"","block":"","itunes_episode_number":"","itunes_title":"","itunes_season_number":"","itunes_episode_type":"","_themeisle_gutenberg_block_has_review":false,"footnotes":"","_links_to":"","_links_to_target":""},"class_list":["post-361","page","type-page","status-publish","hentry"],"yoast_head":"<!-- This site is optimized with the Yoast SEO plugin v27.4 - https:\/\/yoast.com\/product\/yoast-seo-wordpress\/ -->\n<title>Les rivi\u00e8res: le cas de la rivi\u00e8re Capot. - \u2728 Coll\u00e8ge Christiane EDA-PIERRE \u2728<\/title>\n<meta name=\"robots\" content=\"index, follow, max-snippet:-1, max-image-preview:large, max-video-preview:-1\" \/>\n<link rel=\"canonical\" href=\"https:\/\/site.ac-martinique.fr\/clg-edapierre\/?page_id=361\" \/>\n<meta property=\"og:locale\" content=\"fr_FR\" \/>\n<meta property=\"og:type\" content=\"article\" \/>\n<meta property=\"og:title\" content=\"Les rivi\u00e8res: le cas de la rivi\u00e8re Capot. - \u2728 Coll\u00e8ge Christiane EDA-PIERRE \u2728\" \/>\n<meta property=\"og:description\" content=\"La pr\u00e9sence d&#8217;un tel relief explique en grande partie l&#8217;abondance des rivi\u00e8res que l&#8217;on trouve dans cette partie de la &hellip; Lire la suite... &quot;Les rivi\u00e8res: le cas de la rivi\u00e8re Capot.&quot;\" \/>\n<meta property=\"og:url\" content=\"https:\/\/site.ac-martinique.fr\/clg-edapierre\/?page_id=361\" \/>\n<meta property=\"og:site_name\" content=\"\u2728 Coll\u00e8ge Christiane EDA-PIERRE \u2728\" \/>\n<meta name=\"twitter:card\" content=\"summary_large_image\" \/>\n<meta name=\"twitter:label1\" content=\"Dur\u00e9e de lecture estim\u00e9e\" \/>\n\t<meta name=\"twitter:data1\" content=\"3 minutes\" \/>\n<script type=\"application\/ld+json\" class=\"yoast-schema-graph\">{\"@context\":\"https:\\\/\\\/schema.org\",\"@graph\":[{\"@type\":\"WebPage\",\"@id\":\"https:\\\/\\\/site.ac-martinique.fr\\\/clg-edapierre\\\/?page_id=361\",\"url\":\"https:\\\/\\\/site.ac-martinique.fr\\\/clg-edapierre\\\/?page_id=361\",\"name\":\"Les rivi\u00e8res: le cas de la rivi\u00e8re Capot. - \u2728 Coll\u00e8ge Christiane EDA-PIERRE \u2728\",\"isPartOf\":{\"@id\":\"https:\\\/\\\/site.ac-martinique.fr\\\/clg-edapierre\\\/#website\"},\"datePublished\":\"2016-07-03T13:54:35+00:00\",\"breadcrumb\":{\"@id\":\"https:\\\/\\\/site.ac-martinique.fr\\\/clg-edapierre\\\/?page_id=361#breadcrumb\"},\"inLanguage\":\"fr-FR\",\"potentialAction\":[{\"@type\":\"ReadAction\",\"target\":[\"https:\\\/\\\/site.ac-martinique.fr\\\/clg-edapierre\\\/?page_id=361\"]}]},{\"@type\":\"BreadcrumbList\",\"@id\":\"https:\\\/\\\/site.ac-martinique.fr\\\/clg-edapierre\\\/?page_id=361#breadcrumb\",\"itemListElement\":[{\"@type\":\"ListItem\",\"position\":1,\"name\":\"Accueil\",\"item\":\"https:\\\/\\\/site.ac-martinique.fr\\\/clg-edapierre\"},{\"@type\":\"ListItem\",\"position\":2,\"name\":\"Le Morne Rouge\",\"item\":\"https:\\\/\\\/site.ac-martinique.fr\\\/clg-edapierre\\\/?page_id=248\"},{\"@type\":\"ListItem\",\"position\":3,\"name\":\"Les rivi\u00e8res: le cas de la rivi\u00e8re Capot.\"}]},{\"@type\":\"WebSite\",\"@id\":\"https:\\\/\\\/site.ac-martinique.fr\\\/clg-edapierre\\\/#website\",\"url\":\"https:\\\/\\\/site.ac-martinique.fr\\\/clg-edapierre\\\/\",\"name\":\"\u2728 Coll\u00e8ge Christiane EDA-PIERRE \u2728\",\"description\":\"\",\"potentialAction\":[{\"@type\":\"SearchAction\",\"target\":{\"@type\":\"EntryPoint\",\"urlTemplate\":\"https:\\\/\\\/site.ac-martinique.fr\\\/clg-edapierre\\\/?s={search_term_string}\"},\"query-input\":{\"@type\":\"PropertyValueSpecification\",\"valueRequired\":true,\"valueName\":\"search_term_string\"}}],\"inLanguage\":\"fr-FR\"}]}<\/script>\n<!-- \/ Yoast SEO plugin. -->","yoast_head_json":{"title":"Les rivi\u00e8res: le cas de la rivi\u00e8re Capot. - \u2728 Coll\u00e8ge Christiane EDA-PIERRE \u2728","robots":{"index":"index","follow":"follow","max-snippet":"max-snippet:-1","max-image-preview":"max-image-preview:large","max-video-preview":"max-video-preview:-1"},"canonical":"https:\/\/site.ac-martinique.fr\/clg-edapierre\/?page_id=361","og_locale":"fr_FR","og_type":"article","og_title":"Les rivi\u00e8res: le cas de la rivi\u00e8re Capot. - \u2728 Coll\u00e8ge Christiane EDA-PIERRE \u2728","og_description":"La pr\u00e9sence d&#8217;un tel relief explique en grande partie l&#8217;abondance des rivi\u00e8res que l&#8217;on trouve dans cette partie de la &hellip; Lire la suite... \"Les rivi\u00e8res: le cas de la rivi\u00e8re Capot.\"","og_url":"https:\/\/site.ac-martinique.fr\/clg-edapierre\/?page_id=361","og_site_name":"\u2728 Coll\u00e8ge Christiane EDA-PIERRE \u2728","twitter_card":"summary_large_image","twitter_misc":{"Dur\u00e9e de lecture estim\u00e9e":"3 minutes"},"schema":{"@context":"https:\/\/schema.org","@graph":[{"@type":"WebPage","@id":"https:\/\/site.ac-martinique.fr\/clg-edapierre\/?page_id=361","url":"https:\/\/site.ac-martinique.fr\/clg-edapierre\/?page_id=361","name":"Les rivi\u00e8res: le cas de la rivi\u00e8re Capot. - \u2728 Coll\u00e8ge Christiane EDA-PIERRE \u2728","isPartOf":{"@id":"https:\/\/site.ac-martinique.fr\/clg-edapierre\/#website"},"datePublished":"2016-07-03T13:54:35+00:00","breadcrumb":{"@id":"https:\/\/site.ac-martinique.fr\/clg-edapierre\/?page_id=361#breadcrumb"},"inLanguage":"fr-FR","potentialAction":[{"@type":"ReadAction","target":["https:\/\/site.ac-martinique.fr\/clg-edapierre\/?page_id=361"]}]},{"@type":"BreadcrumbList","@id":"https:\/\/site.ac-martinique.fr\/clg-edapierre\/?page_id=361#breadcrumb","itemListElement":[{"@type":"ListItem","position":1,"name":"Accueil","item":"https:\/\/site.ac-martinique.fr\/clg-edapierre"},{"@type":"ListItem","position":2,"name":"Le Morne Rouge","item":"https:\/\/site.ac-martinique.fr\/clg-edapierre\/?page_id=248"},{"@type":"ListItem","position":3,"name":"Les rivi\u00e8res: le cas de la rivi\u00e8re Capot."}]},{"@type":"WebSite","@id":"https:\/\/site.ac-martinique.fr\/clg-edapierre\/#website","url":"https:\/\/site.ac-martinique.fr\/clg-edapierre\/","name":"\u2728 Coll\u00e8ge Christiane EDA-PIERRE \u2728","description":"","potentialAction":[{"@type":"SearchAction","target":{"@type":"EntryPoint","urlTemplate":"https:\/\/site.ac-martinique.fr\/clg-edapierre\/?s={search_term_string}"},"query-input":{"@type":"PropertyValueSpecification","valueRequired":true,"valueName":"search_term_string"}}],"inLanguage":"fr-FR"}]}},"uagb_featured_image_src":{"full":false,"thumbnail":false,"medium":false,"medium_large":false,"large":false,"1536x1536":false,"2048x2048":false,"lambadalite-featured-image":false,"lambadalite-thumbnail-avatar":false,"mailpoet_newsletter_max":false},"uagb_author_info":{"display_name":"webmestre","author_link":"https:\/\/site.ac-martinique.fr\/clg-edapierre\/?author=127"},"uagb_comment_info":0,"uagb_excerpt":"La pr\u00e9sence d&#8217;un tel relief explique en grande partie l&#8217;abondance des rivi\u00e8res que l&#8217;on trouve dans cette partie de la &hellip; Lire la suite... \"Les rivi\u00e8res: le cas de la rivi\u00e8re Capot.\"","publishpress_future_action":{"enabled":false,"date":"2026-04-25 21:03:12","action":"change-status","newStatus":"draft","terms":[],"taxonomy":"","extraData":[]},"publishpress_future_workflow_manual_trigger":{"enabledWorkflows":[]},"amp_enabled":true,"_links":{"self":[{"href":"https:\/\/site.ac-martinique.fr\/clg-edapierre\/index.php?rest_route=\/wp\/v2\/pages\/361","targetHints":{"allow":["GET"]}}],"collection":[{"href":"https:\/\/site.ac-martinique.fr\/clg-edapierre\/index.php?rest_route=\/wp\/v2\/pages"}],"about":[{"href":"https:\/\/site.ac-martinique.fr\/clg-edapierre\/index.php?rest_route=\/wp\/v2\/types\/page"}],"author":[{"embeddable":true,"href":"https:\/\/site.ac-martinique.fr\/clg-edapierre\/index.php?rest_route=\/wp\/v2\/users\/127"}],"replies":[{"embeddable":true,"href":"https:\/\/site.ac-martinique.fr\/clg-edapierre\/index.php?rest_route=%2Fwp%2Fv2%2Fcomments&post=361"}],"version-history":[{"count":1,"href":"https:\/\/site.ac-martinique.fr\/clg-edapierre\/index.php?rest_route=\/wp\/v2\/pages\/361\/revisions"}],"predecessor-version":[{"id":362,"href":"https:\/\/site.ac-martinique.fr\/clg-edapierre\/index.php?rest_route=\/wp\/v2\/pages\/361\/revisions\/362"}],"up":[{"embeddable":true,"href":"https:\/\/site.ac-martinique.fr\/clg-edapierre\/index.php?rest_route=\/wp\/v2\/pages\/248"}],"wp:attachment":[{"href":"https:\/\/site.ac-martinique.fr\/clg-edapierre\/index.php?rest_route=%2Fwp%2Fv2%2Fmedia&parent=361"}],"curies":[{"name":"wp","href":"https:\/\/api.w.org\/{rel}","templated":true}]}}