{"id":365,"date":"2016-07-03T15:10:55","date_gmt":"2016-07-03T14:10:55","guid":{"rendered":"\/clg-edapierre\/?page_id=365"},"modified":"2016-07-03T20:02:19","modified_gmt":"2016-07-03T19:02:19","slug":"relief-et-pluviometrie","status":"publish","type":"page","link":"https:\/\/site.ac-martinique.fr\/clg-edapierre\/?page_id=365","title":{"rendered":"Relief et pluviom\u00e9trie"},"content":{"rendered":"<p style=\"text-align: justify;\"><a href=\"\/clg-edapierre\/?page_id=401\" target=\"_blank\"><img decoding=\"async\" class=\"alignleft wp-image-301 size-full\" src=\"\/clg-edapierre\/wp-content\/uploads\/sites\/54\/2016\/07\/minpluviometrie.jpg\" alt=\"minpluviometrie\" width=\"107\" height=\"150\" \/><\/a>La carte de la pluviom\u00e9trie en Martinique permet de visualiser la relation tr\u00e8s forte qu&#8217;il existe entre le relief et la pluviom\u00e9trie en Martinique.<\/p>\n<div><\/div>\n<p><a name=\"relieftemp\"><\/a><\/p>\n<h3>Relief et temp\u00e9ratures<\/h3>\n<p style=\"text-align: justify;\">Mais le relief ne joue pas seulement sur la pluviom\u00e9trie. M\u00eame dans un milieu tropical, \u00e0 temp\u00e9rature quasi constante -26\u00b0C en moyenne en Martinique- on observe\u00a0une grande diff\u00e9rence de temp\u00e9ratures entre deux communes distantes d&#8217;\u00e0 peine 6 kilom\u00e8tres&#8230;mais s\u00e9par\u00e9es par 400 m d&#8217;altitude.<\/p>\n<p style=\"text-align: justify;\"><a href=\"\/clg-edapierre\/wp-content\/uploads\/sites\/54\/2016\/07\/diagtemperatures.jpg\"><img fetchpriority=\"high\" decoding=\"async\" class=\"aligncenter wp-image-283 size-full\" src=\"\/clg-edapierre\/wp-content\/uploads\/sites\/54\/2016\/07\/diagtemperatures.jpg\" alt=\"diagtemperatures\" width=\"554\" height=\"457\" srcset=\"https:\/\/site.ac-martinique.fr\/clg-edapierre\/wp-content\/uploads\/sites\/54\/2016\/07\/diagtemperatures.jpg 554w, https:\/\/site.ac-martinique.fr\/clg-edapierre\/wp-content\/uploads\/sites\/54\/2016\/07\/diagtemperatures-300x247.jpg 300w\" sizes=\"(max-width: 554px) 100vw, 554px\" \/><\/a><br \/>\nLa diff\u00e9rence thermique est particuli\u00e8rement accentu\u00e9e. L&#8217;explication est encore une fois li\u00e9e au relief&#8230;<\/p>\n<p>&nbsp;<\/p>\n<div><\/div>\n","protected":false},"excerpt":{"rendered":"<p>La carte de la pluviom\u00e9trie en Martinique permet de visualiser la relation tr\u00e8s forte qu&#8217;il existe entre le relief et &hellip; <\/p>\n<p class=\"link-more\"><a href=\"https:\/\/site.ac-martinique.fr\/clg-edapierre\/?page_id=365\" class=\"more-link\">Lire la suite&#8230;<span class=\"screen-reader-text\"> &#8220;Relief et pluviom\u00e9trie&#8221;<\/span><\/a><\/p>\n","protected":false},"author":127,"featured_media":0,"parent":363,"menu_order":1,"comment_status":"closed","ping_status":"closed","template":"","meta":{"pagelayer_contact_templates":[],"_pagelayer_content":"","_uag_custom_page_level_css":"","episode_type":"","audio_file":"","podmotor_file_id":"","podmotor_episode_id":"","cover_image":"","cover_image_id":"","duration":"","filesize":"","filesize_raw":"","date_recorded":"","explicit":"","block":"","itunes_episode_number":"","itunes_title":"","itunes_season_number":"","itunes_episode_type":"","_themeisle_gutenberg_block_has_review":false,"footnotes":"","_links_to":"","_links_to_target":""},"class_list":["post-365","page","type-page","status-publish","hentry"],"yoast_head":"<!-- This site is optimized with the Yoast SEO plugin v27.3 - https:\/\/yoast.com\/product\/yoast-seo-wordpress\/ -->\n<title>Relief et pluviom\u00e9trie - \u2728 Coll\u00e8ge Christiane EDA-PIERRE \u2728<\/title>\n<meta name=\"robots\" content=\"index, follow, max-snippet:-1, max-image-preview:large, max-video-preview:-1\" \/>\n<link rel=\"canonical\" href=\"https:\/\/site.ac-martinique.fr\/clg-edapierre\/?page_id=365\" \/>\n<meta property=\"og:locale\" content=\"fr_FR\" \/>\n<meta property=\"og:type\" content=\"article\" \/>\n<meta property=\"og:title\" content=\"Relief et pluviom\u00e9trie - \u2728 Coll\u00e8ge Christiane EDA-PIERRE \u2728\" \/>\n<meta property=\"og:description\" content=\"La carte de la pluviom\u00e9trie en Martinique permet de visualiser la relation tr\u00e8s forte qu&#8217;il existe entre le relief et &hellip; Lire la suite... &quot;Relief et pluviom\u00e9trie&quot;\" \/>\n<meta property=\"og:url\" content=\"https:\/\/site.ac-martinique.fr\/clg-edapierre\/?page_id=365\" \/>\n<meta property=\"og:site_name\" content=\"\u2728 Coll\u00e8ge Christiane EDA-PIERRE \u2728\" \/>\n<meta property=\"article:modified_time\" content=\"2016-07-03T19:02:19+00:00\" \/>\n<meta name=\"twitter:card\" content=\"summary_large_image\" \/>\n<meta name=\"twitter:label1\" content=\"Dur\u00e9e de lecture estim\u00e9e\" \/>\n\t<meta name=\"twitter:data1\" content=\"1 minute\" \/>\n<script type=\"application\/ld+json\" class=\"yoast-schema-graph\">{\"@context\":\"https:\\\/\\\/schema.org\",\"@graph\":[{\"@type\":\"WebPage\",\"@id\":\"https:\\\/\\\/site.ac-martinique.fr\\\/clg-edapierre\\\/?page_id=365\",\"url\":\"https:\\\/\\\/site.ac-martinique.fr\\\/clg-edapierre\\\/?page_id=365\",\"name\":\"Relief et pluviom\u00e9trie - \u2728 Coll\u00e8ge Christiane EDA-PIERRE \u2728\",\"isPartOf\":{\"@id\":\"https:\\\/\\\/site.ac-martinique.fr\\\/clg-edapierre\\\/#website\"},\"datePublished\":\"2016-07-03T14:10:55+00:00\",\"dateModified\":\"2016-07-03T19:02:19+00:00\",\"breadcrumb\":{\"@id\":\"https:\\\/\\\/site.ac-martinique.fr\\\/clg-edapierre\\\/?page_id=365#breadcrumb\"},\"inLanguage\":\"fr-FR\",\"potentialAction\":[{\"@type\":\"ReadAction\",\"target\":[\"https:\\\/\\\/site.ac-martinique.fr\\\/clg-edapierre\\\/?page_id=365\"]}]},{\"@type\":\"BreadcrumbList\",\"@id\":\"https:\\\/\\\/site.ac-martinique.fr\\\/clg-edapierre\\\/?page_id=365#breadcrumb\",\"itemListElement\":[{\"@type\":\"ListItem\",\"position\":1,\"name\":\"Accueil\",\"item\":\"https:\\\/\\\/site.ac-martinique.fr\\\/clg-edapierre\"},{\"@type\":\"ListItem\",\"position\":2,\"name\":\"Le Morne Rouge\",\"item\":\"https:\\\/\\\/site.ac-martinique.fr\\\/clg-edapierre\\\/?page_id=248\"},{\"@type\":\"ListItem\",\"position\":3,\"name\":\"Le Morne Rouge: un ch\u00e2teau d&#8217;eau&#8230;\",\"item\":\"https:\\\/\\\/site.ac-martinique.fr\\\/clg-edapierre\\\/?page_id=363\"},{\"@type\":\"ListItem\",\"position\":4,\"name\":\"Relief et pluviom\u00e9trie\"}]},{\"@type\":\"WebSite\",\"@id\":\"https:\\\/\\\/site.ac-martinique.fr\\\/clg-edapierre\\\/#website\",\"url\":\"https:\\\/\\\/site.ac-martinique.fr\\\/clg-edapierre\\\/\",\"name\":\"\u2728 Coll\u00e8ge Christiane EDA-PIERRE \u2728\",\"description\":\"\",\"potentialAction\":[{\"@type\":\"SearchAction\",\"target\":{\"@type\":\"EntryPoint\",\"urlTemplate\":\"https:\\\/\\\/site.ac-martinique.fr\\\/clg-edapierre\\\/?s={search_term_string}\"},\"query-input\":{\"@type\":\"PropertyValueSpecification\",\"valueRequired\":true,\"valueName\":\"search_term_string\"}}],\"inLanguage\":\"fr-FR\"}]}<\/script>\n<!-- \/ Yoast SEO plugin. -->","yoast_head_json":{"title":"Relief et pluviom\u00e9trie - \u2728 Coll\u00e8ge Christiane EDA-PIERRE \u2728","robots":{"index":"index","follow":"follow","max-snippet":"max-snippet:-1","max-image-preview":"max-image-preview:large","max-video-preview":"max-video-preview:-1"},"canonical":"https:\/\/site.ac-martinique.fr\/clg-edapierre\/?page_id=365","og_locale":"fr_FR","og_type":"article","og_title":"Relief et pluviom\u00e9trie - \u2728 Coll\u00e8ge Christiane EDA-PIERRE \u2728","og_description":"La carte de la pluviom\u00e9trie en Martinique permet de visualiser la relation tr\u00e8s forte qu&#8217;il existe entre le relief et &hellip; Lire la suite... \"Relief et pluviom\u00e9trie\"","og_url":"https:\/\/site.ac-martinique.fr\/clg-edapierre\/?page_id=365","og_site_name":"\u2728 Coll\u00e8ge Christiane EDA-PIERRE \u2728","article_modified_time":"2016-07-03T19:02:19+00:00","twitter_card":"summary_large_image","twitter_misc":{"Dur\u00e9e de lecture estim\u00e9e":"1 minute"},"schema":{"@context":"https:\/\/schema.org","@graph":[{"@type":"WebPage","@id":"https:\/\/site.ac-martinique.fr\/clg-edapierre\/?page_id=365","url":"https:\/\/site.ac-martinique.fr\/clg-edapierre\/?page_id=365","name":"Relief et pluviom\u00e9trie - \u2728 Coll\u00e8ge Christiane EDA-PIERRE \u2728","isPartOf":{"@id":"https:\/\/site.ac-martinique.fr\/clg-edapierre\/#website"},"datePublished":"2016-07-03T14:10:55+00:00","dateModified":"2016-07-03T19:02:19+00:00","breadcrumb":{"@id":"https:\/\/site.ac-martinique.fr\/clg-edapierre\/?page_id=365#breadcrumb"},"inLanguage":"fr-FR","potentialAction":[{"@type":"ReadAction","target":["https:\/\/site.ac-martinique.fr\/clg-edapierre\/?page_id=365"]}]},{"@type":"BreadcrumbList","@id":"https:\/\/site.ac-martinique.fr\/clg-edapierre\/?page_id=365#breadcrumb","itemListElement":[{"@type":"ListItem","position":1,"name":"Accueil","item":"https:\/\/site.ac-martinique.fr\/clg-edapierre"},{"@type":"ListItem","position":2,"name":"Le Morne Rouge","item":"https:\/\/site.ac-martinique.fr\/clg-edapierre\/?page_id=248"},{"@type":"ListItem","position":3,"name":"Le Morne Rouge: un ch\u00e2teau d&#8217;eau&#8230;","item":"https:\/\/site.ac-martinique.fr\/clg-edapierre\/?page_id=363"},{"@type":"ListItem","position":4,"name":"Relief et pluviom\u00e9trie"}]},{"@type":"WebSite","@id":"https:\/\/site.ac-martinique.fr\/clg-edapierre\/#website","url":"https:\/\/site.ac-martinique.fr\/clg-edapierre\/","name":"\u2728 Coll\u00e8ge Christiane EDA-PIERRE \u2728","description":"","potentialAction":[{"@type":"SearchAction","target":{"@type":"EntryPoint","urlTemplate":"https:\/\/site.ac-martinique.fr\/clg-edapierre\/?s={search_term_string}"},"query-input":{"@type":"PropertyValueSpecification","valueRequired":true,"valueName":"search_term_string"}}],"inLanguage":"fr-FR"}]}},"uagb_featured_image_src":{"full":false,"thumbnail":false,"medium":false,"medium_large":false,"large":false,"1536x1536":false,"2048x2048":false,"lambadalite-featured-image":false,"lambadalite-thumbnail-avatar":false,"mailpoet_newsletter_max":false},"uagb_author_info":{"display_name":"webmestre","author_link":"https:\/\/site.ac-martinique.fr\/clg-edapierre\/?author=127"},"uagb_comment_info":0,"uagb_excerpt":"La carte de la pluviom\u00e9trie en Martinique permet de visualiser la relation tr\u00e8s forte qu&#8217;il existe entre le relief et &hellip; Lire la suite... \"Relief et pluviom\u00e9trie\"","publishpress_future_action":{"enabled":false,"date":"2026-04-12 21:19:35","action":"change-status","newStatus":"draft","terms":[],"taxonomy":"","extraData":[]},"publishpress_future_workflow_manual_trigger":{"enabledWorkflows":[]},"amp_enabled":true,"_links":{"self":[{"href":"https:\/\/site.ac-martinique.fr\/clg-edapierre\/index.php?rest_route=\/wp\/v2\/pages\/365","targetHints":{"allow":["GET"]}}],"collection":[{"href":"https:\/\/site.ac-martinique.fr\/clg-edapierre\/index.php?rest_route=\/wp\/v2\/pages"}],"about":[{"href":"https:\/\/site.ac-martinique.fr\/clg-edapierre\/index.php?rest_route=\/wp\/v2\/types\/page"}],"author":[{"embeddable":true,"href":"https:\/\/site.ac-martinique.fr\/clg-edapierre\/index.php?rest_route=\/wp\/v2\/users\/127"}],"replies":[{"embeddable":true,"href":"https:\/\/site.ac-martinique.fr\/clg-edapierre\/index.php?rest_route=%2Fwp%2Fv2%2Fcomments&post=365"}],"version-history":[{"count":3,"href":"https:\/\/site.ac-martinique.fr\/clg-edapierre\/index.php?rest_route=\/wp\/v2\/pages\/365\/revisions"}],"predecessor-version":[{"id":410,"href":"https:\/\/site.ac-martinique.fr\/clg-edapierre\/index.php?rest_route=\/wp\/v2\/pages\/365\/revisions\/410"}],"up":[{"embeddable":true,"href":"https:\/\/site.ac-martinique.fr\/clg-edapierre\/index.php?rest_route=\/wp\/v2\/pages\/363"}],"wp:attachment":[{"href":"https:\/\/site.ac-martinique.fr\/clg-edapierre\/index.php?rest_route=%2Fwp%2Fv2%2Fmedia&parent=365"}],"curies":[{"name":"wp","href":"https:\/\/api.w.org\/{rel}","templated":true}]}}