{"id":367,"date":"2016-07-03T15:17:13","date_gmt":"2016-07-03T14:17:13","guid":{"rendered":"\/clg-edapierre\/?page_id=367"},"modified":"2016-07-03T15:17:13","modified_gmt":"2016-07-03T14:17:13","slug":"leffet-de-foehn","status":"publish","type":"page","link":"https:\/\/site.ac-martinique.fr\/clg-edapierre\/?page_id=367","title":{"rendered":"L&#8217;Effet de Foehn"},"content":{"rendered":"<h3 style=\"text-align: center;\">Animation<\/h3>\n<p style=\"text-align: justify;\"><a href=\"\/clg-edapierre\/wp-content\/uploads\/sites\/54\/2016\/07\/animationpelee.gif\"><img fetchpriority=\"high\" decoding=\"async\" class=\"aligncenter wp-image-261 size-full\" src=\"\/clg-edapierre\/wp-content\/uploads\/sites\/54\/2016\/07\/animationpelee.gif\" alt=\"animationpelee\" width=\"300\" height=\"200\" \/><\/a><br \/>\nDans une atmosph\u00e8re satur\u00e9e d&#8217;humidit\u00e9, (75% sur l&#8217;\u00eele mais le taux avoisine 80% au Morne Rouge), la moindre variation thermique provoque des ph\u00e9nom\u00e8nes de condensation et de pr\u00e9cipations importants. D&#8217;o\u00f9 l&#8217;impression de vivre parfois &#8220;dans les nuages&#8221;.<\/p>\n<p style=\"text-align: justify;\">Les mouvements convectiques des nuages li\u00e9s \u00e0 l&#8217;orographie (ascendance orographique), \u00e0 la pr\u00e9sence de montagnes, expliquent en grande partie non seulement les importantes pr\u00e9cipitations sur cette zone mais encore la relative s\u00e9cheresse\u00a0du versant sous le vent, le versant cara\u00efbe. Le vent chaud produit par l&#8217;effet de Foehn descend le littoral et la dissipation des nuages accentue le rayonnement solaire sur cette partie nord de l&#8217;\u00eele. L&#8217;air se r\u00e9chauffe en fait beaucoup plus vite qu&#8217;il ne se refroidit sur le versant atlantique.<\/p>\n<p style=\"text-align: justify;\">En moyenne en Europe, le gradient thermique, c&#8217;est \u00e0 dire la diff\u00e9rence de temp\u00e9rature pour une progression en altitude de 100m, est de \u00a0&#8211; 0,55\u00b0C pour 100m d&#8217;altitude. Aux Antilles, il avoisine en moyenne les 0,68\u00b0C. En fait entre le versant sous le vent (atlantique) et le versant au vent (cara\u00efbe), on note un gradient tr\u00e8s diff\u00e9rent: -0,70\u00b0C pour 100m sur le versant atlantique; -0,55\u00b0C pour 100m sur le versant cara\u00efbe (1). C&#8217;est l&#8217;une des cons\u00e9quences de l&#8217;effet de Foehn. Elle explique en grande partie l&#8217;\u00e9cart de 2\u00b0degr\u00e9s qu&#8217;il existe entre St Pierre et le Morne Rouge. Ecart qui bien souvent, est encore creus\u00e9 certains jours par la diff\u00e9rence de l&#8217;ensoleillement. Si la Martinique peut totaliser en effet 2500 heures par an d&#8217;ensoleillement sur le littoral, celui-ci passe \u00e0 pr\u00e8s de 1000 heures par an sur les sommets.<\/p>\n<p><a name=\"circulation\"><\/a><\/p>\n<h3>La circulation des vents<\/h3>\n<figure id=\"attachment_306\" aria-describedby=\"caption-attachment-306\" style=\"width: 200px\" class=\"wp-caption alignleft\"><a href=\"\/clg-edapierre\/wp-content\/uploads\/sites\/54\/2016\/07\/nuagesmornerouge.jpg\"><img decoding=\"async\" class=\"wp-image-306 size-full\" src=\"\/clg-edapierre\/wp-content\/uploads\/sites\/54\/2016\/07\/nuagesmornerouge.jpg\" alt=\"nuagesmornerouge\" width=\"200\" height=\"266\" \/><\/a><figcaption id=\"caption-attachment-306\" class=\"wp-caption-text\">Apr\u00e8s la d\u00e9pression tropicale, les cumulo-nimbus s&#8217;\u00e9loignent vers l&#8217;ouest.<\/figcaption><\/figure>\n<p style=\"text-align: justify;\">La circulation des vents est un facteur non n\u00e9gligeable.<\/p>\n<p style=\"text-align: justify;\">Un vent constant souffle sur les Antilles : l&#8217;aliz\u00e9. Ce vent humide et frais y est dirig\u00e9 par l&#8217;anticylone des A\u00e7ores situ\u00e9 entre le 20e et le 50e parall\u00e8le nord.<\/p>\n<p style=\"text-align: justify;\">Il souffle donc d&#8217;est en ouest avec une tendance \u00e0 se d\u00e9placer sur les Antilles, du Nord vers le Sud. Il atteint sa force maximale en f\u00e9vrier-mars et en juin-juillet.<\/p>\n<p style=\"text-align: justify;\">Les brises marines peuvent survenir surtout vers le littoral. Ce vent vient de la mer lorsque l&#8217;aliz\u00e9 est trop faible.<\/p>\n<p style=\"text-align: justify;\">Inversement une brise de terre surgit avec la pr\u00e9sence de relief. Coupl\u00e9e \u00e0 l&#8217;aliz\u00e9, elle contribue \u00e0 donner une v\u00e9g\u00e9tation tr\u00e8s rabougrie sur les sommets comme l&#8217;observe tr\u00e8s bien Lafcadio HEARN en 1890 (2).Mais dans les zones d&#8217;altitude, cette brise de terre reste modeste.<\/p>\n<p style=\"text-align: justify;\">Un regard sur les grands ouragans tels celui de 1891 ou celui de 1979 montre une exposition certaine du Morne Rouge. Situ\u00e9 en hauteur, assez ouverts aux vents aliz\u00e9s il est confront\u00e9 aux ph\u00e9nom\u00e8nes d\u00e9pressionnaires.<\/p>\n<p style=\"text-align: justify;\">La Pel\u00e9e quant \u00e0 elle, joue un r\u00f4le de barri\u00e8re qui am\u00e8ne souvent son contournement par l&#8217;aliz\u00e9. Les vents sur le versant cara\u00efbe peuvent ainsi \u00eatre orient\u00e9s est-sud-est avec une forte composante tourbillonnaire derri\u00e8re les grands reliefs.<\/p>\n<p style=\"text-align: justify;\">Trois stades sont retenus pour classer les types de d\u00e9gradations climatiques dans les Antilles.<\/p>\n<p style=\"text-align: justify;\">La d\u00e9pression tropicale o\u00f9 le vent ne d\u00e9passe gu\u00e8re 60 km\/h.<\/p>\n<p style=\"text-align: justify;\">La temp\u00eate tropicale o\u00f9 les vents d\u00e9passent 60 km\/h.<\/p>\n<p style=\"text-align: justify;\">Le cyclone o\u00f9 le vent d\u00e9passe les 117km\/h.<\/p>\n<p style=\"text-align: justify;\">Les d\u00e9gradations s&#8217;observent souvent par l&#8217;accumulation des cumulonimbus, de gros nuages \u00e9tag\u00e9s venus de l&#8217;Atlantique \u00e0 pr\u00e8s de 1500 m d&#8217;altitude.<\/p>\n<p style=\"text-align: justify;\"><small>Notes<br \/>\n(1) Ronald BRITHMER, Approche \u00e9cologique de la gestion des ressources naturelles sur le littoral. L&#8217;exemple de la Martinique, th\u00e8se universit\u00e9 de Bordeaux III, dir. Georges ROSSI, f\u00e9vrier 1994.<br \/>\n(2) Jacques PORTECOP, Phytog\u00e9ographie, cartographie \u00e9cologique et am\u00e9nagement dans une \u00eele tropicale. Le cas de la Martinique, 1978, th\u00e8se , Universit\u00e9 scientifique et m\u00e9dicale de Grenoble, dir. M.OZENDA. <\/small><\/p>\n","protected":false},"excerpt":{"rendered":"<p>Animation Dans une atmosph\u00e8re satur\u00e9e d&#8217;humidit\u00e9, (75% sur l&#8217;\u00eele mais le taux avoisine 80% au Morne Rouge), la moindre variation &hellip; <\/p>\n<p class=\"link-more\"><a href=\"https:\/\/site.ac-martinique.fr\/clg-edapierre\/?page_id=367\" class=\"more-link\">Lire la suite&#8230;<span class=\"screen-reader-text\"> &#8220;L&#8217;Effet de Foehn&#8221;<\/span><\/a><\/p>\n","protected":false},"author":127,"featured_media":0,"parent":363,"menu_order":2,"comment_status":"closed","ping_status":"closed","template":"","meta":{"pagelayer_contact_templates":[],"_pagelayer_content":"","_uag_custom_page_level_css":"","episode_type":"","audio_file":"","podmotor_file_id":"","podmotor_episode_id":"","cover_image":"","cover_image_id":"","duration":"","filesize":"","filesize_raw":"","date_recorded":"","explicit":"","block":"","itunes_episode_number":"","itunes_title":"","itunes_season_number":"","itunes_episode_type":"","_themeisle_gutenberg_block_has_review":false,"footnotes":"","_links_to":"","_links_to_target":""},"class_list":["post-367","page","type-page","status-publish","hentry"],"yoast_head":"<!-- This site is optimized with the Yoast SEO plugin v27.3 - https:\/\/yoast.com\/product\/yoast-seo-wordpress\/ -->\n<title>L&#039;Effet de Foehn - \u2728 Coll\u00e8ge Christiane EDA-PIERRE \u2728<\/title>\n<meta name=\"robots\" content=\"index, follow, max-snippet:-1, max-image-preview:large, max-video-preview:-1\" \/>\n<link rel=\"canonical\" href=\"https:\/\/site.ac-martinique.fr\/clg-edapierre\/?page_id=367\" \/>\n<meta property=\"og:locale\" content=\"fr_FR\" \/>\n<meta property=\"og:type\" content=\"article\" \/>\n<meta property=\"og:title\" content=\"L&#039;Effet de Foehn - \u2728 Coll\u00e8ge Christiane EDA-PIERRE \u2728\" \/>\n<meta property=\"og:description\" content=\"Animation Dans une atmosph\u00e8re satur\u00e9e d&#8217;humidit\u00e9, (75% sur l&#8217;\u00eele mais le taux avoisine 80% au Morne Rouge), la moindre variation &hellip; Lire la suite... &quot;L&#8217;Effet de Foehn&quot;\" \/>\n<meta property=\"og:url\" content=\"https:\/\/site.ac-martinique.fr\/clg-edapierre\/?page_id=367\" \/>\n<meta property=\"og:site_name\" content=\"\u2728 Coll\u00e8ge Christiane EDA-PIERRE \u2728\" \/>\n<meta name=\"twitter:card\" content=\"summary_large_image\" \/>\n<meta name=\"twitter:label1\" content=\"Dur\u00e9e de lecture estim\u00e9e\" \/>\n\t<meta name=\"twitter:data1\" content=\"3 minutes\" \/>\n<script type=\"application\/ld+json\" class=\"yoast-schema-graph\">{\"@context\":\"https:\\\/\\\/schema.org\",\"@graph\":[{\"@type\":\"WebPage\",\"@id\":\"https:\\\/\\\/site.ac-martinique.fr\\\/clg-edapierre\\\/?page_id=367\",\"url\":\"https:\\\/\\\/site.ac-martinique.fr\\\/clg-edapierre\\\/?page_id=367\",\"name\":\"L'Effet de Foehn - \u2728 Coll\u00e8ge Christiane EDA-PIERRE \u2728\",\"isPartOf\":{\"@id\":\"https:\\\/\\\/site.ac-martinique.fr\\\/clg-edapierre\\\/#website\"},\"datePublished\":\"2016-07-03T14:17:13+00:00\",\"breadcrumb\":{\"@id\":\"https:\\\/\\\/site.ac-martinique.fr\\\/clg-edapierre\\\/?page_id=367#breadcrumb\"},\"inLanguage\":\"fr-FR\",\"potentialAction\":[{\"@type\":\"ReadAction\",\"target\":[\"https:\\\/\\\/site.ac-martinique.fr\\\/clg-edapierre\\\/?page_id=367\"]}]},{\"@type\":\"BreadcrumbList\",\"@id\":\"https:\\\/\\\/site.ac-martinique.fr\\\/clg-edapierre\\\/?page_id=367#breadcrumb\",\"itemListElement\":[{\"@type\":\"ListItem\",\"position\":1,\"name\":\"Accueil\",\"item\":\"https:\\\/\\\/site.ac-martinique.fr\\\/clg-edapierre\"},{\"@type\":\"ListItem\",\"position\":2,\"name\":\"Le Morne Rouge\",\"item\":\"https:\\\/\\\/site.ac-martinique.fr\\\/clg-edapierre\\\/?page_id=248\"},{\"@type\":\"ListItem\",\"position\":3,\"name\":\"Le Morne Rouge: un ch\u00e2teau d&#8217;eau&#8230;\",\"item\":\"https:\\\/\\\/site.ac-martinique.fr\\\/clg-edapierre\\\/?page_id=363\"},{\"@type\":\"ListItem\",\"position\":4,\"name\":\"L&#8217;Effet de Foehn\"}]},{\"@type\":\"WebSite\",\"@id\":\"https:\\\/\\\/site.ac-martinique.fr\\\/clg-edapierre\\\/#website\",\"url\":\"https:\\\/\\\/site.ac-martinique.fr\\\/clg-edapierre\\\/\",\"name\":\"\u2728 Coll\u00e8ge Christiane EDA-PIERRE \u2728\",\"description\":\"\",\"potentialAction\":[{\"@type\":\"SearchAction\",\"target\":{\"@type\":\"EntryPoint\",\"urlTemplate\":\"https:\\\/\\\/site.ac-martinique.fr\\\/clg-edapierre\\\/?s={search_term_string}\"},\"query-input\":{\"@type\":\"PropertyValueSpecification\",\"valueRequired\":true,\"valueName\":\"search_term_string\"}}],\"inLanguage\":\"fr-FR\"}]}<\/script>\n<!-- \/ Yoast SEO plugin. -->","yoast_head_json":{"title":"L'Effet de Foehn - \u2728 Coll\u00e8ge Christiane EDA-PIERRE \u2728","robots":{"index":"index","follow":"follow","max-snippet":"max-snippet:-1","max-image-preview":"max-image-preview:large","max-video-preview":"max-video-preview:-1"},"canonical":"https:\/\/site.ac-martinique.fr\/clg-edapierre\/?page_id=367","og_locale":"fr_FR","og_type":"article","og_title":"L'Effet de Foehn - \u2728 Coll\u00e8ge Christiane EDA-PIERRE \u2728","og_description":"Animation Dans une atmosph\u00e8re satur\u00e9e d&#8217;humidit\u00e9, (75% sur l&#8217;\u00eele mais le taux avoisine 80% au Morne Rouge), la moindre variation &hellip; Lire la suite... \"L&#8217;Effet de Foehn\"","og_url":"https:\/\/site.ac-martinique.fr\/clg-edapierre\/?page_id=367","og_site_name":"\u2728 Coll\u00e8ge Christiane EDA-PIERRE \u2728","twitter_card":"summary_large_image","twitter_misc":{"Dur\u00e9e de lecture estim\u00e9e":"3 minutes"},"schema":{"@context":"https:\/\/schema.org","@graph":[{"@type":"WebPage","@id":"https:\/\/site.ac-martinique.fr\/clg-edapierre\/?page_id=367","url":"https:\/\/site.ac-martinique.fr\/clg-edapierre\/?page_id=367","name":"L'Effet de Foehn - \u2728 Coll\u00e8ge Christiane EDA-PIERRE \u2728","isPartOf":{"@id":"https:\/\/site.ac-martinique.fr\/clg-edapierre\/#website"},"datePublished":"2016-07-03T14:17:13+00:00","breadcrumb":{"@id":"https:\/\/site.ac-martinique.fr\/clg-edapierre\/?page_id=367#breadcrumb"},"inLanguage":"fr-FR","potentialAction":[{"@type":"ReadAction","target":["https:\/\/site.ac-martinique.fr\/clg-edapierre\/?page_id=367"]}]},{"@type":"BreadcrumbList","@id":"https:\/\/site.ac-martinique.fr\/clg-edapierre\/?page_id=367#breadcrumb","itemListElement":[{"@type":"ListItem","position":1,"name":"Accueil","item":"https:\/\/site.ac-martinique.fr\/clg-edapierre"},{"@type":"ListItem","position":2,"name":"Le Morne Rouge","item":"https:\/\/site.ac-martinique.fr\/clg-edapierre\/?page_id=248"},{"@type":"ListItem","position":3,"name":"Le Morne Rouge: un ch\u00e2teau d&#8217;eau&#8230;","item":"https:\/\/site.ac-martinique.fr\/clg-edapierre\/?page_id=363"},{"@type":"ListItem","position":4,"name":"L&#8217;Effet de Foehn"}]},{"@type":"WebSite","@id":"https:\/\/site.ac-martinique.fr\/clg-edapierre\/#website","url":"https:\/\/site.ac-martinique.fr\/clg-edapierre\/","name":"\u2728 Coll\u00e8ge Christiane EDA-PIERRE \u2728","description":"","potentialAction":[{"@type":"SearchAction","target":{"@type":"EntryPoint","urlTemplate":"https:\/\/site.ac-martinique.fr\/clg-edapierre\/?s={search_term_string}"},"query-input":{"@type":"PropertyValueSpecification","valueRequired":true,"valueName":"search_term_string"}}],"inLanguage":"fr-FR"}]}},"uagb_featured_image_src":{"full":false,"thumbnail":false,"medium":false,"medium_large":false,"large":false,"1536x1536":false,"2048x2048":false,"lambadalite-featured-image":false,"lambadalite-thumbnail-avatar":false,"mailpoet_newsletter_max":false},"uagb_author_info":{"display_name":"webmestre","author_link":"https:\/\/site.ac-martinique.fr\/clg-edapierre\/?author=127"},"uagb_comment_info":0,"uagb_excerpt":"Animation Dans une atmosph\u00e8re satur\u00e9e d&#8217;humidit\u00e9, (75% sur l&#8217;\u00eele mais le taux avoisine 80% au Morne Rouge), la moindre variation &hellip; Lire la suite... \"L&#8217;Effet de Foehn\"","publishpress_future_action":{"enabled":false,"date":"2026-04-12 17:49:18","action":"change-status","newStatus":"draft","terms":[],"taxonomy":"","extraData":[]},"publishpress_future_workflow_manual_trigger":{"enabledWorkflows":[]},"amp_enabled":true,"_links":{"self":[{"href":"https:\/\/site.ac-martinique.fr\/clg-edapierre\/index.php?rest_route=\/wp\/v2\/pages\/367","targetHints":{"allow":["GET"]}}],"collection":[{"href":"https:\/\/site.ac-martinique.fr\/clg-edapierre\/index.php?rest_route=\/wp\/v2\/pages"}],"about":[{"href":"https:\/\/site.ac-martinique.fr\/clg-edapierre\/index.php?rest_route=\/wp\/v2\/types\/page"}],"author":[{"embeddable":true,"href":"https:\/\/site.ac-martinique.fr\/clg-edapierre\/index.php?rest_route=\/wp\/v2\/users\/127"}],"replies":[{"embeddable":true,"href":"https:\/\/site.ac-martinique.fr\/clg-edapierre\/index.php?rest_route=%2Fwp%2Fv2%2Fcomments&post=367"}],"version-history":[{"count":1,"href":"https:\/\/site.ac-martinique.fr\/clg-edapierre\/index.php?rest_route=\/wp\/v2\/pages\/367\/revisions"}],"predecessor-version":[{"id":368,"href":"https:\/\/site.ac-martinique.fr\/clg-edapierre\/index.php?rest_route=\/wp\/v2\/pages\/367\/revisions\/368"}],"up":[{"embeddable":true,"href":"https:\/\/site.ac-martinique.fr\/clg-edapierre\/index.php?rest_route=\/wp\/v2\/pages\/363"}],"wp:attachment":[{"href":"https:\/\/site.ac-martinique.fr\/clg-edapierre\/index.php?rest_route=%2Fwp%2Fv2%2Fmedia&parent=367"}],"curies":[{"name":"wp","href":"https:\/\/api.w.org\/{rel}","templated":true}]}}