{"id":373,"date":"2016-07-03T15:35:14","date_gmt":"2016-07-03T14:35:14","guid":{"rendered":"\/clg-edapierre\/?page_id=373"},"modified":"2016-07-03T15:35:32","modified_gmt":"2016-07-03T14:35:32","slug":"les-bananeraies-au-morne-rouge","status":"publish","type":"page","link":"https:\/\/site.ac-martinique.fr\/clg-edapierre\/?page_id=373","title":{"rendered":"Les bananeraies"},"content":{"rendered":"<figure id=\"attachment_256\" aria-describedby=\"caption-attachment-256\" style=\"width: 200px\" class=\"wp-caption alignleft\"><a href=\"\/clg-edapierre\/wp-content\/uploads\/sites\/54\/2016\/07\/alleebananier.jpg\"><img fetchpriority=\"high\" decoding=\"async\" class=\"wp-image-256 size-full\" src=\"\/clg-edapierre\/wp-content\/uploads\/sites\/54\/2016\/07\/alleebananier.jpg\" alt=\"alleebananier\" width=\"200\" height=\"266\" \/><\/a><figcaption id=\"caption-attachment-256\" class=\"wp-caption-text\">Bananeraie sur le versant sud-cara\u00efbe de la Montagne Pel\u00e9e.<\/figcaption><\/figure>\n<p style=\"text-align: justify;\">Le tiers de la surface agricole de l&#8217;\u00eele est consacr\u00e9 \u00e0 la production de bananes: ce qui est consid\u00e9rable (4 fois la surface consacr\u00e9e \u00e0 la canne par exemple). Les bananeraies sont tr\u00e8s pr\u00e9sentes dans le nord cara\u00efbe. Au Morne Rouge, elles b\u00e9n\u00e9ficient des sols riches en eau et en cendres volcaniques, ceux des<span style=\"color: #008000;\"> plan\u00e8zes*<\/span> sud et est.<\/p>\n<p style=\"text-align: justify;\">La banane est une culture exigeante en eau: plus de 150mm par mois durant au moins 7 mois, soit 2 \u00e0 3 m\u00e8tres d&#8217;eau par an, le tout \u00e0 une temp\u00e9rature constante d&#8217;au moins 25\u00b0C, le rendement minimum attendu sur une exploitation \u00e9tant d&#8217;environ 27 \u00e0 40 tonnes par hectare (35t en moyenne sur l&#8217;\u00eele).<\/p>\n<p style=\"text-align: justify;\">Un bananier met 9 mois pour produire un r\u00e9gime de bananes de pr\u00e8s de 25kg.<\/p>\n<p style=\"text-align: justify;\">Le bananier n&#8217;est pas un arbre. C&#8217;est une sorte d&#8217;herbe et ce qui fait office de tige est souterrain. Nous n&#8217;en voyons en fait que les feuilles. C&#8217;est la raison pour laquelle tous les 9 mois, la plante est coup\u00e9e pour la r\u00e9colte: il faut alors soit replanter le champ soit laisser les surgeons du bananier se d\u00e9velopper.<\/p>\n<p style=\"text-align: justify;\">On pr\u00e9f\u00e8re g\u00e9n\u00e9ralement pr\u00e9parer des plants en laboratoire. Cette m\u00e9thode permet d&#8217;obtenir des plants sains, d\u00e9barrass\u00e9s des parasites. N\u00e9matodes et charan\u00e7ons pour ne citer qu&#8217;eux peuvent en effet ravager une plantation, obligeant souvent les planteurs \u00e0 recourir \u00e0 de puissants insecticides et divers produits phytosanitaires (tels le fameux chlored\u00e9cone utilis\u00e9 contre le charan\u00e7on, aujourd&#8217;hui interdit).<\/p>\n<figure id=\"attachment_315\" aria-describedby=\"caption-attachment-315\" style=\"width: 200px\" class=\"wp-caption alignleft\"><a href=\"\/clg-edapierre\/wp-content\/uploads\/sites\/54\/2016\/07\/regimebanane.jpg\"><img decoding=\"async\" class=\"wp-image-315 size-full\" src=\"\/clg-edapierre\/wp-content\/uploads\/sites\/54\/2016\/07\/regimebanane.jpg\" alt=\"regimebanane\" width=\"200\" height=\"150\" \/><\/a><figcaption id=\"caption-attachment-315\" class=\"wp-caption-text\">Un r\u00e9gime de banane ti-nain, consomm\u00e9e localement.<\/figcaption><\/figure>\n<p style=\"text-align: justify;\">Les bananes produites dans les champs du Morne Rouge sont souvent des &#8220;ti-nains&#8221;, nom cr\u00e9ole g\u00e9n\u00e9rique donn\u00e9 \u00e0 des vari\u00e9t\u00e9s que l&#8217;on exporte vers l&#8217;Europe, mais qui est aussi consomm\u00e9 localement verte, en l\u00e9gume ou m\u00fbre en fruit. Elle entre en particulier dans la composition d&#8217;un fameux plat local: le &#8220;ti-nain lanmori&#8221;, le &#8220;ti-nain&#8221; \u00e0 la morue, qui consiste \u00e0 faire mijoter ensemble banane et morue.<\/p>\n<p style=\"text-align: justify;\">On trouve \u00e9galement localement la bananes &#8220;jaune&#8221; ou banane plantain, grosse banane consomm\u00e9e \u00e0 maturit\u00e9 comme l\u00e9gume, la &#8220;macandja&#8221;, une banane dessert, ou encore la &#8220;figue-pomme&#8221; et la &#8220;freyssinette&#8221;, de toutes petites bananes produites localement et de grande saveur.<\/p>\n<figure id=\"attachment_322\" aria-describedby=\"caption-attachment-322\" style=\"width: 200px\" class=\"wp-caption alignright\"><a href=\"\/clg-edapierre\/wp-content\/uploads\/sites\/54\/2016\/07\/transportbanane.jpg\"><img decoding=\"async\" class=\"wp-image-322 size-full\" src=\"\/clg-edapierre\/wp-content\/uploads\/sites\/54\/2016\/07\/transportbanane.jpg\" alt=\"transportbanane\" width=\"200\" height=\"150\" \/><\/a><figcaption id=\"caption-attachment-322\" class=\"wp-caption-text\">Le transport des r\u00e9gimes de bananes<\/figcaption><\/figure>\n<p style=\"text-align: justify;\">La banane est une culture importante en Martinique: elle repr\u00e9sente la moiti\u00e9 de la production agricole totale de la Martinique. Elle exige des investissements co\u00fbteux pour le transport, le conditionnement et surtout la main d&#8217;oeuvre. Or cette fili\u00e8re qui exporte plus de 200 000t par an repr\u00e9sente des milliers d&#8217;emplois.<\/p>\n<p style=\"text-align: justify;\">Pire: le co\u00fbt de la main d\u2019\u0153uvre des pays voisins est 15 fois moindre. La concurrence est donc tr\u00e8s s\u00e9v\u00e8re. D&#8217;o\u00f9 la n\u00e9cessit\u00e9 des subventions europ\u00e9ennes pour maintenir la production et le constat qu&#8217;aujourd&#8217;hui les surfaces de bananeraies sur l&#8217;\u00eele r\u00e9gressent. Cette reconversion des terres s&#8217;observe tr\u00e8s bien au Morne Rouge.<\/p>\n<p><a name=\"lexique\"><\/a>Lexique:<br \/>\nPlan\u00e8ze: Ancienne coul\u00e9e de lave fossilis\u00e9e. La terre y est souvent fertile.<\/p>\n","protected":false},"excerpt":{"rendered":"<p>Le tiers de la surface agricole de l&#8217;\u00eele est consacr\u00e9 \u00e0 la production de bananes: ce qui est consid\u00e9rable (4 &hellip; <\/p>\n<p class=\"link-more\"><a href=\"https:\/\/site.ac-martinique.fr\/clg-edapierre\/?page_id=373\" class=\"more-link\">Lire la suite&#8230;<span class=\"screen-reader-text\"> &#8220;Les bananeraies&#8221;<\/span><\/a><\/p>\n","protected":false},"author":127,"featured_media":0,"parent":369,"menu_order":2,"comment_status":"closed","ping_status":"closed","template":"","meta":{"pagelayer_contact_templates":[],"_pagelayer_content":"","_uag_custom_page_level_css":"","episode_type":"","audio_file":"","podmotor_file_id":"","podmotor_episode_id":"","cover_image":"","cover_image_id":"","duration":"","filesize":"","filesize_raw":"","date_recorded":"","explicit":"","block":"","itunes_episode_number":"","itunes_title":"","itunes_season_number":"","itunes_episode_type":"","_themeisle_gutenberg_block_has_review":false,"footnotes":"","_links_to":"","_links_to_target":""},"class_list":["post-373","page","type-page","status-publish","hentry"],"yoast_head":"<!-- This site is optimized with the Yoast SEO plugin v27.3 - https:\/\/yoast.com\/product\/yoast-seo-wordpress\/ -->\n<title>Les bananeraies - \u2728 Coll\u00e8ge Christiane EDA-PIERRE \u2728<\/title>\n<meta name=\"robots\" content=\"index, follow, max-snippet:-1, max-image-preview:large, max-video-preview:-1\" \/>\n<link rel=\"canonical\" href=\"https:\/\/site.ac-martinique.fr\/clg-edapierre\/?page_id=373\" \/>\n<meta property=\"og:locale\" content=\"fr_FR\" \/>\n<meta property=\"og:type\" content=\"article\" \/>\n<meta property=\"og:title\" content=\"Les bananeraies - \u2728 Coll\u00e8ge Christiane EDA-PIERRE \u2728\" \/>\n<meta property=\"og:description\" content=\"Le tiers de la surface agricole de l&#8217;\u00eele est consacr\u00e9 \u00e0 la production de bananes: ce qui est consid\u00e9rable (4 &hellip; Lire la suite... &quot;Les bananeraies&quot;\" \/>\n<meta property=\"og:url\" content=\"https:\/\/site.ac-martinique.fr\/clg-edapierre\/?page_id=373\" \/>\n<meta property=\"og:site_name\" content=\"\u2728 Coll\u00e8ge Christiane EDA-PIERRE \u2728\" \/>\n<meta property=\"article:modified_time\" content=\"2016-07-03T14:35:32+00:00\" \/>\n<meta name=\"twitter:card\" content=\"summary_large_image\" \/>\n<meta name=\"twitter:label1\" content=\"Dur\u00e9e de lecture estim\u00e9e\" \/>\n\t<meta name=\"twitter:data1\" content=\"3 minutes\" \/>\n<script type=\"application\/ld+json\" class=\"yoast-schema-graph\">{\"@context\":\"https:\\\/\\\/schema.org\",\"@graph\":[{\"@type\":\"WebPage\",\"@id\":\"https:\\\/\\\/site.ac-martinique.fr\\\/clg-edapierre\\\/?page_id=373\",\"url\":\"https:\\\/\\\/site.ac-martinique.fr\\\/clg-edapierre\\\/?page_id=373\",\"name\":\"Les bananeraies - \u2728 Coll\u00e8ge Christiane EDA-PIERRE \u2728\",\"isPartOf\":{\"@id\":\"https:\\\/\\\/site.ac-martinique.fr\\\/clg-edapierre\\\/#website\"},\"datePublished\":\"2016-07-03T14:35:14+00:00\",\"dateModified\":\"2016-07-03T14:35:32+00:00\",\"breadcrumb\":{\"@id\":\"https:\\\/\\\/site.ac-martinique.fr\\\/clg-edapierre\\\/?page_id=373#breadcrumb\"},\"inLanguage\":\"fr-FR\",\"potentialAction\":[{\"@type\":\"ReadAction\",\"target\":[\"https:\\\/\\\/site.ac-martinique.fr\\\/clg-edapierre\\\/?page_id=373\"]}]},{\"@type\":\"BreadcrumbList\",\"@id\":\"https:\\\/\\\/site.ac-martinique.fr\\\/clg-edapierre\\\/?page_id=373#breadcrumb\",\"itemListElement\":[{\"@type\":\"ListItem\",\"position\":1,\"name\":\"Accueil\",\"item\":\"https:\\\/\\\/site.ac-martinique.fr\\\/clg-edapierre\"},{\"@type\":\"ListItem\",\"position\":2,\"name\":\"Le Morne Rouge\",\"item\":\"https:\\\/\\\/site.ac-martinique.fr\\\/clg-edapierre\\\/?page_id=248\"},{\"@type\":\"ListItem\",\"position\":3,\"name\":\"Le Morne Rouge et son terroir\",\"item\":\"https:\\\/\\\/site.ac-martinique.fr\\\/clg-edapierre\\\/?page_id=369\"},{\"@type\":\"ListItem\",\"position\":4,\"name\":\"Les bananeraies\"}]},{\"@type\":\"WebSite\",\"@id\":\"https:\\\/\\\/site.ac-martinique.fr\\\/clg-edapierre\\\/#website\",\"url\":\"https:\\\/\\\/site.ac-martinique.fr\\\/clg-edapierre\\\/\",\"name\":\"\u2728 Coll\u00e8ge Christiane EDA-PIERRE \u2728\",\"description\":\"\",\"potentialAction\":[{\"@type\":\"SearchAction\",\"target\":{\"@type\":\"EntryPoint\",\"urlTemplate\":\"https:\\\/\\\/site.ac-martinique.fr\\\/clg-edapierre\\\/?s={search_term_string}\"},\"query-input\":{\"@type\":\"PropertyValueSpecification\",\"valueRequired\":true,\"valueName\":\"search_term_string\"}}],\"inLanguage\":\"fr-FR\"}]}<\/script>\n<!-- \/ Yoast SEO plugin. -->","yoast_head_json":{"title":"Les bananeraies - \u2728 Coll\u00e8ge Christiane EDA-PIERRE \u2728","robots":{"index":"index","follow":"follow","max-snippet":"max-snippet:-1","max-image-preview":"max-image-preview:large","max-video-preview":"max-video-preview:-1"},"canonical":"https:\/\/site.ac-martinique.fr\/clg-edapierre\/?page_id=373","og_locale":"fr_FR","og_type":"article","og_title":"Les bananeraies - \u2728 Coll\u00e8ge Christiane EDA-PIERRE \u2728","og_description":"Le tiers de la surface agricole de l&#8217;\u00eele est consacr\u00e9 \u00e0 la production de bananes: ce qui est consid\u00e9rable (4 &hellip; Lire la suite... \"Les bananeraies\"","og_url":"https:\/\/site.ac-martinique.fr\/clg-edapierre\/?page_id=373","og_site_name":"\u2728 Coll\u00e8ge Christiane EDA-PIERRE \u2728","article_modified_time":"2016-07-03T14:35:32+00:00","twitter_card":"summary_large_image","twitter_misc":{"Dur\u00e9e de lecture estim\u00e9e":"3 minutes"},"schema":{"@context":"https:\/\/schema.org","@graph":[{"@type":"WebPage","@id":"https:\/\/site.ac-martinique.fr\/clg-edapierre\/?page_id=373","url":"https:\/\/site.ac-martinique.fr\/clg-edapierre\/?page_id=373","name":"Les bananeraies - \u2728 Coll\u00e8ge Christiane EDA-PIERRE \u2728","isPartOf":{"@id":"https:\/\/site.ac-martinique.fr\/clg-edapierre\/#website"},"datePublished":"2016-07-03T14:35:14+00:00","dateModified":"2016-07-03T14:35:32+00:00","breadcrumb":{"@id":"https:\/\/site.ac-martinique.fr\/clg-edapierre\/?page_id=373#breadcrumb"},"inLanguage":"fr-FR","potentialAction":[{"@type":"ReadAction","target":["https:\/\/site.ac-martinique.fr\/clg-edapierre\/?page_id=373"]}]},{"@type":"BreadcrumbList","@id":"https:\/\/site.ac-martinique.fr\/clg-edapierre\/?page_id=373#breadcrumb","itemListElement":[{"@type":"ListItem","position":1,"name":"Accueil","item":"https:\/\/site.ac-martinique.fr\/clg-edapierre"},{"@type":"ListItem","position":2,"name":"Le Morne Rouge","item":"https:\/\/site.ac-martinique.fr\/clg-edapierre\/?page_id=248"},{"@type":"ListItem","position":3,"name":"Le Morne Rouge et son terroir","item":"https:\/\/site.ac-martinique.fr\/clg-edapierre\/?page_id=369"},{"@type":"ListItem","position":4,"name":"Les bananeraies"}]},{"@type":"WebSite","@id":"https:\/\/site.ac-martinique.fr\/clg-edapierre\/#website","url":"https:\/\/site.ac-martinique.fr\/clg-edapierre\/","name":"\u2728 Coll\u00e8ge Christiane EDA-PIERRE \u2728","description":"","potentialAction":[{"@type":"SearchAction","target":{"@type":"EntryPoint","urlTemplate":"https:\/\/site.ac-martinique.fr\/clg-edapierre\/?s={search_term_string}"},"query-input":{"@type":"PropertyValueSpecification","valueRequired":true,"valueName":"search_term_string"}}],"inLanguage":"fr-FR"}]}},"uagb_featured_image_src":{"full":false,"thumbnail":false,"medium":false,"medium_large":false,"large":false,"1536x1536":false,"2048x2048":false,"lambadalite-featured-image":false,"lambadalite-thumbnail-avatar":false,"mailpoet_newsletter_max":false},"uagb_author_info":{"display_name":"webmestre","author_link":"https:\/\/site.ac-martinique.fr\/clg-edapierre\/?author=127"},"uagb_comment_info":0,"uagb_excerpt":"Le tiers de la surface agricole de l&#8217;\u00eele est consacr\u00e9 \u00e0 la production de bananes: ce qui est consid\u00e9rable (4 &hellip; Lire la suite... \"Les bananeraies\"","publishpress_future_action":{"enabled":false,"date":"2026-04-15 12:26:07","action":"change-status","newStatus":"draft","terms":[],"taxonomy":"","extraData":[]},"publishpress_future_workflow_manual_trigger":{"enabledWorkflows":[]},"amp_enabled":true,"_links":{"self":[{"href":"https:\/\/site.ac-martinique.fr\/clg-edapierre\/index.php?rest_route=\/wp\/v2\/pages\/373","targetHints":{"allow":["GET"]}}],"collection":[{"href":"https:\/\/site.ac-martinique.fr\/clg-edapierre\/index.php?rest_route=\/wp\/v2\/pages"}],"about":[{"href":"https:\/\/site.ac-martinique.fr\/clg-edapierre\/index.php?rest_route=\/wp\/v2\/types\/page"}],"author":[{"embeddable":true,"href":"https:\/\/site.ac-martinique.fr\/clg-edapierre\/index.php?rest_route=\/wp\/v2\/users\/127"}],"replies":[{"embeddable":true,"href":"https:\/\/site.ac-martinique.fr\/clg-edapierre\/index.php?rest_route=%2Fwp%2Fv2%2Fcomments&post=373"}],"version-history":[{"count":2,"href":"https:\/\/site.ac-martinique.fr\/clg-edapierre\/index.php?rest_route=\/wp\/v2\/pages\/373\/revisions"}],"predecessor-version":[{"id":375,"href":"https:\/\/site.ac-martinique.fr\/clg-edapierre\/index.php?rest_route=\/wp\/v2\/pages\/373\/revisions\/375"}],"up":[{"embeddable":true,"href":"https:\/\/site.ac-martinique.fr\/clg-edapierre\/index.php?rest_route=\/wp\/v2\/pages\/369"}],"wp:attachment":[{"href":"https:\/\/site.ac-martinique.fr\/clg-edapierre\/index.php?rest_route=%2Fwp%2Fv2%2Fmedia&parent=373"}],"curies":[{"name":"wp","href":"https:\/\/api.w.org\/{rel}","templated":true}]}}