{"id":388,"date":"2016-07-03T16:10:49","date_gmt":"2016-07-03T15:10:49","guid":{"rendered":"\/clg-edapierre\/?page_id=388"},"modified":"2016-07-03T16:10:49","modified_gmt":"2016-07-03T15:10:49","slug":"leau-de-source","status":"publish","type":"page","link":"https:\/\/site.ac-martinique.fr\/clg-edapierre\/?page_id=388","title":{"rendered":"L&#8217;eau de source"},"content":{"rendered":"<figure id=\"attachment_288\" aria-describedby=\"caption-attachment-288\" style=\"width: 400px\" class=\"wp-caption aligncenter\"><a href=\"\/clg-edapierre\/wp-content\/uploads\/sites\/54\/2016\/07\/embouteillage.jpg\"><img fetchpriority=\"high\" decoding=\"async\" class=\"wp-image-288 size-full\" src=\"\/clg-edapierre\/wp-content\/uploads\/sites\/54\/2016\/07\/embouteillage.jpg\" alt=\"embouteillage\" width=\"400\" height=\"300\" srcset=\"https:\/\/site.ac-martinique.fr\/clg-edapierre\/wp-content\/uploads\/sites\/54\/2016\/07\/embouteillage.jpg 400w, https:\/\/site.ac-martinique.fr\/clg-edapierre\/wp-content\/uploads\/sites\/54\/2016\/07\/embouteillage-300x225.jpg 300w\" sizes=\"(max-width: 400px) 100vw, 400px\" \/><\/a><figcaption id=\"caption-attachment-288\" class=\"wp-caption-text\">L&#8217;usine d&#8217;embouteillage de la SOMES sur la plaine du Champflor.<\/figcaption><\/figure>\n<p style=\"text-align: justify;\">Capt\u00e9e \u00e0 pr\u00e8s de 400m d&#8217;altitude sur les flancs des Pitons du Carbet, l&#8217;eau est mise en bouteille au Morne Rouge dans une unit\u00e9 ouverte depuis 1976. Cette entreprise exploite une source: la source du Mont-B\u00e9ni situ\u00e9 au coeur du Parc Naturel R\u00e9gional de la Martinique.<\/p>\n<p style=\"text-align: justify;\">Les sources des pitons du Carbet sont\u00a0r\u00e9put\u00e9es et ce, depuis fort longtemps. La Martinique, il y a moins d&#8217;un si\u00e8cle de cela, comptait plusieurs stations thermales et le Morne Rouge \u00e9tait souvent \u00e9voqu\u00e9 comme le &#8220;sanatorium&#8221; de Saint Pierre. On y trouvait hospice et h\u00f4pitaux administr\u00e9s par des religieux. Ces sources ont donc gard\u00e9 une certaine r\u00e9putation parmi la population locale qui n&#8217;h\u00e9site pas \u00e0 se rendre directement &#8230;\u00e0 la source.<\/p>\n<figure id=\"attachment_268\" aria-describedby=\"caption-attachment-268\" style=\"width: 100px\" class=\"wp-caption alignleft\"><a href=\"\/clg-edapierre\/wp-content\/uploads\/sites\/54\/2016\/07\/bouteille.jpg\"><img decoding=\"async\" class=\"wp-image-268 size-full\" src=\"\/clg-edapierre\/wp-content\/uploads\/sites\/54\/2016\/07\/bouteille.jpg\" alt=\"bouteille\" width=\"100\" height=\"200\" \/><\/a><figcaption id=\"caption-attachment-268\" class=\"wp-caption-text\">Une bouteille de la marque Chanflor en 2007.<\/figcaption><\/figure>\n<p style=\"text-align: justify;\">Cette usine d&#8217;une cinquantaine de salari\u00e9s r\u00e9alise un embouteillage de 16 000 \u00e0 19 000 bouteilles \u00e0 l&#8217;heure pour une production \u00e9valu\u00e9e \u00e0 90 000 000 d&#8217;unit\u00e9s par an. L&#8217;entreprise vend essentiellement dans les Antilles fran\u00e7aises mais son march\u00e9 s&#8217;\u00e9tend \u00e0 pr\u00e9sent aux Etats Unis.<\/p>\n<p style=\"text-align: justify;\">La n\u00e9cessit\u00e9 d&#8217;innover pousse \u00e0 moderniser sans cesse l&#8217;outil de production mais depuis plus de trente ans la soci\u00e9t\u00e9 n&#8217;a jamais cess\u00e9 d&#8217;augmenter sa production.<\/p>\n","protected":false},"excerpt":{"rendered":"<p>Capt\u00e9e \u00e0 pr\u00e8s de 400m d&#8217;altitude sur les flancs des Pitons du Carbet, l&#8217;eau est mise en bouteille au Morne &hellip; <\/p>\n<p class=\"link-more\"><a href=\"https:\/\/site.ac-martinique.fr\/clg-edapierre\/?page_id=388\" class=\"more-link\">Lire la suite&#8230;<span class=\"screen-reader-text\"> &#8220;L&#8217;eau de source&#8221;<\/span><\/a><\/p>\n","protected":false},"author":127,"featured_media":0,"parent":369,"menu_order":8,"comment_status":"closed","ping_status":"closed","template":"","meta":{"pagelayer_contact_templates":[],"_pagelayer_content":"","_uag_custom_page_level_css":"","episode_type":"","audio_file":"","podmotor_file_id":"","podmotor_episode_id":"","cover_image":"","cover_image_id":"","duration":"","filesize":"","filesize_raw":"","date_recorded":"","explicit":"","block":"","itunes_episode_number":"","itunes_title":"","itunes_season_number":"","itunes_episode_type":"","_themeisle_gutenberg_block_has_review":false,"footnotes":"","_links_to":"","_links_to_target":""},"class_list":["post-388","page","type-page","status-publish","hentry"],"yoast_head":"<!-- This site is optimized with the Yoast SEO plugin v27.3 - https:\/\/yoast.com\/product\/yoast-seo-wordpress\/ -->\n<title>L&#039;eau de source - \u2728 Coll\u00e8ge Christiane EDA-PIERRE \u2728<\/title>\n<meta name=\"robots\" content=\"index, follow, max-snippet:-1, max-image-preview:large, max-video-preview:-1\" \/>\n<link rel=\"canonical\" href=\"https:\/\/site.ac-martinique.fr\/clg-edapierre\/?page_id=388\" \/>\n<meta property=\"og:locale\" content=\"fr_FR\" \/>\n<meta property=\"og:type\" content=\"article\" \/>\n<meta property=\"og:title\" content=\"L&#039;eau de source - \u2728 Coll\u00e8ge Christiane EDA-PIERRE \u2728\" \/>\n<meta property=\"og:description\" content=\"Capt\u00e9e \u00e0 pr\u00e8s de 400m d&#8217;altitude sur les flancs des Pitons du Carbet, l&#8217;eau est mise en bouteille au Morne &hellip; Lire la suite... &quot;L&#8217;eau de source&quot;\" \/>\n<meta property=\"og:url\" content=\"https:\/\/site.ac-martinique.fr\/clg-edapierre\/?page_id=388\" \/>\n<meta property=\"og:site_name\" content=\"\u2728 Coll\u00e8ge Christiane EDA-PIERRE \u2728\" \/>\n<meta name=\"twitter:card\" content=\"summary_large_image\" \/>\n<meta name=\"twitter:label1\" content=\"Dur\u00e9e de lecture estim\u00e9e\" \/>\n\t<meta name=\"twitter:data1\" content=\"1 minute\" \/>\n<script type=\"application\/ld+json\" class=\"yoast-schema-graph\">{\"@context\":\"https:\\\/\\\/schema.org\",\"@graph\":[{\"@type\":\"WebPage\",\"@id\":\"https:\\\/\\\/site.ac-martinique.fr\\\/clg-edapierre\\\/?page_id=388\",\"url\":\"https:\\\/\\\/site.ac-martinique.fr\\\/clg-edapierre\\\/?page_id=388\",\"name\":\"L'eau de source - \u2728 Coll\u00e8ge Christiane EDA-PIERRE \u2728\",\"isPartOf\":{\"@id\":\"https:\\\/\\\/site.ac-martinique.fr\\\/clg-edapierre\\\/#website\"},\"datePublished\":\"2016-07-03T15:10:49+00:00\",\"breadcrumb\":{\"@id\":\"https:\\\/\\\/site.ac-martinique.fr\\\/clg-edapierre\\\/?page_id=388#breadcrumb\"},\"inLanguage\":\"fr-FR\",\"potentialAction\":[{\"@type\":\"ReadAction\",\"target\":[\"https:\\\/\\\/site.ac-martinique.fr\\\/clg-edapierre\\\/?page_id=388\"]}]},{\"@type\":\"BreadcrumbList\",\"@id\":\"https:\\\/\\\/site.ac-martinique.fr\\\/clg-edapierre\\\/?page_id=388#breadcrumb\",\"itemListElement\":[{\"@type\":\"ListItem\",\"position\":1,\"name\":\"Accueil\",\"item\":\"https:\\\/\\\/site.ac-martinique.fr\\\/clg-edapierre\"},{\"@type\":\"ListItem\",\"position\":2,\"name\":\"Le Morne Rouge\",\"item\":\"https:\\\/\\\/site.ac-martinique.fr\\\/clg-edapierre\\\/?page_id=248\"},{\"@type\":\"ListItem\",\"position\":3,\"name\":\"Le Morne Rouge et son terroir\",\"item\":\"https:\\\/\\\/site.ac-martinique.fr\\\/clg-edapierre\\\/?page_id=369\"},{\"@type\":\"ListItem\",\"position\":4,\"name\":\"L&#8217;eau de source\"}]},{\"@type\":\"WebSite\",\"@id\":\"https:\\\/\\\/site.ac-martinique.fr\\\/clg-edapierre\\\/#website\",\"url\":\"https:\\\/\\\/site.ac-martinique.fr\\\/clg-edapierre\\\/\",\"name\":\"\u2728 Coll\u00e8ge Christiane EDA-PIERRE \u2728\",\"description\":\"\",\"potentialAction\":[{\"@type\":\"SearchAction\",\"target\":{\"@type\":\"EntryPoint\",\"urlTemplate\":\"https:\\\/\\\/site.ac-martinique.fr\\\/clg-edapierre\\\/?s={search_term_string}\"},\"query-input\":{\"@type\":\"PropertyValueSpecification\",\"valueRequired\":true,\"valueName\":\"search_term_string\"}}],\"inLanguage\":\"fr-FR\"}]}<\/script>\n<!-- \/ Yoast SEO plugin. -->","yoast_head_json":{"title":"L'eau de source - \u2728 Coll\u00e8ge Christiane EDA-PIERRE \u2728","robots":{"index":"index","follow":"follow","max-snippet":"max-snippet:-1","max-image-preview":"max-image-preview:large","max-video-preview":"max-video-preview:-1"},"canonical":"https:\/\/site.ac-martinique.fr\/clg-edapierre\/?page_id=388","og_locale":"fr_FR","og_type":"article","og_title":"L'eau de source - \u2728 Coll\u00e8ge Christiane EDA-PIERRE \u2728","og_description":"Capt\u00e9e \u00e0 pr\u00e8s de 400m d&#8217;altitude sur les flancs des Pitons du Carbet, l&#8217;eau est mise en bouteille au Morne &hellip; Lire la suite... \"L&#8217;eau de source\"","og_url":"https:\/\/site.ac-martinique.fr\/clg-edapierre\/?page_id=388","og_site_name":"\u2728 Coll\u00e8ge Christiane EDA-PIERRE \u2728","twitter_card":"summary_large_image","twitter_misc":{"Dur\u00e9e de lecture estim\u00e9e":"1 minute"},"schema":{"@context":"https:\/\/schema.org","@graph":[{"@type":"WebPage","@id":"https:\/\/site.ac-martinique.fr\/clg-edapierre\/?page_id=388","url":"https:\/\/site.ac-martinique.fr\/clg-edapierre\/?page_id=388","name":"L'eau de source - \u2728 Coll\u00e8ge Christiane EDA-PIERRE \u2728","isPartOf":{"@id":"https:\/\/site.ac-martinique.fr\/clg-edapierre\/#website"},"datePublished":"2016-07-03T15:10:49+00:00","breadcrumb":{"@id":"https:\/\/site.ac-martinique.fr\/clg-edapierre\/?page_id=388#breadcrumb"},"inLanguage":"fr-FR","potentialAction":[{"@type":"ReadAction","target":["https:\/\/site.ac-martinique.fr\/clg-edapierre\/?page_id=388"]}]},{"@type":"BreadcrumbList","@id":"https:\/\/site.ac-martinique.fr\/clg-edapierre\/?page_id=388#breadcrumb","itemListElement":[{"@type":"ListItem","position":1,"name":"Accueil","item":"https:\/\/site.ac-martinique.fr\/clg-edapierre"},{"@type":"ListItem","position":2,"name":"Le Morne Rouge","item":"https:\/\/site.ac-martinique.fr\/clg-edapierre\/?page_id=248"},{"@type":"ListItem","position":3,"name":"Le Morne Rouge et son terroir","item":"https:\/\/site.ac-martinique.fr\/clg-edapierre\/?page_id=369"},{"@type":"ListItem","position":4,"name":"L&#8217;eau de source"}]},{"@type":"WebSite","@id":"https:\/\/site.ac-martinique.fr\/clg-edapierre\/#website","url":"https:\/\/site.ac-martinique.fr\/clg-edapierre\/","name":"\u2728 Coll\u00e8ge Christiane EDA-PIERRE \u2728","description":"","potentialAction":[{"@type":"SearchAction","target":{"@type":"EntryPoint","urlTemplate":"https:\/\/site.ac-martinique.fr\/clg-edapierre\/?s={search_term_string}"},"query-input":{"@type":"PropertyValueSpecification","valueRequired":true,"valueName":"search_term_string"}}],"inLanguage":"fr-FR"}]}},"uagb_featured_image_src":{"full":false,"thumbnail":false,"medium":false,"medium_large":false,"large":false,"1536x1536":false,"2048x2048":false,"lambadalite-featured-image":false,"lambadalite-thumbnail-avatar":false,"mailpoet_newsletter_max":false},"uagb_author_info":{"display_name":"webmestre","author_link":"https:\/\/site.ac-martinique.fr\/clg-edapierre\/?author=127"},"uagb_comment_info":0,"uagb_excerpt":"Capt\u00e9e \u00e0 pr\u00e8s de 400m d&#8217;altitude sur les flancs des Pitons du Carbet, l&#8217;eau est mise en bouteille au Morne &hellip; Lire la suite... \"L&#8217;eau de source\"","publishpress_future_action":{"enabled":false,"date":"2026-04-14 22:23:30","action":"change-status","newStatus":"draft","terms":[],"taxonomy":"","extraData":[]},"publishpress_future_workflow_manual_trigger":{"enabledWorkflows":[]},"amp_enabled":true,"_links":{"self":[{"href":"https:\/\/site.ac-martinique.fr\/clg-edapierre\/index.php?rest_route=\/wp\/v2\/pages\/388","targetHints":{"allow":["GET"]}}],"collection":[{"href":"https:\/\/site.ac-martinique.fr\/clg-edapierre\/index.php?rest_route=\/wp\/v2\/pages"}],"about":[{"href":"https:\/\/site.ac-martinique.fr\/clg-edapierre\/index.php?rest_route=\/wp\/v2\/types\/page"}],"author":[{"embeddable":true,"href":"https:\/\/site.ac-martinique.fr\/clg-edapierre\/index.php?rest_route=\/wp\/v2\/users\/127"}],"replies":[{"embeddable":true,"href":"https:\/\/site.ac-martinique.fr\/clg-edapierre\/index.php?rest_route=%2Fwp%2Fv2%2Fcomments&post=388"}],"version-history":[{"count":1,"href":"https:\/\/site.ac-martinique.fr\/clg-edapierre\/index.php?rest_route=\/wp\/v2\/pages\/388\/revisions"}],"predecessor-version":[{"id":389,"href":"https:\/\/site.ac-martinique.fr\/clg-edapierre\/index.php?rest_route=\/wp\/v2\/pages\/388\/revisions\/389"}],"up":[{"embeddable":true,"href":"https:\/\/site.ac-martinique.fr\/clg-edapierre\/index.php?rest_route=\/wp\/v2\/pages\/369"}],"wp:attachment":[{"href":"https:\/\/site.ac-martinique.fr\/clg-edapierre\/index.php?rest_route=%2Fwp%2Fv2%2Fmedia&parent=388"}],"curies":[{"name":"wp","href":"https:\/\/api.w.org\/{rel}","templated":true}]}}