{"id":414,"date":"2016-07-03T20:27:34","date_gmt":"2016-07-03T19:27:34","guid":{"rendered":"\/clg-edapierre\/?page_id=414"},"modified":"2016-07-03T20:57:30","modified_gmt":"2016-07-03T19:57:30","slug":"creole","status":"publish","type":"page","link":"https:\/\/site.ac-martinique.fr\/clg-edapierre\/?page_id=414","title":{"rendered":"Cr\u00e9ole"},"content":{"rendered":"<h3 style=\"text-align: center;\"><big>Lonmaj man \u00e9da pi\u00e8<\/big><\/h3>\n<p style=\"text-align: center;\"><a href=\"\/clg-edapierre\/wp-content\/uploads\/sites\/54\/2016\/07\/hibiscus-1.jpg\"><img decoding=\"async\" class=\"size-full wp-image-415 aligncenter\" src=\"\/clg-edapierre\/wp-content\/uploads\/sites\/54\/2016\/07\/hibiscus-1.jpg\" alt=\"hibiscus\" width=\"100\" height=\"78\" \/><\/a>At\u00e8 Matinik, nou ni tout kalit\u00e9 ti zannimo ka chant\u00e9, kabrit-bwa, toutr\u00e8l, sotr\u00e8l, grounouy, nou jik ni pipiri.<br \/>\nM\u00e8 nou ni osi an mapipi ka chant\u00e9 kon van lanmontagn adan chan kann.<\/p>\n<p style=\"text-align: center;\">Apa dot moun ki man Kristyan Eda Pi\u00e8.<br \/>\nS\u00e9 nou manmay kolej M\u00f2n Wouj ki mand\u00e9\u2019y vini j\u00f2di.<br \/>\nNou t\u00e9 l\u00e9 w\u00e8\u2019y.<br \/>\nAsir\u00e9 pa p\u00e9tet, Moza menm ka sonj\u00e9,\u2019 pis ou jw\u00e9 Konstans adan \u201cl\u2019enl\u00e8vement au S\u00e9rail\u201d.<\/p>\n<p style=\"text-align: center;\"><a href=\"\/clg-edapierre\/wp-content\/uploads\/sites\/54\/2016\/07\/edapierre2.jpg\"><img decoding=\"async\" class=\"size-full wp-image-178 aligncenter\" src=\"\/clg-edapierre\/wp-content\/uploads\/sites\/54\/2016\/07\/edapierre2.jpg\" alt=\"edapierre2\" width=\"200\" height=\"215\" \/><\/a><br \/>\nExtrait Man Eda Pi\u00e8, kon sol\u00e8y, ou ka m\u00e9t\u00e9 limi\u00e8 adan tout tj\u00e8. Misi\u00e9 Pavarotti li menm r\u00e9t\u00e9 est\u00e9b\u00e9kw\u00e9.<\/p>\n<p style=\"text-align: center;\">Epi an jou, ou anni r\u00e9t\u00e9 flap \u00e9pi zaf\u00e9 chant\u00e9-a, m\u00e8, pa pou poz\u00e9 ko\u2019w, pou f\u00e8 prof\u00e9s\u00e8 an 1986. Ou d\u00e9sid\u00e9 ba sa ou t\u00e9 konnet, sa ou t\u00e9 sav asou manni\u00e8 chant\u00e9.<\/p>\n<p style=\"text-align: center;\">Ou s\u00e9 moun Matinik, ou pa ni pi\u00e8s konpar\u00e9zonni, bienokontr\u00e8 ou pa ni ganm an zaf\u00e8\u2019w.<\/p>\n<p style=\"text-align: center;\">Day\u00e8 pou yonn, ou jik ka s\u00e9r\u00e9. M\u00e8 pou nou manmay M\u00f2n Wouj, ou ka chant\u00e9, ki tan karenm, ki tan sikl\u00f2n. Vwa\u2019w ka vlop\u00e9 nou kon manman ka vlop\u00e9 yich.<\/p>\n<p style=\"text-align: center;\">Sel bagay nou ka di\u2019w : Ou F\u00f2, Ou Gran, Ou s\u00e9 Resp\u00e9 pou nou, ou s\u00e9 Rich\u00e8s p\u00e9yi-a.<\/p>\n<p style=\"text-align: center;\">Alantou 3 janvi\u00e9 2008, yo d\u00e9kor\u00e9\u2019w \u00e9pi lal\u00e9jion don\u00e8, m\u00e8 nou manmay M\u00f2n Wouj, nou s\u00e9 l\u00e9 ba\u2019w tj\u00e8 nou pou ou p\u00e9 simen adan : lafwa \u00e9pi p\u00e8s\u00e9v\u00e9rans, lavolont\u00e9, patians, lafos \u00e9pi kouraj, lanbision, \u00e9 adan menm balan-an linit\u00e9.<\/p>\n<p style=\"text-align: center;\">Ou chant\u00e9 Rigol\u00e9tto, Idom\u00e9n\u00e9e, la Traviata.<\/p>\n<p style=\"text-align: center;\">Nou sav ou woul\u00e9 kant\u00e9kant \u00e9pi dot mapipi kon : Placido Domingo, Alfredo Kraus.<\/p>\n<p style=\"text-align: center;\">M\u00e8 nou, sel chant\u00e9, nou p\u00e9 chant\u00e9 ba\u2019w s\u00e9 : nou enmen\u2019w.<\/p>\n<p>&nbsp;<\/p>\n<p>&nbsp;<\/p>\n","protected":false},"excerpt":{"rendered":"<p>Lonmaj man \u00e9da pi\u00e8 At\u00e8 Matinik, nou ni tout kalit\u00e9 ti zannimo ka chant\u00e9, kabrit-bwa, toutr\u00e8l, sotr\u00e8l, grounouy, nou jik &hellip; <\/p>\n<p class=\"link-more\"><a href=\"https:\/\/site.ac-martinique.fr\/clg-edapierre\/?page_id=414\" class=\"more-link\">Lire la suite&#8230;<span class=\"screen-reader-text\"> &#8220;Cr\u00e9ole&#8221;<\/span><\/a><\/p>\n","protected":false},"author":127,"featured_media":0,"parent":12,"menu_order":4,"comment_status":"closed","ping_status":"closed","template":"","meta":{"pagelayer_contact_templates":[],"_pagelayer_content":"","_uag_custom_page_level_css":"","episode_type":"","audio_file":"","podmotor_file_id":"","podmotor_episode_id":"","cover_image":"","cover_image_id":"","duration":"","filesize":"","filesize_raw":"","date_recorded":"","explicit":"","block":"","itunes_episode_number":"","itunes_title":"","itunes_season_number":"","itunes_episode_type":"","_themeisle_gutenberg_block_has_review":false,"footnotes":"","_links_to":"","_links_to_target":""},"class_list":["post-414","page","type-page","status-publish","hentry"],"yoast_head":"<!-- This site is optimized with the Yoast SEO plugin v27.4 - https:\/\/yoast.com\/product\/yoast-seo-wordpress\/ -->\n<title>Cr\u00e9ole - \u2728 Coll\u00e8ge Christiane EDA-PIERRE \u2728<\/title>\n<meta name=\"robots\" content=\"index, follow, max-snippet:-1, max-image-preview:large, max-video-preview:-1\" \/>\n<link rel=\"canonical\" href=\"https:\/\/site.ac-martinique.fr\/clg-edapierre\/?page_id=414\" \/>\n<meta property=\"og:locale\" content=\"fr_FR\" \/>\n<meta property=\"og:type\" content=\"article\" \/>\n<meta property=\"og:title\" content=\"Cr\u00e9ole - \u2728 Coll\u00e8ge Christiane EDA-PIERRE \u2728\" \/>\n<meta property=\"og:description\" content=\"Lonmaj man \u00e9da pi\u00e8 At\u00e8 Matinik, nou ni tout kalit\u00e9 ti zannimo ka chant\u00e9, kabrit-bwa, toutr\u00e8l, sotr\u00e8l, grounouy, nou jik &hellip; Lire la suite... &quot;Cr\u00e9ole&quot;\" \/>\n<meta property=\"og:url\" content=\"https:\/\/site.ac-martinique.fr\/clg-edapierre\/?page_id=414\" \/>\n<meta property=\"og:site_name\" content=\"\u2728 Coll\u00e8ge Christiane EDA-PIERRE \u2728\" \/>\n<meta property=\"article:modified_time\" content=\"2016-07-03T19:57:30+00:00\" \/>\n<meta name=\"twitter:card\" content=\"summary_large_image\" \/>\n<meta name=\"twitter:label1\" content=\"Dur\u00e9e de lecture estim\u00e9e\" \/>\n\t<meta name=\"twitter:data1\" content=\"2 minutes\" \/>\n<script type=\"application\/ld+json\" class=\"yoast-schema-graph\">{\"@context\":\"https:\\\/\\\/schema.org\",\"@graph\":[{\"@type\":\"WebPage\",\"@id\":\"https:\\\/\\\/site.ac-martinique.fr\\\/clg-edapierre\\\/?page_id=414\",\"url\":\"https:\\\/\\\/site.ac-martinique.fr\\\/clg-edapierre\\\/?page_id=414\",\"name\":\"Cr\u00e9ole - \u2728 Coll\u00e8ge Christiane EDA-PIERRE \u2728\",\"isPartOf\":{\"@id\":\"https:\\\/\\\/site.ac-martinique.fr\\\/clg-edapierre\\\/#website\"},\"datePublished\":\"2016-07-03T19:27:34+00:00\",\"dateModified\":\"2016-07-03T19:57:30+00:00\",\"breadcrumb\":{\"@id\":\"https:\\\/\\\/site.ac-martinique.fr\\\/clg-edapierre\\\/?page_id=414#breadcrumb\"},\"inLanguage\":\"fr-FR\",\"potentialAction\":[{\"@type\":\"ReadAction\",\"target\":[\"https:\\\/\\\/site.ac-martinique.fr\\\/clg-edapierre\\\/?page_id=414\"]}]},{\"@type\":\"BreadcrumbList\",\"@id\":\"https:\\\/\\\/site.ac-martinique.fr\\\/clg-edapierre\\\/?page_id=414#breadcrumb\",\"itemListElement\":[{\"@type\":\"ListItem\",\"position\":1,\"name\":\"Accueil\",\"item\":\"https:\\\/\\\/site.ac-martinique.fr\\\/clg-edapierre\"},{\"@type\":\"ListItem\",\"position\":2,\"name\":\"P\u00e9dagogie\",\"item\":\"https:\\\/\\\/site.ac-martinique.fr\\\/clg-edapierre\\\/?page_id=12\"},{\"@type\":\"ListItem\",\"position\":3,\"name\":\"Cr\u00e9ole\"}]},{\"@type\":\"WebSite\",\"@id\":\"https:\\\/\\\/site.ac-martinique.fr\\\/clg-edapierre\\\/#website\",\"url\":\"https:\\\/\\\/site.ac-martinique.fr\\\/clg-edapierre\\\/\",\"name\":\"\u2728 Coll\u00e8ge Christiane EDA-PIERRE \u2728\",\"description\":\"\",\"potentialAction\":[{\"@type\":\"SearchAction\",\"target\":{\"@type\":\"EntryPoint\",\"urlTemplate\":\"https:\\\/\\\/site.ac-martinique.fr\\\/clg-edapierre\\\/?s={search_term_string}\"},\"query-input\":{\"@type\":\"PropertyValueSpecification\",\"valueRequired\":true,\"valueName\":\"search_term_string\"}}],\"inLanguage\":\"fr-FR\"}]}<\/script>\n<!-- \/ Yoast SEO plugin. -->","yoast_head_json":{"title":"Cr\u00e9ole - \u2728 Coll\u00e8ge Christiane EDA-PIERRE \u2728","robots":{"index":"index","follow":"follow","max-snippet":"max-snippet:-1","max-image-preview":"max-image-preview:large","max-video-preview":"max-video-preview:-1"},"canonical":"https:\/\/site.ac-martinique.fr\/clg-edapierre\/?page_id=414","og_locale":"fr_FR","og_type":"article","og_title":"Cr\u00e9ole - \u2728 Coll\u00e8ge Christiane EDA-PIERRE \u2728","og_description":"Lonmaj man \u00e9da pi\u00e8 At\u00e8 Matinik, nou ni tout kalit\u00e9 ti zannimo ka chant\u00e9, kabrit-bwa, toutr\u00e8l, sotr\u00e8l, grounouy, nou jik &hellip; Lire la suite... \"Cr\u00e9ole\"","og_url":"https:\/\/site.ac-martinique.fr\/clg-edapierre\/?page_id=414","og_site_name":"\u2728 Coll\u00e8ge Christiane EDA-PIERRE \u2728","article_modified_time":"2016-07-03T19:57:30+00:00","twitter_card":"summary_large_image","twitter_misc":{"Dur\u00e9e de lecture estim\u00e9e":"2 minutes"},"schema":{"@context":"https:\/\/schema.org","@graph":[{"@type":"WebPage","@id":"https:\/\/site.ac-martinique.fr\/clg-edapierre\/?page_id=414","url":"https:\/\/site.ac-martinique.fr\/clg-edapierre\/?page_id=414","name":"Cr\u00e9ole - \u2728 Coll\u00e8ge Christiane EDA-PIERRE \u2728","isPartOf":{"@id":"https:\/\/site.ac-martinique.fr\/clg-edapierre\/#website"},"datePublished":"2016-07-03T19:27:34+00:00","dateModified":"2016-07-03T19:57:30+00:00","breadcrumb":{"@id":"https:\/\/site.ac-martinique.fr\/clg-edapierre\/?page_id=414#breadcrumb"},"inLanguage":"fr-FR","potentialAction":[{"@type":"ReadAction","target":["https:\/\/site.ac-martinique.fr\/clg-edapierre\/?page_id=414"]}]},{"@type":"BreadcrumbList","@id":"https:\/\/site.ac-martinique.fr\/clg-edapierre\/?page_id=414#breadcrumb","itemListElement":[{"@type":"ListItem","position":1,"name":"Accueil","item":"https:\/\/site.ac-martinique.fr\/clg-edapierre"},{"@type":"ListItem","position":2,"name":"P\u00e9dagogie","item":"https:\/\/site.ac-martinique.fr\/clg-edapierre\/?page_id=12"},{"@type":"ListItem","position":3,"name":"Cr\u00e9ole"}]},{"@type":"WebSite","@id":"https:\/\/site.ac-martinique.fr\/clg-edapierre\/#website","url":"https:\/\/site.ac-martinique.fr\/clg-edapierre\/","name":"\u2728 Coll\u00e8ge Christiane EDA-PIERRE \u2728","description":"","potentialAction":[{"@type":"SearchAction","target":{"@type":"EntryPoint","urlTemplate":"https:\/\/site.ac-martinique.fr\/clg-edapierre\/?s={search_term_string}"},"query-input":{"@type":"PropertyValueSpecification","valueRequired":true,"valueName":"search_term_string"}}],"inLanguage":"fr-FR"}]}},"uagb_featured_image_src":{"full":false,"thumbnail":false,"medium":false,"medium_large":false,"large":false,"1536x1536":false,"2048x2048":false,"lambadalite-featured-image":false,"lambadalite-thumbnail-avatar":false,"mailpoet_newsletter_max":false},"uagb_author_info":{"display_name":"webmestre","author_link":"https:\/\/site.ac-martinique.fr\/clg-edapierre\/?author=127"},"uagb_comment_info":0,"uagb_excerpt":"Lonmaj man \u00e9da pi\u00e8 At\u00e8 Matinik, nou ni tout kalit\u00e9 ti zannimo ka chant\u00e9, kabrit-bwa, toutr\u00e8l, sotr\u00e8l, grounouy, nou jik &hellip; Lire la suite... \"Cr\u00e9ole\"","publishpress_future_action":{"enabled":false,"date":"2026-04-24 06:20:59","action":"change-status","newStatus":"draft","terms":[],"taxonomy":"","extraData":[]},"publishpress_future_workflow_manual_trigger":{"enabledWorkflows":[]},"amp_enabled":true,"_links":{"self":[{"href":"https:\/\/site.ac-martinique.fr\/clg-edapierre\/index.php?rest_route=\/wp\/v2\/pages\/414","targetHints":{"allow":["GET"]}}],"collection":[{"href":"https:\/\/site.ac-martinique.fr\/clg-edapierre\/index.php?rest_route=\/wp\/v2\/pages"}],"about":[{"href":"https:\/\/site.ac-martinique.fr\/clg-edapierre\/index.php?rest_route=\/wp\/v2\/types\/page"}],"author":[{"embeddable":true,"href":"https:\/\/site.ac-martinique.fr\/clg-edapierre\/index.php?rest_route=\/wp\/v2\/users\/127"}],"replies":[{"embeddable":true,"href":"https:\/\/site.ac-martinique.fr\/clg-edapierre\/index.php?rest_route=%2Fwp%2Fv2%2Fcomments&post=414"}],"version-history":[{"count":1,"href":"https:\/\/site.ac-martinique.fr\/clg-edapierre\/index.php?rest_route=\/wp\/v2\/pages\/414\/revisions"}],"predecessor-version":[{"id":416,"href":"https:\/\/site.ac-martinique.fr\/clg-edapierre\/index.php?rest_route=\/wp\/v2\/pages\/414\/revisions\/416"}],"up":[{"embeddable":true,"href":"https:\/\/site.ac-martinique.fr\/clg-edapierre\/index.php?rest_route=\/wp\/v2\/pages\/12"}],"wp:attachment":[{"href":"https:\/\/site.ac-martinique.fr\/clg-edapierre\/index.php?rest_route=%2Fwp%2Fv2%2Fmedia&parent=414"}],"curies":[{"name":"wp","href":"https:\/\/api.w.org\/{rel}","templated":true}]}}