{"id":491,"date":"2016-10-16T01:36:12","date_gmt":"2016-10-16T00:36:12","guid":{"rendered":"\/clg-edapierre\/?page_id=491"},"modified":"2016-10-22T07:15:42","modified_gmt":"2016-10-22T06:15:42","slug":"club-lecture","status":"publish","type":"page","link":"https:\/\/site.ac-martinique.fr\/clg-edapierre\/?page_id=491","title":{"rendered":"Club Lecture"},"content":{"rendered":"<h2 style=\"text-align: center;\"><span style=\"color: #ff0000;\"><strong>Le mot de bienvenue<\/strong><\/span><\/h2>\n<p>Bonjour \u00e0 tous, nous sommes un groupe de trois \u00e9l\u00e8ves passionn\u00e9s de lecture et nous nous r\u00e9unissons tous les mardis au CDI entre 13h10 et 13h50 depuis le 12 septembre 2016, \u00a0en compagnie du professeur documentaliste. Notre but est simple\u00a0: vous faire d\u00e9couvrir des livres, parler de nos impressions de lectures et donner envie de lire \u00e0\u00a0 ceux qui n\u2019aiment pas lire.<\/p>\n<h2 style=\"text-align: center;\"><span style=\"color: #ff0000;\"><strong>Qui sommes-nous\u00a0?<\/strong><\/span><\/h2>\n<p>&nbsp;<br \/>\n<a href=\" \/clg-edapierre\/?page_id=550\" target=\"_blank\"><\/p>\n<p style=\"text-align: left;\"><strong><span style=\"color: #ff0000;\">SIMON<\/span><\/strong><\/p>\n<p><\/a><\/p>\n<blockquote><p>&#8220;J\u2019ai 12 ans et je suis en 5<sup>\u00e8me<\/sup> 2. J\u2019aime les romans fantastiques et <a href=\"\/clg-edapierre\/wp-content\/uploads\/sites\/54\/2016\/10\/vol-de-dragon.jpg\"><img decoding=\"async\" class=\"size-full wp-image-496 alignright\" src=\"\/clg-edapierre\/wp-content\/uploads\/sites\/54\/2016\/10\/vol-de-dragon.jpg\" alt=\"vol-de-dragon\" width=\"298\" height=\"160\" \/><\/a>policiers mais je m\u2019int\u00e9resse \u00e0 tout. Je participe au club lecture parce que j\u2019aime lire, \u00e7a me permet de me d\u00e9tendre.&#8221;<\/p><\/blockquote>\n<p>&nbsp;<\/p>\n<p>&nbsp;<br \/>\n<a href=\"\/clg-edapierre\/?page_id=552\" target=\"_blank\"><\/p>\n<p style=\"text-align: left;\"><strong><span style=\"color: #ff0000;\">ESA\u00dc<\/span><\/strong><\/p>\n<p><\/a><\/p>\n<blockquote><p>&#8220;J\u2019ai 11 ans et je suis en 5<sup>\u00e8me<\/sup> 2. J\u2019aime beaucoup les bandes <a href=\"\/clg-edapierre\/wp-content\/uploads\/sites\/54\/2016\/10\/dragon_coeur.jpg\"><img fetchpriority=\"high\" decoding=\"async\" class=\"wp-image-498 alignright\" src=\"\/clg-edapierre\/wp-content\/uploads\/sites\/54\/2016\/10\/dragon_coeur-300x300.jpg\" alt=\"dragon_coeur\" width=\"236\" height=\"236\" srcset=\"https:\/\/site.ac-martinique.fr\/clg-edapierre\/wp-content\/uploads\/sites\/54\/2016\/10\/dragon_coeur-300x300.jpg 300w, https:\/\/site.ac-martinique.fr\/clg-edapierre\/wp-content\/uploads\/sites\/54\/2016\/10\/dragon_coeur-150x150.jpg 150w, https:\/\/site.ac-martinique.fr\/clg-edapierre\/wp-content\/uploads\/sites\/54\/2016\/10\/dragon_coeur.jpg 600w\" sizes=\"(max-width: 236px) 100vw, 236px\" \/><\/a>dessin\u00e9es et les mangas. Comme mon camarade Simon, je suis au club lecture car j\u2019aime lire, cela me d\u00e9tend.&#8221;<\/p><\/blockquote>\n<p>&nbsp;<\/p>\n<p>&nbsp;<\/p>\n<p>&nbsp;<\/p>\n<p>&nbsp;<\/p>\n<p><a href=\"\/clg-edapierre\/?page_id=554\" target=\"_blank\"><strong><span style=\"color: #ff0000;\">LAETICIA<\/span><\/strong><\/a><\/p>\n<blockquote>\n<p style=\"text-align: left;\">&#8220;J\u2019ai 12 ans et je suis en 5<sup>\u00e8me<\/sup> 3. J\u2019aime les romans et je ne <a href=\"\/clg-edapierre\/wp-content\/uploads\/sites\/54\/2016\/10\/chaton.jpg\"><img decoding=\"async\" class=\"size-medium wp-image-510 alignright\" src=\"\/clg-edapierre\/wp-content\/uploads\/sites\/54\/2016\/10\/chaton-300x188.jpg\" alt=\"chaton\" width=\"300\" height=\"188\" srcset=\"https:\/\/site.ac-martinique.fr\/clg-edapierre\/wp-content\/uploads\/sites\/54\/2016\/10\/chaton-300x188.jpg 300w, https:\/\/site.ac-martinique.fr\/clg-edapierre\/wp-content\/uploads\/sites\/54\/2016\/10\/chaton-768x480.jpg 768w, https:\/\/site.ac-martinique.fr\/clg-edapierre\/wp-content\/uploads\/sites\/54\/2016\/10\/chaton-1024x640.jpg 1024w, https:\/\/site.ac-martinique.fr\/clg-edapierre\/wp-content\/uploads\/sites\/54\/2016\/10\/chaton.jpg 1680w\" sizes=\"(max-width: 300px) 100vw, 300px\" \/><\/a>privil\u00e9gie aucun genre en particulier, je lis de tout. Comme Jean-Paul Sartre, je suis une boulimique de lectures.&#8221;<\/p>\n<\/blockquote>\n","protected":false},"excerpt":{"rendered":"<p>Le mot de bienvenue Bonjour \u00e0 tous, nous sommes un groupe de trois \u00e9l\u00e8ves passionn\u00e9s de lecture et nous nous &hellip; <\/p>\n<p class=\"link-more\"><a href=\"https:\/\/site.ac-martinique.fr\/clg-edapierre\/?page_id=491\" class=\"more-link\">Lire la suite&#8230;<span class=\"screen-reader-text\"> &#8220;Club Lecture&#8221;<\/span><\/a><\/p>\n","protected":false},"author":127,"featured_media":0,"parent":29,"menu_order":2,"comment_status":"closed","ping_status":"closed","template":"","meta":{"pagelayer_contact_templates":[],"_pagelayer_content":"","_uag_custom_page_level_css":"","episode_type":"","audio_file":"","podmotor_file_id":"","podmotor_episode_id":"","cover_image":"","cover_image_id":"","duration":"","filesize":"","filesize_raw":"","date_recorded":"","explicit":"","block":"","itunes_episode_number":"","itunes_title":"","itunes_season_number":"","itunes_episode_type":"","_themeisle_gutenberg_block_has_review":false,"footnotes":"","_links_to":"","_links_to_target":""},"class_list":["post-491","page","type-page","status-publish","hentry"],"yoast_head":"<!-- This site is optimized with the Yoast SEO plugin v27.3 - https:\/\/yoast.com\/product\/yoast-seo-wordpress\/ -->\n<title>Club Lecture - \u2728 Coll\u00e8ge Christiane EDA-PIERRE \u2728<\/title>\n<meta name=\"robots\" content=\"index, follow, max-snippet:-1, max-image-preview:large, max-video-preview:-1\" \/>\n<link rel=\"canonical\" href=\"https:\/\/site.ac-martinique.fr\/clg-edapierre\/?page_id=491\" \/>\n<meta property=\"og:locale\" content=\"fr_FR\" \/>\n<meta property=\"og:type\" content=\"article\" \/>\n<meta property=\"og:title\" content=\"Club Lecture - \u2728 Coll\u00e8ge Christiane EDA-PIERRE \u2728\" \/>\n<meta property=\"og:description\" content=\"Le mot de bienvenue Bonjour \u00e0 tous, nous sommes un groupe de trois \u00e9l\u00e8ves passionn\u00e9s de lecture et nous nous &hellip; Lire la suite... &quot;Club Lecture&quot;\" \/>\n<meta property=\"og:url\" content=\"https:\/\/site.ac-martinique.fr\/clg-edapierre\/?page_id=491\" \/>\n<meta property=\"og:site_name\" content=\"\u2728 Coll\u00e8ge Christiane EDA-PIERRE \u2728\" \/>\n<meta property=\"article:modified_time\" content=\"2016-10-22T06:15:42+00:00\" \/>\n<meta name=\"twitter:card\" content=\"summary_large_image\" \/>\n<meta name=\"twitter:label1\" content=\"Dur\u00e9e de lecture estim\u00e9e\" \/>\n\t<meta name=\"twitter:data1\" content=\"1 minute\" \/>\n<script type=\"application\/ld+json\" class=\"yoast-schema-graph\">{\"@context\":\"https:\\\/\\\/schema.org\",\"@graph\":[{\"@type\":\"WebPage\",\"@id\":\"https:\\\/\\\/site.ac-martinique.fr\\\/clg-edapierre\\\/?page_id=491\",\"url\":\"https:\\\/\\\/site.ac-martinique.fr\\\/clg-edapierre\\\/?page_id=491\",\"name\":\"Club Lecture - \u2728 Coll\u00e8ge Christiane EDA-PIERRE \u2728\",\"isPartOf\":{\"@id\":\"https:\\\/\\\/site.ac-martinique.fr\\\/clg-edapierre\\\/#website\"},\"datePublished\":\"2016-10-16T00:36:12+00:00\",\"dateModified\":\"2016-10-22T06:15:42+00:00\",\"breadcrumb\":{\"@id\":\"https:\\\/\\\/site.ac-martinique.fr\\\/clg-edapierre\\\/?page_id=491#breadcrumb\"},\"inLanguage\":\"fr-FR\",\"potentialAction\":[{\"@type\":\"ReadAction\",\"target\":[\"https:\\\/\\\/site.ac-martinique.fr\\\/clg-edapierre\\\/?page_id=491\"]}]},{\"@type\":\"BreadcrumbList\",\"@id\":\"https:\\\/\\\/site.ac-martinique.fr\\\/clg-edapierre\\\/?page_id=491#breadcrumb\",\"itemListElement\":[{\"@type\":\"ListItem\",\"position\":1,\"name\":\"Accueil\",\"item\":\"https:\\\/\\\/site.ac-martinique.fr\\\/clg-edapierre\"},{\"@type\":\"ListItem\",\"position\":2,\"name\":\"CDI\",\"item\":\"https:\\\/\\\/site.ac-martinique.fr\\\/clg-edapierre\\\/?page_id=29\"},{\"@type\":\"ListItem\",\"position\":3,\"name\":\"Club Lecture\"}]},{\"@type\":\"WebSite\",\"@id\":\"https:\\\/\\\/site.ac-martinique.fr\\\/clg-edapierre\\\/#website\",\"url\":\"https:\\\/\\\/site.ac-martinique.fr\\\/clg-edapierre\\\/\",\"name\":\"\u2728 Coll\u00e8ge Christiane EDA-PIERRE \u2728\",\"description\":\"\",\"potentialAction\":[{\"@type\":\"SearchAction\",\"target\":{\"@type\":\"EntryPoint\",\"urlTemplate\":\"https:\\\/\\\/site.ac-martinique.fr\\\/clg-edapierre\\\/?s={search_term_string}\"},\"query-input\":{\"@type\":\"PropertyValueSpecification\",\"valueRequired\":true,\"valueName\":\"search_term_string\"}}],\"inLanguage\":\"fr-FR\"}]}<\/script>\n<!-- \/ Yoast SEO plugin. -->","yoast_head_json":{"title":"Club Lecture - \u2728 Coll\u00e8ge Christiane EDA-PIERRE \u2728","robots":{"index":"index","follow":"follow","max-snippet":"max-snippet:-1","max-image-preview":"max-image-preview:large","max-video-preview":"max-video-preview:-1"},"canonical":"https:\/\/site.ac-martinique.fr\/clg-edapierre\/?page_id=491","og_locale":"fr_FR","og_type":"article","og_title":"Club Lecture - \u2728 Coll\u00e8ge Christiane EDA-PIERRE \u2728","og_description":"Le mot de bienvenue Bonjour \u00e0 tous, nous sommes un groupe de trois \u00e9l\u00e8ves passionn\u00e9s de lecture et nous nous &hellip; Lire la suite... \"Club Lecture\"","og_url":"https:\/\/site.ac-martinique.fr\/clg-edapierre\/?page_id=491","og_site_name":"\u2728 Coll\u00e8ge Christiane EDA-PIERRE \u2728","article_modified_time":"2016-10-22T06:15:42+00:00","twitter_card":"summary_large_image","twitter_misc":{"Dur\u00e9e de lecture estim\u00e9e":"1 minute"},"schema":{"@context":"https:\/\/schema.org","@graph":[{"@type":"WebPage","@id":"https:\/\/site.ac-martinique.fr\/clg-edapierre\/?page_id=491","url":"https:\/\/site.ac-martinique.fr\/clg-edapierre\/?page_id=491","name":"Club Lecture - \u2728 Coll\u00e8ge Christiane EDA-PIERRE \u2728","isPartOf":{"@id":"https:\/\/site.ac-martinique.fr\/clg-edapierre\/#website"},"datePublished":"2016-10-16T00:36:12+00:00","dateModified":"2016-10-22T06:15:42+00:00","breadcrumb":{"@id":"https:\/\/site.ac-martinique.fr\/clg-edapierre\/?page_id=491#breadcrumb"},"inLanguage":"fr-FR","potentialAction":[{"@type":"ReadAction","target":["https:\/\/site.ac-martinique.fr\/clg-edapierre\/?page_id=491"]}]},{"@type":"BreadcrumbList","@id":"https:\/\/site.ac-martinique.fr\/clg-edapierre\/?page_id=491#breadcrumb","itemListElement":[{"@type":"ListItem","position":1,"name":"Accueil","item":"https:\/\/site.ac-martinique.fr\/clg-edapierre"},{"@type":"ListItem","position":2,"name":"CDI","item":"https:\/\/site.ac-martinique.fr\/clg-edapierre\/?page_id=29"},{"@type":"ListItem","position":3,"name":"Club Lecture"}]},{"@type":"WebSite","@id":"https:\/\/site.ac-martinique.fr\/clg-edapierre\/#website","url":"https:\/\/site.ac-martinique.fr\/clg-edapierre\/","name":"\u2728 Coll\u00e8ge Christiane EDA-PIERRE \u2728","description":"","potentialAction":[{"@type":"SearchAction","target":{"@type":"EntryPoint","urlTemplate":"https:\/\/site.ac-martinique.fr\/clg-edapierre\/?s={search_term_string}"},"query-input":{"@type":"PropertyValueSpecification","valueRequired":true,"valueName":"search_term_string"}}],"inLanguage":"fr-FR"}]}},"uagb_featured_image_src":{"full":false,"thumbnail":false,"medium":false,"medium_large":false,"large":false,"1536x1536":false,"2048x2048":false,"lambadalite-featured-image":false,"lambadalite-thumbnail-avatar":false,"mailpoet_newsletter_max":false},"uagb_author_info":{"display_name":"webmestre","author_link":"https:\/\/site.ac-martinique.fr\/clg-edapierre\/?author=127"},"uagb_comment_info":0,"uagb_excerpt":"Le mot de bienvenue Bonjour \u00e0 tous, nous sommes un groupe de trois \u00e9l\u00e8ves passionn\u00e9s de lecture et nous nous &hellip; Lire la suite... \"Club Lecture\"","publishpress_future_action":{"enabled":false,"date":"2026-04-21 10:54:34","action":"change-status","newStatus":"draft","terms":[],"taxonomy":"","extraData":[]},"publishpress_future_workflow_manual_trigger":{"enabledWorkflows":[]},"amp_enabled":true,"_links":{"self":[{"href":"https:\/\/site.ac-martinique.fr\/clg-edapierre\/index.php?rest_route=\/wp\/v2\/pages\/491","targetHints":{"allow":["GET"]}}],"collection":[{"href":"https:\/\/site.ac-martinique.fr\/clg-edapierre\/index.php?rest_route=\/wp\/v2\/pages"}],"about":[{"href":"https:\/\/site.ac-martinique.fr\/clg-edapierre\/index.php?rest_route=\/wp\/v2\/types\/page"}],"author":[{"embeddable":true,"href":"https:\/\/site.ac-martinique.fr\/clg-edapierre\/index.php?rest_route=\/wp\/v2\/users\/127"}],"replies":[{"embeddable":true,"href":"https:\/\/site.ac-martinique.fr\/clg-edapierre\/index.php?rest_route=%2Fwp%2Fv2%2Fcomments&post=491"}],"version-history":[{"count":30,"href":"https:\/\/site.ac-martinique.fr\/clg-edapierre\/index.php?rest_route=\/wp\/v2\/pages\/491\/revisions"}],"predecessor-version":[{"id":659,"href":"https:\/\/site.ac-martinique.fr\/clg-edapierre\/index.php?rest_route=\/wp\/v2\/pages\/491\/revisions\/659"}],"up":[{"embeddable":true,"href":"https:\/\/site.ac-martinique.fr\/clg-edapierre\/index.php?rest_route=\/wp\/v2\/pages\/29"}],"wp:attachment":[{"href":"https:\/\/site.ac-martinique.fr\/clg-edapierre\/index.php?rest_route=%2Fwp%2Fv2%2Fmedia&parent=491"}],"curies":[{"name":"wp","href":"https:\/\/api.w.org\/{rel}","templated":true}]}}