{"id":550,"date":"2016-10-16T06:44:10","date_gmt":"2016-10-16T05:44:10","guid":{"rendered":"\/clg-edapierre\/?page_id=550"},"modified":"2016-10-16T07:39:42","modified_gmt":"2016-10-16T06:39:42","slug":"simon","status":"publish","type":"page","link":"https:\/\/site.ac-martinique.fr\/clg-edapierre\/?page_id=550","title":{"rendered":"Simon"},"content":{"rendered":"<p><span style=\"color: #ff0000;\">Titre\u00a0: <u>Harry Potter, A l\u2019\u00e9cole des sorciers.<\/u><\/span><\/p>\n<p><span style=\"color: #ff0000;\">Auteur\u00a0: J.K Rowling<\/span><\/p>\n<div id=\"metaslider-id-571\" style=\"max-width: 150px;\" class=\"ml-slider-3-107-0 metaslider metaslider-coin metaslider-571 ml-slider ms-theme-default\" role=\"region\" aria-label=\"Harry Potter\" data-height=\"180\" data-width=\"150\">\n    <div id=\"metaslider_container_571\">\n        <div id='metaslider_571' class='coin-slider'>\n<a href=\"javascript:void(0)\" target=\"_self\"><img decoding=\"async\" src=\"https:\/\/site.ac-martinique.fr\/clg-edapierre\/wp-content\/uploads\/sites\/54\/2016\/10\/harry-potter-2001-01-150x180.jpg\" height=\"180\" width=\"150\" alt=\"\" class=\"slider-571 slide-570 msDefaultImage\" style=\"display: none;\" \/><\/a>\n<a href=\"javascript:void(0)\" target=\"_self\"><img decoding=\"async\" src=\"https:\/\/site.ac-martinique.fr\/clg-edapierre\/wp-content\/uploads\/sites\/54\/2016\/10\/harry_potter_2001_02-150x180.jpg\" height=\"180\" width=\"150\" alt=\"\" class=\"slider-571 slide-569 msDefaultImage\" style=\"display: none;\" \/><\/a>\n<a href=\"javascript:void(0)\" target=\"_self\"><img decoding=\"async\" src=\"https:\/\/site.ac-martinique.fr\/clg-edapierre\/wp-content\/uploads\/sites\/54\/2016\/10\/harry_potter_ecole_sorcier_05-150x180.jpg\" height=\"180\" width=\"150\" alt=\"\" class=\"slider-571 slide-578 msDefaultImage\" style=\"display: none;\" \/><\/a>\n<a href=\"javascript:void(0)\" target=\"_self\"><img loading=\"lazy\" decoding=\"async\" src=\"https:\/\/site.ac-martinique.fr\/clg-edapierre\/wp-content\/uploads\/sites\/54\/2016\/10\/harry-potter-ecole-scorciers-04-150x180.jpg\" height=\"180\" width=\"150\" alt=\"\" class=\"slider-571 slide-581 msDefaultImage\" style=\"display: none;\" \/><\/a>\n<a href=\"javascript:void(0)\" target=\"_self\"><img loading=\"lazy\" decoding=\"async\" src=\"https:\/\/site.ac-martinique.fr\/clg-edapierre\/wp-content\/uploads\/sites\/54\/2016\/10\/harry-potter-a-l-ecole-des-sorciers-2001-03-150x180.jpg\" height=\"180\" width=\"150\" alt=\"\" class=\"slider-571 slide-580 msDefaultImage\" style=\"display: none;\" \/><\/a>\n<a href=\"javascript:void(0)\" target=\"_self\"><img loading=\"lazy\" decoding=\"async\" src=\"https:\/\/site.ac-martinique.fr\/clg-edapierre\/wp-content\/uploads\/sites\/54\/2016\/10\/harry_potter_ecole_sorcier_06-150x180.jpg\" height=\"180\" width=\"150\" alt=\"\" class=\"slider-571 slide-579 msDefaultImage\" style=\"display: none;\" \/><\/a>\n        <\/div>\n        \n    <\/div>\n<\/div>\n<p>Lieu\u00a0 o\u00f9 tu peux le trouver\u00a0: au CDI, espace romans.<\/p>\n<p>Pour moi l\u2019univers\u00a0 d\u2019Harry Potter est vraiment\u00a0 magique. Le h\u00e9ros est un orphelin qui vit chez des parents adoptifs qui ne l\u2019aiment pas et qui le maltraitent alors qu\u2019ils ont un fils qu\u2019ils ch\u00e9rissent tout le temps.<\/p>\n<p>Un jour, il d\u00e9couvre qu\u2019il est magicien. Il re\u00e7oit une invitation pour s\u2019inscrire dans une \u00e9cole de magie mais ce projet qui lui tient \u00e0 c\u0153ur est contr\u00e9 par\u00a0 ses parents adoptifs qui s\u2019y opposent.\u00a0 Parviendra-t-il \u00e0 aller au bout de son r\u00eave\u00a0?<\/p>\n<p>Je ne vais pas tout d\u00e9voiler car je veux maintenir le suspense.\u00a0 Je trouve que ce livre suscite beaucoup d\u2019\u00e9motions et d\u00e9veloppe l\u2019imagination du lecteur.<\/p>\n<p>A ceux qui seraient tent\u00e9s de ne pas le lire \u00e0 cause de son \u00e9paisseur, je r\u00e9ponds qu\u2019il ne faut\u00a0 surtout pas se fier \u00e0 cela, qu\u2019il faut se lancer et qu\u2019une fois arriv\u00e9 au milieu du livre, on ne peut r\u00e9sister \u00e0 la tentation d\u2019aller jusqu\u2019au bout.<\/p>\n<p>Je conseille tous les tomes dans l\u2019ordre. Chacun correspond \u00e0 une ann\u00e9e de la vie d\u2019Harry Potter. Je\u00a0 conseille surtout\u00a0 le tome 4 \u00ab\u00a0La coupe de feu\u00a0\u00bb, j\u2019ai ador\u00e9.<\/p>\n","protected":false},"excerpt":{"rendered":"<p>Titre\u00a0: Harry Potter, A l\u2019\u00e9cole des sorciers. Auteur\u00a0: J.K Rowling Lieu\u00a0 o\u00f9 tu peux le trouver\u00a0: au CDI, espace romans. &hellip; <\/p>\n<p class=\"link-more\"><a href=\"https:\/\/site.ac-martinique.fr\/clg-edapierre\/?page_id=550\" class=\"more-link\">Lire la suite&#8230;<span class=\"screen-reader-text\"> &#8220;Simon&#8221;<\/span><\/a><\/p>\n","protected":false},"author":127,"featured_media":0,"parent":491,"menu_order":0,"comment_status":"closed","ping_status":"closed","template":"","meta":{"pagelayer_contact_templates":[],"_pagelayer_content":"","_uag_custom_page_level_css":"","episode_type":"","audio_file":"","podmotor_file_id":"","podmotor_episode_id":"","cover_image":"","cover_image_id":"","duration":"","filesize":"","filesize_raw":"","date_recorded":"","explicit":"","block":"","itunes_episode_number":"","itunes_title":"","itunes_season_number":"","itunes_episode_type":"","_themeisle_gutenberg_block_has_review":false,"footnotes":"","_links_to":"","_links_to_target":""},"class_list":["post-550","page","type-page","status-publish","hentry"],"yoast_head":"<!-- This site is optimized with the Yoast SEO plugin v27.3 - https:\/\/yoast.com\/product\/yoast-seo-wordpress\/ -->\n<title>Simon - \u2728 Coll\u00e8ge Christiane EDA-PIERRE \u2728<\/title>\n<meta name=\"robots\" content=\"index, follow, max-snippet:-1, max-image-preview:large, max-video-preview:-1\" \/>\n<link rel=\"canonical\" href=\"https:\/\/site.ac-martinique.fr\/clg-edapierre\/?page_id=550\" \/>\n<meta property=\"og:locale\" content=\"fr_FR\" \/>\n<meta property=\"og:type\" content=\"article\" \/>\n<meta property=\"og:title\" content=\"Simon - \u2728 Coll\u00e8ge Christiane EDA-PIERRE \u2728\" \/>\n<meta property=\"og:description\" content=\"Titre\u00a0: Harry Potter, A l\u2019\u00e9cole des sorciers. Auteur\u00a0: J.K Rowling Lieu\u00a0 o\u00f9 tu peux le trouver\u00a0: au CDI, espace romans. &hellip; Lire la suite... &quot;Simon&quot;\" \/>\n<meta property=\"og:url\" content=\"https:\/\/site.ac-martinique.fr\/clg-edapierre\/?page_id=550\" \/>\n<meta property=\"og:site_name\" content=\"\u2728 Coll\u00e8ge Christiane EDA-PIERRE \u2728\" \/>\n<meta property=\"article:modified_time\" content=\"2016-10-16T06:39:42+00:00\" \/>\n<meta name=\"twitter:card\" content=\"summary_large_image\" \/>\n<meta name=\"twitter:label1\" content=\"Dur\u00e9e de lecture estim\u00e9e\" \/>\n\t<meta name=\"twitter:data1\" content=\"1 minute\" \/>\n<script type=\"application\/ld+json\" class=\"yoast-schema-graph\">{\"@context\":\"https:\\\/\\\/schema.org\",\"@graph\":[{\"@type\":\"WebPage\",\"@id\":\"https:\\\/\\\/site.ac-martinique.fr\\\/clg-edapierre\\\/?page_id=550\",\"url\":\"https:\\\/\\\/site.ac-martinique.fr\\\/clg-edapierre\\\/?page_id=550\",\"name\":\"Simon - \u2728 Coll\u00e8ge Christiane EDA-PIERRE \u2728\",\"isPartOf\":{\"@id\":\"https:\\\/\\\/site.ac-martinique.fr\\\/clg-edapierre\\\/#website\"},\"datePublished\":\"2016-10-16T05:44:10+00:00\",\"dateModified\":\"2016-10-16T06:39:42+00:00\",\"breadcrumb\":{\"@id\":\"https:\\\/\\\/site.ac-martinique.fr\\\/clg-edapierre\\\/?page_id=550#breadcrumb\"},\"inLanguage\":\"fr-FR\",\"potentialAction\":[{\"@type\":\"ReadAction\",\"target\":[\"https:\\\/\\\/site.ac-martinique.fr\\\/clg-edapierre\\\/?page_id=550\"]}]},{\"@type\":\"BreadcrumbList\",\"@id\":\"https:\\\/\\\/site.ac-martinique.fr\\\/clg-edapierre\\\/?page_id=550#breadcrumb\",\"itemListElement\":[{\"@type\":\"ListItem\",\"position\":1,\"name\":\"Accueil\",\"item\":\"https:\\\/\\\/site.ac-martinique.fr\\\/clg-edapierre\"},{\"@type\":\"ListItem\",\"position\":2,\"name\":\"CDI\",\"item\":\"https:\\\/\\\/site.ac-martinique.fr\\\/clg-edapierre\\\/?page_id=29\"},{\"@type\":\"ListItem\",\"position\":3,\"name\":\"Club Lecture\",\"item\":\"https:\\\/\\\/site.ac-martinique.fr\\\/clg-edapierre\\\/?page_id=491\"},{\"@type\":\"ListItem\",\"position\":4,\"name\":\"Simon\"}]},{\"@type\":\"WebSite\",\"@id\":\"https:\\\/\\\/site.ac-martinique.fr\\\/clg-edapierre\\\/#website\",\"url\":\"https:\\\/\\\/site.ac-martinique.fr\\\/clg-edapierre\\\/\",\"name\":\"\u2728 Coll\u00e8ge Christiane EDA-PIERRE \u2728\",\"description\":\"\",\"potentialAction\":[{\"@type\":\"SearchAction\",\"target\":{\"@type\":\"EntryPoint\",\"urlTemplate\":\"https:\\\/\\\/site.ac-martinique.fr\\\/clg-edapierre\\\/?s={search_term_string}\"},\"query-input\":{\"@type\":\"PropertyValueSpecification\",\"valueRequired\":true,\"valueName\":\"search_term_string\"}}],\"inLanguage\":\"fr-FR\"}]}<\/script>\n<!-- \/ Yoast SEO plugin. -->","yoast_head_json":{"title":"Simon - \u2728 Coll\u00e8ge Christiane EDA-PIERRE \u2728","robots":{"index":"index","follow":"follow","max-snippet":"max-snippet:-1","max-image-preview":"max-image-preview:large","max-video-preview":"max-video-preview:-1"},"canonical":"https:\/\/site.ac-martinique.fr\/clg-edapierre\/?page_id=550","og_locale":"fr_FR","og_type":"article","og_title":"Simon - \u2728 Coll\u00e8ge Christiane EDA-PIERRE \u2728","og_description":"Titre\u00a0: Harry Potter, A l\u2019\u00e9cole des sorciers. Auteur\u00a0: J.K Rowling Lieu\u00a0 o\u00f9 tu peux le trouver\u00a0: au CDI, espace romans. &hellip; Lire la suite... \"Simon\"","og_url":"https:\/\/site.ac-martinique.fr\/clg-edapierre\/?page_id=550","og_site_name":"\u2728 Coll\u00e8ge Christiane EDA-PIERRE \u2728","article_modified_time":"2016-10-16T06:39:42+00:00","twitter_card":"summary_large_image","twitter_misc":{"Dur\u00e9e de lecture estim\u00e9e":"1 minute"},"schema":{"@context":"https:\/\/schema.org","@graph":[{"@type":"WebPage","@id":"https:\/\/site.ac-martinique.fr\/clg-edapierre\/?page_id=550","url":"https:\/\/site.ac-martinique.fr\/clg-edapierre\/?page_id=550","name":"Simon - \u2728 Coll\u00e8ge Christiane EDA-PIERRE \u2728","isPartOf":{"@id":"https:\/\/site.ac-martinique.fr\/clg-edapierre\/#website"},"datePublished":"2016-10-16T05:44:10+00:00","dateModified":"2016-10-16T06:39:42+00:00","breadcrumb":{"@id":"https:\/\/site.ac-martinique.fr\/clg-edapierre\/?page_id=550#breadcrumb"},"inLanguage":"fr-FR","potentialAction":[{"@type":"ReadAction","target":["https:\/\/site.ac-martinique.fr\/clg-edapierre\/?page_id=550"]}]},{"@type":"BreadcrumbList","@id":"https:\/\/site.ac-martinique.fr\/clg-edapierre\/?page_id=550#breadcrumb","itemListElement":[{"@type":"ListItem","position":1,"name":"Accueil","item":"https:\/\/site.ac-martinique.fr\/clg-edapierre"},{"@type":"ListItem","position":2,"name":"CDI","item":"https:\/\/site.ac-martinique.fr\/clg-edapierre\/?page_id=29"},{"@type":"ListItem","position":3,"name":"Club Lecture","item":"https:\/\/site.ac-martinique.fr\/clg-edapierre\/?page_id=491"},{"@type":"ListItem","position":4,"name":"Simon"}]},{"@type":"WebSite","@id":"https:\/\/site.ac-martinique.fr\/clg-edapierre\/#website","url":"https:\/\/site.ac-martinique.fr\/clg-edapierre\/","name":"\u2728 Coll\u00e8ge Christiane EDA-PIERRE \u2728","description":"","potentialAction":[{"@type":"SearchAction","target":{"@type":"EntryPoint","urlTemplate":"https:\/\/site.ac-martinique.fr\/clg-edapierre\/?s={search_term_string}"},"query-input":{"@type":"PropertyValueSpecification","valueRequired":true,"valueName":"search_term_string"}}],"inLanguage":"fr-FR"}]}},"uagb_featured_image_src":{"full":false,"thumbnail":false,"medium":false,"medium_large":false,"large":false,"1536x1536":false,"2048x2048":false,"lambadalite-featured-image":false,"lambadalite-thumbnail-avatar":false,"mailpoet_newsletter_max":false},"uagb_author_info":{"display_name":"webmestre","author_link":"https:\/\/site.ac-martinique.fr\/clg-edapierre\/?author=127"},"uagb_comment_info":0,"uagb_excerpt":"Titre\u00a0: Harry Potter, A l\u2019\u00e9cole des sorciers. Auteur\u00a0: J.K Rowling Lieu\u00a0 o\u00f9 tu peux le trouver\u00a0: au CDI, espace romans. &hellip; Lire la suite... \"Simon\"","publishpress_future_action":{"enabled":false,"date":"2026-04-21 10:54:33","action":"change-status","newStatus":"draft","terms":[],"taxonomy":"","extraData":[]},"publishpress_future_workflow_manual_trigger":{"enabledWorkflows":[]},"amp_enabled":true,"_links":{"self":[{"href":"https:\/\/site.ac-martinique.fr\/clg-edapierre\/index.php?rest_route=\/wp\/v2\/pages\/550","targetHints":{"allow":["GET"]}}],"collection":[{"href":"https:\/\/site.ac-martinique.fr\/clg-edapierre\/index.php?rest_route=\/wp\/v2\/pages"}],"about":[{"href":"https:\/\/site.ac-martinique.fr\/clg-edapierre\/index.php?rest_route=\/wp\/v2\/types\/page"}],"author":[{"embeddable":true,"href":"https:\/\/site.ac-martinique.fr\/clg-edapierre\/index.php?rest_route=\/wp\/v2\/users\/127"}],"replies":[{"embeddable":true,"href":"https:\/\/site.ac-martinique.fr\/clg-edapierre\/index.php?rest_route=%2Fwp%2Fv2%2Fcomments&post=550"}],"version-history":[{"count":12,"href":"https:\/\/site.ac-martinique.fr\/clg-edapierre\/index.php?rest_route=\/wp\/v2\/pages\/550\/revisions"}],"predecessor-version":[{"id":577,"href":"https:\/\/site.ac-martinique.fr\/clg-edapierre\/index.php?rest_route=\/wp\/v2\/pages\/550\/revisions\/577"}],"up":[{"embeddable":true,"href":"https:\/\/site.ac-martinique.fr\/clg-edapierre\/index.php?rest_route=\/wp\/v2\/pages\/491"}],"wp:attachment":[{"href":"https:\/\/site.ac-martinique.fr\/clg-edapierre\/index.php?rest_route=%2Fwp%2Fv2%2Fmedia&parent=550"}],"curies":[{"name":"wp","href":"https:\/\/api.w.org\/{rel}","templated":true}]}}