{"id":554,"date":"2016-10-16T06:45:22","date_gmt":"2016-10-16T05:45:22","guid":{"rendered":"\/clg-edapierre\/?page_id=554"},"modified":"2017-01-06T14:22:37","modified_gmt":"2017-01-06T13:22:37","slug":"laeticia","status":"publish","type":"page","link":"https:\/\/site.ac-martinique.fr\/clg-edapierre\/?page_id=554","title":{"rendered":"Laeticia"},"content":{"rendered":"<p style=\"text-align: left;\"><span style=\"color: #ff0000;\">Titre\u00a0: Conspiration 365<\/span><\/p>\n<p><span style=\"color: #ff0000;\">Auteur\u00a0: Gabrielle Lord<\/span><\/p>\n<div id=\"metaslider-id-583\" style=\"max-width: 150px;\" class=\"ml-slider-3-107-0 metaslider metaslider-coin metaslider-583 ml-slider ms-theme-default\" role=\"region\" aria-label=\"Conspiration 365\" data-height=\"180\" data-width=\"150\">\n    <div id=\"metaslider_container_583\">\n        <div id='metaslider_583' class='coin-slider'>\n<a href=\"javascript:void(0)\" target=\"_self\"><img decoding=\"async\" src=\"https:\/\/site.ac-martinique.fr\/clg-edapierre\/wp-content\/uploads\/sites\/54\/2016\/10\/Conspiration365_01-150x180.jpg\" height=\"180\" width=\"150\" alt=\"\" class=\"slider-583 slide-590 msDefaultImage\" style=\"display: none;\" \/><\/a>\n<a href=\"javascript:void(0)\" target=\"_self\"><img decoding=\"async\" src=\"https:\/\/site.ac-martinique.fr\/clg-edapierre\/wp-content\/uploads\/sites\/54\/2016\/10\/conspiration365_02-150x180.jpg\" height=\"180\" width=\"150\" alt=\"\" class=\"slider-583 slide-591 msDefaultImage\" style=\"display: none;\" \/><\/a>\n<a href=\"javascript:void(0)\" target=\"_self\"><img decoding=\"async\" src=\"https:\/\/site.ac-martinique.fr\/clg-edapierre\/wp-content\/uploads\/sites\/54\/2016\/10\/conspiration365_03-150x180.jpg\" height=\"180\" width=\"150\" alt=\"\" class=\"slider-583 slide-592 msDefaultImage\" style=\"display: none;\" \/><\/a>\n<a href=\"javascript:void(0)\" target=\"_self\"><img loading=\"lazy\" decoding=\"async\" src=\"https:\/\/site.ac-martinique.fr\/clg-edapierre\/wp-content\/uploads\/sites\/54\/2016\/10\/conspiration365_04-150x180.jpg\" height=\"180\" width=\"150\" alt=\"\" class=\"slider-583 slide-593 msDefaultImage\" style=\"display: none;\" \/><\/a>\n<a href=\"javascript:void(0)\" target=\"_self\"><img loading=\"lazy\" decoding=\"async\" src=\"https:\/\/site.ac-martinique.fr\/clg-edapierre\/wp-content\/uploads\/sites\/54\/2016\/10\/conspiration365_05-150x180.jpg\" height=\"180\" width=\"150\" alt=\"\" class=\"slider-583 slide-594 msDefaultImage\" style=\"display: none;\" \/><\/a>\n<a href=\"javascript:void(0)\" target=\"_self\"><img loading=\"lazy\" decoding=\"async\" src=\"https:\/\/site.ac-martinique.fr\/clg-edapierre\/wp-content\/uploads\/sites\/54\/2016\/10\/conspiration365_06-150x180.jpg\" height=\"180\" width=\"150\" alt=\"\" class=\"slider-583 slide-595 msDefaultImage\" style=\"display: none;\" \/><\/a>\n        <\/div>\n        \n    <\/div>\n<\/div>\n<p>Lieu o\u00f9 tu peux le trouver\u00a0: au CDI, espace romans.<\/p>\n<p>Il s\u2019agit d\u2019une s\u00e9rie\u00a0 en 12 tomes, tous pr\u00e9sents au CDI. Ce qui a de bien c\u2019est qu\u2019on peut suivre les aventures du h\u00e9ros \u00ab\u00a0Cal\u00a0\u00bb, mois apr\u00e8s mois puisque chaque tome correspond \u00e0 un mois de sa vie. C\u2019est un peu comme Harry Potter.<\/p>\n<p>C\u2019est en gros l\u2019histoire d\u2019un gar\u00e7on qui perd\u00a0 son p\u00e8re alors qu\u2019il n\u2019a que 15 ans. Il est rejet\u00e9 par sa famille qui pense qu\u2019il a voulu tuer son oncle et sa petite s\u0153ur. Il erre dans les rues et vit tout plein d\u2019aventures et d\u00e9couvre aussi l\u2019amour. Je le conseille car il est plein de rebondissements, de suspense. Pour tous ceux qui ont besoin de sensations fortes, c\u2019est ce qu\u2019il faut lire. Et puis, le personnage est attachant.<\/p>\n<p><a href=\"\/clg-edapierre\/wp-content\/uploads\/sites\/54\/2017\/01\/pochoir-122-ornement-grec.jpg\"><img loading=\"lazy\" decoding=\"async\" class=\" wp-image-704 aligncenter\" src=\"\/clg-edapierre\/wp-content\/uploads\/sites\/54\/2017\/01\/pochoir-122-ornement-grec-278x300.jpg\" alt=\"pochoir-122-ornement-grec\" width=\"133\" height=\"144\" srcset=\"https:\/\/site.ac-martinique.fr\/clg-edapierre\/wp-content\/uploads\/sites\/54\/2017\/01\/pochoir-122-ornement-grec-278x300.jpg 278w, https:\/\/site.ac-martinique.fr\/clg-edapierre\/wp-content\/uploads\/sites\/54\/2017\/01\/pochoir-122-ornement-grec.jpg 450w\" sizes=\"(max-width: 133px) 100vw, 133px\" \/><\/a><\/p>\n<p style=\"text-align: left;\"><span style=\"color: #ff0000;\">Titre\u00a0: Le h\u00e9ros perdu de la s\u00e9rie \u00a0&#8220;Les h\u00e9ros de l&#8217;Olympe&#8221;<\/span><\/p>\n<p><span style=\"color: #ff0000;\">Auteur\u00a0: Rick RIORDAN<\/span><\/p>\n<div id=\"metaslider-id-705\" style=\"max-width: 150px;\" class=\"ml-slider-3-107-0 metaslider metaslider-flex metaslider-705 ml-slider ms-theme-default nav-hidden\" role=\"region\" aria-label=\"les h\u00e9ros de l&amp;#039;olympe\" data-height=\"210\" data-width=\"150\">\n    <div id=\"metaslider_container_705\">\n        <div id=\"metaslider_705\" class=\"flexslider\">\n            <ul class='slides'>\n                <li style=\"display: block; width: 100%;\" class=\"slide-703 ms-image \" aria-roledescription=\"slide\" data-date=\"2017-01-06 03:00:37\" data-filename=\"Le_Heros_perdu_Heros_de_l_Olympe_tome_1-150x210.jpg\" data-slide-type=\"image\"><img loading=\"lazy\" decoding=\"async\" src=\"https:\/\/site.ac-martinique.fr\/clg-edapierre\/wp-content\/uploads\/sites\/54\/2017\/01\/Le_Heros_perdu_Heros_de_l_Olympe_tome_1-150x210.jpg\" height=\"210\" width=\"150\" alt=\"\" class=\"slider-705 slide-703 msDefaultImage\" \/><\/li>\n            <\/ul>\n        <\/div>\n        \n    <\/div>\n<\/div>\n<p>Parmi les nouveaut\u00e9s du CDI, je vous pr\u00e9sente aujourd\u2019hui le premier tome de la s\u00e9rie <u>Les h\u00e9ros de l\u2019Olympe<\/u> et qui s\u2019intitule \u00ab\u00a0Le h\u00e9ros perdu\u00a0\u00bb<\/p>\n<p>C\u2019est l\u2019histoire de Jason, fils de Zeus qui se lie d\u2019amiti\u00e9 avec Pipper, fille d\u2019Aphrodite et L\u00e9o, fils de H\u00e9pha\u00efstos. Ils d\u00e9couvrent qu\u2019ils ont un point commun\u00a0: ils sont des demi-dieux. Confront\u00e9s \u00e0 d\u2019\u00e9normes dangers chez les mortels, ils se r\u00e9fugient dans la colonie des sangs m\u00eal\u00e9s, lieux o\u00f9 ils vivent en toute s\u00e9curit\u00e9. Ils ont alors un d\u00e9fi \u00e0 relever, celui de lib\u00e9rer H\u00e9ra, la d\u00e9esse du mariage.<\/p>\n<p>Pour ceux qui aiment la mythologie et les romans d\u2019aventure, c\u2019est un ouvrage que je conseille. D\u2019ailleurs je suis devenue accro et compte bien lire toute la s\u00e9rie.<br \/>\n<a href=\"\/clg-edapierre\/wp-content\/uploads\/sites\/54\/2017\/01\/pochoir-122-ornement-grec.jpg\"><img loading=\"lazy\" decoding=\"async\" class=\" wp-image-704 aligncenter\" src=\"\/clg-edapierre\/wp-content\/uploads\/sites\/54\/2017\/01\/pochoir-122-ornement-grec-278x300.jpg\" alt=\"pochoir-122-ornement-grec\" width=\"133\" height=\"144\" srcset=\"https:\/\/site.ac-martinique.fr\/clg-edapierre\/wp-content\/uploads\/sites\/54\/2017\/01\/pochoir-122-ornement-grec-278x300.jpg 278w, https:\/\/site.ac-martinique.fr\/clg-edapierre\/wp-content\/uploads\/sites\/54\/2017\/01\/pochoir-122-ornement-grec.jpg 450w\" sizes=\"(max-width: 133px) 100vw, 133px\" \/><\/a><\/p>\n<p style=\"text-align: left;\"><span style=\"color: #ff0000;\">Titre\u00a0: De l&#8217;olympisme au handisport<\/span><\/p>\n<p><span style=\"color: #ff0000;\">Auteures\u00a0: Francine NARECE &#038; Mandy FRANCOIS-ELIE<\/span><br \/>\n<div id=\"metaslider-id-713\" style=\"max-width: 150px;\" class=\"ml-slider-3-107-0 metaslider metaslider-flex metaslider-713 ml-slider ms-theme-default nav-hidden nav-hidden\" role=\"region\" aria-label=\"de l&amp;#039;olympisme au handisport\" data-height=\"240\" data-width=\"150\">\n    <div id=\"metaslider_container_713\">\n        <div id=\"metaslider_713\" class=\"flexslider\">\n            <ul class='slides'>\n                <li style=\"display: block; width: 100%;\" class=\"slide-711 ms-image \" aria-roledescription=\"slide\" data-date=\"2017-01-06 03:57:30\" data-filename=\"de_lolympisme_au_handisport-150x240.jpg\" data-slide-type=\"image\"><img loading=\"lazy\" decoding=\"async\" src=\"https:\/\/site.ac-martinique.fr\/clg-edapierre\/wp-content\/uploads\/sites\/54\/2017\/01\/de_lolympisme_au_handisport-150x240.jpg\" height=\"240\" width=\"150\" alt=\"\" class=\"slider-713 slide-711 msDefaultImage\" \/><\/li>\n            <\/ul>\n        <\/div>\n        \n    <\/div>\n<\/div>\nC\u2019est l\u2019histoire d\u2019une jeune femme qui adolescente, \u00e9tait un des espoirs de l\u2019athl\u00e9tisme Martiniquais. Il s\u2019agit de Mandy Fran\u00e7ois-Elie qui a vu basculer  sa vie en 2008 suite \u00e0  un AVC alors qu\u2019elle n\u2019a que 19 ans. <\/p>\n<p>Du jour au lendemain, cette maladie r\u00e9duit son corps \u00e0 une masse inerte qui ne donnait que peu d\u2019espoir \u00e0 la m\u00e9decine puis \u00e0 un corps handicap\u00e9 qu\u2019elle aurait gard\u00e9 si elle n\u2019avait pas eu le courage de se battre. <\/p>\n<p>Selon ses dires, c\u2019est \u00e0 une rencontre myst\u00e9rieuse qu\u2019elle doit sa m\u00e9tamorphose en 2012 et en 2013 o\u00f9 elle devient double championne du monde handisport \u00e0 Lyon et m\u00e9daill\u00e9 d\u2019or aux jeux paralympiques de Londres.<\/p>\n<p>La lecture de cet ouvrage  a \u00e9t\u00e9 tr\u00e8s \u00e9prouvante pour moi au d\u00e9but. Par contre, \u00e0 la fin, je me suis rendue compte qu\u2019il y avait des gens en souffrance qui n\u2019abandonnent jamais les combats qu\u2019ils doivent mener. C\u2019est le cas de Mandy. <\/p>\n<p>Je conseille ce livre \u00e0 tous ceux qui aiment le sport  mais surtout \u00e0 tous ceux qui seraient tent\u00e9s de se d\u00e9courager au moindre petit probl\u00e8me.<br \/>\n<a href=\"\/clg-edapierre\/wp-content\/uploads\/sites\/54\/2017\/01\/pochoir-122-ornement-grec.jpg\"><img loading=\"lazy\" decoding=\"async\" class=\" wp-image-704 aligncenter\" src=\"\/clg-edapierre\/wp-content\/uploads\/sites\/54\/2017\/01\/pochoir-122-ornement-grec-278x300.jpg\" alt=\"pochoir-122-ornement-grec\" width=\"133\" height=\"144\" srcset=\"https:\/\/site.ac-martinique.fr\/clg-edapierre\/wp-content\/uploads\/sites\/54\/2017\/01\/pochoir-122-ornement-grec-278x300.jpg 278w, https:\/\/site.ac-martinique.fr\/clg-edapierre\/wp-content\/uploads\/sites\/54\/2017\/01\/pochoir-122-ornement-grec.jpg 450w\" sizes=\"(max-width: 133px) 100vw, 133px\" \/><\/a><\/p>\n<p style=\"text-align: left;\"><span style=\"color: #ff0000;\">Titre\u00a0: Le r\u00eave d&#8217;Isabeau (Les colombes du Roi-Soleil, Tome 5)<\/span><\/p>\n<p><span style=\"color: #ff0000;\">Auteure\u00a0: Anne-Marie DESPLAT-DUC<\/span><br \/>\n<div style=\"width: 480px;\" class=\"wp-video\"><video class=\"wp-video-shortcode\" id=\"video-554-1\" width=\"480\" height=\"360\" preload=\"metadata\" controls=\"controls\"><source type=\"video\/mp4\" src=\"\/clg-edapierre\/wp-content\/uploads\/sites\/54\/2017\/01\/LAETICIA.mp4?_=1\" \/><a href=\"\/clg-edapierre\/wp-content\/uploads\/sites\/54\/2017\/01\/LAETICIA.mp4\">\/clg-edapierre\/wp-content\/uploads\/sites\/54\/2017\/01\/LAETICIA.mp4<\/a><\/video><\/div>\n<a href=\"\/clg-edapierre\/wp-content\/uploads\/sites\/54\/2017\/01\/pochoir-122-ornement-grec.jpg\"><img loading=\"lazy\" decoding=\"async\" class=\" wp-image-704 aligncenter\" src=\"\/clg-edapierre\/wp-content\/uploads\/sites\/54\/2017\/01\/pochoir-122-ornement-grec-278x300.jpg\" alt=\"pochoir-122-ornement-grec\" width=\"133\" height=\"144\" srcset=\"https:\/\/site.ac-martinique.fr\/clg-edapierre\/wp-content\/uploads\/sites\/54\/2017\/01\/pochoir-122-ornement-grec-278x300.jpg 278w, https:\/\/site.ac-martinique.fr\/clg-edapierre\/wp-content\/uploads\/sites\/54\/2017\/01\/pochoir-122-ornement-grec.jpg 450w\" sizes=\"(max-width: 133px) 100vw, 133px\" \/><\/a><\/p>\n<p style=\"text-align: left;\"><span style=\"color: #ff0000;\">Titre :  \u00abLa s\u00e9lection\u00bb ,  premier tome d\u2019une s\u00e9rie intitul\u00e9e La S\u00e9lection. <\/span><\/p>\n<p><span style=\"color: #ff0000;\">Auteure : Kiera CASS<\/span><br \/>\n<div id=\"metaslider-id-721\" style=\"max-width: 150px;\" class=\"ml-slider-3-107-0 metaslider metaslider-flex metaslider-721 ml-slider ms-theme-default nav-hidden nav-hidden nav-hidden\" role=\"region\" aria-label=\"La s\u00e9lection\" data-height=\"230\" data-width=\"150\">\n    <div id=\"metaslider_container_721\">\n        <div id=\"metaslider_721\" class=\"flexslider\">\n            <ul class='slides'>\n                <li style=\"display: block; width: 100%;\" class=\"slide-718 ms-image \" aria-roledescription=\"slide\" data-date=\"2017-01-06 13:56:15\" data-filename=\"la_s\u00e9lection_tome1-150x230.jpg\" data-slide-type=\"image\"><img loading=\"lazy\" decoding=\"async\" src=\"https:\/\/site.ac-martinique.fr\/clg-edapierre\/wp-content\/uploads\/sites\/54\/2017\/01\/la_s\u00e9lection_tome1-150x230.jpg\" height=\"230\" width=\"150\" alt=\"\" class=\"slider-721 slide-718 msDefaultImage\" \/><\/li>\n            <\/ul>\n        <\/div>\n        \n    <\/div>\n<\/div>\nC\u2019est l\u2019histoire d\u2019America SINGER,  une jeune fille qui appartient \u00e0 un milieu social tr\u00e8s modeste. Un jour, elle re\u00e7oit une invitation \u00e0 s\u2019inscrire \u00e0 une comp\u00e9tition visant \u00e0 conqu\u00e9rir le c\u0153ur d\u2019un Prince, belle occasion de s\u2019\u00e9lever socialement.<\/p>\n<p>D\u00e9j\u00e0 amoureuse d\u2019Aspen, elle se retrouve confront\u00e9e \u00e0 un vrai dilemme : renoncer ou participer \u00e0 cette comp\u00e9tition.<br \/>\nFinalement, elle se lance en se rapprochant du prince. Ils apprennent \u00e0 se conna\u00eetre. Apr\u00e8s des d\u00e9buts compliqu\u00e9s et de nombreux rebondissements, ils tombent amoureux l\u2019un de l\u2019autre.<\/p>\n<p>A toutes celles qui ont ador\u00e9 les contes de f\u00e9es, je le conseille vivement car il est passionnant. Venez l\u2019emprunter au CDI !<\/p>\n<p>&nbsp;<\/p>\n","protected":false},"excerpt":{"rendered":"<p>Titre\u00a0: Conspiration 365 Auteur\u00a0: Gabrielle Lord Lieu o\u00f9 tu peux le trouver\u00a0: au CDI, espace romans. Il s\u2019agit d\u2019une s\u00e9rie\u00a0 &hellip; <\/p>\n<p class=\"link-more\"><a href=\"https:\/\/site.ac-martinique.fr\/clg-edapierre\/?page_id=554\" class=\"more-link\">Lire la suite&#8230;<span class=\"screen-reader-text\"> &#8220;Laeticia&#8221;<\/span><\/a><\/p>\n","protected":false},"author":127,"featured_media":0,"parent":491,"menu_order":2,"comment_status":"closed","ping_status":"closed","template":"","meta":{"pagelayer_contact_templates":[],"_pagelayer_content":"","_uag_custom_page_level_css":"","episode_type":"","audio_file":"","podmotor_file_id":"","podmotor_episode_id":"","cover_image":"","cover_image_id":"","duration":"","filesize":"","filesize_raw":"","date_recorded":"","explicit":"","block":"","itunes_episode_number":"","itunes_title":"","itunes_season_number":"","itunes_episode_type":"","_themeisle_gutenberg_block_has_review":false,"footnotes":"","_links_to":"","_links_to_target":""},"class_list":["post-554","page","type-page","status-publish","hentry"],"yoast_head":"<!-- This site is optimized with the Yoast SEO plugin v27.4 - https:\/\/yoast.com\/product\/yoast-seo-wordpress\/ -->\n<title>Laeticia - \u2728 Coll\u00e8ge Christiane EDA-PIERRE \u2728<\/title>\n<meta name=\"robots\" content=\"index, follow, max-snippet:-1, max-image-preview:large, max-video-preview:-1\" \/>\n<link rel=\"canonical\" href=\"https:\/\/site.ac-martinique.fr\/clg-edapierre\/?page_id=554\" \/>\n<meta property=\"og:locale\" content=\"fr_FR\" \/>\n<meta property=\"og:type\" content=\"article\" \/>\n<meta property=\"og:title\" content=\"Laeticia - \u2728 Coll\u00e8ge Christiane EDA-PIERRE \u2728\" \/>\n<meta property=\"og:description\" content=\"Titre\u00a0: Conspiration 365 Auteur\u00a0: Gabrielle Lord Lieu o\u00f9 tu peux le trouver\u00a0: au CDI, espace romans. Il s\u2019agit d\u2019une s\u00e9rie\u00a0 &hellip; Lire la suite... &quot;Laeticia&quot;\" \/>\n<meta property=\"og:url\" content=\"https:\/\/site.ac-martinique.fr\/clg-edapierre\/?page_id=554\" \/>\n<meta property=\"og:site_name\" content=\"\u2728 Coll\u00e8ge Christiane EDA-PIERRE \u2728\" \/>\n<meta property=\"article:modified_time\" content=\"2017-01-06T13:22:37+00:00\" \/>\n<meta name=\"twitter:card\" content=\"summary_large_image\" \/>\n<meta name=\"twitter:label1\" content=\"Dur\u00e9e de lecture estim\u00e9e\" \/>\n\t<meta name=\"twitter:data1\" content=\"4 minutes\" \/>\n<script type=\"application\/ld+json\" class=\"yoast-schema-graph\">{\"@context\":\"https:\\\/\\\/schema.org\",\"@graph\":[{\"@type\":\"WebPage\",\"@id\":\"https:\\\/\\\/site.ac-martinique.fr\\\/clg-edapierre\\\/?page_id=554\",\"url\":\"https:\\\/\\\/site.ac-martinique.fr\\\/clg-edapierre\\\/?page_id=554\",\"name\":\"Laeticia - \u2728 Coll\u00e8ge Christiane EDA-PIERRE \u2728\",\"isPartOf\":{\"@id\":\"https:\\\/\\\/site.ac-martinique.fr\\\/clg-edapierre\\\/#website\"},\"datePublished\":\"2016-10-16T05:45:22+00:00\",\"dateModified\":\"2017-01-06T13:22:37+00:00\",\"breadcrumb\":{\"@id\":\"https:\\\/\\\/site.ac-martinique.fr\\\/clg-edapierre\\\/?page_id=554#breadcrumb\"},\"inLanguage\":\"fr-FR\",\"potentialAction\":[{\"@type\":\"ReadAction\",\"target\":[\"https:\\\/\\\/site.ac-martinique.fr\\\/clg-edapierre\\\/?page_id=554\"]}]},{\"@type\":\"BreadcrumbList\",\"@id\":\"https:\\\/\\\/site.ac-martinique.fr\\\/clg-edapierre\\\/?page_id=554#breadcrumb\",\"itemListElement\":[{\"@type\":\"ListItem\",\"position\":1,\"name\":\"Accueil\",\"item\":\"https:\\\/\\\/site.ac-martinique.fr\\\/clg-edapierre\"},{\"@type\":\"ListItem\",\"position\":2,\"name\":\"CDI\",\"item\":\"https:\\\/\\\/site.ac-martinique.fr\\\/clg-edapierre\\\/?page_id=29\"},{\"@type\":\"ListItem\",\"position\":3,\"name\":\"Club Lecture\",\"item\":\"https:\\\/\\\/site.ac-martinique.fr\\\/clg-edapierre\\\/?page_id=491\"},{\"@type\":\"ListItem\",\"position\":4,\"name\":\"Laeticia\"}]},{\"@type\":\"WebSite\",\"@id\":\"https:\\\/\\\/site.ac-martinique.fr\\\/clg-edapierre\\\/#website\",\"url\":\"https:\\\/\\\/site.ac-martinique.fr\\\/clg-edapierre\\\/\",\"name\":\"\u2728 Coll\u00e8ge Christiane EDA-PIERRE \u2728\",\"description\":\"\",\"potentialAction\":[{\"@type\":\"SearchAction\",\"target\":{\"@type\":\"EntryPoint\",\"urlTemplate\":\"https:\\\/\\\/site.ac-martinique.fr\\\/clg-edapierre\\\/?s={search_term_string}\"},\"query-input\":{\"@type\":\"PropertyValueSpecification\",\"valueRequired\":true,\"valueName\":\"search_term_string\"}}],\"inLanguage\":\"fr-FR\"}]}<\/script>\n<!-- \/ Yoast SEO plugin. -->","yoast_head_json":{"title":"Laeticia - \u2728 Coll\u00e8ge Christiane EDA-PIERRE \u2728","robots":{"index":"index","follow":"follow","max-snippet":"max-snippet:-1","max-image-preview":"max-image-preview:large","max-video-preview":"max-video-preview:-1"},"canonical":"https:\/\/site.ac-martinique.fr\/clg-edapierre\/?page_id=554","og_locale":"fr_FR","og_type":"article","og_title":"Laeticia - \u2728 Coll\u00e8ge Christiane EDA-PIERRE \u2728","og_description":"Titre\u00a0: Conspiration 365 Auteur\u00a0: Gabrielle Lord Lieu o\u00f9 tu peux le trouver\u00a0: au CDI, espace romans. Il s\u2019agit d\u2019une s\u00e9rie\u00a0 &hellip; Lire la suite... \"Laeticia\"","og_url":"https:\/\/site.ac-martinique.fr\/clg-edapierre\/?page_id=554","og_site_name":"\u2728 Coll\u00e8ge Christiane EDA-PIERRE \u2728","article_modified_time":"2017-01-06T13:22:37+00:00","twitter_card":"summary_large_image","twitter_misc":{"Dur\u00e9e de lecture estim\u00e9e":"4 minutes"},"schema":{"@context":"https:\/\/schema.org","@graph":[{"@type":"WebPage","@id":"https:\/\/site.ac-martinique.fr\/clg-edapierre\/?page_id=554","url":"https:\/\/site.ac-martinique.fr\/clg-edapierre\/?page_id=554","name":"Laeticia - \u2728 Coll\u00e8ge Christiane EDA-PIERRE \u2728","isPartOf":{"@id":"https:\/\/site.ac-martinique.fr\/clg-edapierre\/#website"},"datePublished":"2016-10-16T05:45:22+00:00","dateModified":"2017-01-06T13:22:37+00:00","breadcrumb":{"@id":"https:\/\/site.ac-martinique.fr\/clg-edapierre\/?page_id=554#breadcrumb"},"inLanguage":"fr-FR","potentialAction":[{"@type":"ReadAction","target":["https:\/\/site.ac-martinique.fr\/clg-edapierre\/?page_id=554"]}]},{"@type":"BreadcrumbList","@id":"https:\/\/site.ac-martinique.fr\/clg-edapierre\/?page_id=554#breadcrumb","itemListElement":[{"@type":"ListItem","position":1,"name":"Accueil","item":"https:\/\/site.ac-martinique.fr\/clg-edapierre"},{"@type":"ListItem","position":2,"name":"CDI","item":"https:\/\/site.ac-martinique.fr\/clg-edapierre\/?page_id=29"},{"@type":"ListItem","position":3,"name":"Club Lecture","item":"https:\/\/site.ac-martinique.fr\/clg-edapierre\/?page_id=491"},{"@type":"ListItem","position":4,"name":"Laeticia"}]},{"@type":"WebSite","@id":"https:\/\/site.ac-martinique.fr\/clg-edapierre\/#website","url":"https:\/\/site.ac-martinique.fr\/clg-edapierre\/","name":"\u2728 Coll\u00e8ge Christiane EDA-PIERRE \u2728","description":"","potentialAction":[{"@type":"SearchAction","target":{"@type":"EntryPoint","urlTemplate":"https:\/\/site.ac-martinique.fr\/clg-edapierre\/?s={search_term_string}"},"query-input":{"@type":"PropertyValueSpecification","valueRequired":true,"valueName":"search_term_string"}}],"inLanguage":"fr-FR"}]}},"uagb_featured_image_src":{"full":false,"thumbnail":false,"medium":false,"medium_large":false,"large":false,"1536x1536":false,"2048x2048":false,"lambadalite-featured-image":false,"lambadalite-thumbnail-avatar":false,"mailpoet_newsletter_max":false},"uagb_author_info":{"display_name":"webmestre","author_link":"https:\/\/site.ac-martinique.fr\/clg-edapierre\/?author=127"},"uagb_comment_info":0,"uagb_excerpt":"Titre\u00a0: Conspiration 365 Auteur\u00a0: Gabrielle Lord Lieu o\u00f9 tu peux le trouver\u00a0: au CDI, espace romans. Il s\u2019agit d\u2019une s\u00e9rie\u00a0 &hellip; Lire la suite... \"Laeticia\"","publishpress_future_action":{"enabled":false,"date":"2026-04-21 14:29:07","action":"change-status","newStatus":"draft","terms":[],"taxonomy":"","extraData":[]},"publishpress_future_workflow_manual_trigger":{"enabledWorkflows":[]},"amp_enabled":true,"_links":{"self":[{"href":"https:\/\/site.ac-martinique.fr\/clg-edapierre\/index.php?rest_route=\/wp\/v2\/pages\/554","targetHints":{"allow":["GET"]}}],"collection":[{"href":"https:\/\/site.ac-martinique.fr\/clg-edapierre\/index.php?rest_route=\/wp\/v2\/pages"}],"about":[{"href":"https:\/\/site.ac-martinique.fr\/clg-edapierre\/index.php?rest_route=\/wp\/v2\/types\/page"}],"author":[{"embeddable":true,"href":"https:\/\/site.ac-martinique.fr\/clg-edapierre\/index.php?rest_route=\/wp\/v2\/users\/127"}],"replies":[{"embeddable":true,"href":"https:\/\/site.ac-martinique.fr\/clg-edapierre\/index.php?rest_route=%2Fwp%2Fv2%2Fcomments&post=554"}],"version-history":[{"count":18,"href":"https:\/\/site.ac-martinique.fr\/clg-edapierre\/index.php?rest_route=\/wp\/v2\/pages\/554\/revisions"}],"predecessor-version":[{"id":723,"href":"https:\/\/site.ac-martinique.fr\/clg-edapierre\/index.php?rest_route=\/wp\/v2\/pages\/554\/revisions\/723"}],"up":[{"embeddable":true,"href":"https:\/\/site.ac-martinique.fr\/clg-edapierre\/index.php?rest_route=\/wp\/v2\/pages\/491"}],"wp:attachment":[{"href":"https:\/\/site.ac-martinique.fr\/clg-edapierre\/index.php?rest_route=%2Fwp%2Fv2%2Fmedia&parent=554"}],"curies":[{"name":"wp","href":"https:\/\/api.w.org\/{rel}","templated":true}]}}