{"id":741,"date":"2017-01-20T03:44:10","date_gmt":"2017-01-20T02:44:10","guid":{"rendered":"\/clg-edapierre\/?page_id=741"},"modified":"2019-09-09T20:03:48","modified_gmt":"2019-09-09T19:03:48","slug":"fonds-social","status":"publish","type":"page","link":"https:\/\/site.ac-martinique.fr\/clg-edapierre\/?page_id=741","title":{"rendered":"Fonds Social"},"content":{"rendered":"<p><span style=\"color: #000000;\"><strong>Chers parents<\/strong>,<\/span><\/p>\n<p>Notre Coll\u00e8ge dispose d\u2019un budget particulier nomm\u00e9 le Fonds Social.<\/p>\n<p>Ce budget a pour but de venir en aide, de mani\u00e8re ponctuelle, rapide et adapt\u00e9e aux familles rencontrant des difficult\u00e9s financi\u00e8res. Nous pouvons vous aider sur des frais li\u00e9s \u00e0 la scolarit\u00e9 de votre enfant\u00a0:<\/p>\n<ul>\n<li>Cantine<\/li>\n<li>Transports et sorties scolaires<\/li>\n<li>Lunettes, appareils auditifs ou dentaires<\/li>\n<li>Tenues vestimentaires<\/li>\n<li>Mat\u00e9riels de sport, manuels ou fournitures scolaires<\/li>\n<li>Frais de voyage ou de s\u00e9jours li\u00e9s \u00e0 la scolarit\u00e9<\/li>\n<\/ul>\n<p>Pour faire une demande d\u2019aide sur le Fonds Social, vous devez contacter l\u2019Assistante de service social de l\u2019\u00e9tablissement\u00a0:<\/p>\n<p>Mme M\u00e9lanie ICORD<\/p>\n<p>Permanence au Coll\u00e8ge le Lundi matin de <span style=\"color: #ff0000;\">8h00<\/span> \u00e0 <span style=\"color: #ff0000;\">12h30<\/span><\/p>\n<p>Elle vous accompagne dans l\u2019instruction du dossier et pr\u00e9sente votre demande en Commission, tout en respectant son devoir du secret professionnel concernant votre vie priv\u00e9e.<\/p>\n<p>La Commission se r\u00e9unit pour \u00e9changer autour des demandes et prend une d\u00e9cision. Elle est compos\u00e9e de\u00a0:<\/p>\n<ul>\n<li>Le Chef d\u2019\u00e9tablissement<\/li>\n<li>L\u2019Assistante sociale<\/li>\n<li>Le CPE<\/li>\n<li>La Gestionnaire<\/li>\n<li>L\u2019Infirmi\u00e8re<\/li>\n<\/ul>\n<p>En cas d\u2019urgence, \u00a0le Principal du Coll\u00e8ge est la seule personne \u00e0 pouvoir prendre une d\u00e9cision sans l\u2019avis de la Commission.<\/p>\n<p>Ci-joint, vous trouverez un exemplaire \u00e0 t\u00e9l\u00e9charger du dossier de Fonds Social.<\/p>\n<h6>\u00c0 t\u00e9l\u00e9charger<br \/>\n<span style=\"color: #808080;\"><a style=\"color: #808080;\" href=\"\/clg-edapierre\/wp-content\/uploads\/sites\/54\/2017\/01\/Imprim\u00e9-fonds-social.docx\"><img decoding=\"async\" class=\"\" src=\"\/clg-edapierre\/wp-content\/uploads\/sites\/54\/2017\/01\/icone_document.png\" alt=\"dossier Fonds Social\" width=\"69\" height=\"69\" \/><\/a><\/span><\/h6>\n<p>Les documents \u00e0 joindre \u00e0 ce dossier sont les suivants\u00a0:<\/p>\n<ul>\n<li>La copie de votre livret de famille<\/li>\n<li>Votre derniers avis d\u2019imposition sur les revenus<\/li>\n<li>Si vous travaillez, votre dernier bulletin de salaire<\/li>\n<li>Si vous \u00eates au ch\u00f4mage, votre derni\u00e8re attestation P\u00f4le Emploi<\/li>\n<li>La derni\u00e8re attestation de la CAF (Prestations familiales, RSA,\u2026.)<\/li>\n<li>La derni\u00e8re quittance de loyer<\/li>\n<\/ul>\n<h6 style=\"text-align: right;\">M\u00e9lanie ICORD, Assistante Sociale.<\/h6>\n<p>&nbsp;<\/p>\n","protected":false},"excerpt":{"rendered":"<p>Chers parents, Notre Coll\u00e8ge dispose d\u2019un budget particulier nomm\u00e9 le Fonds Social. Ce budget a pour but de venir en &hellip; <\/p>\n<p class=\"link-more\"><a href=\"https:\/\/site.ac-martinique.fr\/clg-edapierre\/?page_id=741\" class=\"more-link\">Lire la suite&#8230;<span class=\"screen-reader-text\"> &#8220;Fonds Social&#8221;<\/span><\/a><\/p>\n","protected":false},"author":127,"featured_media":0,"parent":739,"menu_order":0,"comment_status":"closed","ping_status":"closed","template":"","meta":{"pagelayer_contact_templates":[],"_pagelayer_content":"","_uag_custom_page_level_css":"","episode_type":"","audio_file":"","podmotor_file_id":"","podmotor_episode_id":"","cover_image":"","cover_image_id":"","duration":"","filesize":"","filesize_raw":"","date_recorded":"","explicit":"","block":"","itunes_episode_number":"","itunes_title":"","itunes_season_number":"","itunes_episode_type":"","_themeisle_gutenberg_block_has_review":false,"footnotes":"","_links_to":"","_links_to_target":""},"class_list":["post-741","page","type-page","status-publish","hentry"],"yoast_head":"<!-- This site is optimized with the Yoast SEO plugin v27.4 - https:\/\/yoast.com\/product\/yoast-seo-wordpress\/ -->\n<title>Fonds Social - \u2728 Coll\u00e8ge Christiane EDA-PIERRE \u2728<\/title>\n<meta name=\"robots\" content=\"index, follow, max-snippet:-1, max-image-preview:large, max-video-preview:-1\" \/>\n<link rel=\"canonical\" href=\"https:\/\/site.ac-martinique.fr\/clg-edapierre\/?page_id=741\" \/>\n<meta property=\"og:locale\" content=\"fr_FR\" \/>\n<meta property=\"og:type\" content=\"article\" \/>\n<meta property=\"og:title\" content=\"Fonds Social - \u2728 Coll\u00e8ge Christiane EDA-PIERRE \u2728\" \/>\n<meta property=\"og:description\" content=\"Chers parents, Notre Coll\u00e8ge dispose d\u2019un budget particulier nomm\u00e9 le Fonds Social. Ce budget a pour but de venir en &hellip; Lire la suite... &quot;Fonds Social&quot;\" \/>\n<meta property=\"og:url\" content=\"https:\/\/site.ac-martinique.fr\/clg-edapierre\/?page_id=741\" \/>\n<meta property=\"og:site_name\" content=\"\u2728 Coll\u00e8ge Christiane EDA-PIERRE \u2728\" \/>\n<meta property=\"article:modified_time\" content=\"2019-09-09T19:03:48+00:00\" \/>\n<meta name=\"twitter:card\" content=\"summary_large_image\" \/>\n<meta name=\"twitter:label1\" content=\"Dur\u00e9e de lecture estim\u00e9e\" \/>\n\t<meta name=\"twitter:data1\" content=\"1 minute\" \/>\n<script type=\"application\/ld+json\" class=\"yoast-schema-graph\">{\"@context\":\"https:\\\/\\\/schema.org\",\"@graph\":[{\"@type\":\"WebPage\",\"@id\":\"https:\\\/\\\/site.ac-martinique.fr\\\/clg-edapierre\\\/?page_id=741\",\"url\":\"https:\\\/\\\/site.ac-martinique.fr\\\/clg-edapierre\\\/?page_id=741\",\"name\":\"Fonds Social - \u2728 Coll\u00e8ge Christiane EDA-PIERRE \u2728\",\"isPartOf\":{\"@id\":\"https:\\\/\\\/site.ac-martinique.fr\\\/clg-edapierre\\\/#website\"},\"datePublished\":\"2017-01-20T02:44:10+00:00\",\"dateModified\":\"2019-09-09T19:03:48+00:00\",\"breadcrumb\":{\"@id\":\"https:\\\/\\\/site.ac-martinique.fr\\\/clg-edapierre\\\/?page_id=741#breadcrumb\"},\"inLanguage\":\"fr-FR\",\"potentialAction\":[{\"@type\":\"ReadAction\",\"target\":[\"https:\\\/\\\/site.ac-martinique.fr\\\/clg-edapierre\\\/?page_id=741\"]}]},{\"@type\":\"BreadcrumbList\",\"@id\":\"https:\\\/\\\/site.ac-martinique.fr\\\/clg-edapierre\\\/?page_id=741#breadcrumb\",\"itemListElement\":[{\"@type\":\"ListItem\",\"position\":1,\"name\":\"Accueil\",\"item\":\"https:\\\/\\\/site.ac-martinique.fr\\\/clg-edapierre\"},{\"@type\":\"ListItem\",\"position\":2,\"name\":\"Parents\",\"item\":\"https:\\\/\\\/site.ac-martinique.fr\\\/clg-edapierre\\\/?page_id=739\"},{\"@type\":\"ListItem\",\"position\":3,\"name\":\"Fonds Social\"}]},{\"@type\":\"WebSite\",\"@id\":\"https:\\\/\\\/site.ac-martinique.fr\\\/clg-edapierre\\\/#website\",\"url\":\"https:\\\/\\\/site.ac-martinique.fr\\\/clg-edapierre\\\/\",\"name\":\"\u2728 Coll\u00e8ge Christiane EDA-PIERRE \u2728\",\"description\":\"\",\"potentialAction\":[{\"@type\":\"SearchAction\",\"target\":{\"@type\":\"EntryPoint\",\"urlTemplate\":\"https:\\\/\\\/site.ac-martinique.fr\\\/clg-edapierre\\\/?s={search_term_string}\"},\"query-input\":{\"@type\":\"PropertyValueSpecification\",\"valueRequired\":true,\"valueName\":\"search_term_string\"}}],\"inLanguage\":\"fr-FR\"}]}<\/script>\n<!-- \/ Yoast SEO plugin. -->","yoast_head_json":{"title":"Fonds Social - \u2728 Coll\u00e8ge Christiane EDA-PIERRE \u2728","robots":{"index":"index","follow":"follow","max-snippet":"max-snippet:-1","max-image-preview":"max-image-preview:large","max-video-preview":"max-video-preview:-1"},"canonical":"https:\/\/site.ac-martinique.fr\/clg-edapierre\/?page_id=741","og_locale":"fr_FR","og_type":"article","og_title":"Fonds Social - \u2728 Coll\u00e8ge Christiane EDA-PIERRE \u2728","og_description":"Chers parents, Notre Coll\u00e8ge dispose d\u2019un budget particulier nomm\u00e9 le Fonds Social. Ce budget a pour but de venir en &hellip; Lire la suite... \"Fonds Social\"","og_url":"https:\/\/site.ac-martinique.fr\/clg-edapierre\/?page_id=741","og_site_name":"\u2728 Coll\u00e8ge Christiane EDA-PIERRE \u2728","article_modified_time":"2019-09-09T19:03:48+00:00","twitter_card":"summary_large_image","twitter_misc":{"Dur\u00e9e de lecture estim\u00e9e":"1 minute"},"schema":{"@context":"https:\/\/schema.org","@graph":[{"@type":"WebPage","@id":"https:\/\/site.ac-martinique.fr\/clg-edapierre\/?page_id=741","url":"https:\/\/site.ac-martinique.fr\/clg-edapierre\/?page_id=741","name":"Fonds Social - \u2728 Coll\u00e8ge Christiane EDA-PIERRE \u2728","isPartOf":{"@id":"https:\/\/site.ac-martinique.fr\/clg-edapierre\/#website"},"datePublished":"2017-01-20T02:44:10+00:00","dateModified":"2019-09-09T19:03:48+00:00","breadcrumb":{"@id":"https:\/\/site.ac-martinique.fr\/clg-edapierre\/?page_id=741#breadcrumb"},"inLanguage":"fr-FR","potentialAction":[{"@type":"ReadAction","target":["https:\/\/site.ac-martinique.fr\/clg-edapierre\/?page_id=741"]}]},{"@type":"BreadcrumbList","@id":"https:\/\/site.ac-martinique.fr\/clg-edapierre\/?page_id=741#breadcrumb","itemListElement":[{"@type":"ListItem","position":1,"name":"Accueil","item":"https:\/\/site.ac-martinique.fr\/clg-edapierre"},{"@type":"ListItem","position":2,"name":"Parents","item":"https:\/\/site.ac-martinique.fr\/clg-edapierre\/?page_id=739"},{"@type":"ListItem","position":3,"name":"Fonds Social"}]},{"@type":"WebSite","@id":"https:\/\/site.ac-martinique.fr\/clg-edapierre\/#website","url":"https:\/\/site.ac-martinique.fr\/clg-edapierre\/","name":"\u2728 Coll\u00e8ge Christiane EDA-PIERRE \u2728","description":"","potentialAction":[{"@type":"SearchAction","target":{"@type":"EntryPoint","urlTemplate":"https:\/\/site.ac-martinique.fr\/clg-edapierre\/?s={search_term_string}"},"query-input":{"@type":"PropertyValueSpecification","valueRequired":true,"valueName":"search_term_string"}}],"inLanguage":"fr-FR"}]}},"uagb_featured_image_src":{"full":false,"thumbnail":false,"medium":false,"medium_large":false,"large":false,"1536x1536":false,"2048x2048":false,"lambadalite-featured-image":false,"lambadalite-thumbnail-avatar":false,"mailpoet_newsletter_max":false},"uagb_author_info":{"display_name":"webmestre","author_link":"https:\/\/site.ac-martinique.fr\/clg-edapierre\/?author=127"},"uagb_comment_info":0,"uagb_excerpt":"Chers parents, Notre Coll\u00e8ge dispose d\u2019un budget particulier nomm\u00e9 le Fonds Social. Ce budget a pour but de venir en &hellip; Lire la suite... \"Fonds Social\"","publishpress_future_action":{"enabled":false,"date":"2026-04-22 04:19:56","action":"change-status","newStatus":"draft","terms":[],"taxonomy":"","extraData":[]},"publishpress_future_workflow_manual_trigger":{"enabledWorkflows":[]},"amp_enabled":true,"_links":{"self":[{"href":"https:\/\/site.ac-martinique.fr\/clg-edapierre\/index.php?rest_route=\/wp\/v2\/pages\/741","targetHints":{"allow":["GET"]}}],"collection":[{"href":"https:\/\/site.ac-martinique.fr\/clg-edapierre\/index.php?rest_route=\/wp\/v2\/pages"}],"about":[{"href":"https:\/\/site.ac-martinique.fr\/clg-edapierre\/index.php?rest_route=\/wp\/v2\/types\/page"}],"author":[{"embeddable":true,"href":"https:\/\/site.ac-martinique.fr\/clg-edapierre\/index.php?rest_route=\/wp\/v2\/users\/127"}],"replies":[{"embeddable":true,"href":"https:\/\/site.ac-martinique.fr\/clg-edapierre\/index.php?rest_route=%2Fwp%2Fv2%2Fcomments&post=741"}],"version-history":[{"count":31,"href":"https:\/\/site.ac-martinique.fr\/clg-edapierre\/index.php?rest_route=\/wp\/v2\/pages\/741\/revisions"}],"predecessor-version":[{"id":1043,"href":"https:\/\/site.ac-martinique.fr\/clg-edapierre\/index.php?rest_route=\/wp\/v2\/pages\/741\/revisions\/1043"}],"up":[{"embeddable":true,"href":"https:\/\/site.ac-martinique.fr\/clg-edapierre\/index.php?rest_route=\/wp\/v2\/pages\/739"}],"wp:attachment":[{"href":"https:\/\/site.ac-martinique.fr\/clg-edapierre\/index.php?rest_route=%2Fwp%2Fv2%2Fmedia&parent=741"}],"curies":[{"name":"wp","href":"https:\/\/api.w.org\/{rel}","templated":true}]}}