{"id":81,"date":"2016-06-12T22:51:51","date_gmt":"2016-06-12T21:51:51","guid":{"rendered":"\/clg-edapierre\/?page_id=81"},"modified":"2025-03-05T22:14:30","modified_gmt":"2025-03-05T23:14:30","slug":"informations-et-contacts","status":"publish","type":"page","link":"https:\/\/site.ac-martinique.fr\/clg-edapierre\/?page_id=81","title":{"rendered":"Informations et contacts"},"content":{"rendered":"<p style=\"text-align: center;\"><strong>Coll\u00e8ge Christiane EDA-PIERRE<\/strong><br \/>\nRue Louis Muratet 97 260 &#8211; MORNE ROUGE<br \/>\nTel: 05 96 52 35 36 &#8211; Fax: 05 96 52 53 50<\/p>\n<p style=\"text-align: justify;\"><strong>Les horaires<\/strong><\/p>\n<p style=\"text-align: justify;\">Le coll\u00e8ge est ouvert du Lundi au Vendredi, de 7h25 \u00e0 12h35 le matin et de 14h \u00e0 17h l&#8217;apr\u00e8s-midi.<\/p>\n<p style=\"text-align: justify;\"><strong>Le r\u00e9seau d&#8217;Education Prioritaire (REP)<\/strong><\/p>\n<p style=\"text-align: justify;\">Le Coll\u00e8ge Christiane EDA-PIERRE est situ\u00e9 dans un R\u00e9seau d&#8217;Education Prioritaire (R.E.P.) en raison d&#8217;un environnement socialement d\u00e9favoris\u00e9.<\/p>\n<p style=\"text-align: justify;\">Les taux de r\u00e9ussite au D.N.B, Dipl\u00f4me National du Brevet, d\u00e9passent les 90% (93% en 2021 &#8211; 97,8% en 2022 &#8211; 93,1% en 2023 &#8211; 100% en 2024) et la moiti\u00e9 des \u00e9l\u00e8ves se dirigent vers une seconde g\u00e9n\u00e9rale ou technologique.<\/p>\n<p style=\"text-align: justify;\">L&#8217;autre moiti\u00e9 des \u00e9l\u00e8ves est orient\u00e9e vers une seconde professionnelle ou vers une premi\u00e8re ann\u00e9e de C.A.P.<\/p>\n","protected":false},"excerpt":{"rendered":"<p>Coll\u00e8ge Christiane EDA-PIERRE Rue Louis Muratet 97 260 &#8211; MORNE ROUGE Tel: 05 96 52 35 36 &#8211; Fax: 05 &hellip; <\/p>\n<p class=\"link-more\"><a href=\"https:\/\/site.ac-martinique.fr\/clg-edapierre\/?page_id=81\" class=\"more-link\">Lire la suite&#8230;<span class=\"screen-reader-text\"> &#8220;Informations et contacts&#8221;<\/span><\/a><\/p>\n","protected":false},"author":127,"featured_media":0,"parent":21,"menu_order":0,"comment_status":"closed","ping_status":"closed","template":"","meta":{"pagelayer_contact_templates":[],"_pagelayer_content":"","_uag_custom_page_level_css":"","episode_type":"","audio_file":"","podmotor_file_id":"","podmotor_episode_id":"","cover_image":"","cover_image_id":"","duration":"","filesize":"","filesize_raw":"","date_recorded":"","explicit":"","block":"","itunes_episode_number":"","itunes_title":"","itunes_season_number":"","itunes_episode_type":"","_themeisle_gutenberg_block_has_review":false,"footnotes":"","_links_to":"","_links_to_target":""},"class_list":["post-81","page","type-page","status-publish","hentry"],"yoast_head":"<!-- This site is optimized with the Yoast SEO plugin v27.5 - https:\/\/yoast.com\/product\/yoast-seo-wordpress\/ -->\n<title>Informations et contacts - \u2728 Coll\u00e8ge Christiane EDA-PIERRE \u2728<\/title>\n<meta name=\"robots\" content=\"index, follow, max-snippet:-1, max-image-preview:large, max-video-preview:-1\" \/>\n<link rel=\"canonical\" href=\"https:\/\/site.ac-martinique.fr\/clg-edapierre\/?page_id=81\" \/>\n<meta property=\"og:locale\" content=\"fr_FR\" \/>\n<meta property=\"og:type\" content=\"article\" \/>\n<meta property=\"og:title\" content=\"Informations et contacts - \u2728 Coll\u00e8ge Christiane EDA-PIERRE \u2728\" \/>\n<meta property=\"og:description\" content=\"Coll\u00e8ge Christiane EDA-PIERRE Rue Louis Muratet 97 260 &#8211; MORNE ROUGE Tel: 05 96 52 35 36 &#8211; Fax: 05 &hellip; Lire la suite... &quot;Informations et contacts&quot;\" \/>\n<meta property=\"og:url\" content=\"https:\/\/site.ac-martinique.fr\/clg-edapierre\/?page_id=81\" \/>\n<meta property=\"og:site_name\" content=\"\u2728 Coll\u00e8ge Christiane EDA-PIERRE \u2728\" \/>\n<meta property=\"article:modified_time\" content=\"2025-03-05T23:14:30+00:00\" \/>\n<meta name=\"twitter:card\" content=\"summary_large_image\" \/>\n<meta name=\"twitter:label1\" content=\"Dur\u00e9e de lecture estim\u00e9e\" \/>\n\t<meta name=\"twitter:data1\" content=\"1 minute\" \/>\n<script type=\"application\/ld+json\" class=\"yoast-schema-graph\">{\"@context\":\"https:\\\/\\\/schema.org\",\"@graph\":[{\"@type\":\"WebPage\",\"@id\":\"https:\\\/\\\/site.ac-martinique.fr\\\/clg-edapierre\\\/?page_id=81\",\"url\":\"https:\\\/\\\/site.ac-martinique.fr\\\/clg-edapierre\\\/?page_id=81\",\"name\":\"Informations et contacts - \u2728 Coll\u00e8ge Christiane EDA-PIERRE \u2728\",\"isPartOf\":{\"@id\":\"https:\\\/\\\/site.ac-martinique.fr\\\/clg-edapierre\\\/#website\"},\"datePublished\":\"2016-06-12T21:51:51+00:00\",\"dateModified\":\"2025-03-05T23:14:30+00:00\",\"breadcrumb\":{\"@id\":\"https:\\\/\\\/site.ac-martinique.fr\\\/clg-edapierre\\\/?page_id=81#breadcrumb\"},\"inLanguage\":\"fr-FR\",\"potentialAction\":[{\"@type\":\"ReadAction\",\"target\":[\"https:\\\/\\\/site.ac-martinique.fr\\\/clg-edapierre\\\/?page_id=81\"]}]},{\"@type\":\"BreadcrumbList\",\"@id\":\"https:\\\/\\\/site.ac-martinique.fr\\\/clg-edapierre\\\/?page_id=81#breadcrumb\",\"itemListElement\":[{\"@type\":\"ListItem\",\"position\":1,\"name\":\"Accueil\",\"item\":\"https:\\\/\\\/site.ac-martinique.fr\\\/clg-edapierre\"},{\"@type\":\"ListItem\",\"position\":2,\"name\":\"L&#8217;\u00e9tablissement\",\"item\":\"https:\\\/\\\/site.ac-martinique.fr\\\/clg-edapierre\\\/?page_id=21\"},{\"@type\":\"ListItem\",\"position\":3,\"name\":\"Informations et contacts\"}]},{\"@type\":\"WebSite\",\"@id\":\"https:\\\/\\\/site.ac-martinique.fr\\\/clg-edapierre\\\/#website\",\"url\":\"https:\\\/\\\/site.ac-martinique.fr\\\/clg-edapierre\\\/\",\"name\":\"\u2728 Coll\u00e8ge Christiane EDA-PIERRE \u2728\",\"description\":\"\",\"potentialAction\":[{\"@type\":\"SearchAction\",\"target\":{\"@type\":\"EntryPoint\",\"urlTemplate\":\"https:\\\/\\\/site.ac-martinique.fr\\\/clg-edapierre\\\/?s={search_term_string}\"},\"query-input\":{\"@type\":\"PropertyValueSpecification\",\"valueRequired\":true,\"valueName\":\"search_term_string\"}}],\"inLanguage\":\"fr-FR\"}]}<\/script>\n<!-- \/ Yoast SEO plugin. -->","yoast_head_json":{"title":"Informations et contacts - \u2728 Coll\u00e8ge Christiane EDA-PIERRE \u2728","robots":{"index":"index","follow":"follow","max-snippet":"max-snippet:-1","max-image-preview":"max-image-preview:large","max-video-preview":"max-video-preview:-1"},"canonical":"https:\/\/site.ac-martinique.fr\/clg-edapierre\/?page_id=81","og_locale":"fr_FR","og_type":"article","og_title":"Informations et contacts - \u2728 Coll\u00e8ge Christiane EDA-PIERRE \u2728","og_description":"Coll\u00e8ge Christiane EDA-PIERRE Rue Louis Muratet 97 260 &#8211; MORNE ROUGE Tel: 05 96 52 35 36 &#8211; Fax: 05 &hellip; Lire la suite... \"Informations et contacts\"","og_url":"https:\/\/site.ac-martinique.fr\/clg-edapierre\/?page_id=81","og_site_name":"\u2728 Coll\u00e8ge Christiane EDA-PIERRE \u2728","article_modified_time":"2025-03-05T23:14:30+00:00","twitter_card":"summary_large_image","twitter_misc":{"Dur\u00e9e de lecture estim\u00e9e":"1 minute"},"schema":{"@context":"https:\/\/schema.org","@graph":[{"@type":"WebPage","@id":"https:\/\/site.ac-martinique.fr\/clg-edapierre\/?page_id=81","url":"https:\/\/site.ac-martinique.fr\/clg-edapierre\/?page_id=81","name":"Informations et contacts - \u2728 Coll\u00e8ge Christiane EDA-PIERRE \u2728","isPartOf":{"@id":"https:\/\/site.ac-martinique.fr\/clg-edapierre\/#website"},"datePublished":"2016-06-12T21:51:51+00:00","dateModified":"2025-03-05T23:14:30+00:00","breadcrumb":{"@id":"https:\/\/site.ac-martinique.fr\/clg-edapierre\/?page_id=81#breadcrumb"},"inLanguage":"fr-FR","potentialAction":[{"@type":"ReadAction","target":["https:\/\/site.ac-martinique.fr\/clg-edapierre\/?page_id=81"]}]},{"@type":"BreadcrumbList","@id":"https:\/\/site.ac-martinique.fr\/clg-edapierre\/?page_id=81#breadcrumb","itemListElement":[{"@type":"ListItem","position":1,"name":"Accueil","item":"https:\/\/site.ac-martinique.fr\/clg-edapierre"},{"@type":"ListItem","position":2,"name":"L&#8217;\u00e9tablissement","item":"https:\/\/site.ac-martinique.fr\/clg-edapierre\/?page_id=21"},{"@type":"ListItem","position":3,"name":"Informations et contacts"}]},{"@type":"WebSite","@id":"https:\/\/site.ac-martinique.fr\/clg-edapierre\/#website","url":"https:\/\/site.ac-martinique.fr\/clg-edapierre\/","name":"\u2728 Coll\u00e8ge Christiane EDA-PIERRE \u2728","description":"","potentialAction":[{"@type":"SearchAction","target":{"@type":"EntryPoint","urlTemplate":"https:\/\/site.ac-martinique.fr\/clg-edapierre\/?s={search_term_string}"},"query-input":{"@type":"PropertyValueSpecification","valueRequired":true,"valueName":"search_term_string"}}],"inLanguage":"fr-FR"}]}},"uagb_featured_image_src":{"full":false,"thumbnail":false,"medium":false,"medium_large":false,"large":false,"1536x1536":false,"2048x2048":false,"smart-post-landscape":false,"smart-post-portrait":false,"lambadalite-featured-image":false,"lambadalite-thumbnail-avatar":false,"mailpoet_newsletter_max":false},"uagb_author_info":{"display_name":"webmestre","author_link":"https:\/\/site.ac-martinique.fr\/clg-edapierre\/?author=127"},"uagb_comment_info":0,"uagb_excerpt":"Coll\u00e8ge Christiane EDA-PIERRE Rue Louis Muratet 97 260 &#8211; MORNE ROUGE Tel: 05 96 52 35 36 &#8211; Fax: 05 &hellip; Lire la suite... \"Informations et contacts\"","publishpress_future_action":{"enabled":false,"date":"2026-05-14 10:41:19","action":"change-status","newStatus":"draft","terms":[],"taxonomy":"","extraData":[]},"publishpress_future_workflow_manual_trigger":{"enabledWorkflows":[]},"amp_enabled":true,"_links":{"self":[{"href":"https:\/\/site.ac-martinique.fr\/clg-edapierre\/index.php?rest_route=\/wp\/v2\/pages\/81","targetHints":{"allow":["GET"]}}],"collection":[{"href":"https:\/\/site.ac-martinique.fr\/clg-edapierre\/index.php?rest_route=\/wp\/v2\/pages"}],"about":[{"href":"https:\/\/site.ac-martinique.fr\/clg-edapierre\/index.php?rest_route=\/wp\/v2\/types\/page"}],"author":[{"embeddable":true,"href":"https:\/\/site.ac-martinique.fr\/clg-edapierre\/index.php?rest_route=\/wp\/v2\/users\/127"}],"replies":[{"embeddable":true,"href":"https:\/\/site.ac-martinique.fr\/clg-edapierre\/index.php?rest_route=%2Fwp%2Fv2%2Fcomments&post=81"}],"version-history":[{"count":5,"href":"https:\/\/site.ac-martinique.fr\/clg-edapierre\/index.php?rest_route=\/wp\/v2\/pages\/81\/revisions"}],"predecessor-version":[{"id":2492,"href":"https:\/\/site.ac-martinique.fr\/clg-edapierre\/index.php?rest_route=\/wp\/v2\/pages\/81\/revisions\/2492"}],"up":[{"embeddable":true,"href":"https:\/\/site.ac-martinique.fr\/clg-edapierre\/index.php?rest_route=\/wp\/v2\/pages\/21"}],"wp:attachment":[{"href":"https:\/\/site.ac-martinique.fr\/clg-edapierre\/index.php?rest_route=%2Fwp%2Fv2%2Fmedia&parent=81"}],"curies":[{"name":"wp","href":"https:\/\/api.w.org\/{rel}","templated":true}]}}