{"id":865,"date":"2017-12-05T17:01:35","date_gmt":"2017-12-05T16:01:35","guid":{"rendered":"\/clg-edapierre\/?page_id=865"},"modified":"2022-06-28T16:44:03","modified_gmt":"2022-06-28T15:44:03","slug":"web-radio","status":"publish","type":"page","link":"https:\/\/site.ac-martinique.fr\/clg-edapierre\/?page_id=865","title":{"rendered":"Web Radio"},"content":{"rendered":"\n<p><strong>Emission 19. &#8220;Rencontre avec Simon Jean-Joseph&#8221;<\/strong><\/p>\n\n\n\n<figure class=\"wp-block-image size-full is-resized\"><a href=\"https:\/\/drive.google.com\/file\/d\/1DFx8t-35c7Y0qLwfxhfTbsAtAKamCN60\/view?usp=sharing\" target=\"_blank\" rel=\"noreferrer noopener\"><img decoding=\"async\" src=\"https:\/\/site.ac-martinique.fr\/clg-edapierre\/wp-content\/uploads\/sites\/54\/2022\/06\/image-4.png\" alt=\"\" class=\"wp-image-2199\" width=\"132\" height=\"111\"\/><\/a><\/figure>\n\n\n\n<p>Emission 2021-2022<\/p>\n\n\n\n<p><strong>Emission 18. &#8220;Emission autour de la Protection de l&#8217;environnement &#8220;<\/strong><\/p>\n\n\n\n<figure class=\"wp-block-image size-full is-resized\"><a href=\"https:\/\/drive.google.com\/file\/d\/1DE2VgcjP6X1FC1PJ7RvYXskxmhbbD1P2\/view?usp=sharing\" target=\"_blank\" rel=\"noreferrer noopener\"><img decoding=\"async\" src=\"https:\/\/site.ac-martinique.fr\/clg-edapierre\/wp-content\/uploads\/sites\/54\/2022\/06\/image-3.png\" alt=\"\" class=\"wp-image-2198\" width=\"133\" height=\"111\"\/><\/a><\/figure>\n\n\n\n<p>Emission 2021-2022<\/p>\n\n\n\n<p><strong>Emission 17. &#8220;Emission sur le dispositif Jeunes En Librairie&#8221;<\/strong><\/p>\n\n\n\n<figure class=\"wp-block-image size-full is-resized\"><a href=\"https:\/\/drive.google.com\/file\/d\/1M74YPOnrTLyXt4r6WuBrKUGmDMZbARsI\/view?usp=sharing\" target=\"_blank\" rel=\"noreferrer noopener\"><img decoding=\"async\" src=\"https:\/\/site.ac-martinique.fr\/clg-edapierre\/wp-content\/uploads\/sites\/54\/2022\/06\/image-2.png\" alt=\"\" class=\"wp-image-2197\" width=\"130\" height=\"109\"\/><\/a><\/figure>\n\n\n\n<p>Emission 2021-2022<\/p>\n\n\n<p><strong>Emission 16. &#8220;Emission autour des fables de Jean de La Fontaine&#8221;<\/strong><\/p>\n<p><a href=\"https:\/\/drive.google.com\/file\/d\/1BdsY8BhrpHKRD6hndzf38hWwzRDYOJ45\/view?usp=sharing\" target=\"_blank\" rel=\"noopener\"><img loading=\"lazy\" decoding=\"async\" class=\"alignnone\" src=\"https:\/\/site.ac-martinique.fr\/clg-edapierre\/wp-content\/uploads\/sites\/54\/2017\/12\/images.png\" alt=\"images\" width=\"127\" height=\"107\" \/><\/a><\/p>\n<p>Emission 2021-2022<\/p>\n<p><strong>Emission 15. &#8220;Visite de l\u2019\u00e9cole Marie-Labarde&#8221;<\/strong><\/p>\n<p><a href=\"https:\/\/drive.google.com\/open?id=1oCA4yfESfJaUAA1LrpM4do4nahLF0uRN\"><img loading=\"lazy\" decoding=\"async\" class=\"alignnone wp-image-873\" src=\"\/clg-edapierre\/wp-content\/uploads\/sites\/54\/2017\/12\/images.png\" alt=\"images\" width=\"82\" height=\"69\" \/><\/a><\/p>\n<p><strong>&#8212;&#8212;&#8212;&#8212;&#8212;&#8212;&#8212;&#8212;&#8212;&#8212;&#8212;&#8212;&#8212;&#8212;&#8212;&#8212;&#8212;&#8212;&#8212;&#8212;&#8212;&#8212;&#8212;&#8212;&#8212;&#8212;&#8212;&#8212;&#8212;&#8212;<\/strong><\/p>\n<p><strong>Emission 14. &#8220;Ouverture de la semaine de la presse 2019 \u00e0 l\u2019ESPE&#8221;<\/strong><\/p>\n<p><a href=\"https:\/\/drive.google.com\/open?id=1tkVdvGGVXNYfguY-3qoPpd-6mkVZ-43X\"><img loading=\"lazy\" decoding=\"async\" class=\"alignnone wp-image-873\" src=\"\/clg-edapierre\/wp-content\/uploads\/sites\/54\/2017\/12\/images.png\" alt=\"images\" width=\"82\" height=\"69\" \/><\/a><\/p>\n<p><strong>&#8212;&#8212;&#8212;&#8212;&#8212;&#8212;&#8212;&#8212;&#8212;&#8212;&#8212;&#8212;&#8212;&#8212;&#8212;&#8212;&#8212;&#8212;&#8212;&#8212;&#8212;&#8212;&#8212;&#8212;&#8212;&#8212;&#8212;&#8212;&#8212;&#8212;<\/strong><\/p>\n<p><strong>Emission 13. Juin 2019 &#8220;L\u2019atelier slam du coll\u00e8ge EDA-PIERRE a re\u00e7u les \u00e9l\u00e8ves de l\u2019atelier slam du coll\u00e8ge Notre Dame de la D\u00e9livrande du Morne-Rouge&#8221;<\/strong><\/p>\n<p><a href=\"https:\/\/drive.google.com\/open?id=1Kwx11etSxmjA4RJ_DFjmtD70WDqTff1F\"><img loading=\"lazy\" decoding=\"async\" class=\"alignnone wp-image-873\" src=\"\/clg-edapierre\/wp-content\/uploads\/sites\/54\/2017\/12\/images.png\" alt=\"images\" width=\"82\" height=\"69\" \/><\/a><\/p>\n<p><strong>&#8212;&#8212;&#8212;&#8212;&#8212;&#8212;&#8212;&#8212;&#8212;&#8212;&#8212;&#8212;&#8212;&#8212;&#8212;&#8212;&#8212;&#8212;&#8212;&#8212;&#8212;&#8212;&#8212;&#8212;&#8212;&#8212;&#8212;&#8212;&#8212;&#8212;<\/strong><\/p>\n<p><strong>Emission 12. Juin 2019 &#8220;Slam it show &#8230; Les membres de l\u2019atelier slam sous l\u2019\u00e9gide de Mr Marraud, sont venus faire la promotion de l\u2019atelier.&#8221;<\/strong><\/p>\n<p><a href=\"https:\/\/drive.google.com\/open?id=1-cgT90kA2lxeJX1i5G4RKAKD_qS3ohjB\"><img loading=\"lazy\" decoding=\"async\" class=\"alignnone wp-image-873\" src=\"\/clg-edapierre\/wp-content\/uploads\/sites\/54\/2017\/12\/images.png\" alt=\"images\" width=\"82\" height=\"69\" \/><\/a><\/p>\n<p><strong>&#8212;&#8212;&#8212;&#8212;&#8212;&#8212;&#8212;&#8212;&#8212;&#8212;&#8212;&#8212;&#8212;&#8212;&#8212;&#8212;&#8212;&#8212;&#8212;&#8212;&#8212;&#8212;&#8212;&#8212;&#8212;&#8212;&#8212;&#8212;&#8212;&#8212;<\/strong><\/p>\n<p><strong>Emission 11. Avril 2019 &#8220;English day with Alissa MATTOCKS&#8221;<\/strong><\/p>\n<p><a href=\"https:\/\/drive.google.com\/open?id=1xwP--liRT6c_OA4cOCiTr2px_dp2kPIr\"><img loading=\"lazy\" decoding=\"async\" class=\"alignnone wp-image-873\" src=\"\/clg-edapierre\/wp-content\/uploads\/sites\/54\/2017\/12\/images.png\" alt=\"images\" width=\"82\" height=\"69\" \/><\/a><\/p>\n<p><strong>&#8212;&#8212;&#8212;&#8212;&#8212;&#8212;&#8212;&#8212;&#8212;&#8212;&#8212;&#8212;&#8212;&#8212;&#8212;&#8212;&#8212;&#8212;&#8212;&#8212;&#8212;&#8212;&#8212;&#8212;&#8212;&#8212;&#8212;&#8212;&#8212;&#8212;<\/strong><\/p>\n<p><strong>Emission 10. Avril 2019 &#8220;Semaine de la presse et des m\u00e9dias \u00e0 l&#8217;\u00e9cole&#8221;<\/strong><\/p>\n<p><a href=\"https:\/\/drive.google.com\/open?id=1iGUrKzwjspbbu3kZcKXdqFR5-GDBMTEW\"><img loading=\"lazy\" decoding=\"async\" class=\"alignnone wp-image-873\" src=\"\/clg-edapierre\/wp-content\/uploads\/sites\/54\/2017\/12\/images.png\" alt=\"images\" width=\"82\" height=\"69\" \/><\/a><\/p>\n<p><strong>&#8212;&#8212;&#8212;&#8212;&#8212;&#8212;&#8212;&#8212;&#8212;&#8212;&#8212;&#8212;&#8212;&#8212;&#8212;&#8212;&#8212;&#8212;&#8212;&#8212;&#8212;&#8212;&#8212;&#8212;&#8212;&#8212;&#8212;&#8212;&#8212;&#8212;<\/strong><\/p>\n<p><strong>Emission 9. Novembre 2018 &#8220;Emission litt\u00e9raire&#8221;<\/strong><\/p>\n<p><a href=\"https:\/\/drive.google.com\/open?id=1tksJEW1x4kcT4KQb11l8aFg302vdsaxd\"><img loading=\"lazy\" decoding=\"async\" class=\"alignnone wp-image-873\" src=\"\/clg-edapierre\/wp-content\/uploads\/sites\/54\/2017\/12\/images.png\" alt=\"images\" width=\"82\" height=\"69\" \/><\/a><\/p>\n<p><strong>&#8212;&#8212;&#8212;&#8212;&#8212;&#8212;&#8212;&#8212;&#8212;&#8212;&#8212;&#8212;&#8212;&#8212;&#8212;&#8212;&#8212;&#8212;&#8212;&#8212;&#8212;&#8212;&#8212;&#8212;&#8212;&#8212;&#8212;&#8212;&#8212;&#8212;<\/strong><\/p>\n<p><strong>Emission 8. Avril 2018 \u00a0&#8220;Le m\u00e9decin malgr\u00e9 lui, Moli\u00e8re&#8221; 601<\/strong><\/p>\n<p><a href=\"https:\/\/drive.google.com\/open?id=1R5-AfLmhbOKIumkKlmuCb2CJaD8r5_ad\"><img loading=\"lazy\" decoding=\"async\" class=\"alignnone wp-image-873\" src=\"\/clg-edapierre\/wp-content\/uploads\/sites\/54\/2017\/12\/images.png\" alt=\"images\" width=\"82\" height=\"69\" \/><\/a><\/p>\n<p><strong>&#8212;&#8212;&#8212;&#8212;&#8212;&#8212;&#8212;&#8212;&#8212;&#8212;&#8212;&#8212;&#8212;&#8212;&#8212;&#8212;&#8212;&#8212;&#8212;&#8212;&#8212;&#8212;&#8212;&#8212;&#8212;&#8212;&#8212;&#8212;&#8212;&#8212;<\/strong><\/p>\n<p><strong>Emission 7. Avril 2018 [Kytangomingo Ema 2\u00e8me victoire]<\/strong><\/p>\n<p><a href=\"https:\/\/drive.google.com\/open?id=1EEccvp2rCG-TEx7lsQ-R5sRzIQvADFky\"><img loading=\"lazy\" decoding=\"async\" class=\"alignnone wp-image-873\" src=\"\/clg-edapierre\/wp-content\/uploads\/sites\/54\/2017\/12\/images.png\" alt=\"images\" width=\"82\" height=\"69\" \/><\/a><\/p>\n<p><strong>&#8212;&#8212;&#8212;&#8212;&#8212;&#8212;&#8212;&#8212;&#8212;&#8212;&#8212;&#8212;&#8212;&#8212;&#8212;&#8212;&#8212;&#8212;&#8212;&#8212;&#8212;&#8212;&#8212;&#8212;&#8212;&#8212;&#8212;&#8212;&#8212;&#8212;<\/strong><\/p>\n<p><strong>Emission 6. Mars 2018<\/strong><\/p>\n<p><a href=\"https:\/\/drive.google.com\/open?id=1uCyVVUptRWIJSiskQGV3HXlguKH0KoDT\"><img loading=\"lazy\" decoding=\"async\" class=\"alignnone wp-image-873\" src=\"\/clg-edapierre\/wp-content\/uploads\/sites\/54\/2017\/12\/images.png\" alt=\"images\" width=\"82\" height=\"69\" \/><\/a><\/p>\n<p><strong>&#8212;&#8212;&#8212;&#8212;&#8212;&#8212;&#8212;&#8212;&#8212;&#8212;&#8212;&#8212;&#8212;&#8212;&#8212;&#8212;&#8212;&#8212;&#8212;&#8212;&#8212;&#8212;&#8212;&#8212;&#8212;&#8212;&#8212;&#8212;&#8212;&#8212;<\/strong><\/p>\n<p><strong>Emission 5. Mars 2018<\/strong><\/p>\n<p><a href=\"https:\/\/drive.google.com\/open?id=1WrcxN4e8Krwzk8yVQ9DBvB_RpqK_ss-A\"><img loading=\"lazy\" decoding=\"async\" class=\"alignnone wp-image-873\" src=\"\/clg-edapierre\/wp-content\/uploads\/sites\/54\/2017\/12\/images.png\" alt=\"images\" width=\"82\" height=\"69\" \/><\/a><\/p>\n<p><strong>&#8212;&#8212;&#8212;&#8212;&#8212;&#8212;&#8212;&#8212;&#8212;&#8212;&#8212;&#8212;&#8212;&#8212;&#8212;&#8212;&#8212;&#8212;&#8212;&#8212;&#8212;&#8212;&#8212;&#8212;&#8212;&#8212;&#8212;&#8212;&#8212;&#8212;<\/strong><\/p>\n<p><strong>Emission 4. Mars 2018<\/strong><\/p>\n<p><a href=\"https:\/\/drive.google.com\/open?id=1W-420QDeRp6Hnxpa9PMj2S1ZAEp7qOCj\"><img loading=\"lazy\" decoding=\"async\" class=\"alignnone wp-image-873\" src=\"\/clg-edapierre\/wp-content\/uploads\/sites\/54\/2017\/12\/images.png\" alt=\"images\" width=\"82\" height=\"69\" \/><\/a><\/p>\n<p><strong>&#8212;&#8212;&#8212;&#8212;&#8212;&#8212;&#8212;&#8212;&#8212;&#8212;&#8212;&#8212;&#8212;&#8212;&#8212;&#8212;&#8212;&#8212;&#8212;&#8212;&#8212;&#8212;&#8212;&#8212;&#8212;&#8212;&#8212;&#8212;&#8212;&#8212;<\/strong><\/p>\n<p><strong>Emission 3. F\u00e9vrier 2018<\/strong><\/p>\n<p><a href=\"https:\/\/drive.google.com\/open?id=1w_1jRThElBOPkWQxoReqgUxr_aR0UICm\"><img loading=\"lazy\" decoding=\"async\" class=\"alignnone wp-image-873\" src=\"\/clg-edapierre\/wp-content\/uploads\/sites\/54\/2017\/12\/images.png\" alt=\"images\" width=\"82\" height=\"69\" \/><\/a><\/p>\n<p><strong>&#8212;&#8212;&#8212;&#8212;&#8212;&#8212;&#8212;&#8212;&#8212;&#8212;&#8212;&#8212;&#8212;&#8212;&#8212;&#8212;&#8212;&#8212;&#8212;&#8212;&#8212;&#8212;&#8212;&#8212;&#8212;&#8212;&#8212;&#8212;&#8212;&#8212;<\/strong><\/p>\n<p><strong>Emission 2. F\u00e9vrier 2018<\/strong><\/p>\n<p><a href=\"https:\/\/drive.google.com\/open?id=13VGYEqNufr1GwVflosIVfWBN7bF0yiSU\"><img loading=\"lazy\" decoding=\"async\" class=\"alignnone wp-image-873\" src=\"\/clg-edapierre\/wp-content\/uploads\/sites\/54\/2017\/12\/images.png\" alt=\"images\" width=\"82\" height=\"69\" \/><\/a><\/p>\n<p><strong>&#8212;&#8212;&#8212;&#8212;&#8212;&#8212;&#8212;&#8212;&#8212;&#8212;&#8212;&#8212;&#8212;&#8212;&#8212;&#8212;&#8212;&#8212;&#8212;&#8212;&#8212;&#8212;&#8212;&#8212;&#8212;&#8212;&#8212;&#8212;&#8212;&#8212;<\/strong><\/p>\n<p><strong>Emission 1. La Journ\u00e9e Mondiale de la lutte contre le sida. D\u00e9cembre.2017\/Janvier.2018<\/strong><\/p>\n<p><a href=\"https:\/\/drive.google.com\/open?id=1wDwpxzBwBxpUg4q4qMOUM6dxXPVYq9RD\"><img loading=\"lazy\" decoding=\"async\" class=\"alignnone wp-image-873\" src=\"\/clg-edapierre\/wp-content\/uploads\/sites\/54\/2017\/12\/images.png\" alt=\"images\" width=\"82\" height=\"69\" \/><\/a><\/p>","protected":false},"excerpt":{"rendered":"<p>Emission 19. &#8220;Rencontre avec Simon Jean-Joseph&#8221; Emission 2021-2022 Emission 18. &#8220;Emission autour de la Protection de l&#8217;environnement &#8220; Emission 2021-2022 &hellip; <\/p>\n<p class=\"link-more\"><a href=\"https:\/\/site.ac-martinique.fr\/clg-edapierre\/?page_id=865\" class=\"more-link\">Lire la suite&#8230;<span class=\"screen-reader-text\"> &#8220;Web Radio&#8221;<\/span><\/a><\/p>\n","protected":false},"author":127,"featured_media":0,"parent":29,"menu_order":9,"comment_status":"closed","ping_status":"closed","template":"","meta":{"pagelayer_contact_templates":[],"_pagelayer_content":"","_uag_custom_page_level_css":"","episode_type":"","audio_file":"","podmotor_file_id":"","podmotor_episode_id":"","cover_image":"","cover_image_id":"","duration":"","filesize":"","filesize_raw":"","date_recorded":"","explicit":"","block":"","itunes_episode_number":"","itunes_title":"","itunes_season_number":"","itunes_episode_type":"","_themeisle_gutenberg_block_has_review":false,"footnotes":"","_links_to":"","_links_to_target":""},"class_list":["post-865","page","type-page","status-publish","hentry"],"yoast_head":"<!-- This site is optimized with the Yoast SEO plugin v27.3 - https:\/\/yoast.com\/product\/yoast-seo-wordpress\/ -->\n<title>Web Radio - \u2728 Coll\u00e8ge Christiane EDA-PIERRE \u2728<\/title>\n<meta name=\"robots\" content=\"index, follow, max-snippet:-1, max-image-preview:large, max-video-preview:-1\" \/>\n<link rel=\"canonical\" href=\"https:\/\/site.ac-martinique.fr\/clg-edapierre\/?page_id=865\" \/>\n<meta property=\"og:locale\" content=\"fr_FR\" \/>\n<meta property=\"og:type\" content=\"article\" \/>\n<meta property=\"og:title\" content=\"Web Radio - \u2728 Coll\u00e8ge Christiane EDA-PIERRE \u2728\" \/>\n<meta property=\"og:description\" content=\"Emission 19. &#8220;Rencontre avec Simon Jean-Joseph&#8221; Emission 2021-2022 Emission 18. &#8220;Emission autour de la Protection de l&#8217;environnement &#8220; Emission 2021-2022 &hellip; Lire la suite... &quot;Web Radio&quot;\" \/>\n<meta property=\"og:url\" content=\"https:\/\/site.ac-martinique.fr\/clg-edapierre\/?page_id=865\" \/>\n<meta property=\"og:site_name\" content=\"\u2728 Coll\u00e8ge Christiane EDA-PIERRE \u2728\" \/>\n<meta property=\"article:modified_time\" content=\"2022-06-28T15:44:03+00:00\" \/>\n<meta property=\"og:image\" content=\"https:\/\/site.ac-martinique.fr\/clg-edapierre\/wp-content\/uploads\/sites\/54\/2022\/06\/image-4.png\" \/>\n<meta name=\"twitter:card\" content=\"summary_large_image\" \/>\n<meta name=\"twitter:label1\" content=\"Dur\u00e9e de lecture estim\u00e9e\" \/>\n\t<meta name=\"twitter:data1\" content=\"1 minute\" \/>\n<script type=\"application\/ld+json\" class=\"yoast-schema-graph\">{\"@context\":\"https:\\\/\\\/schema.org\",\"@graph\":[{\"@type\":\"WebPage\",\"@id\":\"https:\\\/\\\/site.ac-martinique.fr\\\/clg-edapierre\\\/?page_id=865\",\"url\":\"https:\\\/\\\/site.ac-martinique.fr\\\/clg-edapierre\\\/?page_id=865\",\"name\":\"Web Radio - \u2728 Coll\u00e8ge Christiane EDA-PIERRE \u2728\",\"isPartOf\":{\"@id\":\"https:\\\/\\\/site.ac-martinique.fr\\\/clg-edapierre\\\/#website\"},\"primaryImageOfPage\":{\"@id\":\"https:\\\/\\\/site.ac-martinique.fr\\\/clg-edapierre\\\/?page_id=865#primaryimage\"},\"image\":{\"@id\":\"https:\\\/\\\/site.ac-martinique.fr\\\/clg-edapierre\\\/?page_id=865#primaryimage\"},\"thumbnailUrl\":\"https:\\\/\\\/site.ac-martinique.fr\\\/clg-edapierre\\\/wp-content\\\/uploads\\\/sites\\\/54\\\/2022\\\/06\\\/image-4.png\",\"datePublished\":\"2017-12-05T16:01:35+00:00\",\"dateModified\":\"2022-06-28T15:44:03+00:00\",\"breadcrumb\":{\"@id\":\"https:\\\/\\\/site.ac-martinique.fr\\\/clg-edapierre\\\/?page_id=865#breadcrumb\"},\"inLanguage\":\"fr-FR\",\"potentialAction\":[{\"@type\":\"ReadAction\",\"target\":[\"https:\\\/\\\/site.ac-martinique.fr\\\/clg-edapierre\\\/?page_id=865\"]}]},{\"@type\":\"ImageObject\",\"inLanguage\":\"fr-FR\",\"@id\":\"https:\\\/\\\/site.ac-martinique.fr\\\/clg-edapierre\\\/?page_id=865#primaryimage\",\"url\":\"https:\\\/\\\/site.ac-martinique.fr\\\/clg-edapierre\\\/wp-content\\\/uploads\\\/sites\\\/54\\\/2022\\\/06\\\/image-4.png\",\"contentUrl\":\"https:\\\/\\\/site.ac-martinique.fr\\\/clg-edapierre\\\/wp-content\\\/uploads\\\/sites\\\/54\\\/2022\\\/06\\\/image-4.png\",\"width\":245,\"height\":206},{\"@type\":\"BreadcrumbList\",\"@id\":\"https:\\\/\\\/site.ac-martinique.fr\\\/clg-edapierre\\\/?page_id=865#breadcrumb\",\"itemListElement\":[{\"@type\":\"ListItem\",\"position\":1,\"name\":\"Accueil\",\"item\":\"https:\\\/\\\/site.ac-martinique.fr\\\/clg-edapierre\"},{\"@type\":\"ListItem\",\"position\":2,\"name\":\"CDI\",\"item\":\"https:\\\/\\\/site.ac-martinique.fr\\\/clg-edapierre\\\/?page_id=29\"},{\"@type\":\"ListItem\",\"position\":3,\"name\":\"Web Radio\"}]},{\"@type\":\"WebSite\",\"@id\":\"https:\\\/\\\/site.ac-martinique.fr\\\/clg-edapierre\\\/#website\",\"url\":\"https:\\\/\\\/site.ac-martinique.fr\\\/clg-edapierre\\\/\",\"name\":\"\u2728 Coll\u00e8ge Christiane EDA-PIERRE \u2728\",\"description\":\"\",\"potentialAction\":[{\"@type\":\"SearchAction\",\"target\":{\"@type\":\"EntryPoint\",\"urlTemplate\":\"https:\\\/\\\/site.ac-martinique.fr\\\/clg-edapierre\\\/?s={search_term_string}\"},\"query-input\":{\"@type\":\"PropertyValueSpecification\",\"valueRequired\":true,\"valueName\":\"search_term_string\"}}],\"inLanguage\":\"fr-FR\"}]}<\/script>\n<!-- \/ Yoast SEO plugin. -->","yoast_head_json":{"title":"Web Radio - \u2728 Coll\u00e8ge Christiane EDA-PIERRE \u2728","robots":{"index":"index","follow":"follow","max-snippet":"max-snippet:-1","max-image-preview":"max-image-preview:large","max-video-preview":"max-video-preview:-1"},"canonical":"https:\/\/site.ac-martinique.fr\/clg-edapierre\/?page_id=865","og_locale":"fr_FR","og_type":"article","og_title":"Web Radio - \u2728 Coll\u00e8ge Christiane EDA-PIERRE \u2728","og_description":"Emission 19. &#8220;Rencontre avec Simon Jean-Joseph&#8221; Emission 2021-2022 Emission 18. &#8220;Emission autour de la Protection de l&#8217;environnement &#8220; Emission 2021-2022 &hellip; Lire la suite... \"Web Radio\"","og_url":"https:\/\/site.ac-martinique.fr\/clg-edapierre\/?page_id=865","og_site_name":"\u2728 Coll\u00e8ge Christiane EDA-PIERRE \u2728","article_modified_time":"2022-06-28T15:44:03+00:00","og_image":[{"url":"https:\/\/site.ac-martinique.fr\/clg-edapierre\/wp-content\/uploads\/sites\/54\/2022\/06\/image-4.png","type":"","width":"","height":""}],"twitter_card":"summary_large_image","twitter_misc":{"Dur\u00e9e de lecture estim\u00e9e":"1 minute"},"schema":{"@context":"https:\/\/schema.org","@graph":[{"@type":"WebPage","@id":"https:\/\/site.ac-martinique.fr\/clg-edapierre\/?page_id=865","url":"https:\/\/site.ac-martinique.fr\/clg-edapierre\/?page_id=865","name":"Web Radio - \u2728 Coll\u00e8ge Christiane EDA-PIERRE \u2728","isPartOf":{"@id":"https:\/\/site.ac-martinique.fr\/clg-edapierre\/#website"},"primaryImageOfPage":{"@id":"https:\/\/site.ac-martinique.fr\/clg-edapierre\/?page_id=865#primaryimage"},"image":{"@id":"https:\/\/site.ac-martinique.fr\/clg-edapierre\/?page_id=865#primaryimage"},"thumbnailUrl":"https:\/\/site.ac-martinique.fr\/clg-edapierre\/wp-content\/uploads\/sites\/54\/2022\/06\/image-4.png","datePublished":"2017-12-05T16:01:35+00:00","dateModified":"2022-06-28T15:44:03+00:00","breadcrumb":{"@id":"https:\/\/site.ac-martinique.fr\/clg-edapierre\/?page_id=865#breadcrumb"},"inLanguage":"fr-FR","potentialAction":[{"@type":"ReadAction","target":["https:\/\/site.ac-martinique.fr\/clg-edapierre\/?page_id=865"]}]},{"@type":"ImageObject","inLanguage":"fr-FR","@id":"https:\/\/site.ac-martinique.fr\/clg-edapierre\/?page_id=865#primaryimage","url":"https:\/\/site.ac-martinique.fr\/clg-edapierre\/wp-content\/uploads\/sites\/54\/2022\/06\/image-4.png","contentUrl":"https:\/\/site.ac-martinique.fr\/clg-edapierre\/wp-content\/uploads\/sites\/54\/2022\/06\/image-4.png","width":245,"height":206},{"@type":"BreadcrumbList","@id":"https:\/\/site.ac-martinique.fr\/clg-edapierre\/?page_id=865#breadcrumb","itemListElement":[{"@type":"ListItem","position":1,"name":"Accueil","item":"https:\/\/site.ac-martinique.fr\/clg-edapierre"},{"@type":"ListItem","position":2,"name":"CDI","item":"https:\/\/site.ac-martinique.fr\/clg-edapierre\/?page_id=29"},{"@type":"ListItem","position":3,"name":"Web Radio"}]},{"@type":"WebSite","@id":"https:\/\/site.ac-martinique.fr\/clg-edapierre\/#website","url":"https:\/\/site.ac-martinique.fr\/clg-edapierre\/","name":"\u2728 Coll\u00e8ge Christiane EDA-PIERRE \u2728","description":"","potentialAction":[{"@type":"SearchAction","target":{"@type":"EntryPoint","urlTemplate":"https:\/\/site.ac-martinique.fr\/clg-edapierre\/?s={search_term_string}"},"query-input":{"@type":"PropertyValueSpecification","valueRequired":true,"valueName":"search_term_string"}}],"inLanguage":"fr-FR"}]}},"uagb_featured_image_src":{"full":false,"thumbnail":false,"medium":false,"medium_large":false,"large":false,"1536x1536":false,"2048x2048":false,"lambadalite-featured-image":false,"lambadalite-thumbnail-avatar":false,"mailpoet_newsletter_max":false},"uagb_author_info":{"display_name":"webmestre","author_link":"https:\/\/site.ac-martinique.fr\/clg-edapierre\/?author=127"},"uagb_comment_info":0,"uagb_excerpt":"Emission 19. &#8220;Rencontre avec Simon Jean-Joseph&#8221; Emission 2021-2022 Emission 18. &#8220;Emission autour de la Protection de l&#8217;environnement &#8220; Emission 2021-2022 &hellip; Lire la suite... \"Web Radio\"","publishpress_future_action":{"enabled":false,"date":"2026-04-13 12:32:48","action":"change-status","newStatus":"draft","terms":[],"taxonomy":"","extraData":[]},"publishpress_future_workflow_manual_trigger":{"enabledWorkflows":[]},"amp_enabled":true,"_links":{"self":[{"href":"https:\/\/site.ac-martinique.fr\/clg-edapierre\/index.php?rest_route=\/wp\/v2\/pages\/865","targetHints":{"allow":["GET"]}}],"collection":[{"href":"https:\/\/site.ac-martinique.fr\/clg-edapierre\/index.php?rest_route=\/wp\/v2\/pages"}],"about":[{"href":"https:\/\/site.ac-martinique.fr\/clg-edapierre\/index.php?rest_route=\/wp\/v2\/types\/page"}],"author":[{"embeddable":true,"href":"https:\/\/site.ac-martinique.fr\/clg-edapierre\/index.php?rest_route=\/wp\/v2\/users\/127"}],"replies":[{"embeddable":true,"href":"https:\/\/site.ac-martinique.fr\/clg-edapierre\/index.php?rest_route=%2Fwp%2Fv2%2Fcomments&post=865"}],"version-history":[{"count":25,"href":"https:\/\/site.ac-martinique.fr\/clg-edapierre\/index.php?rest_route=\/wp\/v2\/pages\/865\/revisions"}],"predecessor-version":[{"id":2200,"href":"https:\/\/site.ac-martinique.fr\/clg-edapierre\/index.php?rest_route=\/wp\/v2\/pages\/865\/revisions\/2200"}],"up":[{"embeddable":true,"href":"https:\/\/site.ac-martinique.fr\/clg-edapierre\/index.php?rest_route=\/wp\/v2\/pages\/29"}],"wp:attachment":[{"href":"https:\/\/site.ac-martinique.fr\/clg-edapierre\/index.php?rest_route=%2Fwp%2Fv2%2Fmedia&parent=865"}],"curies":[{"name":"wp","href":"https:\/\/api.w.org\/{rel}","templated":true}]}}