{"id":926,"date":"2018-11-12T17:46:30","date_gmt":"2018-11-12T16:46:30","guid":{"rendered":"\/clg-edapierre\/?page_id=926"},"modified":"2018-11-12T17:55:39","modified_gmt":"2018-11-12T16:55:39","slug":"journee-nationale-non-contre-le-harcelement-en-milieu-scolaire","status":"publish","type":"page","link":"https:\/\/site.ac-martinique.fr\/clg-edapierre\/?page_id=926","title":{"rendered":"Journ\u00e9e nationale \u00ab Non contre le harc\u00e8lement \u00bb  en milieu scolaire"},"content":{"rendered":"<p style=\"text-align: left;\">C\u2019est par le biais d\u2019un HACKATHON entre \u00e9l\u00e8ves, que le coll\u00e8ge Christiane EDA-PIERRE a fait du harc\u00e8lement scolaire un sujet de r\u00e9flexion en cette matin\u00e9e du 8 novembre 2018.<\/p>\n<p style=\"text-align: left;\">Encadr\u00e9s par des enseignants, des groupes d\u2019\u00e9l\u00e8ves volontaires de tous les niveaux ont donc particip\u00e9 \u00e0 un challenge pendant 3 heures de temps afin de mettre en place un protocole visant \u00e0 r\u00e9soudre une situation de harc\u00e8lement scolaire.<\/p>\n<p style=\"text-align: left;\">A partir d\u2019une vid\u00e9o pr\u00e9sentant une situation de cyber harc\u00e8lement et de harc\u00e8lement physique et d\u2019un sujet de r\u00e9flexion, les \u00e9l\u00e8ves ont eu la charge de rivaliser d\u2019id\u00e9es et d\u2019originalit\u00e9 pour proposer des solutions \u00e0 la communaut\u00e9 \u00e9ducative.<\/p>\n<p style=\"text-align: left;\">Des outils ont \u00e9t\u00e9 mis \u00e0 leur disposition pour pr\u00e9senter les travaux sous forme num\u00e9rique ou manuscrite.<\/p>\n<p style=\"text-align: left;\">Quelques photos montrant les \u00e9l\u00e8ves en plein travail de r\u00e9flexion\u00a0:<\/p>\n<div id=\"metaslider-id-929\" style=\"max-width: 800px;\" class=\"ml-slider-3-107-0 metaslider metaslider-flex metaslider-929 ml-slider ms-theme-default nav-hidden\" role=\"region\" aria-label=\"HACKATHON\" data-height=\"600\" data-width=\"800\">\n    <div id=\"metaslider_container_929\">\n        <div id=\"metaslider_929\" class=\"flexslider\">\n            <ul class='slides'>\n                <li style=\"display: block; width: 100%;\" class=\"slide-930 ms-image \" aria-roledescription=\"slide\" data-date=\"2018-11-12 17:30:38\" data-filename=\"1-720x540.jpg\" data-slide-type=\"image\"><img fetchpriority=\"high\" decoding=\"async\" src=\"https:\/\/site.ac-martinique.fr\/clg-edapierre\/wp-content\/uploads\/sites\/54\/2018\/11\/1-720x540.jpg\" height=\"600\" width=\"800\" alt=\"\" class=\"slider-929 slide-930 msDefaultImage\" \/><\/li>\n                <li style=\"display: none; width: 100%;\" class=\"slide-931 ms-image \" aria-roledescription=\"slide\" data-date=\"2018-11-12 17:30:40\" data-filename=\"2-720x540.jpg\" data-slide-type=\"image\"><img decoding=\"async\" src=\"https:\/\/site.ac-martinique.fr\/clg-edapierre\/wp-content\/uploads\/sites\/54\/2018\/11\/2-720x540.jpg\" height=\"600\" width=\"800\" alt=\"\" class=\"slider-929 slide-931 msDefaultImage\" \/><\/li>\n                <li style=\"display: none; width: 100%;\" class=\"slide-932 ms-image \" aria-roledescription=\"slide\" data-date=\"2018-11-12 17:30:41\" data-filename=\"4-720x540.jpg\" data-slide-type=\"image\"><img decoding=\"async\" src=\"https:\/\/site.ac-martinique.fr\/clg-edapierre\/wp-content\/uploads\/sites\/54\/2018\/11\/4-720x540.jpg\" height=\"600\" width=\"800\" alt=\"\" class=\"slider-929 slide-932 msDefaultImage\" \/><\/li>\n                <li style=\"display: none; width: 100%;\" class=\"slide-933 ms-image \" aria-roledescription=\"slide\" data-date=\"2018-11-12 17:30:42\" data-filename=\"5-720x540.jpg\" data-slide-type=\"image\"><img loading=\"lazy\" decoding=\"async\" src=\"https:\/\/site.ac-martinique.fr\/clg-edapierre\/wp-content\/uploads\/sites\/54\/2018\/11\/5-720x540.jpg\" height=\"600\" width=\"800\" alt=\"\" class=\"slider-929 slide-933 msDefaultImage\" \/><\/li>\n                <li style=\"display: none; width: 100%;\" class=\"slide-934 ms-image \" aria-roledescription=\"slide\" data-date=\"2018-11-12 17:30:44\" data-filename=\"6-720x540.jpg\" data-slide-type=\"image\"><img loading=\"lazy\" decoding=\"async\" src=\"https:\/\/site.ac-martinique.fr\/clg-edapierre\/wp-content\/uploads\/sites\/54\/2018\/11\/6-720x540.jpg\" height=\"600\" width=\"800\" alt=\"\" class=\"slider-929 slide-934 msDefaultImage\" \/><\/li>\n            <\/ul>\n        <\/div>\n        \n    <\/div>\n<\/div>\n<p>&nbsp;<\/p>\n<h3 style=\"text-align: center;\"><strong>T\u00e9moignages d\u2019\u00e9l\u00e8ves\u00a0:<\/strong><\/h3>\n<p><strong><span style=\"text-decoration: underline;\">Ly-Ann (3<sup>\u00e8me<\/sup> 2)\u00a0:<\/span><\/strong><\/p>\n<p><em>\u00ab\u00a0C\u2019\u00e9tait sympa, c\u2019\u00e9tait un travail collectif et l\u2019avis de tout le monde a \u00e9t\u00e9 pris en compte. Notre projet a bien abouti et nous avons remis notre travail dans le temps imparti et sommes satisfaits du r\u00e9sultat.\u00a0\u00bb<\/em><\/p>\n<p><strong><span style=\"text-decoration: underline;\">Dana\u00efve (3<sup>\u00e8me<\/sup> 3)\u00a0:<\/span><\/strong><\/p>\n<p><em>\u00ab\u00a0Je trouve que l\u2019exp\u00e9rience v\u00e9cue a \u00e9t\u00e9 bonne parce qu\u2019il y avait une vraie coh\u00e9sion de groupe, tout le monde avait une t\u00e2che \u00e0 r\u00e9aliser. De plus, parler du harc\u00e8lement \u00e9tait int\u00e9ressant car cela a permis de sensibiliser tous les \u00e9l\u00e8ves.\u00a0\u00bb<\/em><\/p>\n<p><strong><span style=\"text-decoration: underline;\">Lucas (6<sup>\u00e8me<\/sup> 1)\u00a0:<\/span><\/strong><\/p>\n<p><em>\u00ab\u00a0J\u2019ai trouv\u00e9 tr\u00e8s int\u00e9ressant le hackathon parce qu\u2019on est sorti de notre zone de confort c\u2019est-\u00e0-dire qu\u2019on n\u2019a pas fait une mati\u00e8re avec un programme d\u00e9fini. C\u2019est nous qui avons trouv\u00e9 nos id\u00e9es. On a b\u00e9n\u00e9fici\u00e9 de l\u2019aide de Nicolas pour l\u2019utilisation du logiciel mais on a tout fait nous-m\u00eames, on a fait le plan d\u2019abord sur le papier et puis nous l\u2019avons mis au propre sur le logiciel et on a pu produire quelque chose d\u2019accrocheur et d\u2019original. Je suis d\u2019accord pour revivre une exp\u00e9rience comme celle-l\u00e0 car \u00e7a a renforc\u00e9 notre coh\u00e9sion de groupe et le travail de groupe.\u00a0\u00bb<\/em><\/p>\n<p>&nbsp;<\/p>\n<p><em>\u00a0 \u00a0 \u00a0 \u00a0 \u00a0 \u00a0 \u00a0 \u00a0 \u00a0 \u00a0 \u00a0 \u00a0 \u00a0 \u00a0 \u00a0 \u00a0 \u00a0 \u00a0 \u00a0 \u00a0 \u00a0 \u00a0 \u00a0 \u00a0 \u00a0 \u00a0 \u00a0 \u00a0 \u00a0 \u00a0 \u00a0 \u00a0 \u00a0 \u00a0 \u00a0 \u00a0 \u00a0 \u00a0 \u00a0 \u00a0 \u00a0 \u00a0 \u00a0 \u00a0 \u00a0 \u00a0 \u00a0 \u00a0 \u00a0 \u00a0 \u00a0 \u00a0 \u00a0 \u00a0 \u00a0<\/em>Le Professeur Documentaliste.<\/p>\n","protected":false},"excerpt":{"rendered":"<p>C\u2019est par le biais d\u2019un HACKATHON entre \u00e9l\u00e8ves, que le coll\u00e8ge Christiane EDA-PIERRE a fait du harc\u00e8lement scolaire un sujet &hellip; <\/p>\n<p class=\"link-more\"><a href=\"https:\/\/site.ac-martinique.fr\/clg-edapierre\/?page_id=926\" class=\"more-link\">Lire la suite&#8230;<span class=\"screen-reader-text\"> &#8220;Journ\u00e9e nationale \u00ab Non contre le harc\u00e8lement \u00bb  en milieu scolaire&#8221;<\/span><\/a><\/p>\n","protected":false},"author":127,"featured_media":928,"parent":693,"menu_order":0,"comment_status":"closed","ping_status":"closed","template":"","meta":{"pagelayer_contact_templates":[],"_pagelayer_content":"","_uag_custom_page_level_css":"","episode_type":"","audio_file":"","podmotor_file_id":"","podmotor_episode_id":"","cover_image":"","cover_image_id":"","duration":"","filesize":"","filesize_raw":"","date_recorded":"","explicit":"","block":"","itunes_episode_number":"","itunes_title":"","itunes_season_number":"","itunes_episode_type":"","_themeisle_gutenberg_block_has_review":false,"footnotes":"","_links_to":"","_links_to_target":""},"class_list":["post-926","page","type-page","status-publish","has-post-thumbnail","hentry"],"yoast_head":"<!-- This site is optimized with the Yoast SEO plugin v27.4 - https:\/\/yoast.com\/product\/yoast-seo-wordpress\/ -->\n<title>Journ\u00e9e nationale \u00ab Non contre le harc\u00e8lement \u00bb en milieu scolaire - \u2728 Coll\u00e8ge Christiane EDA-PIERRE \u2728<\/title>\n<meta name=\"robots\" content=\"index, follow, max-snippet:-1, max-image-preview:large, max-video-preview:-1\" \/>\n<link rel=\"canonical\" href=\"https:\/\/site.ac-martinique.fr\/clg-edapierre\/?page_id=926\" \/>\n<meta property=\"og:locale\" content=\"fr_FR\" \/>\n<meta property=\"og:type\" content=\"article\" \/>\n<meta property=\"og:title\" content=\"Journ\u00e9e nationale \u00ab Non contre le harc\u00e8lement \u00bb en milieu scolaire - \u2728 Coll\u00e8ge Christiane EDA-PIERRE \u2728\" \/>\n<meta property=\"og:description\" content=\"C\u2019est par le biais d\u2019un HACKATHON entre \u00e9l\u00e8ves, que le coll\u00e8ge Christiane EDA-PIERRE a fait du harc\u00e8lement scolaire un sujet &hellip; Lire la suite... &quot;Journ\u00e9e nationale \u00ab Non contre le harc\u00e8lement \u00bb en milieu scolaire&quot;\" \/>\n<meta property=\"og:url\" content=\"https:\/\/site.ac-martinique.fr\/clg-edapierre\/?page_id=926\" \/>\n<meta property=\"og:site_name\" content=\"\u2728 Coll\u00e8ge Christiane EDA-PIERRE \u2728\" \/>\n<meta property=\"article:modified_time\" content=\"2018-11-12T16:55:39+00:00\" \/>\n<meta property=\"og:image\" content=\"https:\/\/site.ac-martinique.fr\/clg-edapierre\/wp-content\/uploads\/sites\/54\/2018\/11\/bloc_marque_NAH_num_680x280px_490961.jpg\" \/>\n\t<meta property=\"og:image:width\" content=\"680\" \/>\n\t<meta property=\"og:image:height\" content=\"280\" \/>\n\t<meta property=\"og:image:type\" content=\"image\/jpeg\" \/>\n<meta name=\"twitter:card\" content=\"summary_large_image\" \/>\n<meta name=\"twitter:label1\" content=\"Dur\u00e9e de lecture estim\u00e9e\" \/>\n\t<meta name=\"twitter:data1\" content=\"2 minutes\" \/>\n<script type=\"application\/ld+json\" class=\"yoast-schema-graph\">{\"@context\":\"https:\\\/\\\/schema.org\",\"@graph\":[{\"@type\":\"WebPage\",\"@id\":\"https:\\\/\\\/site.ac-martinique.fr\\\/clg-edapierre\\\/?page_id=926\",\"url\":\"https:\\\/\\\/site.ac-martinique.fr\\\/clg-edapierre\\\/?page_id=926\",\"name\":\"Journ\u00e9e nationale \u00ab Non contre le harc\u00e8lement \u00bb en milieu scolaire - \u2728 Coll\u00e8ge Christiane EDA-PIERRE \u2728\",\"isPartOf\":{\"@id\":\"https:\\\/\\\/site.ac-martinique.fr\\\/clg-edapierre\\\/#website\"},\"primaryImageOfPage\":{\"@id\":\"https:\\\/\\\/site.ac-martinique.fr\\\/clg-edapierre\\\/?page_id=926#primaryimage\"},\"image\":{\"@id\":\"https:\\\/\\\/site.ac-martinique.fr\\\/clg-edapierre\\\/?page_id=926#primaryimage\"},\"thumbnailUrl\":\"https:\\\/\\\/site.ac-martinique.fr\\\/clg-edapierre\\\/wp-content\\\/uploads\\\/sites\\\/54\\\/2018\\\/11\\\/bloc_marque_NAH_num_680x280px_490961.jpg\",\"datePublished\":\"2018-11-12T16:46:30+00:00\",\"dateModified\":\"2018-11-12T16:55:39+00:00\",\"breadcrumb\":{\"@id\":\"https:\\\/\\\/site.ac-martinique.fr\\\/clg-edapierre\\\/?page_id=926#breadcrumb\"},\"inLanguage\":\"fr-FR\",\"potentialAction\":[{\"@type\":\"ReadAction\",\"target\":[\"https:\\\/\\\/site.ac-martinique.fr\\\/clg-edapierre\\\/?page_id=926\"]}]},{\"@type\":\"ImageObject\",\"inLanguage\":\"fr-FR\",\"@id\":\"https:\\\/\\\/site.ac-martinique.fr\\\/clg-edapierre\\\/?page_id=926#primaryimage\",\"url\":\"https:\\\/\\\/site.ac-martinique.fr\\\/clg-edapierre\\\/wp-content\\\/uploads\\\/sites\\\/54\\\/2018\\\/11\\\/bloc_marque_NAH_num_680x280px_490961.jpg\",\"contentUrl\":\"https:\\\/\\\/site.ac-martinique.fr\\\/clg-edapierre\\\/wp-content\\\/uploads\\\/sites\\\/54\\\/2018\\\/11\\\/bloc_marque_NAH_num_680x280px_490961.jpg\",\"width\":680,\"height\":280},{\"@type\":\"BreadcrumbList\",\"@id\":\"https:\\\/\\\/site.ac-martinique.fr\\\/clg-edapierre\\\/?page_id=926#breadcrumb\",\"itemListElement\":[{\"@type\":\"ListItem\",\"position\":1,\"name\":\"Accueil\",\"item\":\"https:\\\/\\\/site.ac-martinique.fr\\\/clg-edapierre\"},{\"@type\":\"ListItem\",\"position\":2,\"name\":\"CDI\",\"item\":\"https:\\\/\\\/site.ac-martinique.fr\\\/clg-edapierre\\\/?page_id=29\"},{\"@type\":\"ListItem\",\"position\":3,\"name\":\"Ev\u00e8nements Coll\u00e8ge\",\"item\":\"https:\\\/\\\/site.ac-martinique.fr\\\/clg-edapierre\\\/?page_id=693\"},{\"@type\":\"ListItem\",\"position\":4,\"name\":\"Journ\u00e9e nationale \u00ab Non contre le harc\u00e8lement \u00bb en milieu scolaire\"}]},{\"@type\":\"WebSite\",\"@id\":\"https:\\\/\\\/site.ac-martinique.fr\\\/clg-edapierre\\\/#website\",\"url\":\"https:\\\/\\\/site.ac-martinique.fr\\\/clg-edapierre\\\/\",\"name\":\"\u2728 Coll\u00e8ge Christiane EDA-PIERRE \u2728\",\"description\":\"\",\"potentialAction\":[{\"@type\":\"SearchAction\",\"target\":{\"@type\":\"EntryPoint\",\"urlTemplate\":\"https:\\\/\\\/site.ac-martinique.fr\\\/clg-edapierre\\\/?s={search_term_string}\"},\"query-input\":{\"@type\":\"PropertyValueSpecification\",\"valueRequired\":true,\"valueName\":\"search_term_string\"}}],\"inLanguage\":\"fr-FR\"}]}<\/script>\n<!-- \/ Yoast SEO plugin. -->","yoast_head_json":{"title":"Journ\u00e9e nationale \u00ab Non contre le harc\u00e8lement \u00bb en milieu scolaire - \u2728 Coll\u00e8ge Christiane EDA-PIERRE \u2728","robots":{"index":"index","follow":"follow","max-snippet":"max-snippet:-1","max-image-preview":"max-image-preview:large","max-video-preview":"max-video-preview:-1"},"canonical":"https:\/\/site.ac-martinique.fr\/clg-edapierre\/?page_id=926","og_locale":"fr_FR","og_type":"article","og_title":"Journ\u00e9e nationale \u00ab Non contre le harc\u00e8lement \u00bb en milieu scolaire - \u2728 Coll\u00e8ge Christiane EDA-PIERRE \u2728","og_description":"C\u2019est par le biais d\u2019un HACKATHON entre \u00e9l\u00e8ves, que le coll\u00e8ge Christiane EDA-PIERRE a fait du harc\u00e8lement scolaire un sujet &hellip; Lire la suite... \"Journ\u00e9e nationale \u00ab Non contre le harc\u00e8lement \u00bb en milieu scolaire\"","og_url":"https:\/\/site.ac-martinique.fr\/clg-edapierre\/?page_id=926","og_site_name":"\u2728 Coll\u00e8ge Christiane EDA-PIERRE \u2728","article_modified_time":"2018-11-12T16:55:39+00:00","og_image":[{"width":680,"height":280,"url":"https:\/\/site.ac-martinique.fr\/clg-edapierre\/wp-content\/uploads\/sites\/54\/2018\/11\/bloc_marque_NAH_num_680x280px_490961.jpg","type":"image\/jpeg"}],"twitter_card":"summary_large_image","twitter_misc":{"Dur\u00e9e de lecture estim\u00e9e":"2 minutes"},"schema":{"@context":"https:\/\/schema.org","@graph":[{"@type":"WebPage","@id":"https:\/\/site.ac-martinique.fr\/clg-edapierre\/?page_id=926","url":"https:\/\/site.ac-martinique.fr\/clg-edapierre\/?page_id=926","name":"Journ\u00e9e nationale \u00ab Non contre le harc\u00e8lement \u00bb en milieu scolaire - \u2728 Coll\u00e8ge Christiane EDA-PIERRE \u2728","isPartOf":{"@id":"https:\/\/site.ac-martinique.fr\/clg-edapierre\/#website"},"primaryImageOfPage":{"@id":"https:\/\/site.ac-martinique.fr\/clg-edapierre\/?page_id=926#primaryimage"},"image":{"@id":"https:\/\/site.ac-martinique.fr\/clg-edapierre\/?page_id=926#primaryimage"},"thumbnailUrl":"https:\/\/site.ac-martinique.fr\/clg-edapierre\/wp-content\/uploads\/sites\/54\/2018\/11\/bloc_marque_NAH_num_680x280px_490961.jpg","datePublished":"2018-11-12T16:46:30+00:00","dateModified":"2018-11-12T16:55:39+00:00","breadcrumb":{"@id":"https:\/\/site.ac-martinique.fr\/clg-edapierre\/?page_id=926#breadcrumb"},"inLanguage":"fr-FR","potentialAction":[{"@type":"ReadAction","target":["https:\/\/site.ac-martinique.fr\/clg-edapierre\/?page_id=926"]}]},{"@type":"ImageObject","inLanguage":"fr-FR","@id":"https:\/\/site.ac-martinique.fr\/clg-edapierre\/?page_id=926#primaryimage","url":"https:\/\/site.ac-martinique.fr\/clg-edapierre\/wp-content\/uploads\/sites\/54\/2018\/11\/bloc_marque_NAH_num_680x280px_490961.jpg","contentUrl":"https:\/\/site.ac-martinique.fr\/clg-edapierre\/wp-content\/uploads\/sites\/54\/2018\/11\/bloc_marque_NAH_num_680x280px_490961.jpg","width":680,"height":280},{"@type":"BreadcrumbList","@id":"https:\/\/site.ac-martinique.fr\/clg-edapierre\/?page_id=926#breadcrumb","itemListElement":[{"@type":"ListItem","position":1,"name":"Accueil","item":"https:\/\/site.ac-martinique.fr\/clg-edapierre"},{"@type":"ListItem","position":2,"name":"CDI","item":"https:\/\/site.ac-martinique.fr\/clg-edapierre\/?page_id=29"},{"@type":"ListItem","position":3,"name":"Ev\u00e8nements Coll\u00e8ge","item":"https:\/\/site.ac-martinique.fr\/clg-edapierre\/?page_id=693"},{"@type":"ListItem","position":4,"name":"Journ\u00e9e nationale \u00ab Non contre le harc\u00e8lement \u00bb en milieu scolaire"}]},{"@type":"WebSite","@id":"https:\/\/site.ac-martinique.fr\/clg-edapierre\/#website","url":"https:\/\/site.ac-martinique.fr\/clg-edapierre\/","name":"\u2728 Coll\u00e8ge Christiane EDA-PIERRE \u2728","description":"","potentialAction":[{"@type":"SearchAction","target":{"@type":"EntryPoint","urlTemplate":"https:\/\/site.ac-martinique.fr\/clg-edapierre\/?s={search_term_string}"},"query-input":{"@type":"PropertyValueSpecification","valueRequired":true,"valueName":"search_term_string"}}],"inLanguage":"fr-FR"}]}},"uagb_featured_image_src":{"full":["https:\/\/site.ac-martinique.fr\/clg-edapierre\/wp-content\/uploads\/sites\/54\/2018\/11\/bloc_marque_NAH_num_680x280px_490961.jpg",680,280,false],"thumbnail":["https:\/\/site.ac-martinique.fr\/clg-edapierre\/wp-content\/uploads\/sites\/54\/2018\/11\/bloc_marque_NAH_num_680x280px_490961-150x150.jpg",150,150,true],"medium":["https:\/\/site.ac-martinique.fr\/clg-edapierre\/wp-content\/uploads\/sites\/54\/2018\/11\/bloc_marque_NAH_num_680x280px_490961-300x124.jpg",300,124,true],"medium_large":["https:\/\/site.ac-martinique.fr\/clg-edapierre\/wp-content\/uploads\/sites\/54\/2018\/11\/bloc_marque_NAH_num_680x280px_490961.jpg",680,280,false],"large":["https:\/\/site.ac-martinique.fr\/clg-edapierre\/wp-content\/uploads\/sites\/54\/2018\/11\/bloc_marque_NAH_num_680x280px_490961.jpg",680,280,false],"1536x1536":["https:\/\/site.ac-martinique.fr\/clg-edapierre\/wp-content\/uploads\/sites\/54\/2018\/11\/bloc_marque_NAH_num_680x280px_490961.jpg",680,280,false],"2048x2048":["https:\/\/site.ac-martinique.fr\/clg-edapierre\/wp-content\/uploads\/sites\/54\/2018\/11\/bloc_marque_NAH_num_680x280px_490961.jpg",680,280,false],"lambadalite-featured-image":["https:\/\/site.ac-martinique.fr\/clg-edapierre\/wp-content\/uploads\/sites\/54\/2018\/11\/bloc_marque_NAH_num_680x280px_490961.jpg",680,280,false],"lambadalite-thumbnail-avatar":["https:\/\/site.ac-martinique.fr\/clg-edapierre\/wp-content\/uploads\/sites\/54\/2018\/11\/bloc_marque_NAH_num_680x280px_490961.jpg",100,41,false],"mailpoet_newsletter_max":["https:\/\/site.ac-martinique.fr\/clg-edapierre\/wp-content\/uploads\/sites\/54\/2018\/11\/bloc_marque_NAH_num_680x280px_490961.jpg",680,280,false]},"uagb_author_info":{"display_name":"webmestre","author_link":"https:\/\/site.ac-martinique.fr\/clg-edapierre\/?author=127"},"uagb_comment_info":0,"uagb_excerpt":"C\u2019est par le biais d\u2019un HACKATHON entre \u00e9l\u00e8ves, que le coll\u00e8ge Christiane EDA-PIERRE a fait du harc\u00e8lement scolaire un sujet &hellip; Lire la suite... \"Journ\u00e9e nationale \u00ab Non contre le harc\u00e8lement \u00bb en milieu scolaire\"","publishpress_future_action":{"enabled":false,"date":"2026-04-22 19:25:53","action":"change-status","newStatus":"draft","terms":[],"taxonomy":"","extraData":[]},"publishpress_future_workflow_manual_trigger":{"enabledWorkflows":[]},"amp_enabled":true,"_links":{"self":[{"href":"https:\/\/site.ac-martinique.fr\/clg-edapierre\/index.php?rest_route=\/wp\/v2\/pages\/926","targetHints":{"allow":["GET"]}}],"collection":[{"href":"https:\/\/site.ac-martinique.fr\/clg-edapierre\/index.php?rest_route=\/wp\/v2\/pages"}],"about":[{"href":"https:\/\/site.ac-martinique.fr\/clg-edapierre\/index.php?rest_route=\/wp\/v2\/types\/page"}],"author":[{"embeddable":true,"href":"https:\/\/site.ac-martinique.fr\/clg-edapierre\/index.php?rest_route=\/wp\/v2\/users\/127"}],"replies":[{"embeddable":true,"href":"https:\/\/site.ac-martinique.fr\/clg-edapierre\/index.php?rest_route=%2Fwp%2Fv2%2Fcomments&post=926"}],"version-history":[{"count":16,"href":"https:\/\/site.ac-martinique.fr\/clg-edapierre\/index.php?rest_route=\/wp\/v2\/pages\/926\/revisions"}],"predecessor-version":[{"id":951,"href":"https:\/\/site.ac-martinique.fr\/clg-edapierre\/index.php?rest_route=\/wp\/v2\/pages\/926\/revisions\/951"}],"up":[{"embeddable":true,"href":"https:\/\/site.ac-martinique.fr\/clg-edapierre\/index.php?rest_route=\/wp\/v2\/pages\/693"}],"wp:featuredmedia":[{"embeddable":true,"href":"https:\/\/site.ac-martinique.fr\/clg-edapierre\/index.php?rest_route=\/wp\/v2\/media\/928"}],"wp:attachment":[{"href":"https:\/\/site.ac-martinique.fr\/clg-edapierre\/index.php?rest_route=%2Fwp%2Fv2%2Fmedia&parent=926"}],"curies":[{"name":"wp","href":"https:\/\/api.w.org\/{rel}","templated":true}]}}