{"id":954,"date":"2018-11-13T04:31:53","date_gmt":"2018-11-13T03:31:53","guid":{"rendered":"\/clg-edapierre\/?page_id=954"},"modified":"2018-11-13T04:47:10","modified_gmt":"2018-11-13T03:47:10","slug":"fierte-et-emotion-a-la-remise-des-diplomes","status":"publish","type":"page","link":"https:\/\/site.ac-martinique.fr\/clg-edapierre\/?page_id=954","title":{"rendered":"Fiert\u00e9 et \u00e9motion \u00e0 la remise des dipl\u00f4mes !"},"content":{"rendered":"<p>Ce vendredi 9 novembre 2018, le coll\u00e8ge Christiane EDA-PIERRE a mis les petits plats dans les grands pour mettre \u00e0 l\u2019honneur ses anciens \u00e9l\u00e8ves de 3\u00e8me \u00e0 l\u2019occasion de la remise des dipl\u00f4mes du DNB.<\/p>\n<p>A 14 h00 pr\u00e9cises, c\u2019est par un \u00e9change entre ces tout nouveaux \u00e9l\u00e8ves des lyc\u00e9es g\u00e9n\u00e9raux et technologiques ou professionnels du grand Nord et du Centre qu\u2019a d\u00e9but\u00e9 la manifestation. Ce face \u00e0 face a permis de mettre en lumi\u00e8re l\u2019imp\u00e9rieuse n\u00e9cessit\u00e9 de bien choisir son orientation et de travailler avec\u00a0 rigueur et assiduit\u00e9 en classe de 3\u00e8me tant le foss\u00e9 entre le coll\u00e8ge et le lyc\u00e9e est grand.<\/p>\n<p>A 15 h00, les r\u00e9cipiendaires escort\u00e9s de leurs parents venus nombreux pour l\u2019occasion se sont tous rendus en salle D3 o\u00f9 des personnalit\u00e9s et pas des moindres, avaient effectu\u00e9 le d\u00e9placement pour accompagner Mr Jean-Fran\u00e7ois MICHEL, Principal du coll\u00e8ge Christiane EDA-PIERRE.<\/p>\n<p>Apr\u00e8s avoir salu\u00e9 ses invit\u00e9s et adress\u00e9 ses vives f\u00e9licitations aux \u00e9l\u00e8ves pour les r\u00e9sultats obtenus au DNB, Mr le Principal a donn\u00e9 la parole \u00e0 Mmes Jenny DULYS-PETIT et Sylvia SAITHSOOTANE, toutes deux respectivement Maire de la commune et Conseill\u00e8re Ex\u00e9cutive en charge de l\u2019\u00e9ducation.<\/p>\n<p>Les deux oratrices ont tour \u00e0 tour formul\u00e9 leurs v\u0153ux de r\u00e9ussite pour tous les jeunes pr\u00e9sents avant de laisser la place \u00e0 la chorale du coll\u00e8ge qui a entonn\u00e9 plusieurs chants magnifiquement interpr\u00e9t\u00e9s. Sous des salves d\u2019applaudissements, les r\u00e9cipiendaires fiers et \u00e9mus ont eu parfois du mal \u00e0 se frayer un passage pour r\u00e9cup\u00e9rer leur dipl\u00f4me tant la foule des spectateurs \u00e9tait compacte.<\/p>\n<p>Il \u00e9tait 16 heures lorsque la manifestation s\u2019est achev\u00e9e par un savoureux cocktail dinatoire o\u00f9 \u00e9l\u00e8ves, parents, personnalit\u00e9s et membres de la communaut\u00e9 \u00e9ducative ont \u00e9t\u00e9 re\u00e7us.<\/p>\n<p>&nbsp;<\/p>\n<p style=\"text-align: right;\">Le Professeur Documentaliste<\/p>\n<p style=\"text-align: center;\"><div id=\"metaslider-id-955\" style=\"max-width: 800px;\" class=\"ml-slider-3-109-0 metaslider metaslider-flex metaslider-955 ml-slider ms-theme-default nav-hidden\" role=\"region\" aria-label=\"Dipl\u00f4me 2018\" data-height=\"600\" data-width=\"800\">\n    <div id=\"metaslider_container_955\">\n        <div id=\"metaslider_955\" class=\"flexslider\">\n            <ul class='slides'>\n                <li style=\"display: block; width: 100%;\" class=\"slide-963 ms-image \" aria-roledescription=\"slide\" data-date=\"2018-11-13 04:18:18\" data-filename=\"1-2.jpg\" data-slide-type=\"image\"><img fetchpriority=\"high\" decoding=\"async\" src=\"https:\/\/site.ac-martinique.fr\/clg-edapierre\/wp-content\/uploads\/sites\/54\/2018\/11\/1-2.jpg\" height=\"600\" width=\"800\" alt=\"\" class=\"slider-955 slide-963 msDefaultImage\" \/><\/li>\n                <li style=\"display: none; width: 100%;\" class=\"slide-964 ms-image \" aria-roledescription=\"slide\" data-date=\"2018-11-13 04:21:46\" data-filename=\"2-1-800x600.jpg\" data-slide-type=\"image\"><img decoding=\"async\" src=\"https:\/\/site.ac-martinique.fr\/clg-edapierre\/wp-content\/uploads\/sites\/54\/2018\/11\/2-1-800x600.jpg\" height=\"600\" width=\"800\" alt=\"\" class=\"slider-955 slide-964 msDefaultImage\" \/><\/li>\n                <li style=\"display: none; width: 100%;\" class=\"slide-959 ms-image \" aria-roledescription=\"slide\" data-date=\"2018-11-13 04:13:39\" data-filename=\"3-800x600.jpg\" data-slide-type=\"image\"><img decoding=\"async\" src=\"https:\/\/site.ac-martinique.fr\/clg-edapierre\/wp-content\/uploads\/sites\/54\/2018\/11\/3-800x600.jpg\" height=\"600\" width=\"800\" alt=\"\" class=\"slider-955 slide-959 msDefaultImage\" \/><\/li>\n                <li style=\"display: none; width: 100%;\" class=\"slide-960 ms-image \" aria-roledescription=\"slide\" data-date=\"2018-11-13 04:13:40\" data-filename=\"4-1-800x600.jpg\" data-slide-type=\"image\"><img loading=\"lazy\" decoding=\"async\" src=\"https:\/\/site.ac-martinique.fr\/clg-edapierre\/wp-content\/uploads\/sites\/54\/2018\/11\/4-1-800x600.jpg\" height=\"600\" width=\"800\" alt=\"\" class=\"slider-955 slide-960 msDefaultImage\" \/><\/li>\n                <li style=\"display: none; width: 100%;\" class=\"slide-961 ms-image \" aria-roledescription=\"slide\" data-date=\"2018-11-13 04:13:41\" data-filename=\"5-1-800x600.jpg\" data-slide-type=\"image\"><img loading=\"lazy\" decoding=\"async\" src=\"https:\/\/site.ac-martinique.fr\/clg-edapierre\/wp-content\/uploads\/sites\/54\/2018\/11\/5-1-800x600.jpg\" height=\"600\" width=\"800\" alt=\"\" class=\"slider-955 slide-961 msDefaultImage\" \/><\/li>\n                <li style=\"display: none; width: 100%;\" class=\"slide-962 ms-image \" aria-roledescription=\"slide\" data-date=\"2018-11-13 04:13:41\" data-filename=\"6-1-800x600.jpg\" data-slide-type=\"image\"><img loading=\"lazy\" decoding=\"async\" src=\"https:\/\/site.ac-martinique.fr\/clg-edapierre\/wp-content\/uploads\/sites\/54\/2018\/11\/6-1-800x600.jpg\" height=\"600\" width=\"800\" alt=\"\" class=\"slider-955 slide-962 msDefaultImage\" \/><\/li>\n            <\/ul>\n        <\/div>\n        \n    <\/div>\n<\/div>\n<p>&nbsp;<\/p>\n<p>&nbsp;<\/p>\n<p>&nbsp;<\/p>\n","protected":false},"excerpt":{"rendered":"<p>Ce vendredi 9 novembre 2018, le coll\u00e8ge Christiane EDA-PIERRE a mis les petits plats dans les grands pour mettre \u00e0 &hellip; <\/p>\n<p class=\"link-more\"><a href=\"https:\/\/site.ac-martinique.fr\/clg-edapierre\/?page_id=954\" class=\"more-link\">Lire la suite&#8230;<span class=\"screen-reader-text\"> &#8220;Fiert\u00e9 et \u00e9motion \u00e0 la remise des dipl\u00f4mes !&#8221;<\/span><\/a><\/p>\n","protected":false},"author":127,"featured_media":0,"parent":693,"menu_order":0,"comment_status":"closed","ping_status":"closed","template":"","meta":{"pagelayer_contact_templates":[],"_pagelayer_content":"","_uag_custom_page_level_css":"","episode_type":"","audio_file":"","podmotor_file_id":"","podmotor_episode_id":"","cover_image":"","cover_image_id":"","duration":"","filesize":"","filesize_raw":"","date_recorded":"","explicit":"","block":"","itunes_episode_number":"","itunes_title":"","itunes_season_number":"","itunes_episode_type":"","_themeisle_gutenberg_block_has_review":false,"footnotes":"","_links_to":"","_links_to_target":""},"class_list":["post-954","page","type-page","status-publish","hentry"],"yoast_head":"<!-- This site is optimized with the Yoast SEO plugin v27.6 - https:\/\/yoast.com\/product\/yoast-seo-wordpress\/ -->\n<title>Fiert\u00e9 et \u00e9motion \u00e0 la remise des dipl\u00f4mes ! - \u2728 Coll\u00e8ge Christiane EDA-PIERRE \u2728<\/title>\n<meta name=\"robots\" content=\"index, follow, max-snippet:-1, max-image-preview:large, max-video-preview:-1\" \/>\n<link rel=\"canonical\" href=\"https:\/\/site.ac-martinique.fr\/clg-edapierre\/?page_id=954\" \/>\n<meta property=\"og:locale\" content=\"fr_FR\" \/>\n<meta property=\"og:type\" content=\"article\" \/>\n<meta property=\"og:title\" content=\"Fiert\u00e9 et \u00e9motion \u00e0 la remise des dipl\u00f4mes ! - \u2728 Coll\u00e8ge Christiane EDA-PIERRE \u2728\" \/>\n<meta property=\"og:description\" content=\"Ce vendredi 9 novembre 2018, le coll\u00e8ge Christiane EDA-PIERRE a mis les petits plats dans les grands pour mettre \u00e0 &hellip; Lire la suite... &quot;Fiert\u00e9 et \u00e9motion \u00e0 la remise des dipl\u00f4mes !&quot;\" \/>\n<meta property=\"og:url\" content=\"https:\/\/site.ac-martinique.fr\/clg-edapierre\/?page_id=954\" \/>\n<meta property=\"og:site_name\" content=\"\u2728 Coll\u00e8ge Christiane EDA-PIERRE \u2728\" \/>\n<meta property=\"article:modified_time\" content=\"2018-11-13T03:47:10+00:00\" \/>\n<meta name=\"twitter:card\" content=\"summary_large_image\" \/>\n<meta name=\"twitter:label1\" content=\"Dur\u00e9e de lecture estim\u00e9e\" \/>\n\t<meta name=\"twitter:data1\" content=\"2 minutes\" \/>\n<script type=\"application\/ld+json\" class=\"yoast-schema-graph\">{\"@context\":\"https:\\\/\\\/schema.org\",\"@graph\":[{\"@type\":\"WebPage\",\"@id\":\"https:\\\/\\\/site.ac-martinique.fr\\\/clg-edapierre\\\/?page_id=954\",\"url\":\"https:\\\/\\\/site.ac-martinique.fr\\\/clg-edapierre\\\/?page_id=954\",\"name\":\"Fiert\u00e9 et \u00e9motion \u00e0 la remise des dipl\u00f4mes ! - \u2728 Coll\u00e8ge Christiane EDA-PIERRE \u2728\",\"isPartOf\":{\"@id\":\"https:\\\/\\\/site.ac-martinique.fr\\\/clg-edapierre\\\/#website\"},\"datePublished\":\"2018-11-13T03:31:53+00:00\",\"dateModified\":\"2018-11-13T03:47:10+00:00\",\"breadcrumb\":{\"@id\":\"https:\\\/\\\/site.ac-martinique.fr\\\/clg-edapierre\\\/?page_id=954#breadcrumb\"},\"inLanguage\":\"fr-FR\",\"potentialAction\":[{\"@type\":\"ReadAction\",\"target\":[\"https:\\\/\\\/site.ac-martinique.fr\\\/clg-edapierre\\\/?page_id=954\"]}]},{\"@type\":\"BreadcrumbList\",\"@id\":\"https:\\\/\\\/site.ac-martinique.fr\\\/clg-edapierre\\\/?page_id=954#breadcrumb\",\"itemListElement\":[{\"@type\":\"ListItem\",\"position\":1,\"name\":\"Accueil\",\"item\":\"https:\\\/\\\/site.ac-martinique.fr\\\/clg-edapierre\"},{\"@type\":\"ListItem\",\"position\":2,\"name\":\"CDI\",\"item\":\"https:\\\/\\\/site.ac-martinique.fr\\\/clg-edapierre\\\/?page_id=29\"},{\"@type\":\"ListItem\",\"position\":3,\"name\":\"Ev\u00e8nements Coll\u00e8ge\",\"item\":\"https:\\\/\\\/site.ac-martinique.fr\\\/clg-edapierre\\\/?page_id=693\"},{\"@type\":\"ListItem\",\"position\":4,\"name\":\"Fiert\u00e9 et \u00e9motion \u00e0 la remise des dipl\u00f4mes !\"}]},{\"@type\":\"WebSite\",\"@id\":\"https:\\\/\\\/site.ac-martinique.fr\\\/clg-edapierre\\\/#website\",\"url\":\"https:\\\/\\\/site.ac-martinique.fr\\\/clg-edapierre\\\/\",\"name\":\"\u2728 Coll\u00e8ge Christiane EDA-PIERRE \u2728\",\"description\":\"\",\"potentialAction\":[{\"@type\":\"SearchAction\",\"target\":{\"@type\":\"EntryPoint\",\"urlTemplate\":\"https:\\\/\\\/site.ac-martinique.fr\\\/clg-edapierre\\\/?s={search_term_string}\"},\"query-input\":{\"@type\":\"PropertyValueSpecification\",\"valueRequired\":true,\"valueName\":\"search_term_string\"}}],\"inLanguage\":\"fr-FR\"}]}<\/script>\n<!-- \/ Yoast SEO plugin. -->","yoast_head_json":{"title":"Fiert\u00e9 et \u00e9motion \u00e0 la remise des dipl\u00f4mes ! - \u2728 Coll\u00e8ge Christiane EDA-PIERRE \u2728","robots":{"index":"index","follow":"follow","max-snippet":"max-snippet:-1","max-image-preview":"max-image-preview:large","max-video-preview":"max-video-preview:-1"},"canonical":"https:\/\/site.ac-martinique.fr\/clg-edapierre\/?page_id=954","og_locale":"fr_FR","og_type":"article","og_title":"Fiert\u00e9 et \u00e9motion \u00e0 la remise des dipl\u00f4mes ! - \u2728 Coll\u00e8ge Christiane EDA-PIERRE \u2728","og_description":"Ce vendredi 9 novembre 2018, le coll\u00e8ge Christiane EDA-PIERRE a mis les petits plats dans les grands pour mettre \u00e0 &hellip; Lire la suite... \"Fiert\u00e9 et \u00e9motion \u00e0 la remise des dipl\u00f4mes !\"","og_url":"https:\/\/site.ac-martinique.fr\/clg-edapierre\/?page_id=954","og_site_name":"\u2728 Coll\u00e8ge Christiane EDA-PIERRE \u2728","article_modified_time":"2018-11-13T03:47:10+00:00","twitter_card":"summary_large_image","twitter_misc":{"Dur\u00e9e de lecture estim\u00e9e":"2 minutes"},"schema":{"@context":"https:\/\/schema.org","@graph":[{"@type":"WebPage","@id":"https:\/\/site.ac-martinique.fr\/clg-edapierre\/?page_id=954","url":"https:\/\/site.ac-martinique.fr\/clg-edapierre\/?page_id=954","name":"Fiert\u00e9 et \u00e9motion \u00e0 la remise des dipl\u00f4mes ! - \u2728 Coll\u00e8ge Christiane EDA-PIERRE \u2728","isPartOf":{"@id":"https:\/\/site.ac-martinique.fr\/clg-edapierre\/#website"},"datePublished":"2018-11-13T03:31:53+00:00","dateModified":"2018-11-13T03:47:10+00:00","breadcrumb":{"@id":"https:\/\/site.ac-martinique.fr\/clg-edapierre\/?page_id=954#breadcrumb"},"inLanguage":"fr-FR","potentialAction":[{"@type":"ReadAction","target":["https:\/\/site.ac-martinique.fr\/clg-edapierre\/?page_id=954"]}]},{"@type":"BreadcrumbList","@id":"https:\/\/site.ac-martinique.fr\/clg-edapierre\/?page_id=954#breadcrumb","itemListElement":[{"@type":"ListItem","position":1,"name":"Accueil","item":"https:\/\/site.ac-martinique.fr\/clg-edapierre"},{"@type":"ListItem","position":2,"name":"CDI","item":"https:\/\/site.ac-martinique.fr\/clg-edapierre\/?page_id=29"},{"@type":"ListItem","position":3,"name":"Ev\u00e8nements Coll\u00e8ge","item":"https:\/\/site.ac-martinique.fr\/clg-edapierre\/?page_id=693"},{"@type":"ListItem","position":4,"name":"Fiert\u00e9 et \u00e9motion \u00e0 la remise des dipl\u00f4mes !"}]},{"@type":"WebSite","@id":"https:\/\/site.ac-martinique.fr\/clg-edapierre\/#website","url":"https:\/\/site.ac-martinique.fr\/clg-edapierre\/","name":"\u2728 Coll\u00e8ge Christiane EDA-PIERRE \u2728","description":"","potentialAction":[{"@type":"SearchAction","target":{"@type":"EntryPoint","urlTemplate":"https:\/\/site.ac-martinique.fr\/clg-edapierre\/?s={search_term_string}"},"query-input":{"@type":"PropertyValueSpecification","valueRequired":true,"valueName":"search_term_string"}}],"inLanguage":"fr-FR"}]}},"uagb_featured_image_src":{"full":false,"thumbnail":false,"medium":false,"medium_large":false,"large":false,"1536x1536":false,"2048x2048":false,"smart-post-landscape":false,"smart-post-portrait":false,"lambadalite-featured-image":false,"lambadalite-thumbnail-avatar":false,"mailpoet_newsletter_max":false},"uagb_author_info":{"display_name":"webmestre","author_link":"https:\/\/site.ac-martinique.fr\/clg-edapierre\/?author=127"},"uagb_comment_info":0,"uagb_excerpt":"Ce vendredi 9 novembre 2018, le coll\u00e8ge Christiane EDA-PIERRE a mis les petits plats dans les grands pour mettre \u00e0 &hellip; Lire la suite... \"Fiert\u00e9 et \u00e9motion \u00e0 la remise des dipl\u00f4mes !\"","publishpress_future_action":{"enabled":false,"date":"2026-05-21 15:44:46","action":"change-status","newStatus":"draft","terms":[],"taxonomy":"","extraData":[]},"publishpress_future_workflow_manual_trigger":{"enabledWorkflows":[]},"amp_enabled":true,"_links":{"self":[{"href":"https:\/\/site.ac-martinique.fr\/clg-edapierre\/index.php?rest_route=\/wp\/v2\/pages\/954","targetHints":{"allow":["GET"]}}],"collection":[{"href":"https:\/\/site.ac-martinique.fr\/clg-edapierre\/index.php?rest_route=\/wp\/v2\/pages"}],"about":[{"href":"https:\/\/site.ac-martinique.fr\/clg-edapierre\/index.php?rest_route=\/wp\/v2\/types\/page"}],"author":[{"embeddable":true,"href":"https:\/\/site.ac-martinique.fr\/clg-edapierre\/index.php?rest_route=\/wp\/v2\/users\/127"}],"replies":[{"embeddable":true,"href":"https:\/\/site.ac-martinique.fr\/clg-edapierre\/index.php?rest_route=%2Fwp%2Fv2%2Fcomments&post=954"}],"version-history":[{"count":4,"href":"https:\/\/site.ac-martinique.fr\/clg-edapierre\/index.php?rest_route=\/wp\/v2\/pages\/954\/revisions"}],"predecessor-version":[{"id":973,"href":"https:\/\/site.ac-martinique.fr\/clg-edapierre\/index.php?rest_route=\/wp\/v2\/pages\/954\/revisions\/973"}],"up":[{"embeddable":true,"href":"https:\/\/site.ac-martinique.fr\/clg-edapierre\/index.php?rest_route=\/wp\/v2\/pages\/693"}],"wp:attachment":[{"href":"https:\/\/site.ac-martinique.fr\/clg-edapierre\/index.php?rest_route=%2Fwp%2Fv2%2Fmedia&parent=954"}],"curies":[{"name":"wp","href":"https:\/\/api.w.org\/{rel}","templated":true}]}}