{"id":1159,"date":"2021-05-02T15:57:37","date_gmt":"2021-05-02T18:57:37","guid":{"rendered":"https:\/\/site.ac-martinique.fr\/clg-edouardglissant\/?page_id=1159"},"modified":"2021-05-02T16:05:51","modified_gmt":"2021-05-02T19:05:51","slug":"biographie","status":"publish","type":"page","link":"https:\/\/site.ac-martinique.fr\/clg-edouardglissant\/edouard-glissant-2\/biographie\/","title":{"rendered":"Biographie"},"content":{"rendered":"<p><a href=\"https:\/\/site.ac-martinique.fr\/clg-edouardglissant\/wp-content\/uploads\/sites\/55\/2021\/05\/Screen-Shot-05-02-21-at-02.39-PM.png\"><img loading=\"lazy\" decoding=\"async\" class=\"alignnone size-full wp-image-1152\" src=\"https:\/\/site.ac-martinique.fr\/clg-edouardglissant\/wp-content\/uploads\/sites\/55\/2021\/05\/Screen-Shot-05-02-21-at-02.39-PM.png\" alt=\"\" width=\"203\" height=\"179\" \/><\/a><\/p>\n<table border=\"0\" summary=\"\" width=\"100%\" cellspacing=\"3\" cellpadding=\"2\" align=\"center\">\n<tbody>\n<tr>\n<td>\n<p class=\"Style6\" align=\"justify\"><span style=\"font-size: small;\">Lamentinois&#8230;<\/span><\/p>\n<p class=\"Style3\" align=\"justify\"><span style=\"font-size: small;\">Il na\u00eet \u00e0 Bezaudin, Sainte-Marie le 21 septembre 1928, jour de la Saint Mathieu. Il passe son enfance au Lamentin et, re\u00e7u \u00e0 l&rsquo;examen des bourses, en 1939, il entre au Lyc\u00e9e Schoelcher o\u00f9 il est interne jusqu&rsquo;\u00e0 son baccalaur\u00e9at. En 1946, il part \u00e0 Paris pour \u00e9tudier la philosophie et l&rsquo;ethnologie.<\/span><\/p>\n<\/td>\n<\/tr>\n<\/tbody>\n<\/table>\n<p><a href=\"https:\/\/site.ac-martinique.fr\/clg-edouardglissant\/wp-content\/uploads\/sites\/55\/2021\/05\/Screen-Shot-05-02-21-at-02.39-PM-001.png\"><img loading=\"lazy\" decoding=\"async\" class=\"alignnone size-full wp-image-1151\" src=\"https:\/\/site.ac-martinique.fr\/clg-edouardglissant\/wp-content\/uploads\/sites\/55\/2021\/05\/Screen-Shot-05-02-21-at-02.39-PM-001.png\" alt=\"\" width=\"201\" height=\"140\" \/><\/a><\/p>\n<table border=\"0\" summary=\"\" width=\"100%\" cellspacing=\"3\" cellpadding=\"2\" align=\"center\">\n<tbody>\n<tr>\n<td width=\"52%\">\n<p align=\"justify\"><strong><em><span style=\"font-size: small;\">Ecrivain&#8230;<\/span><\/em><\/strong><\/p>\n<p class=\"Style1\" align=\"justify\"><span style=\"font-size: small;\">Il \u00e9crit dans la revue \u00ab Les Lettres Nouvelles \u00bb et obtient le prix Renaudot pour le roman \u00ab La L\u00e9zarde \u00bb en 1958.<\/span><\/p>\n<p align=\"justify\"><span class=\"Style1\"><span style=\"color: #000066; font-size: small;\">Po\u00e9sie, pi\u00e8ces de th\u00e9\u00e2tre, romans, essais se succ\u00e9deront.<\/span><\/span><\/p>\n<\/td>\n<\/tr>\n<\/tbody>\n<\/table>\n<p><a href=\"https:\/\/site.ac-martinique.fr\/clg-edouardglissant\/wp-content\/uploads\/sites\/55\/2021\/05\/Screen-Shot-05-02-21-at-02.40-PM.png\"><img loading=\"lazy\" decoding=\"async\" class=\"alignnone size-full wp-image-1153\" src=\"https:\/\/site.ac-martinique.fr\/clg-edouardglissant\/wp-content\/uploads\/sites\/55\/2021\/05\/Screen-Shot-05-02-21-at-02.40-PM.png\" alt=\"\" width=\"203\" height=\"184\" \/><\/a><\/p>\n<table border=\"0\" summary=\"\" width=\"100%\" cellspacing=\"3\" cellpadding=\"2\" align=\"center\">\n<tbody>\n<tr>\n<td colspan=\"4\">\n<p class=\"Style9\"><span style=\"font-family: Verdana; font-size: small;\">Militant&#8230;<\/span><\/p>\n<p class=\"Style3\" align=\"justify\"><span style=\"font-family: Verdana; font-size: small;\">D\u00e8s son arriv\u00e9e \u00e0 Paris, il participe \u00e0 la Soci\u00e9t\u00e9 Africaine de Culture.<\/span><\/p>\n<p class=\"Style3\" align=\"justify\"><span style=\"font-family: Verdana; font-size: small;\">En 1960, fondateur avec Paul Niger du Front Antillo-Guyanais pour l&rsquo;Autonomie, il milite contre le syst\u00e8me colonial et le gouvernement fran\u00e7ais l&rsquo;assigne \u00e0 r\u00e9sidence en France m\u00e9tropolitaine.<\/span><\/p>\n<p class=\"Style3\">\n<\/td>\n<\/tr>\n<tr>\n<td colspan=\"5\">\n<p align=\"justify\"><span class=\"Style3\"><span style=\"color: #000066; font-family: Verdana; font-size: small;\">Il devient vice-pr\u00e9sident du Parlement International des Ecrivains (1994), organisme dont le but est de d\u00e9fendre la libert\u00e9 de cr\u00e9ation et qui pour ce faire, a instaur\u00e9 un r\u00e9seau de Villes Refuges pour les intellectuels menac\u00e9s.<\/span><\/span><\/p>\n<\/td>\n<\/tr>\n<tr>\n<td colspan=\"5\">\n<p style=\"font-weight: 400;\"><strong><em>Enseignant&#8230;<\/em><\/strong><\/p>\n<p style=\"font-weight: 400;\">Il revient en Martinique en 1965 et enseigne la litt\u00e9rature au lyc\u00e9e de jeunes filles de Bellevue. L&rsquo;ann\u00e9e suivante, il fonde l&rsquo;Institut Martiniquais d&rsquo;Etudes, \u00e9cole priv\u00e9e aux m\u00e9thodes innovantes pour des jeunes en difficult\u00e9. En 1989, il est professeur \u00e0 l&rsquo;Universit\u00e9 d&rsquo;Etat de Louisiane et actuellement enseigne le fran\u00e7ais \u00e0 la City University of New York (CUNY).<\/p>\n<\/td>\n<\/tr>\n<\/tbody>\n<\/table>\n<p><a href=\"https:\/\/site.ac-martinique.fr\/clg-edouardglissant\/wp-content\/uploads\/sites\/55\/2021\/05\/Screen-Shot-05-02-21-at-02.53-PM.png\"><img loading=\"lazy\" decoding=\"async\" class=\"alignnone size-full wp-image-1156\" src=\"https:\/\/site.ac-martinique.fr\/clg-edouardglissant\/wp-content\/uploads\/sites\/55\/2021\/05\/Screen-Shot-05-02-21-at-02.53-PM.png\" alt=\"\" width=\"154\" height=\"225\" \/><\/a><\/p>\n<table width=\"100%\">\n<tbody>\n<tr>\n<td><strong><em>Philosophe, Citoyen du Monde&#8230;<\/em><\/strong><\/td>\n<td colspan=\"2\"><\/td>\n<\/tr>\n<tr>\n<td width=\"52%\">Il fonde une revue de sciences humaines ACOMA qui para\u00eet de 1971 \u00e0 1973.<\/p>\n<p>Directeur du Courrier de l&rsquo;UNESCO de 1982 \u00e0 1988, il approfondit sa r\u00e9flexion sur le m\u00e9tissage culturel.<\/td>\n<td colspan=\"2\">Il invente le terme de cr\u00e9olisation pour formaliser l&rsquo;id\u00e9e des relations entre les cultures.<\/p>\n<p>Il\u00a0\u00e9tait l&rsquo;inspirateur d&rsquo;un projet de mus\u00e9e des Arts et des Am\u00e9riques \u00e0 l&rsquo;usine du Lareinty (Lamentin), aujourd&rsquo;hui abandonn\u00e9 \u00e0 son grand regret.<\/td>\n<\/tr>\n<tr>\n<td colspan=\"3\" width=\"52%\">Il a fond\u00e9 en 2005\u00a0<a href=\"http:\/\/www.tout-monde.com\/\"><strong>l&rsquo;Institut du Tout Monde<\/strong><\/a>\u00a0qui a pour mission de diffuser \u00ab\u00a0l&rsquo;extraordianire diversit\u00e9 des imaginaires des peuples\u00a0\u00bb(E. GLISSANT).<\/td>\n<\/tr>\n<tr>\n<td colspan=\"3\" width=\"52%\">En janvier 2006, le Pr\u00e9sident Chirac lui a confi\u00e9 la pr\u00e9sidence d&rsquo;une mission pour cr\u00e9er un Centre national\u00a0consacr\u00e9 \u00e0 la traite et \u00e0 l&rsquo;esclavage. En mai 2007, Edouard Glissant a rendu son rapport sous forme d&rsquo;un livre.<br \/>\nOutre sa reflexion sur la place de la m\u00e9moire de l&rsquo;esclavage et sur la lutte \u00e0 mener encore actuellement\u00a0\u00a0pour lutter contre ce fl\u00e9au, il y expose des propositions pour l&rsquo;organisation des diff\u00e9rents domaines d&rsquo;activit\u00e9s de ce futur centre.<\/td>\n<\/tr>\n<\/tbody>\n<\/table>\n","protected":false},"excerpt":{"rendered":"<p>Lamentinois&#8230; Il na\u00eet \u00e0 Bezaudin, Sainte-Marie le 21 septembre 1928, jour de la Saint Mathieu. Il passe son enfance au Lamentin et, re\u00e7u \u00e0 l&rsquo;examen des bourses, en 1939, il entre au Lyc\u00e9e Schoelcher o\u00f9 il est interne jusqu&rsquo;\u00e0 son baccalaur\u00e9at. En 1946, il part \u00e0 Paris pour \u00e9tudier la philosophie et l&rsquo;ethnologie. Ecrivain&#8230; Il &hellip; <a href=\"https:\/\/site.ac-martinique.fr\/clg-edouardglissant\/edouard-glissant-2\/biographie\/\" class=\"more-link\">Continuer la lecture de <span class=\"screen-reader-text\">Biographie<\/span>  <span class=\"meta-nav\">&rarr;<\/span><\/a><\/p>\n","protected":false},"author":128,"featured_media":0,"parent":379,"menu_order":0,"comment_status":"closed","ping_status":"closed","template":"","meta":{"footnotes":""},"class_list":["post-1159","page","type-page","status-publish","hentry"],"amp_enabled":true,"_links":{"self":[{"href":"https:\/\/site.ac-martinique.fr\/clg-edouardglissant\/wp-json\/wp\/v2\/pages\/1159","targetHints":{"allow":["GET"]}}],"collection":[{"href":"https:\/\/site.ac-martinique.fr\/clg-edouardglissant\/wp-json\/wp\/v2\/pages"}],"about":[{"href":"https:\/\/site.ac-martinique.fr\/clg-edouardglissant\/wp-json\/wp\/v2\/types\/page"}],"author":[{"embeddable":true,"href":"https:\/\/site.ac-martinique.fr\/clg-edouardglissant\/wp-json\/wp\/v2\/users\/128"}],"replies":[{"embeddable":true,"href":"https:\/\/site.ac-martinique.fr\/clg-edouardglissant\/wp-json\/wp\/v2\/comments?post=1159"}],"version-history":[{"count":2,"href":"https:\/\/site.ac-martinique.fr\/clg-edouardglissant\/wp-json\/wp\/v2\/pages\/1159\/revisions"}],"predecessor-version":[{"id":1173,"href":"https:\/\/site.ac-martinique.fr\/clg-edouardglissant\/wp-json\/wp\/v2\/pages\/1159\/revisions\/1173"}],"up":[{"embeddable":true,"href":"https:\/\/site.ac-martinique.fr\/clg-edouardglissant\/wp-json\/wp\/v2\/pages\/379"}],"wp:attachment":[{"href":"https:\/\/site.ac-martinique.fr\/clg-edouardglissant\/wp-json\/wp\/v2\/media?parent=1159"}],"curies":[{"name":"wp","href":"https:\/\/api.w.org\/{rel}","templated":true}]}}