{"id":1163,"date":"2021-05-02T16:02:14","date_gmt":"2021-05-02T19:02:14","guid":{"rendered":"https:\/\/site.ac-martinique.fr\/clg-edouardglissant\/?page_id=1163"},"modified":"2021-05-02T16:09:54","modified_gmt":"2021-05-02T19:09:54","slug":"prix-et-distinctions","status":"publish","type":"page","link":"https:\/\/site.ac-martinique.fr\/clg-edouardglissant\/prix-et-distinctions\/","title":{"rendered":"Prix et distinctions"},"content":{"rendered":"<table border=\"0\" width=\"80%\" cellspacing=\"3\" cellpadding=\"2\" align=\"center\">\n<tbody>\n<tr>\n<td>\n<div><span class=\"Style3\"><span style=\"color: #000066;\"><span style=\"font-family: Verdana;\"><strong><span style=\"font-size: small;\">1958 :\u00a0<\/span><\/strong><span style=\"font-size: small;\">Prix Renaudot, pour\u00a0<em>La L\u00e9zarde<\/em><\/span><\/span><\/span><\/span><\/div>\n<\/td>\n<\/tr>\n<tr>\n<td>\n<div><span class=\"Style3\"><span style=\"color: #000066;\"><span style=\"font-family: Verdana;\"><strong><span style=\"font-size: small;\">1965 :\u00a0<\/span><\/strong><span style=\"font-size: small;\">Prix Charles Veillon pour\u00a0<em>Le Quatri\u00e8me Si\u00e8cle<\/em><\/span><\/span><\/span><\/span><\/div>\n<\/td>\n<\/tr>\n<tr>\n<td>\n<div><span class=\"Style3\"><span style=\"color: #000066;\"><span style=\"font-family: Verdana;\"><strong><span style=\"font-size: small;\">1989\u00a0<\/span><\/strong><span style=\"font-size: small;\">:\u00a0<\/span><span style=\"font-size: small;\">Docteur Honoris Causa, York University (Toronto)<\/span><\/span><\/span><\/span><\/div>\n<\/td>\n<\/tr>\n<tr>\n<td>\n<div><span class=\"Style3\"><span style=\"color: #000066;\"><span style=\"font-family: Verdana;\"><strong><span style=\"font-size: small;\">1989 :<\/span><\/strong><span style=\"font-size: small;\">\u00a0Puterbaugh Foundation Biennal Prize pour l\u2019ensemble de son oeuvre<\/span><\/span><\/span><\/span><\/div>\n<\/td>\n<\/tr>\n<tr>\n<td>\n<div><span class=\"Style3\"><span style=\"color: #000066;\"><span style=\"font-family: Verdana;\"><strong><span style=\"font-size: small;\">1991 :\u00a0<\/span><\/strong><span style=\"font-size: small;\">Prix Roger Caillois de po\u00e9sie, pour Po\u00e9tique de la relation<\/span><\/span><\/span><\/span><\/div>\n<\/td>\n<\/tr>\n<tr>\n<td>\n<div><span class=\"Style3\"><span style=\"color: #000066;\"><span style=\"font-family: Verdana;\"><strong><span style=\"font-size: small;\">1993\u00a0<\/span><\/strong><span style=\"font-size: small;\">:\u00a0<\/span><span style=\"font-size: small;\">Docteur Honoris Causa, West Indies University (Trinidad)<\/span><\/span><\/span><\/span><\/div>\n<\/td>\n<\/tr>\n<tr>\n<td>\n<div><span class=\"Style3\"><span style=\"color: #000066;\"><span style=\"font-family: Verdana;\"><strong><span style=\"font-size: small;\">1998 :\u00a0<\/span><\/strong><span style=\"font-size: small;\">Prix de Po\u00e9sie du Mont Saint-Michel<\/span><\/span><\/span><\/span><\/div>\n<\/td>\n<\/tr>\n<tr>\n<td class=\"Style3\">\n<div><span style=\"font-family: Verdana;\"><strong>2004 :<\/strong>\u00a0Laurea ad Honorem de l&rsquo;Universit\u00e9 de Bologne en Langues et Litt\u00e9ratures \u00c9trang\u00e8res (Italie)<\/span><\/div>\n<\/td>\n<\/tr>\n<tr>\n<td>\n<div><\/div>\n<\/td>\n<\/tr>\n<tr>\n<td>\n<div><span class=\"Style3\"><span style=\"color: #000066; font-family: Verdana; font-size: small;\">Membre de l\u2019Ordre des Francophones d\u2019Am\u00e9rique (Qu\u00e9bec) depuis 1986<\/span><\/span><\/div>\n<\/td>\n<\/tr>\n<tr>\n<td>\n<div><span class=\"Style1\"><span style=\"color: #000066; font-size: small;\">Pr\u00e9sident honoraire du Parlement International des Ecrivains depuis 1993<\/span><\/span><\/div>\n<\/td>\n<\/tr>\n<tr>\n<td>\n<div><\/div>\n<\/td>\n<\/tr>\n<\/tbody>\n<\/table>\n","protected":false},"excerpt":{"rendered":"<p>1958 :\u00a0Prix Renaudot, pour\u00a0La L\u00e9zarde 1965 :\u00a0Prix Charles Veillon pour\u00a0Le Quatri\u00e8me Si\u00e8cle 1989\u00a0:\u00a0Docteur Honoris Causa, York University (Toronto) 1989 :\u00a0Puterbaugh Foundation Biennal Prize pour l\u2019ensemble de son oeuvre 1991 :\u00a0Prix Roger Caillois de po\u00e9sie, pour Po\u00e9tique de la relation 1993\u00a0:\u00a0Docteur Honoris Causa, West Indies University (Trinidad) 1998 :\u00a0Prix de Po\u00e9sie du Mont Saint-Michel 2004 :\u00a0Laurea &hellip; <a href=\"https:\/\/site.ac-martinique.fr\/clg-edouardglissant\/prix-et-distinctions\/\" class=\"more-link\">Continuer la lecture de <span class=\"screen-reader-text\">Prix et distinctions<\/span>  <span class=\"meta-nav\">&rarr;<\/span><\/a><\/p>\n","protected":false},"author":128,"featured_media":0,"parent":0,"menu_order":0,"comment_status":"closed","ping_status":"closed","template":"","meta":{"footnotes":""},"class_list":["post-1163","page","type-page","status-publish","hentry"],"amp_enabled":true,"_links":{"self":[{"href":"https:\/\/site.ac-martinique.fr\/clg-edouardglissant\/wp-json\/wp\/v2\/pages\/1163","targetHints":{"allow":["GET"]}}],"collection":[{"href":"https:\/\/site.ac-martinique.fr\/clg-edouardglissant\/wp-json\/wp\/v2\/pages"}],"about":[{"href":"https:\/\/site.ac-martinique.fr\/clg-edouardglissant\/wp-json\/wp\/v2\/types\/page"}],"author":[{"embeddable":true,"href":"https:\/\/site.ac-martinique.fr\/clg-edouardglissant\/wp-json\/wp\/v2\/users\/128"}],"replies":[{"embeddable":true,"href":"https:\/\/site.ac-martinique.fr\/clg-edouardglissant\/wp-json\/wp\/v2\/comments?post=1163"}],"version-history":[{"count":2,"href":"https:\/\/site.ac-martinique.fr\/clg-edouardglissant\/wp-json\/wp\/v2\/pages\/1163\/revisions"}],"predecessor-version":[{"id":1176,"href":"https:\/\/site.ac-martinique.fr\/clg-edouardglissant\/wp-json\/wp\/v2\/pages\/1163\/revisions\/1176"}],"wp:attachment":[{"href":"https:\/\/site.ac-martinique.fr\/clg-edouardglissant\/wp-json\/wp\/v2\/media?parent=1163"}],"curies":[{"name":"wp","href":"https:\/\/api.w.org\/{rel}","templated":true}]}}