{"id":1165,"date":"2021-05-02T16:02:14","date_gmt":"2021-05-02T19:02:14","guid":{"rendered":"https:\/\/site.ac-martinique.fr\/clg-edouardglissant\/?page_id=1165"},"modified":"2021-05-02T16:10:46","modified_gmt":"2021-05-02T19:10:46","slug":"oeuvres","status":"publish","type":"page","link":"https:\/\/site.ac-martinique.fr\/clg-edouardglissant\/oeuvres\/","title":{"rendered":"Oeuvres"},"content":{"rendered":"<p><strong>Essais<\/strong><\/p>\n<ul>\n<li>Soleil de la conscience,1956<\/li>\n<li>Le Discours antillais, 1981<\/li>\n<li>Po\u00e9tique de la relation, 1990<\/li>\n<li>Discours de Glendon,\u00a01990<\/li>\n<li>Introduction \u00e0 une po\u00e9tique du divers,\u00a01995<\/li>\n<li>Faulkner, Mississipi,\u00a01996<\/li>\n<li>\n<div align=\"left\">Trait\u00e9 du Tout-Monde (Po\u00e9tique IV),\u00a01997<\/div>\n<\/li>\n<li>La Coh\u00e9e du Lamentin (Po\u00e9tique V),\u00a02005<\/li>\n<li>Une Nouvelle r\u00e9gion du monde (Esth\u00e9tique ),\u00a02006<\/li>\n<li>M\u00e9moires des esclavages, la fondation d&rsquo;un centre national pour la m\u00e9moire des esclavages et de leurs abolitions, 2007<\/li>\n<\/ul>\n<p><strong>Po\u00e9sies<\/strong><\/p>\n<ul>\n<li>La Terre inqui\u00e8te, 1955<\/li>\n<li>Le sel noir, 1960<\/li>\n<li>Les Indes, 1965<\/li>\n<li>L&rsquo;intention po\u00e9tique, 1997<\/li>\n<li>Boises , histoire d&rsquo;une aridit\u00e9, 1983<\/li>\n<li>Pays r\u00eav\u00e9, pays r\u00e9el, 1985<\/li>\n<li>Fastes, 1991<\/li>\n<li>Po\u00e8mes complets, 1994<\/li>\n<li>Le Monde incr\u00e9e, 2000<\/li>\n<\/ul>\n<p><strong>Romans<\/strong><\/p>\n<ul>\n<li>La L\u00e9zarde, Gallimard, 1958<\/li>\n<li>Le quatri\u00e8me si\u00e8cle, 1964<\/li>\n<li>Malemort, 1975<\/li>\n<li>La case du commandeur, 1981<\/li>\n<li>Mahagony, 1987<\/li>\n<li>Tout-Monde, 1995<\/li>\n<li>Sartorius : le roman des Batoutos, 1999<\/li>\n<li>Ormerod, Gallimard, 2003<\/li>\n<\/ul>\n<p><strong>Pi\u00e8ce de th\u00e9\u00e2tre<\/strong><\/p>\n<ul>\n<li>Monsieur Toussaint, 1961<\/li>\n<\/ul>\n","protected":false},"excerpt":{"rendered":"<p>Essais Soleil de la conscience,1956 Le Discours antillais, 1981 Po\u00e9tique de la relation, 1990 Discours de Glendon,\u00a01990 Introduction \u00e0 une po\u00e9tique du divers,\u00a01995 Faulkner, Mississipi,\u00a01996 Trait\u00e9 du Tout-Monde (Po\u00e9tique IV),\u00a01997 La Coh\u00e9e du Lamentin (Po\u00e9tique V),\u00a02005 Une Nouvelle r\u00e9gion du monde (Esth\u00e9tique ),\u00a02006 M\u00e9moires des esclavages, la fondation d&rsquo;un centre national pour la m\u00e9moire des &hellip; <a href=\"https:\/\/site.ac-martinique.fr\/clg-edouardglissant\/oeuvres\/\" class=\"more-link\">Continuer la lecture de <span class=\"screen-reader-text\">Oeuvres<\/span>  <span class=\"meta-nav\">&rarr;<\/span><\/a><\/p>\n","protected":false},"author":128,"featured_media":0,"parent":0,"menu_order":0,"comment_status":"closed","ping_status":"closed","template":"","meta":{"footnotes":""},"class_list":["post-1165","page","type-page","status-publish","hentry"],"amp_enabled":true,"_links":{"self":[{"href":"https:\/\/site.ac-martinique.fr\/clg-edouardglissant\/wp-json\/wp\/v2\/pages\/1165","targetHints":{"allow":["GET"]}}],"collection":[{"href":"https:\/\/site.ac-martinique.fr\/clg-edouardglissant\/wp-json\/wp\/v2\/pages"}],"about":[{"href":"https:\/\/site.ac-martinique.fr\/clg-edouardglissant\/wp-json\/wp\/v2\/types\/page"}],"author":[{"embeddable":true,"href":"https:\/\/site.ac-martinique.fr\/clg-edouardglissant\/wp-json\/wp\/v2\/users\/128"}],"replies":[{"embeddable":true,"href":"https:\/\/site.ac-martinique.fr\/clg-edouardglissant\/wp-json\/wp\/v2\/comments?post=1165"}],"version-history":[{"count":2,"href":"https:\/\/site.ac-martinique.fr\/clg-edouardglissant\/wp-json\/wp\/v2\/pages\/1165\/revisions"}],"predecessor-version":[{"id":1178,"href":"https:\/\/site.ac-martinique.fr\/clg-edouardglissant\/wp-json\/wp\/v2\/pages\/1165\/revisions\/1178"}],"wp:attachment":[{"href":"https:\/\/site.ac-martinique.fr\/clg-edouardglissant\/wp-json\/wp\/v2\/media?parent=1165"}],"curies":[{"name":"wp","href":"https:\/\/api.w.org\/{rel}","templated":true}]}}