{"id":1456,"date":"2021-05-19T23:15:48","date_gmt":"2021-05-20T02:15:48","guid":{"rendered":"https:\/\/site.ac-martinique.fr\/clg-edouardglissant\/?page_id=1456"},"modified":"2021-05-19T23:15:48","modified_gmt":"2021-05-20T02:15:48","slug":"un-site-dedie-au-poete","status":"publish","type":"page","link":"https:\/\/site.ac-martinique.fr\/clg-edouardglissant\/un-site-dedie-au-poete\/","title":{"rendered":"Un site d\u00e9di\u00e9 au Po\u00e8te"},"content":{"rendered":"<p><a href=\"https:\/\/edouardglissant.world\/lieux\/college-edouard-glissant\/\">https:\/\/edouardglissant.world\/lieux\/college-edouard-glissant\/<\/a><\/p>\n","protected":false},"excerpt":{"rendered":"<p>https:\/\/edouardglissant.world\/lieux\/college-edouard-glissant\/<\/p>\n","protected":false},"author":128,"featured_media":0,"parent":0,"menu_order":0,"comment_status":"closed","ping_status":"closed","template":"","meta":{"footnotes":""},"class_list":["post-1456","page","type-page","status-publish","hentry"],"amp_enabled":true,"_links":{"self":[{"href":"https:\/\/site.ac-martinique.fr\/clg-edouardglissant\/wp-json\/wp\/v2\/pages\/1456","targetHints":{"allow":["GET"]}}],"collection":[{"href":"https:\/\/site.ac-martinique.fr\/clg-edouardglissant\/wp-json\/wp\/v2\/pages"}],"about":[{"href":"https:\/\/site.ac-martinique.fr\/clg-edouardglissant\/wp-json\/wp\/v2\/types\/page"}],"author":[{"embeddable":true,"href":"https:\/\/site.ac-martinique.fr\/clg-edouardglissant\/wp-json\/wp\/v2\/users\/128"}],"replies":[{"embeddable":true,"href":"https:\/\/site.ac-martinique.fr\/clg-edouardglissant\/wp-json\/wp\/v2\/comments?post=1456"}],"version-history":[{"count":2,"href":"https:\/\/site.ac-martinique.fr\/clg-edouardglissant\/wp-json\/wp\/v2\/pages\/1456\/revisions"}],"predecessor-version":[{"id":1458,"href":"https:\/\/site.ac-martinique.fr\/clg-edouardglissant\/wp-json\/wp\/v2\/pages\/1456\/revisions\/1458"}],"wp:attachment":[{"href":"https:\/\/site.ac-martinique.fr\/clg-edouardglissant\/wp-json\/wp\/v2\/media?parent=1456"}],"curies":[{"name":"wp","href":"https:\/\/api.w.org\/{rel}","templated":true}]}}