{"id":2863,"date":"2025-07-03T09:31:28","date_gmt":"2025-07-03T12:31:28","guid":{"rendered":"https:\/\/site.ac-martinique.fr\/clg-edouardglissant\/?page_id=2863"},"modified":"2025-07-03T09:53:20","modified_gmt":"2025-07-03T12:53:20","slug":"service-social","status":"publish","type":"page","link":"https:\/\/site.ac-martinique.fr\/clg-edouardglissant\/service-social\/","title":{"rendered":"SERVICE SOCIAL"},"content":{"rendered":"<p style=\"text-align: center;\"><strong>SERVICE SOCIAL DE L\u2019\u00c9TABLISSEMENT<\/strong><\/p>\n<p>&nbsp;<\/p>\n<p>&nbsp;<\/p>\n<p>La mission principale de l\u2019<strong>assistante sociale scolaire<\/strong>, qui est soumise au secret professionnel, est de contribuer \u00e0 la r\u00e9ussite individuelle, scolaire et sociale de l\u2019\u00e9l\u00e8ve. Elle \u00e9coute, conseille, informe, soutient, aide et accompagne.<\/p>\n<p>&nbsp;<\/p>\n<p style=\"text-align: left;\">Parents et \u00e9l\u00e8ves peuvent prendre contact avec l\u2019assistante de service social de l\u2019\u00e9tablissement en cas de difficult\u00e9s, qu\u2019elles soient familiales, financi\u00e8res, personnelles, li\u00e9es \u00e0 la scolarit\u00e9 (absent\u00e9isme, harc\u00e8lement, acc\u00e8s aux droits, accompagnement d\u2019\u00e9l\u00e8ves \u00e0 besoins particuliers), \u2026. Elle peut \u00e9galement \u00eatre sollicit\u00e9e par tous les personnels de l\u2019\u00e9tablissement qui souhaitent porter \u00e0 sa connaissance la situation d\u2019un \u00e9l\u00e8ve.<\/p>\n<p style=\"text-align: left;\">Si besoin l\u2019assistante de service social peut faire le relais avec les services comp\u00e9tents ext\u00e9rieurs \u00e0 l\u2019\u00e9tablissement.<br \/>\nAu coll\u00e8ge Edouard Glissant, l\u2019assistante de service social est Mme LAMBEY.<\/p>\n<p style=\"text-align: left;\">Elle assure des <strong>permanences sans rendez-vous le lundi, de 8h \u00e0 12h.<\/strong><\/p>\n<p style=\"text-align: left;\">Il est possible d\u2019\u00eatre re\u00e7u \u00e0 d\u2019autres moments de la semaine, sur rendez-vous.<\/p>\n<p style=\"text-align: left;\"><strong>La prise de contact peut se faire via le standard t\u00e9l\u00e9phonique de l\u2019\u00e9tablissement, les applications (Pronote, Colibri) ou par mail<\/strong>,<\/p>\n<p>Tel : <em><strong>0596 51 18 21<\/strong><\/em><\/p>\n<p>Email: <a href=\"mailto:amelie.lambey@ac-martinique.fr\">amelie.lambey@ac-martinique.fr<\/a><\/p>\n<p>&nbsp;<\/p>\n","protected":false},"excerpt":{"rendered":"<p>SERVICE SOCIAL DE L\u2019\u00c9TABLISSEMENT &nbsp; &nbsp; La mission principale de l\u2019assistante sociale scolaire, qui est soumise au secret professionnel, est de contribuer \u00e0 la r\u00e9ussite individuelle, scolaire et sociale de l\u2019\u00e9l\u00e8ve. Elle \u00e9coute, conseille, informe, soutient, aide et accompagne. &nbsp; Parents et \u00e9l\u00e8ves peuvent prendre contact avec l\u2019assistante de service social de l\u2019\u00e9tablissement en cas &hellip; <a href=\"https:\/\/site.ac-martinique.fr\/clg-edouardglissant\/service-social\/\" class=\"more-link\">Continuer la lecture de <span class=\"screen-reader-text\">SERVICE SOCIAL<\/span>  <span class=\"meta-nav\">&rarr;<\/span><\/a><\/p>\n","protected":false},"author":128,"featured_media":0,"parent":0,"menu_order":0,"comment_status":"closed","ping_status":"closed","template":"","meta":{"footnotes":""},"class_list":["post-2863","page","type-page","status-publish","hentry"],"amp_enabled":true,"_links":{"self":[{"href":"https:\/\/site.ac-martinique.fr\/clg-edouardglissant\/wp-json\/wp\/v2\/pages\/2863","targetHints":{"allow":["GET"]}}],"collection":[{"href":"https:\/\/site.ac-martinique.fr\/clg-edouardglissant\/wp-json\/wp\/v2\/pages"}],"about":[{"href":"https:\/\/site.ac-martinique.fr\/clg-edouardglissant\/wp-json\/wp\/v2\/types\/page"}],"author":[{"embeddable":true,"href":"https:\/\/site.ac-martinique.fr\/clg-edouardglissant\/wp-json\/wp\/v2\/users\/128"}],"replies":[{"embeddable":true,"href":"https:\/\/site.ac-martinique.fr\/clg-edouardglissant\/wp-json\/wp\/v2\/comments?post=2863"}],"version-history":[{"count":6,"href":"https:\/\/site.ac-martinique.fr\/clg-edouardglissant\/wp-json\/wp\/v2\/pages\/2863\/revisions"}],"predecessor-version":[{"id":2878,"href":"https:\/\/site.ac-martinique.fr\/clg-edouardglissant\/wp-json\/wp\/v2\/pages\/2863\/revisions\/2878"}],"wp:attachment":[{"href":"https:\/\/site.ac-martinique.fr\/clg-edouardglissant\/wp-json\/wp\/v2\/media?parent=2863"}],"curies":[{"name":"wp","href":"https:\/\/api.w.org\/{rel}","templated":true}]}}