{"id":3131,"date":"2026-03-16T09:02:39","date_gmt":"2026-03-16T12:02:39","guid":{"rendered":"https:\/\/site.ac-martinique.fr\/clg-edouardglissant\/?page_id=3131"},"modified":"2026-03-31T16:16:53","modified_gmt":"2026-03-31T19:16:53","slug":"atelier-web-radio","status":"publish","type":"page","link":"https:\/\/site.ac-martinique.fr\/clg-edouardglissant\/atelier-web-radio\/","title":{"rendered":"ATELIER WEB RADIO"},"content":{"rendered":"<h4><span style=\"font-size: 14pt;\">Emission du 25 Novembre 3eme section espagnol+<\/span><\/h4>\n<p data-pm-slice=\"1 1 []\"><strong>\u00bfLo sab\u00edas?\u00a0 \u00a0 \u00a0Le savais-tu?<\/strong><\/p>\n<p>La 3\u00e8me section espagnol+ (3\u00e8me3 et 3\u00e8me4) a r\u00e9alis\u00e9 deux \u00e9missions sur <strong><u>\u201cla fecha del 25 de Noviembre\/la date du 25 Novembre\u201d.<\/u><\/strong>..<\/p>\n<p>Les \u00e9l\u00e8ves vous proposent une version espagnole et une version fran\u00e7aise.<\/p>\n<p>Nous vous invitons \u00e0 d\u00e9couvrir leur travail<\/p>\n<p>Avec ces \u00e9missions courtes vous pourrez plonger dans la culture hispanophone et enrichir vos connaissances.<\/p>\n<p>Merci de les encourager en les \u00e9coutant, chaque \u00e9l\u00e8ve a particip\u00e9 \u00e0 ce projet:<\/p>\n<ul>\n<li style=\"list-style-type: none;\">\n<ul>\n<li>\u00a0r\u00e9daction du scripte<\/li>\n<li>\u00a0la prise de parole<\/li>\n<li>\u00a0la technique (table de mixage etc)<\/li>\n<\/ul>\n<\/li>\n<\/ul>\n<p>A bient\u00f4t pour de nouvelles \u00e9missions&#8230;<\/p>\n<p>L&rsquo;\u00e9quipe d&rsquo;espagnol<\/p>\n<p><a href=\"https:\/\/site.ac-martinique.fr\/clg-edouardglissant\/wp-content\/uploads\/sites\/55\/2025\/12\/webradio.png\"><img loading=\"lazy\" decoding=\"async\" class=\"alignnone size-full wp-image-3142\" src=\"https:\/\/site.ac-martinique.fr\/clg-edouardglissant\/wp-content\/uploads\/sites\/55\/2025\/12\/webradio.png\" alt=\"\" width=\"691\" height=\"365\" srcset=\"https:\/\/site.ac-martinique.fr\/clg-edouardglissant\/wp-content\/uploads\/sites\/55\/2025\/12\/webradio.png 691w, https:\/\/site.ac-martinique.fr\/clg-edouardglissant\/wp-content\/uploads\/sites\/55\/2025\/12\/webradio-300x158.png 300w\" sizes=\"auto, (max-width: 691px) 100vw, 691px\" \/><\/a><\/p>\n<p>&#x1f50a; Bonne \u00e9coute et \u00e0 tr\u00e8s bient\u00f4t sur nos ondes\u2026&#x1f399;&#xfe0f;<\/p>\n<p>Version espanole<\/p>\n<audio class=\"wp-audio-shortcode\" id=\"audio-3131-1\" preload=\"none\" style=\"width: 100%;\" controls=\"controls\"><source type=\"audio\/wav\" src=\"https:\/\/site.ac-martinique.fr\/clg-edouardglissant\/wp-content\/uploads\/sites\/55\/2025\/12\/25-Nov-version-espanole.wav?_=1\" \/><a href=\"https:\/\/site.ac-martinique.fr\/clg-edouardglissant\/wp-content\/uploads\/sites\/55\/2025\/12\/25-Nov-version-espanole.wav\">https:\/\/site.ac-martinique.fr\/clg-edouardglissant\/wp-content\/uploads\/sites\/55\/2025\/12\/25-Nov-version-espanole.wav<\/a><\/audio>\n<p>Version fran\u00e7aise<\/p>\n<audio class=\"wp-audio-shortcode\" id=\"audio-3131-2\" preload=\"none\" style=\"width: 100%;\" controls=\"controls\"><source type=\"audio\/wav\" src=\"https:\/\/site.ac-martinique.fr\/clg-edouardglissant\/wp-content\/uploads\/sites\/55\/2025\/12\/25-Nov-version-francaise.wav?_=2\" \/><a href=\"https:\/\/site.ac-martinique.fr\/clg-edouardglissant\/wp-content\/uploads\/sites\/55\/2025\/12\/25-Nov-version-francaise.wav\">https:\/\/site.ac-martinique.fr\/clg-edouardglissant\/wp-content\/uploads\/sites\/55\/2025\/12\/25-Nov-version-francaise.wav<\/a><\/audio>\n<p>&nbsp;<\/p>\n<h4><span style=\"font-size: 14pt;\">Emission du 1er D\u00e9cembre\u00a0 3eme section espagnol+ \u201csinton\u00eda escolar\u201d.<\/span><\/h4>\n<p>&nbsp;<\/p>\n<p data-pm-slice=\"1 1 []\"><a href=\"https:\/\/site.ac-martinique.fr\/clg-edouardglissant\/wp-content\/uploads\/sites\/55\/2025\/12\/Materiel-1.jpg\"><img loading=\"lazy\" decoding=\"async\" class=\"alignnone size-medium wp-image-3138\" src=\"https:\/\/site.ac-martinique.fr\/clg-edouardglissant\/wp-content\/uploads\/sites\/55\/2025\/12\/Materiel-1-300x142.jpg\" alt=\"\" width=\"300\" height=\"142\" srcset=\"https:\/\/site.ac-martinique.fr\/clg-edouardglissant\/wp-content\/uploads\/sites\/55\/2025\/12\/Materiel-1-300x142.jpg 300w, https:\/\/site.ac-martinique.fr\/clg-edouardglissant\/wp-content\/uploads\/sites\/55\/2025\/12\/Materiel-1-1024x484.jpg 1024w, https:\/\/site.ac-martinique.fr\/clg-edouardglissant\/wp-content\/uploads\/sites\/55\/2025\/12\/Materiel-1-768x363.jpg 768w, https:\/\/site.ac-martinique.fr\/clg-edouardglissant\/wp-content\/uploads\/sites\/55\/2025\/12\/Materiel-1.jpg 1280w\" sizes=\"auto, (max-width: 300px) 100vw, 300px\" \/><\/a><\/p>\n<p>Les \u00e9l\u00e8ves de l\u2019atelier ont re\u00e7u dans leur studio des \u00e9l\u00e8ves du coll\u00e8ge afin de revenir sur deux \u00e9v\u00e9nements du mois de Novembre: la semaine Edouard Glissant et la journ\u00e9e du port de la tenue traditionnelle.<\/p>\n<p>Merci de les encourager en les \u00e9coutant.&#x1f601;<\/p>\n<p>Vous d\u00e9couvrirez aussi le jingle de l\u2019atelier r\u00e9alis\u00e9 par les \u00e9l\u00e8ves de la chorale, nous les en remercions. Un grand merci \u00e9galement \u00e0 Mme Denart et Mr Cabrisseau qui ont contribu\u00e9 \u00e0 la r\u00e9alisation du jingle.<\/p>\n<p>&#x1f50a; Bonne \u00e9coute et \u00e0 tr\u00e8s bient\u00f4t sur nos ondes\u2026&#x1f399;&#xfe0f;<\/p>\n<p>Mme COCOTE.<\/p>\n<p>Ecoutez et t\u00e9l\u00e9charger le podcast<\/p>\n<p>Web radio Semaine Edouard GLISSANT<\/p>\n<audio class=\"wp-audio-shortcode\" id=\"audio-3131-3\" preload=\"none\" style=\"width: 100%;\" controls=\"controls\"><source type=\"audio\/mpeg\" src=\"https:\/\/site.ac-martinique.fr\/clg-edouardglissant\/wp-content\/uploads\/sites\/55\/2025\/12\/Web-radio-Semaine-Edouard-GLISSANT.mp3?_=3\" \/><a href=\"https:\/\/site.ac-martinique.fr\/clg-edouardglissant\/wp-content\/uploads\/sites\/55\/2025\/12\/Web-radio-Semaine-Edouard-GLISSANT.mp3\">https:\/\/site.ac-martinique.fr\/clg-edouardglissant\/wp-content\/uploads\/sites\/55\/2025\/12\/Web-radio-Semaine-Edouard-GLISSANT.mp3<\/a><\/audio>\n<div class=\"filename text-truncate\">Web radio Journ\u00e9e tenue traditionnelle<\/div>\n<audio class=\"wp-audio-shortcode\" id=\"audio-3131-4\" preload=\"none\" style=\"width: 100%;\" controls=\"controls\"><source type=\"audio\/mpeg\" src=\"https:\/\/site.ac-martinique.fr\/clg-edouardglissant\/wp-content\/uploads\/sites\/55\/2025\/12\/Web-radio-Journee-tenue-traditionnelle.mp3?_=4\" \/><a href=\"https:\/\/site.ac-martinique.fr\/clg-edouardglissant\/wp-content\/uploads\/sites\/55\/2025\/12\/Web-radio-Journee-tenue-traditionnelle.mp3\">https:\/\/site.ac-martinique.fr\/clg-edouardglissant\/wp-content\/uploads\/sites\/55\/2025\/12\/Web-radio-Journee-tenue-traditionnelle.mp3<\/a><\/audio>\n<p><strong>R\u00e9trospective bilan du 1er trimester ave M. SINOSA, Principal du coll\u00e8ge<\/strong><\/p>\n<p>Ch\u00e8res auditrices, chers auditeurs,<\/p>\n<p>La premi\u00e8re p\u00e9riode s\u2019ach\u00e8ve, l\u2019heure est au bilan ! Sinton\u00eda escolar re\u00e7oit dans son studio Mr Sinosa, principal du coll\u00e8ge, ainsi que 3 \u00e9l\u00e8ves (niveaux 3\u00e8me et 4\u00e8me) afin de faire avec eux une r\u00e9trospective sur ce 1er trimestre.<\/p>\n<p>Bonne \u00e9coute !<\/p>\n<p>Le club Sinton\u00eda escolar vous souhaitent \u00e0 tous de belles f\u00eates. Nous nous retrouvons bient\u00f4t sur nos ondes\u2026<\/p>\n<audio class=\"wp-audio-shortcode\" id=\"audio-3131-5\" preload=\"none\" style=\"width: 100%;\" controls=\"controls\"><source type=\"audio\/mpeg\" src=\"https:\/\/site.ac-martinique.fr\/clg-edouardglissant\/wp-content\/uploads\/sites\/55\/2025\/12\/Retrospective-bilan-du-1er-trimestre-1.mp3?_=5\" \/><a href=\"https:\/\/site.ac-martinique.fr\/clg-edouardglissant\/wp-content\/uploads\/sites\/55\/2025\/12\/Retrospective-bilan-du-1er-trimestre-1.mp3\">https:\/\/site.ac-martinique.fr\/clg-edouardglissant\/wp-content\/uploads\/sites\/55\/2025\/12\/Retrospective-bilan-du-1er-trimestre-1.mp3<\/a><\/audio>\n<p>&nbsp;<\/p>\n<h4><span style=\"font-size: 14pt;\">Emission du Lundi 26 Janvier 2026<\/span><\/h4>\n<p><strong>LA SEGPA NOUS OUVRE SES PORTES<\/strong><\/p>\n<audio class=\"wp-audio-shortcode\" id=\"audio-3131-6\" preload=\"none\" style=\"width: 100%;\" controls=\"controls\"><source type=\"audio\/mpeg\" src=\"https:\/\/site.ac-martinique.fr\/clg-edouardglissant\/wp-content\/uploads\/sites\/55\/2026\/01\/La-SEGPA-nous-ouvre-ses-portes.mp3?_=6\" \/><a href=\"https:\/\/site.ac-martinique.fr\/clg-edouardglissant\/wp-content\/uploads\/sites\/55\/2026\/01\/La-SEGPA-nous-ouvre-ses-portes.mp3\">https:\/\/site.ac-martinique.fr\/clg-edouardglissant\/wp-content\/uploads\/sites\/55\/2026\/01\/La-SEGPA-nous-ouvre-ses-portes.mp3<\/a><\/audio>\n<p>\u00a0\u00bb <strong>SEGPA : mais que veut dire SEGPA ? Que font les \u00e9l\u00e8ves en SEGPA ? Vous vous posez s\u00fbrement de nombreuses questions sur cette section&#8230; L&rsquo;\u00e9quipe de la Webradio re\u00e7oit une \u00e9l\u00e8ve de 3\u00e8me SEGPA pour vous en apprendre plus sur cette section riche de projets. Bonne \u00e9coute! <\/strong>\u00a0\u00bb<\/p>\n<p>&nbsp;<\/p>\n<p>WEB RADIO : FORUM DES METIERS du 2 mars<\/p>\n<audio class=\"wp-audio-shortcode\" id=\"audio-3131-7\" preload=\"none\" style=\"width: 100%;\" controls=\"controls\"><source type=\"audio\/mpeg\" src=\"https:\/\/site.ac-martinique.fr\/clg-edouardglissant\/wp-content\/uploads\/sites\/55\/2026\/03\/FORUM-DES-METIERS-2-MARS.mp3?_=7\" \/><a href=\"https:\/\/site.ac-martinique.fr\/clg-edouardglissant\/wp-content\/uploads\/sites\/55\/2026\/03\/FORUM-DES-METIERS-2-MARS.mp3\">https:\/\/site.ac-martinique.fr\/clg-edouardglissant\/wp-content\/uploads\/sites\/55\/2026\/03\/FORUM-DES-METIERS-2-MARS.mp3<\/a><\/audio>\n<p>\u201cChers auditeurs la web radio vous propose une s\u00e9rie sp\u00e9ciale de trois \u00e9missions \u201cForum des m\u00e9tiers : un coll\u00e8ge plusieurs m\u00e9tiers\u201d. Les journalistes partent \u00e0 la rencontre des personnes qui travaillent au coll\u00e8ge afin de vous en apprendre plus sur leurs professions.<\/p>\n<p>WEB RADIO : EMISSION DU 9 MARS<\/p>\n<audio class=\"wp-audio-shortcode\" id=\"audio-3131-8\" preload=\"none\" style=\"width: 100%;\" controls=\"controls\"><source type=\"audio\/mpeg\" src=\"https:\/\/site.ac-martinique.fr\/clg-edouardglissant\/wp-content\/uploads\/sites\/55\/2026\/03\/FORUM-DES-METIERS-9-MARS-1.mp3?_=8\" \/><a href=\"https:\/\/site.ac-martinique.fr\/clg-edouardglissant\/wp-content\/uploads\/sites\/55\/2026\/03\/FORUM-DES-METIERS-9-MARS-1.mp3\">https:\/\/site.ac-martinique.fr\/clg-edouardglissant\/wp-content\/uploads\/sites\/55\/2026\/03\/FORUM-DES-METIERS-9-MARS-1.mp3<\/a><\/audio>\n<p>&nbsp;<\/p>\n<p>WEB RADIO : EMISSION DU 16 MARS<\/p>\n<audio class=\"wp-audio-shortcode\" id=\"audio-3131-9\" preload=\"none\" style=\"width: 100%;\" controls=\"controls\"><source type=\"audio\/mpeg\" src=\"https:\/\/site.ac-martinique.fr\/clg-edouardglissant\/wp-content\/uploads\/sites\/55\/2026\/03\/forum-des-metiers-16-mars.mp3?_=9\" \/><a href=\"https:\/\/site.ac-martinique.fr\/clg-edouardglissant\/wp-content\/uploads\/sites\/55\/2026\/03\/forum-des-metiers-16-mars.mp3\">https:\/\/site.ac-martinique.fr\/clg-edouardglissant\/wp-content\/uploads\/sites\/55\/2026\/03\/forum-des-metiers-16-mars.mp3<\/a><\/audio>\n<p>&nbsp;<\/p>\n<p>Notre derni\u00e8re \u00e9mission qui cl\u00f4ture la page sp\u00e9ciale \u201cforum des m\u00e9tiers: un coll\u00e8ge plusieurs m\u00e9tiers\u201d.<\/p>\n<p>&nbsp;<\/p>\n<p>&nbsp;<\/p>\n","protected":false},"excerpt":{"rendered":"<p>Emission du 25 Novembre 3eme section espagnol+ \u00bfLo sab\u00edas?\u00a0 \u00a0 \u00a0Le savais-tu? La 3\u00e8me section espagnol+ (3\u00e8me3 et 3\u00e8me4) a r\u00e9alis\u00e9 deux \u00e9missions sur \u201cla fecha del 25 de Noviembre\/la date du 25 Novembre\u201d&#8230; Les \u00e9l\u00e8ves vous proposent une version espagnole et une version fran\u00e7aise. Nous vous invitons \u00e0 d\u00e9couvrir leur travail Avec ces \u00e9missions &hellip; <a href=\"https:\/\/site.ac-martinique.fr\/clg-edouardglissant\/atelier-web-radio\/\" class=\"more-link\">Continuer la lecture de <span class=\"screen-reader-text\">ATELIER WEB RADIO<\/span>  <span class=\"meta-nav\">&rarr;<\/span><\/a><\/p>\n","protected":false},"author":601,"featured_media":0,"parent":0,"menu_order":0,"comment_status":"closed","ping_status":"closed","template":"","meta":{"footnotes":""},"class_list":["post-3131","page","type-page","status-publish","hentry"],"amp_enabled":true,"_links":{"self":[{"href":"https:\/\/site.ac-martinique.fr\/clg-edouardglissant\/wp-json\/wp\/v2\/pages\/3131","targetHints":{"allow":["GET"]}}],"collection":[{"href":"https:\/\/site.ac-martinique.fr\/clg-edouardglissant\/wp-json\/wp\/v2\/pages"}],"about":[{"href":"https:\/\/site.ac-martinique.fr\/clg-edouardglissant\/wp-json\/wp\/v2\/types\/page"}],"author":[{"embeddable":true,"href":"https:\/\/site.ac-martinique.fr\/clg-edouardglissant\/wp-json\/wp\/v2\/users\/601"}],"replies":[{"embeddable":true,"href":"https:\/\/site.ac-martinique.fr\/clg-edouardglissant\/wp-json\/wp\/v2\/comments?post=3131"}],"version-history":[{"count":19,"href":"https:\/\/site.ac-martinique.fr\/clg-edouardglissant\/wp-json\/wp\/v2\/pages\/3131\/revisions"}],"predecessor-version":[{"id":3299,"href":"https:\/\/site.ac-martinique.fr\/clg-edouardglissant\/wp-json\/wp\/v2\/pages\/3131\/revisions\/3299"}],"wp:attachment":[{"href":"https:\/\/site.ac-martinique.fr\/clg-edouardglissant\/wp-json\/wp\/v2\/media?parent=3131"}],"curies":[{"name":"wp","href":"https:\/\/api.w.org\/{rel}","templated":true}]}}