{"id":379,"date":"2021-04-30T16:20:43","date_gmt":"2021-04-30T19:20:43","guid":{"rendered":"https:\/\/site.ac-martinique.fr\/clg-edouardglissant\/?page_id=379"},"modified":"2021-05-19T23:37:26","modified_gmt":"2021-05-20T02:37:26","slug":"edouard-glissant-2","status":"publish","type":"page","link":"https:\/\/site.ac-martinique.fr\/clg-edouardglissant\/edouard-glissant-2\/","title":{"rendered":"Edouard Glissant"},"content":{"rendered":"<h1><a href=\"https:\/\/site.ac-martinique.fr\/clg-edouardglissant\/?page_id=1159\">BIOGRAPHIE<\/a><\/h1>\n<h1><a href=\"https:\/\/site.ac-martinique.fr\/clg-edouardglissant\/?page_id=1163\">PRIX ET DISTINCTIONS<\/a><\/h1>\n<h1><a href=\"https:\/\/site.ac-martinique.fr\/clg-edouardglissant\/?page_id=1165\">\u0152UVRES <\/a><\/h1>\n<h1><a href=\"https:\/\/edouardglissant.world\/\">UN SITE D\u00c9DIE AU PO\u00c8TE<\/a><\/h1>\n","protected":false},"excerpt":{"rendered":"<p>BIOGRAPHIE PRIX ET DISTINCTIONS \u0152UVRES UN SITE D\u00c9DIE AU PO\u00c8TE<\/p>\n","protected":false},"author":128,"featured_media":0,"parent":0,"menu_order":0,"comment_status":"closed","ping_status":"closed","template":"","meta":{"footnotes":""},"class_list":["post-379","page","type-page","status-publish","hentry"],"amp_enabled":true,"_links":{"self":[{"href":"https:\/\/site.ac-martinique.fr\/clg-edouardglissant\/wp-json\/wp\/v2\/pages\/379","targetHints":{"allow":["GET"]}}],"collection":[{"href":"https:\/\/site.ac-martinique.fr\/clg-edouardglissant\/wp-json\/wp\/v2\/pages"}],"about":[{"href":"https:\/\/site.ac-martinique.fr\/clg-edouardglissant\/wp-json\/wp\/v2\/types\/page"}],"author":[{"embeddable":true,"href":"https:\/\/site.ac-martinique.fr\/clg-edouardglissant\/wp-json\/wp\/v2\/users\/128"}],"replies":[{"embeddable":true,"href":"https:\/\/site.ac-martinique.fr\/clg-edouardglissant\/wp-json\/wp\/v2\/comments?post=379"}],"version-history":[{"count":11,"href":"https:\/\/site.ac-martinique.fr\/clg-edouardglissant\/wp-json\/wp\/v2\/pages\/379\/revisions"}],"predecessor-version":[{"id":1462,"href":"https:\/\/site.ac-martinique.fr\/clg-edouardglissant\/wp-json\/wp\/v2\/pages\/379\/revisions\/1462"}],"wp:attachment":[{"href":"https:\/\/site.ac-martinique.fr\/clg-edouardglissant\/wp-json\/wp\/v2\/media?parent=379"}],"curies":[{"name":"wp","href":"https:\/\/api.w.org\/{rel}","templated":true}]}}