{"id":496,"date":"2021-04-30T17:16:39","date_gmt":"2021-04-30T20:16:39","guid":{"rendered":"https:\/\/site.ac-martinique.fr\/clg-edouardglissant\/?page_id=496"},"modified":"2025-10-09T09:18:08","modified_gmt":"2025-10-09T12:18:08","slug":"infirmerie","status":"publish","type":"page","link":"https:\/\/site.ac-martinique.fr\/clg-edouardglissant\/infirmerie\/","title":{"rendered":"Infirmerie"},"content":{"rendered":"<p><span style=\"font-size: 18pt;\"><strong>\u00a0 \u00a0<\/strong><\/span><\/p>\n<p><span style=\"font-size: 18pt;\"><strong>PR\u00c9SENTATION DU SERVICE DE SANT\u00c9<\/strong><\/span><\/p>\n<p><a href=\"https:\/\/site.ac-martinique.fr\/clg-edouardglissant\/wp-content\/uploads\/sites\/55\/2021\/11\/logo-infirmerie.png\"><img loading=\"lazy\" decoding=\"async\" class=\"alignnone size-medium wp-image-1588\" src=\"https:\/\/site.ac-martinique.fr\/clg-edouardglissant\/wp-content\/uploads\/sites\/55\/2021\/11\/logo-infirmerie-300x300.png\" alt=\"\" width=\"300\" height=\"300\" srcset=\"https:\/\/site.ac-martinique.fr\/clg-edouardglissant\/wp-content\/uploads\/sites\/55\/2021\/11\/logo-infirmerie-300x300.png 300w, https:\/\/site.ac-martinique.fr\/clg-edouardglissant\/wp-content\/uploads\/sites\/55\/2021\/11\/logo-infirmerie-150x150.png 150w, https:\/\/site.ac-martinique.fr\/clg-edouardglissant\/wp-content\/uploads\/sites\/55\/2021\/11\/logo-infirmerie.png 340w\" sizes=\"auto, (max-width: 300px) 100vw, 300px\" \/><\/a><\/p>\n<p><span style=\"font-size: 14pt;\"><strong>Infirmi\u00e8re<\/strong> : <strong>Mme M\u2019BASS\u00c9 Astride<\/strong><\/span><\/p>\n<p><strong>Mail :\u00a0<\/strong><a href=\"mailto:Astrid.m-basse@ac-martinique.fr\">Astrid.m-basse@ac-martinique.fr<\/a><\/p>\n<p><strong>T\u00e9l\u00e9phone infirmi\u00e8re<\/strong> : 05 96 51 18 21 \/\u00a0 06 96 89 97 45<\/p>\n<p>&nbsp;<\/p>\n<p><strong>Les horaires d\u2019ouverture de l\u2019infirmerie\u00a0:<\/strong><\/p>\n<table width=\"894\">\n<tbody>\n<tr>\n<td>mardi &#8211; jeudi<\/td>\n<td>de 7h 00 \u00e0 17h 00<\/td>\n<\/tr>\n<tr>\n<td>vendredi<\/td>\n<td>de 8h 00 \u00e0 12h 00<\/td>\n<\/tr>\n<\/tbody>\n<\/table>\n<p><strong>M\u00e9decin<\/strong> : <strong>Dr L\u00e9na KECLARD-LANOPOIRE<\/strong><\/p>\n<p><strong>Secr\u00e9taire<\/strong> m\u00e9dicale : Mme <strong>Guetty PYRAM<\/strong><\/p>\n<p>Parents, Si votre enfant :<\/p>\n<ul>\n<li>Est atteint d\u2019une <strong>maladie chronique <\/strong>n\u00e9cessitant une prise de m\u00e9dicaments durant le temps scolaire, S\u2019il est susceptible de prendre un <strong>traitement d\u2019urgence <\/strong>\u00e0 l\u2019\u00e9cole,<\/li>\n<li>S\u2019il est atteint d\u2019un <strong>handicap <\/strong>ou d\u2019une <strong>maladie invalidante <\/strong>n\u00e9cessitant des am\u00e9nagements particuliers, mat\u00e9riels et\/ou p\u00e9dagogiques, dans le cadre scolaire,<\/li>\n<li>S\u2019il pr\u00e9sente un Trouble des Apprentissages<\/li>\n<li>S\u2019il \u00e9tait suivi par le m\u00e9decin scolaire l\u2019an dernier et qu\u2019il a chang\u00e9 d\u2019\u00e9cole<\/li>\n<\/ul>\n<p>Nous vous invitons \u00e0 vous rapprocher ou \u00e0 prendre contact avec le Service de Sant\u00e9 scolaire.<\/p>\n<p><span style=\"font-size: 18pt;\"><strong><a href=\"https:\/\/site.ac-martinique.fr\/clg-edouardglissant\/wp-content\/uploads\/sites\/55\/2025\/10\/schema-quel-plan-pour-qui-pai-pps-pap-ppre.jpg\"><img loading=\"lazy\" decoding=\"async\" class=\"alignnone size-medium wp-image-2991\" src=\"https:\/\/site.ac-martinique.fr\/clg-edouardglissant\/wp-content\/uploads\/sites\/55\/2025\/10\/schema-quel-plan-pour-qui-pai-pps-pap-ppre-300x165.jpg\" alt=\"\" width=\"300\" height=\"165\" srcset=\"https:\/\/site.ac-martinique.fr\/clg-edouardglissant\/wp-content\/uploads\/sites\/55\/2025\/10\/schema-quel-plan-pour-qui-pai-pps-pap-ppre-300x165.jpg 300w, https:\/\/site.ac-martinique.fr\/clg-edouardglissant\/wp-content\/uploads\/sites\/55\/2025\/10\/schema-quel-plan-pour-qui-pai-pps-pap-ppre-768x421.jpg 768w, https:\/\/site.ac-martinique.fr\/clg-edouardglissant\/wp-content\/uploads\/sites\/55\/2025\/10\/schema-quel-plan-pour-qui-pai-pps-pap-ppre-672x372.jpg 672w, https:\/\/site.ac-martinique.fr\/clg-edouardglissant\/wp-content\/uploads\/sites\/55\/2025\/10\/schema-quel-plan-pour-qui-pai-pps-pap-ppre.jpg 875w\" sizes=\"auto, (max-width: 300px) 100vw, 300px\" \/><\/a><\/strong><\/span><\/p>\n<p><span style=\"font-size: 18pt;\"><strong><a href=\"https:\/\/site.ac-martinique.fr\/clg-edouardglissant\/wp-content\/uploads\/sites\/55\/2025\/10\/french_snapshot_30-11-2018.jpg\"><img loading=\"lazy\" decoding=\"async\" class=\"alignnone size-medium wp-image-2992\" src=\"https:\/\/site.ac-martinique.fr\/clg-edouardglissant\/wp-content\/uploads\/sites\/55\/2025\/10\/french_snapshot_30-11-2018-279x300.jpg\" alt=\"\" width=\"279\" height=\"300\" srcset=\"https:\/\/site.ac-martinique.fr\/clg-edouardglissant\/wp-content\/uploads\/sites\/55\/2025\/10\/french_snapshot_30-11-2018-279x300.jpg 279w, https:\/\/site.ac-martinique.fr\/clg-edouardglissant\/wp-content\/uploads\/sites\/55\/2025\/10\/french_snapshot_30-11-2018.jpg 650w\" sizes=\"auto, (max-width: 279px) 100vw, 279px\" \/><\/a><\/strong><\/span><\/p>\n<p><span style=\"font-size: 18pt;\"><strong><a href=\"https:\/\/site.ac-martinique.fr\/clg-edouardglissant\/wp-content\/uploads\/sites\/55\/2025\/10\/la-sante-bucco-dentaire-25-638.jpg\"><img loading=\"lazy\" decoding=\"async\" class=\"alignnone size-medium wp-image-2993\" src=\"https:\/\/site.ac-martinique.fr\/clg-edouardglissant\/wp-content\/uploads\/sites\/55\/2025\/10\/la-sante-bucco-dentaire-25-638-257x300.jpg\" alt=\"\" width=\"257\" height=\"300\" srcset=\"https:\/\/site.ac-martinique.fr\/clg-edouardglissant\/wp-content\/uploads\/sites\/55\/2025\/10\/la-sante-bucco-dentaire-25-638-257x300.jpg 257w, https:\/\/site.ac-martinique.fr\/clg-edouardglissant\/wp-content\/uploads\/sites\/55\/2025\/10\/la-sante-bucco-dentaire-25-638.jpg 600w\" sizes=\"auto, (max-width: 257px) 100vw, 257px\" \/><\/a><\/strong><\/span><\/p>\n<p><span style=\"font-size: 18pt;\"><strong><a href=\"https:\/\/site.ac-martinique.fr\/clg-edouardglissant\/wp-content\/uploads\/sites\/55\/2025\/10\/logo-egalite-filles-garcons.jpg\"><img loading=\"lazy\" decoding=\"async\" class=\"alignnone size-medium wp-image-2994\" src=\"https:\/\/site.ac-martinique.fr\/clg-edouardglissant\/wp-content\/uploads\/sites\/55\/2025\/10\/logo-egalite-filles-garcons-227x300.jpg\" alt=\"\" width=\"227\" height=\"300\" srcset=\"https:\/\/site.ac-martinique.fr\/clg-edouardglissant\/wp-content\/uploads\/sites\/55\/2025\/10\/logo-egalite-filles-garcons-227x300.jpg 227w, https:\/\/site.ac-martinique.fr\/clg-edouardglissant\/wp-content\/uploads\/sites\/55\/2025\/10\/logo-egalite-filles-garcons.jpg 310w\" sizes=\"auto, (max-width: 227px) 100vw, 227px\" \/><\/a><\/strong><\/span><\/p>\n<p><strong><span style=\"font-size: 18pt;\">Charte de bonne conduite \u00e0 l&rsquo;infirmerie<\/span><\/strong><\/p>\n<p>Chaque \u00e9l\u00e8ve signale sa pr\u00e9sence d\u00e8s son arriv\u00e9e et patiente dans le calme afin de ne pas perturber le bon d\u00e9roulement des soins et pour respecter le confort des \u00e9l\u00e8ves malades.<\/p>\n<p>Si un d\u00e9placement est n\u00e9cessaire pendant les cours\u00a0:<\/p>\n<p>Se pr\u00e9senter \u00e0 l\u2019infirmerie avec une autorisation \u00e9crite du professeur dans le carnet de correspondance.<\/p>\n<p>Un seul accompagnant est autoris\u00e9.<\/p>\n<p>Pour le retour en cours, l\u2019\u00e9l\u00e8ve rejoint sa classe munie de son carnet de correspondance sign\u00e9 de l\u2019infirmi\u00e8re mentionnant l\u2019heure d\u2019arriv\u00e9e et de d\u00e9part de l\u2019infirmerie.<\/p>\n<p>Tout \u00e9l\u00e8ve se pr\u00e9sentant aux intercours sans autorisation dans le carnet de correspondance ne sera pas accept\u00e9.<\/p>\n<p>Durant les r\u00e9cr\u00e9ations, les accompagnants ne sont pas autoris\u00e9s afin d\u2019\u00e9viter la pr\u00e9sence d\u2019un trop grand nombre d\u2019\u00e9l\u00e8ves, ceci dans le but de permettre une meilleure gestion des demandes.<\/p>\n<p>Tout stationnement non justifi\u00e9 dans le hall de l\u2019infirmerie, est interdit. Toute attitude irrespectueuse sera sanctionn\u00e9e.<\/p>\n<p>Si l\u2019\u00e9tat de sant\u00e9 de l\u2019\u00e9l\u00e8ve ne permet pas un retour en cours, l\u2019infirmi\u00e8re pr\u00e9vient la vie scolaire, et demande aux parents de le prendre en charge dans les meilleurs d\u00e9lais. En aucun cas l\u2019\u00e9l\u00e8ve ne sera autoris\u00e9 \u00e0 regagner seul son domicile.<\/p>\n<p><span style=\"font-size: 18pt;\"><strong>Fonctions et missions de l\u2019infirmi\u00e8re\u00a0<\/strong><\/span><\/p>\n<p>L\u2019infirmi\u00e8re participe \u00e0 la mise en \u0153uvre de la politique de sant\u00e9 publique.<\/p>\n<p>Elle a un r\u00f4le central dans la surveillance et la gestion des risques infectieux.<\/p>\n<p>Disponible et \u00e0 l\u2019\u00e9coute, elle accueille et accompagne, les \u00e9l\u00e8ves en souffrance physique ou psychique, dans le cadre de son r\u00f4le propre et en collaboration avec le m\u00e9decin scolaire, l\u2019assistant social ou le psychologue de l\u2019Education Nationale, si n\u00e9cessaire. Elle favorise ainsi le bien-\u00eatre et l\u2019int\u00e9gration scolaire de l\u2019\u00e9l\u00e8ve.<\/p>\n<p>Elle assure les soins, les urgences, la mise en \u0153uvre des PAI et le d\u00e9pistage des \u00e9l\u00e8ves au cours de leur douzi\u00e8me ann\u00e9e.<\/p>\n<p>Elle organise et\/ ou anime des actions \u00e9ducatives et pr\u00e9ventives, reposant sur une \u00e9tude de la population scolaire et sur un travail d\u2019\u00e9quipe pluridisciplinaire (personnels, repr\u00e9sentants d\u2019\u00e9l\u00e8ves, parents et partenaires ext\u00e9rieurs).<\/p>\n<p>L\u2019infirmi\u00e8re est \u00e9galement soumise au respect des r\u00e8gles professionnelles et notamment du secret professionnel.<\/p>\n<p>L\u2019infirmi\u00e8re travaille sous l\u2019autorit\u00e9 du Chef d\u2019\u00e9tablissement.<\/p>\n<p><strong>Texte de r\u00e9f\u00e9rences\u00a0:<\/strong><\/p>\n<p>Missions des infirmiers de l\u2019\u00e9ducation nationale\u00a0: circulaire n\u00b02015-119 du 10-11-2015<\/p>\n<p>R\u00f4le propre et comp\u00e9tences de l\u2019infirmier\u00a0: d\u00e9cret du 29 juillet 2004<\/p>\n<p>Politique \u00e9ducative sociale et de sant\u00e9 en faveur des \u00e9l\u00e8ves\u00a0: circulaire n\u00b02015-117 du 10-11-2015<\/p>\n<p>Mise en place du parcours \u00e9ducatif de sant\u00e9 pour tous les \u00e9l\u00e8ves\u00a0: circulaire n\u00b02016-008 du 28 janvier 2016<\/p>\n<p>Protocole national sur l\u2019organisation des soins et des urgences dans les \u00e9coles et les \u00e9tablissements publics locaux d\u2019enseignement\u00a0: bulletin officiel n\u00b01 du 6 janvier 2000<\/p>\n<p>P\u00e9riodicit\u00e9 et contenu des visites m\u00e9dicales et de d\u00e9pistages obligatoires\u00a0: arr\u00eat\u00e9 du 3-11-2016 &#8211; JO du 6-11-2016<\/p>\n<p>Orientations g\u00e9n\u00e9rales pour les comit\u00e9s d\u2019\u00e9ducation \u00e0 la sant\u00e9 et \u00e0 la citoyennet\u00e9 (CESC)\u00a0: circulaire n\u00b02016-114 du 10 ao\u00fbt 2016<\/p>\n<p><span style=\"font-size: 18pt;\"><a href=\"https:\/\/site.ac-martinique.fr\/clg-edouardglissant\/wp-content\/uploads\/sites\/55\/2021\/07\/presentation-infirmerie-college-e.g.docx\">Pr\u00e9sentation de l&rsquo; infirmerie<\/a><\/span><\/p>\n<p><a href=\"https:\/\/site.ac-martinique.fr\/clg-edouardglissant\/wp-content\/uploads\/sites\/55\/2021\/11\/logo-infirmerie-2.jpg\"><img loading=\"lazy\" decoding=\"async\" class=\"alignnone size-medium wp-image-1589\" src=\"https:\/\/site.ac-martinique.fr\/clg-edouardglissant\/wp-content\/uploads\/sites\/55\/2021\/11\/logo-infirmerie-2-300x90.jpg\" alt=\"\" width=\"300\" height=\"90\" srcset=\"https:\/\/site.ac-martinique.fr\/clg-edouardglissant\/wp-content\/uploads\/sites\/55\/2021\/11\/logo-infirmerie-2-300x90.jpg 300w, https:\/\/site.ac-martinique.fr\/clg-edouardglissant\/wp-content\/uploads\/sites\/55\/2021\/11\/logo-infirmerie-2-768x230.jpg 768w, https:\/\/site.ac-martinique.fr\/clg-edouardglissant\/wp-content\/uploads\/sites\/55\/2021\/11\/logo-infirmerie-2.jpg 1000w\" sizes=\"auto, (max-width: 300px) 100vw, 300px\" \/><\/a><\/p>\n<p><strong><span style=\"font-size: 18pt;\">FORMULAIRES DE PAI <\/span><\/strong><\/p>\n<p><strong><span style=\"font-size: 18pt;\"><a href=\"https:\/\/site.ac-martinique.fr\/clg-edouardglissant\/wp-content\/uploads\/sites\/55\/2021\/11\/FORMULAIRE-GLYCEMIE-SANS-POMPE-.docx\">FORMULAIRE GLYCEMIE SANS POMPE<\/a> <a href=\"https:\/\/site.ac-martinique.fr\/clg-edouardglissant\/wp-content\/uploads\/sites\/55\/2021\/11\/FORMULAIRE-GLYCEMIE-AVEC-POMPE-.docx\">FORMULAIRE GLYCEMIE AVEC POMPE<\/a> <a href=\"https:\/\/site.ac-martinique.fr\/clg-edouardglissant\/wp-content\/uploads\/sites\/55\/2021\/11\/FORMULAIRE-EPILEPSIE-CRISES-CONVULSIVES-.docx\">FORMULAIRE EPILEPSIE-CRISES CONVULSIVES<\/a> <a href=\"https:\/\/site.ac-martinique.fr\/clg-edouardglissant\/wp-content\/uploads\/sites\/55\/2021\/11\/FORMULAIRE-DREPANO-.docx\">FORMULAIRE DREPANO<\/a> <a href=\"https:\/\/site.ac-martinique.fr\/clg-edouardglissant\/wp-content\/uploads\/sites\/55\/2021\/11\/FORMULAIRE-AUTRE-PATHO.docx\">FORMULAIRE AUTRE PATHO<\/a> <a href=\"https:\/\/site.ac-martinique.fr\/clg-edouardglissant\/wp-content\/uploads\/sites\/55\/2021\/11\/FORMULAIRE-ASTHME-.docx\">FORMULAIRE ASTHME<\/a> <a href=\"https:\/\/site.ac-martinique.fr\/clg-edouardglissant\/wp-content\/uploads\/sites\/55\/2021\/11\/FORMULAIRE-AFF.LONGUE.DUREE_.ALD-.docx\">FORMULAIRE AFF.LONGUE.DUREE.ALD<\/a><\/span><\/strong><\/p>\n<p><strong><span style=\"font-size: 18pt;\">A T\u00c9L\u00c9CHARGER SI BESOIN<\/span><\/strong><\/p>\n<p>&nbsp;<\/p>\n","protected":false},"excerpt":{"rendered":"<p>\u00a0 \u00a0 PR\u00c9SENTATION DU SERVICE DE SANT\u00c9 Infirmi\u00e8re : Mme M\u2019BASS\u00c9 Astride Mail :\u00a0Astrid.m-basse@ac-martinique.fr T\u00e9l\u00e9phone infirmi\u00e8re : 05 96 51 18 21 \/\u00a0 06 96 89 97 45 &nbsp; Les horaires d\u2019ouverture de l\u2019infirmerie\u00a0: mardi &#8211; jeudi de 7h 00 \u00e0 17h 00 vendredi de 8h 00 \u00e0 12h 00 M\u00e9decin : Dr L\u00e9na KECLARD-LANOPOIRE &hellip; <a href=\"https:\/\/site.ac-martinique.fr\/clg-edouardglissant\/infirmerie\/\" class=\"more-link\">Continuer la lecture de <span class=\"screen-reader-text\">Infirmerie<\/span>  <span class=\"meta-nav\">&rarr;<\/span><\/a><\/p>\n","protected":false},"author":128,"featured_media":0,"parent":0,"menu_order":0,"comment_status":"closed","ping_status":"closed","template":"","meta":{"footnotes":""},"class_list":["post-496","page","type-page","status-publish","hentry"],"amp_enabled":true,"_links":{"self":[{"href":"https:\/\/site.ac-martinique.fr\/clg-edouardglissant\/wp-json\/wp\/v2\/pages\/496","targetHints":{"allow":["GET"]}}],"collection":[{"href":"https:\/\/site.ac-martinique.fr\/clg-edouardglissant\/wp-json\/wp\/v2\/pages"}],"about":[{"href":"https:\/\/site.ac-martinique.fr\/clg-edouardglissant\/wp-json\/wp\/v2\/types\/page"}],"author":[{"embeddable":true,"href":"https:\/\/site.ac-martinique.fr\/clg-edouardglissant\/wp-json\/wp\/v2\/users\/128"}],"replies":[{"embeddable":true,"href":"https:\/\/site.ac-martinique.fr\/clg-edouardglissant\/wp-json\/wp\/v2\/comments?post=496"}],"version-history":[{"count":11,"href":"https:\/\/site.ac-martinique.fr\/clg-edouardglissant\/wp-json\/wp\/v2\/pages\/496\/revisions"}],"predecessor-version":[{"id":2995,"href":"https:\/\/site.ac-martinique.fr\/clg-edouardglissant\/wp-json\/wp\/v2\/pages\/496\/revisions\/2995"}],"wp:attachment":[{"href":"https:\/\/site.ac-martinique.fr\/clg-edouardglissant\/wp-json\/wp\/v2\/media?parent=496"}],"curies":[{"name":"wp","href":"https:\/\/api.w.org\/{rel}","templated":true}]}}