{"id":499,"date":"2021-04-30T17:16:39","date_gmt":"2021-04-30T20:16:39","guid":{"rendered":"https:\/\/site.ac-martinique.fr\/clg-edouardglissant\/?page_id=499"},"modified":"2021-04-30T19:31:43","modified_gmt":"2021-04-30T22:31:43","slug":"risques-majeurs","status":"publish","type":"page","link":"https:\/\/site.ac-martinique.fr\/clg-edouardglissant\/risques-majeurs\/","title":{"rendered":"Risques majeurs"},"content":{"rendered":"\n<p>Mieux conna\u00eetre les Risques sismiques sur le territoire gr\u00e2ce \u00e0 <a href=\"https:\/\/www.georisques.gouv.fr\/\" data-type=\"URL\" data-id=\"https:\/\/www.georisques.gouv.fr\/\">G\u00e9orisques<\/a><\/p>\n","protected":false},"excerpt":{"rendered":"<p>Mieux conna\u00eetre les Risques sismiques sur le territoire gr\u00e2ce \u00e0 G\u00e9orisques<\/p>\n","protected":false},"author":128,"featured_media":0,"parent":0,"menu_order":0,"comment_status":"closed","ping_status":"closed","template":"","meta":{"footnotes":""},"class_list":["post-499","page","type-page","status-publish","hentry"],"amp_enabled":true,"_links":{"self":[{"href":"https:\/\/site.ac-martinique.fr\/clg-edouardglissant\/wp-json\/wp\/v2\/pages\/499","targetHints":{"allow":["GET"]}}],"collection":[{"href":"https:\/\/site.ac-martinique.fr\/clg-edouardglissant\/wp-json\/wp\/v2\/pages"}],"about":[{"href":"https:\/\/site.ac-martinique.fr\/clg-edouardglissant\/wp-json\/wp\/v2\/types\/page"}],"author":[{"embeddable":true,"href":"https:\/\/site.ac-martinique.fr\/clg-edouardglissant\/wp-json\/wp\/v2\/users\/128"}],"replies":[{"embeddable":true,"href":"https:\/\/site.ac-martinique.fr\/clg-edouardglissant\/wp-json\/wp\/v2\/comments?post=499"}],"version-history":[{"count":3,"href":"https:\/\/site.ac-martinique.fr\/clg-edouardglissant\/wp-json\/wp\/v2\/pages\/499\/revisions"}],"predecessor-version":[{"id":1075,"href":"https:\/\/site.ac-martinique.fr\/clg-edouardglissant\/wp-json\/wp\/v2\/pages\/499\/revisions\/1075"}],"wp:attachment":[{"href":"https:\/\/site.ac-martinique.fr\/clg-edouardglissant\/wp-json\/wp\/v2\/media?parent=499"}],"curies":[{"name":"wp","href":"https:\/\/api.w.org\/{rel}","templated":true}]}}