{"id":774,"date":"2021-04-30T17:58:09","date_gmt":"2021-04-30T20:58:09","guid":{"rendered":"https:\/\/site.ac-martinique.fr\/clg-edouardglissant\/?page_id=774"},"modified":"2021-06-01T12:58:26","modified_gmt":"2021-06-01T15:58:26","slug":"parcours-deducation-artistique-et-culturelle","status":"publish","type":"page","link":"https:\/\/site.ac-martinique.fr\/clg-edouardglissant\/le-college-en-action\/parcours-deducation-artistique-et-culturelle\/","title":{"rendered":"Parcours d&rsquo;\u00e9ducation artistique et culturelle"},"content":{"rendered":"<p style=\"text-align: center\"><span style=\"font-size: 24pt\"><strong>D\u00e9couverte d\u2019une exposition Fondation Cl\u00e9ment 2021<\/strong><\/span><\/p>\n<p><span style=\"font-size: 24pt\"><a href=\"https:\/\/site.ac-martinique.fr\/clg-edouardglissant\/wp-content\/uploads\/sites\/55\/2021\/05\/PEAC-decouverte-dune-expo-Fondation-Clement-2021-1.jpg\"><img loading=\"lazy\" decoding=\"async\" class=\"size-medium wp-image-1477 alignright\" src=\"https:\/\/site.ac-martinique.fr\/clg-edouardglissant\/wp-content\/uploads\/sites\/55\/2021\/05\/PEAC-decouverte-dune-expo-Fondation-Clement-2021-1-300x270.jpg\" alt=\"\" width=\"300\" height=\"270\" srcset=\"https:\/\/site.ac-martinique.fr\/clg-edouardglissant\/wp-content\/uploads\/sites\/55\/2021\/05\/PEAC-decouverte-dune-expo-Fondation-Clement-2021-1-300x270.jpg 300w, https:\/\/site.ac-martinique.fr\/clg-edouardglissant\/wp-content\/uploads\/sites\/55\/2021\/05\/PEAC-decouverte-dune-expo-Fondation-Clement-2021-1-768x692.jpg 768w, https:\/\/site.ac-martinique.fr\/clg-edouardglissant\/wp-content\/uploads\/sites\/55\/2021\/05\/PEAC-decouverte-dune-expo-Fondation-Clement-2021-1.jpg 1008w\" sizes=\"auto, (max-width: 300px) 100vw, 300px\" \/><\/a> <\/span><\/p>\n<p><span style=\"font-size: 24pt\"><a href=\"https:\/\/site.ac-martinique.fr\/clg-edouardglissant\/wp-content\/uploads\/sites\/55\/2021\/05\/PEAC-decouverte-dune-expo-Fondation-Clement-2021-2.jpg\"><img loading=\"lazy\" decoding=\"async\" class=\"alignnone size-medium wp-image-1478\" src=\"https:\/\/site.ac-martinique.fr\/clg-edouardglissant\/wp-content\/uploads\/sites\/55\/2021\/05\/PEAC-decouverte-dune-expo-Fondation-Clement-2021-2-300x218.jpg\" alt=\"\" width=\"300\" height=\"218\" srcset=\"https:\/\/site.ac-martinique.fr\/clg-edouardglissant\/wp-content\/uploads\/sites\/55\/2021\/05\/PEAC-decouverte-dune-expo-Fondation-Clement-2021-2-300x218.jpg 300w, https:\/\/site.ac-martinique.fr\/clg-edouardglissant\/wp-content\/uploads\/sites\/55\/2021\/05\/PEAC-decouverte-dune-expo-Fondation-Clement-2021-2-1024x743.jpg 1024w, https:\/\/site.ac-martinique.fr\/clg-edouardglissant\/wp-content\/uploads\/sites\/55\/2021\/05\/PEAC-decouverte-dune-expo-Fondation-Clement-2021-2-768x558.jpg 768w, https:\/\/site.ac-martinique.fr\/clg-edouardglissant\/wp-content\/uploads\/sites\/55\/2021\/05\/PEAC-decouverte-dune-expo-Fondation-Clement-2021-2.jpg 1095w\" sizes=\"auto, (max-width: 300px) 100vw, 300px\" \/><\/a> <a href=\"https:\/\/site.ac-martinique.fr\/clg-edouardglissant\/wp-content\/uploads\/sites\/55\/2021\/05\/PEAC-decouverte-dune-expo-Fondation-Clement-2021-3.jpg\"><img loading=\"lazy\" decoding=\"async\" class=\"size-medium wp-image-1479 aligncenter\" src=\"https:\/\/site.ac-martinique.fr\/clg-edouardglissant\/wp-content\/uploads\/sites\/55\/2021\/05\/PEAC-decouverte-dune-expo-Fondation-Clement-2021-3-300x198.jpg\" alt=\"\" width=\"300\" height=\"198\" srcset=\"https:\/\/site.ac-martinique.fr\/clg-edouardglissant\/wp-content\/uploads\/sites\/55\/2021\/05\/PEAC-decouverte-dune-expo-Fondation-Clement-2021-3-300x198.jpg 300w, https:\/\/site.ac-martinique.fr\/clg-edouardglissant\/wp-content\/uploads\/sites\/55\/2021\/05\/PEAC-decouverte-dune-expo-Fondation-Clement-2021-3-768x506.jpg 768w, https:\/\/site.ac-martinique.fr\/clg-edouardglissant\/wp-content\/uploads\/sites\/55\/2021\/05\/PEAC-decouverte-dune-expo-Fondation-Clement-2021-3.jpg 1022w\" sizes=\"auto, (max-width: 300px) 100vw, 300px\" \/><\/a> <a href=\"https:\/\/site.ac-martinique.fr\/clg-edouardglissant\/wp-content\/uploads\/sites\/55\/2021\/05\/PEAC-decouverte-dune-expo-Fondation-Clement-2021-4.jpg\"><img loading=\"lazy\" decoding=\"async\" class=\"alignnone size-medium wp-image-1480\" src=\"https:\/\/site.ac-martinique.fr\/clg-edouardglissant\/wp-content\/uploads\/sites\/55\/2021\/05\/PEAC-decouverte-dune-expo-Fondation-Clement-2021-4-190x300.jpg\" alt=\"\" width=\"190\" height=\"300\" srcset=\"https:\/\/site.ac-martinique.fr\/clg-edouardglissant\/wp-content\/uploads\/sites\/55\/2021\/05\/PEAC-decouverte-dune-expo-Fondation-Clement-2021-4-190x300.jpg 190w, https:\/\/site.ac-martinique.fr\/clg-edouardglissant\/wp-content\/uploads\/sites\/55\/2021\/05\/PEAC-decouverte-dune-expo-Fondation-Clement-2021-4-647x1024.jpg 647w, https:\/\/site.ac-martinique.fr\/clg-edouardglissant\/wp-content\/uploads\/sites\/55\/2021\/05\/PEAC-decouverte-dune-expo-Fondation-Clement-2021-4.jpg 765w\" sizes=\"auto, (max-width: 190px) 100vw, 190px\" \/><\/a> <a href=\"https:\/\/site.ac-martinique.fr\/clg-edouardglissant\/wp-content\/uploads\/sites\/55\/2021\/05\/PEAC-decouverte-dune-expo-Fondation-Clement-2021-5.jpg\"><img loading=\"lazy\" decoding=\"async\" class=\"size-medium wp-image-1481 aligncenter\" src=\"https:\/\/site.ac-martinique.fr\/clg-edouardglissant\/wp-content\/uploads\/sites\/55\/2021\/05\/PEAC-decouverte-dune-expo-Fondation-Clement-2021-5-300x196.jpg\" alt=\"\" width=\"300\" height=\"196\" srcset=\"https:\/\/site.ac-martinique.fr\/clg-edouardglissant\/wp-content\/uploads\/sites\/55\/2021\/05\/PEAC-decouverte-dune-expo-Fondation-Clement-2021-5-300x196.jpg 300w, https:\/\/site.ac-martinique.fr\/clg-edouardglissant\/wp-content\/uploads\/sites\/55\/2021\/05\/PEAC-decouverte-dune-expo-Fondation-Clement-2021-5-1024x669.jpg 1024w, https:\/\/site.ac-martinique.fr\/clg-edouardglissant\/wp-content\/uploads\/sites\/55\/2021\/05\/PEAC-decouverte-dune-expo-Fondation-Clement-2021-5-768x501.jpg 768w, https:\/\/site.ac-martinique.fr\/clg-edouardglissant\/wp-content\/uploads\/sites\/55\/2021\/05\/PEAC-decouverte-dune-expo-Fondation-Clement-2021-5.jpg 1092w\" sizes=\"auto, (max-width: 300px) 100vw, 300px\" \/><\/a><\/span><\/p>\n<p style=\"text-align: center\"><strong><span style=\"font-size: 24pt\">Concert de Malavoi<\/span><\/strong><\/p>\n<p><span style=\"font-size: 24pt\"> <a href=\"https:\/\/site.ac-martinique.fr\/clg-edouardglissant\/wp-content\/uploads\/sites\/55\/2021\/05\/Peac-eleves-au-concert-de-Malavoi.jpg\"><img loading=\"lazy\" decoding=\"async\" class=\"alignnone size-medium wp-image-1482\" src=\"https:\/\/site.ac-martinique.fr\/clg-edouardglissant\/wp-content\/uploads\/sites\/55\/2021\/05\/Peac-eleves-au-concert-de-Malavoi-300x200.jpg\" alt=\"\" width=\"300\" height=\"200\" srcset=\"https:\/\/site.ac-martinique.fr\/clg-edouardglissant\/wp-content\/uploads\/sites\/55\/2021\/05\/Peac-eleves-au-concert-de-Malavoi-300x200.jpg 300w, https:\/\/site.ac-martinique.fr\/clg-edouardglissant\/wp-content\/uploads\/sites\/55\/2021\/05\/Peac-eleves-au-concert-de-Malavoi-1024x683.jpg 1024w, https:\/\/site.ac-martinique.fr\/clg-edouardglissant\/wp-content\/uploads\/sites\/55\/2021\/05\/Peac-eleves-au-concert-de-Malavoi-768x512.jpg 768w, https:\/\/site.ac-martinique.fr\/clg-edouardglissant\/wp-content\/uploads\/sites\/55\/2021\/05\/Peac-eleves-au-concert-de-Malavoi.jpg 1167w\" sizes=\"auto, (max-width: 300px) 100vw, 300px\" \/><\/a><\/span><\/p>\n<p style=\"text-align: center\"><strong><span style=\"font-size: 24pt\">Concert de Musique classique au coll\u00e8ge<\/span><\/strong><\/p>\n<p><span style=\"font-size: 24pt\"> <a href=\"https:\/\/site.ac-martinique.fr\/clg-edouardglissant\/wp-content\/uploads\/sites\/55\/2021\/05\/Peac-Musique-classique-au-college.jpg\"><img loading=\"lazy\" decoding=\"async\" class=\"size-medium wp-image-1483 aligncenter\" src=\"https:\/\/site.ac-martinique.fr\/clg-edouardglissant\/wp-content\/uploads\/sites\/55\/2021\/05\/Peac-Musique-classique-au-college-300x225.jpg\" alt=\"\" width=\"300\" height=\"225\" srcset=\"https:\/\/site.ac-martinique.fr\/clg-edouardglissant\/wp-content\/uploads\/sites\/55\/2021\/05\/Peac-Musique-classique-au-college-300x225.jpg 300w, https:\/\/site.ac-martinique.fr\/clg-edouardglissant\/wp-content\/uploads\/sites\/55\/2021\/05\/Peac-Musique-classique-au-college-1024x768.jpg 1024w, https:\/\/site.ac-martinique.fr\/clg-edouardglissant\/wp-content\/uploads\/sites\/55\/2021\/05\/Peac-Musique-classique-au-college-768x576.jpg 768w, https:\/\/site.ac-martinique.fr\/clg-edouardglissant\/wp-content\/uploads\/sites\/55\/2021\/05\/Peac-Musique-classique-au-college.jpg 1037w\" sizes=\"auto, (max-width: 300px) 100vw, 300px\" \/><\/a><\/span><\/p>\n<p style=\"text-align: right\"><strong><span style=\"font-size: 24pt\">Otantik en concert au centre culturel du Lamentin<\/span><\/strong><\/p>\n<p>&nbsp;<\/p>\n<p><span style=\"font-size: 24pt\"><a href=\"https:\/\/site.ac-martinique.fr\/clg-edouardglissant\/wp-content\/uploads\/sites\/55\/2021\/05\/Peac-Otantik-en-concert-au-centre-culturel-du-L.jpg\"><img loading=\"lazy\" decoding=\"async\" class=\"alignnone size-medium wp-image-1484\" src=\"https:\/\/site.ac-martinique.fr\/clg-edouardglissant\/wp-content\/uploads\/sites\/55\/2021\/05\/Peac-Otantik-en-concert-au-centre-culturel-du-L-300x291.jpg\" alt=\"\" width=\"300\" height=\"291\" srcset=\"https:\/\/site.ac-martinique.fr\/clg-edouardglissant\/wp-content\/uploads\/sites\/55\/2021\/05\/Peac-Otantik-en-concert-au-centre-culturel-du-L-300x291.jpg 300w, https:\/\/site.ac-martinique.fr\/clg-edouardglissant\/wp-content\/uploads\/sites\/55\/2021\/05\/Peac-Otantik-en-concert-au-centre-culturel-du-L-1024x993.jpg 1024w, https:\/\/site.ac-martinique.fr\/clg-edouardglissant\/wp-content\/uploads\/sites\/55\/2021\/05\/Peac-Otantik-en-concert-au-centre-culturel-du-L-768x745.jpg 768w, https:\/\/site.ac-martinique.fr\/clg-edouardglissant\/wp-content\/uploads\/sites\/55\/2021\/05\/Peac-Otantik-en-concert-au-centre-culturel-du-L.jpg 1200w\" sizes=\"auto, (max-width: 300px) 100vw, 300px\" \/><\/a><\/span><\/p>\n<p><strong><span style=\"font-size: 24pt\">Rencontre avec un artiste:<\/span><\/strong><\/p>\n<p style=\"text-align: center\"><strong><span style=\"font-size: 24pt\">Victor Anicet <\/span><\/strong><\/p>\n<p style=\"text-align: center\"><strong><span style=\"font-size: 24pt\">et <\/span><\/strong><\/p>\n<p style=\"text-align: center\"><strong><span style=\"font-size: 24pt\">la culture am\u00e9rindienne<\/span><\/strong><\/p>\n<p style=\"text-align: center\"><span style=\"font-size: 24pt\"><a href=\"https:\/\/site.ac-martinique.fr\/clg-edouardglissant\/wp-content\/uploads\/sites\/55\/2021\/05\/Rencontre-avec-un-artiste-Victore-Anicet-au-college.jpg\"><img loading=\"lazy\" decoding=\"async\" class=\"alignnone size-medium wp-image-1485\" src=\"https:\/\/site.ac-martinique.fr\/clg-edouardglissant\/wp-content\/uploads\/sites\/55\/2021\/05\/Rencontre-avec-un-artiste-Victore-Anicet-au-college-300x225.jpg\" alt=\"\" width=\"300\" height=\"225\" srcset=\"https:\/\/site.ac-martinique.fr\/clg-edouardglissant\/wp-content\/uploads\/sites\/55\/2021\/05\/Rencontre-avec-un-artiste-Victore-Anicet-au-college-300x225.jpg 300w, https:\/\/site.ac-martinique.fr\/clg-edouardglissant\/wp-content\/uploads\/sites\/55\/2021\/05\/Rencontre-avec-un-artiste-Victore-Anicet-au-college-768x576.jpg 768w, https:\/\/site.ac-martinique.fr\/clg-edouardglissant\/wp-content\/uploads\/sites\/55\/2021\/05\/Rencontre-avec-un-artiste-Victore-Anicet-au-college.jpg 800w\" sizes=\"auto, (max-width: 300px) 100vw, 300px\" \/><\/a>\u00a0<\/span><\/p>\n","protected":false},"excerpt":{"rendered":"<p>D\u00e9couverte d\u2019une exposition Fondation Cl\u00e9ment 2021 Concert de Malavoi Concert de Musique classique au coll\u00e8ge Otantik en concert au centre culturel du Lamentin &nbsp; Rencontre avec un artiste: Victor Anicet et la culture am\u00e9rindienne \u00a0<\/p>\n","protected":false},"author":128,"featured_media":0,"parent":794,"menu_order":0,"comment_status":"closed","ping_status":"closed","template":"","meta":{"footnotes":""},"class_list":["post-774","page","type-page","status-publish","hentry"],"amp_enabled":true,"_links":{"self":[{"href":"https:\/\/site.ac-martinique.fr\/clg-edouardglissant\/wp-json\/wp\/v2\/pages\/774","targetHints":{"allow":["GET"]}}],"collection":[{"href":"https:\/\/site.ac-martinique.fr\/clg-edouardglissant\/wp-json\/wp\/v2\/pages"}],"about":[{"href":"https:\/\/site.ac-martinique.fr\/clg-edouardglissant\/wp-json\/wp\/v2\/types\/page"}],"author":[{"embeddable":true,"href":"https:\/\/site.ac-martinique.fr\/clg-edouardglissant\/wp-json\/wp\/v2\/users\/128"}],"replies":[{"embeddable":true,"href":"https:\/\/site.ac-martinique.fr\/clg-edouardglissant\/wp-json\/wp\/v2\/comments?post=774"}],"version-history":[{"count":6,"href":"https:\/\/site.ac-martinique.fr\/clg-edouardglissant\/wp-json\/wp\/v2\/pages\/774\/revisions"}],"predecessor-version":[{"id":1501,"href":"https:\/\/site.ac-martinique.fr\/clg-edouardglissant\/wp-json\/wp\/v2\/pages\/774\/revisions\/1501"}],"up":[{"embeddable":true,"href":"https:\/\/site.ac-martinique.fr\/clg-edouardglissant\/wp-json\/wp\/v2\/pages\/794"}],"wp:attachment":[{"href":"https:\/\/site.ac-martinique.fr\/clg-edouardglissant\/wp-json\/wp\/v2\/media?parent=774"}],"curies":[{"name":"wp","href":"https:\/\/api.w.org\/{rel}","templated":true}]}}