{"id":4364,"date":"2024-12-11T17:14:34","date_gmt":"2024-12-11T21:14:34","guid":{"rendered":"https:\/\/site.ac-martinique.fr\/clg-emmanuelsaldes\/?page_id=4364"},"modified":"2025-01-09T10:15:48","modified_gmt":"2025-01-09T14:15:48","slug":"tutos-ent-colibri-pronote-educonnect-etc","status":"publish","type":"page","link":"https:\/\/site.ac-martinique.fr\/clg-emmanuelsaldes\/?page_id=4364","title":{"rendered":"Tutos ENT Colibri, Pronote, \u00c9duConnect, etc."},"content":{"rendered":"\n<p><\/p>\n<p class=\"has-secondary-color has-text-color has-link-color has-medium-font-size\"><strong>1. Premi\u00e8re connexion\u00a0: comment activer votre compte ?<\/strong><\/p>\n<p> <\/p>\n<p class=\"has-primary-color has-text-color has-link-color has-small-font-size wp-elements-9c8684ad904c6a036cae3962883e3b41\"><strong>1.1. Premi\u00e8re solution via votre compte \u00c9duConnect<\/strong><\/p>\n<p> <\/p>\n<p>a. Acc\u00e9dez \u00e0 la page d\u2019accueil d\u2019\u00c9duConnect : <strong><a href=\"https:\/\/educonnect.education.gouv.fr\/\" target=\"_blank\" rel=\"noreferrer noopener\">https:\/\/educonnect.education.gouv.fr\/<\/a><\/strong><br \/>b. S\u00e9lectionnez le profil \u00ab Responsable d\u2019\u00e9l\u00e8ve \u00bb<br \/>c. Cliquez sur \u00ab Je n\u2019ai pas de compte \u00bb<br \/>d. Renseignez votre nom et pr\u00e9nom, ainsi que votre num\u00e9ro de t\u00e9l\u00e9phone portable (en +596 pour la Martinique)<br \/>e. Saisissez le code SMS dans le champ pr\u00e9vu \u00e0 cet effet. Le code est valable 30 minutes !<br \/>f. Saisissez les informations relatives \u00e0 votre\/vos enfant(s)<br \/>g. Choisissez votre nouveau mot de passe<br \/>h. Et pour finir, acc\u00e9dez aux services en ligne !<\/p>\n<p> <\/p>\n<p class=\"has-text-align-center has-white-color has-secondary-background-color has-text-color has-background has-link-color wp-elements-76beabd52b474badc3935ac51e8286c4\"><a href=\"https:\/\/site.ac-martinique.fr\/drane\/wp-content\/uploads\/sites\/100\/2022\/02\/004_AutoinscriptionSMSResponsables9721p-e1644509119671.png\" target=\"_blank\" rel=\"noreferrer noopener\"><em>T\u00e9l\u00e9charger le document<\/em>\u00a0\u2013 Activation du\u00a0compte via son num\u00e9ro de t\u00e9l\u00e9phone portable<\/a><\/p>\n<p> <\/p>\n<p class=\"has-foreground-color has-text-color has-link-color has-small-font-size wp-elements-a63b0b8597d0e439ecc9a9350ead9194\"><strong>1.2. Deuxi\u00e8me solution via votre compte FranceConnect<\/strong><\/p>\n<p> <\/p>\n<p>a. Acc\u00e9dez \u00e0 la page d\u2019accueil d\u2019\u00c9duConnect : <strong><a href=\"https:\/\/educonnect.education.gouv.fr\/\" target=\"_blank\" rel=\"noreferrer noopener\">https:\/\/educonnect.education.gouv.fr\/<\/a><\/strong><br \/>b. S\u00e9lectionnez le profil \u00ab Responsable d\u2019\u00e9l\u00e8ve \u00bb<br \/>c. Cliquez sur le bouton \u00ab S\u2019identifier avec FranceConnect \u00bb<br \/>d. Choisissez un des services d\u2019authentification propos\u00e9s (Imp\u00f4t, Ameli, etc&#8230;.)<br \/>e. Appuyez sur le bouton \u00ab Continuer sur Education nationale \u00bb<br \/>f. \u00c0 la premi\u00e8re connexion avec FranceConnect, indiquez le m\u00eame num\u00e9ro de t\u00e9l\u00e9phone portable que celui d\u00e9j\u00e0 communiqu\u00e9 \u00e0 l&#8217;\u00e9tablissement, puis confirmer avec le code de validation re\u00e7u par SMS et la date de naissance de votre\/vos enfant(s)<\/p>\n<p> <\/p>\n<p class=\"has-text-align-center has-white-color has-secondary-background-color has-text-color has-background has-link-color wp-elements-6d3597393db91702ad6e0048b1f4642d\"><a href=\"https:\/\/site.ac-martinique.fr\/drane\/wp-content\/uploads\/sites\/100\/2022\/02\/003_FranceConnectResponsables9721p-e1644509046536.png\" target=\"_blank\" rel=\"noreferrer noopener\"><em>T\u00e9l\u00e9charger le document<\/em>\u00a0\u2013 Activation du compte via FranceConnect<\/a><\/p>\n<p> <\/p>\n<p class=\"has-secondary-color has-text-color has-link-color has-medium-font-size wp-elements-a44c692ea28f1300278d6613b25c871b\"><span style=\"color: #ff0000;\"><strong>2. Acc\u00e9dez \u00e0 Colibri<\/strong><\/span><\/p>\n<p><span style=\"color: #ff0000;\"> <\/span><\/p>\n<p>a. Acc\u00e9dez \u00e0 la page d\u2019accueil de Colibri : <strong><a href=\"https:\/\/colibri.ac-martinique.fr\/\" target=\"_blank\" rel=\"noreferrer noopener\">https:\/\/colibri.ac-martinique.fr\/<\/a><\/strong><br \/>b. Cliquez sur l\u2019onglet \u00ab Repr\u00e9sentant l\u00e9gal \u00bb<br \/>c. S\u00e9lectionnez le profil \u00ab Responsable d\u2019\u00e9l\u00e8ve \u00bb<br \/>d. Connectez-vous via \u00c9duConnect ou FranceConnect (Imp\u00f4t, Ameli, etc&#8230;.)<\/p>\n<p> <\/p>\n<p><em>En cas d\u2019oubli d\u2019identifiant ou de mot passe, cliquez sur \u00ab Identifiant oubli\u00e9 ? \u00bb ou \u00ab Mot de passe oubli\u00e9 ? \u00bb (n\u00e9cessite une adresse mail). Sinon, rapprochez-vous de l\u2019\u00e9tablissement !<\/em><\/p>\n<p> <\/p>\n<p class=\"has-text-align-center has-white-color has-secondary-background-color has-text-color has-background has-link-color wp-elements-8569764a99a58d444117768951b2e007\"><em><a href=\"https:\/\/site.ac-martinique.fr\/drane\/wp-content\/uploads\/sites\/100\/2023\/09\/acces_colibri.pdf\" target=\"_blank\" rel=\"noreferrer noopener\">T\u00e9l\u00e9chargez le document &#8211;<\/a><\/em><a href=\"https:\/\/site.ac-martinique.fr\/drane\/wp-content\/uploads\/sites\/100\/2023\/09\/acces_colibri.pdf\" target=\"_blank\" rel=\"noreferrer noopener\"> Acc\u00e8s \u00e0 Colibri<\/a><\/p>\n<p> <\/p>\n<p class=\"has-secondary-color has-text-color has-link-color has-medium-font-size wp-elements-8345176ee21b970d3288de23a81026e2\"><span style=\"color: #ff6600;\"><strong>3. Acc\u00e9dez \u00e0 Pronote via Colibri<\/strong><\/span><\/p>\n<p> <\/p>\n<p>a. Acc\u00e9dez \u00e0 la page d\u2019accueil de Colibri : <strong><a href=\"https:\/\/colibri.ac-martinique.fr\/\" target=\"_blank\" rel=\"noreferrer noopener\">https:\/\/colibri.ac-martinique.fr\/<\/a><\/strong><br \/>b. Cliquez sur l\u2019onglet \u00ab Repr\u00e9sentant l\u00e9gal \u00bb<br \/>c. S\u00e9lectionnez le profil \u00ab Responsable d\u2019\u00e9l\u00e8ve \u00bb<br \/>d. Connectez-vous via \u00c9duConnect ou FranceConnect (Imp\u00f4t, Ameli, etc\u2026)<br \/>e. Cliquez sur l&#8217;ic\u00f4ne \u00ab Mes Applis \u00bb, pour acc\u00e9der aux applications (voir image ci-dessous)<\/p>\n<p> <\/p>\n<figure class=\"wp-block-gallery has-nested-images columns-default is-cropped wp-block-gallery-1 is-layout-flex wp-block-gallery-is-layout-flex\">\n<figure class=\"wp-block-image size-large is-style-default\"><img decoding=\"async\" data-id=\"1768\" class=\"wp-image-1768\" src=\"https:\/\/site.ac-martinique.fr\/lyc-fanon\/wp-content\/uploads\/sites\/138\/2024\/05\/Colibri-Pronote.png\" alt=\"\" \/><\/figure>\n<\/figure>\n<p> <\/p>\n<p><br \/>f. Cliquez sur l\u2019ic\u00f4ne Pronote. Et pour finir, choisissez \u00ab Parents \u00bb.<\/p>\n<p> <\/p>\n<p class=\"has-secondary-color has-text-color has-link-color has-medium-font-size wp-elements-1b9f794476ee7efc32b3e5fe9d87b6ce\"><span style=\"color: #ff9900;\"><strong>4. Acc\u00e9dez \u00e0 Pronote via l&#8217;application \u00ab NEO Pocket<\/strong> \u00bb<\/span><\/p>\n<p><span style=\"color: #ff9900;\"> <\/span><\/p>\n<p>a. T\u00e9l\u00e9charger l\u2019application \u00ab NEO Pocket \u00bb sur le <a href=\"https:\/\/play.google.com\/store\/apps\/details?id=com.ode.neo\" target=\"_blank\" rel=\"noreferrer noopener\" data-type=\"link\" data-id=\"https:\/\/play.google.com\/store\/apps\/details?id=com.ode.neo\">Play Store<\/a> (Android) ou sur l\u2019<a href=\"https:\/\/apps.apple.com\/fr\/app\/neo-pocket\/id1458097439\" target=\"_blank\" rel=\"noreferrer noopener\" data-type=\"link\" data-id=\"https:\/\/apps.apple.com\/fr\/app\/neo-pocket\/id1458097439\">App Store<\/a> (Apple)<\/p>\n<p> <\/p>\n<figure class=\"wp-block-gallery has-nested-images columns-default is-cropped wp-block-gallery-2 is-layout-flex wp-block-gallery-is-layout-flex\">\n<figure class=\"wp-block-image size-large\"><img decoding=\"async\" data-id=\"1780\" class=\"wp-image-1780\" src=\"https:\/\/site.ac-martinique.fr\/lyc-fanon\/wp-content\/uploads\/sites\/138\/2024\/05\/QR-Code-NEO-Pocket-App-Store-1024x1024.png\" alt=\"\" \/><\/figure>\n \n<figure class=\"wp-block-image size-large\"><img decoding=\"async\" data-id=\"1781\" class=\"wp-image-1781\" src=\"https:\/\/site.ac-martinique.fr\/lyc-fanon\/wp-content\/uploads\/sites\/138\/2024\/05\/QR-Code-NEO-Pocket-Play-Store-1024x1024.png\" alt=\"\" \/><\/figure>\n<\/figure>\n<p> <\/p>\n<p>b. Appuyez sur le bouton \u00ab S\u2019identifier \u00bb<br \/>c. Choisissez \u00ab Colibri \u00bb<br \/>d. Appuyez \u00e0 nouveau sur le bouton \u00ab S\u2019identifier \u00bb<br \/>e. Cliquez sur l\u2019onglet \u00ab Repr\u00e9sentant l\u00e9gal \u00bb et connectez-vous via \u00c9duConnect<br \/>f. Cliquez sur l\u2019onglet \u00ab Mes applis \u00bb (en bas de l\u2019\u00e9cran), puis \u00ab Pronote \u00bb<\/p>\n<p><\/p>\n\n\n\n\n\n\n\n\n","protected":false},"excerpt":{"rendered":"","protected":false},"author":357,"featured_media":0,"parent":0,"menu_order":0,"comment_status":"closed","ping_status":"closed","template":"","meta":{"_EventAllDay":false,"_EventTimezone":"","_EventStartDate":"","_EventEndDate":"","_EventStartDateUTC":"","_EventEndDateUTC":"","_EventShowMap":false,"_EventShowMapLink":false,"_EventURL":"","_EventCost":"","_EventCostDescription":"","_EventCurrencySymbol":"","_EventCurrencyCode":"","_EventCurrencyPosition":"","_EventDateTimeSeparator":"","_EventTimeRangeSeparator":"","_EventOrganizerID":[],"_EventVenueID":[],"_OrganizerEmail":"","_OrganizerPhone":"","_OrganizerWebsite":"","_VenueAddress":"","_VenueCity":"","_VenueCountry":"","_VenueProvince":"","_VenueState":"","_VenueZip":"","_VenuePhone":"","_VenueURL":"","_VenueStateProvince":"","_VenueLat":"","_VenueLng":"","_VenueShowMap":false,"_VenueShowMapLink":false,"footnotes":""},"class_list":["post-4364","page","type-page","status-publish","hentry"],"_links":{"self":[{"href":"https:\/\/site.ac-martinique.fr\/clg-emmanuelsaldes\/index.php?rest_route=\/wp\/v2\/pages\/4364","targetHints":{"allow":["GET"]}}],"collection":[{"href":"https:\/\/site.ac-martinique.fr\/clg-emmanuelsaldes\/index.php?rest_route=\/wp\/v2\/pages"}],"about":[{"href":"https:\/\/site.ac-martinique.fr\/clg-emmanuelsaldes\/index.php?rest_route=\/wp\/v2\/types\/page"}],"author":[{"embeddable":true,"href":"https:\/\/site.ac-martinique.fr\/clg-emmanuelsaldes\/index.php?rest_route=\/wp\/v2\/users\/357"}],"replies":[{"embeddable":true,"href":"https:\/\/site.ac-martinique.fr\/clg-emmanuelsaldes\/index.php?rest_route=%2Fwp%2Fv2%2Fcomments&post=4364"}],"version-history":[{"count":7,"href":"https:\/\/site.ac-martinique.fr\/clg-emmanuelsaldes\/index.php?rest_route=\/wp\/v2\/pages\/4364\/revisions"}],"predecessor-version":[{"id":4955,"href":"https:\/\/site.ac-martinique.fr\/clg-emmanuelsaldes\/index.php?rest_route=\/wp\/v2\/pages\/4364\/revisions\/4955"}],"wp:attachment":[{"href":"https:\/\/site.ac-martinique.fr\/clg-emmanuelsaldes\/index.php?rest_route=%2Fwp%2Fv2%2Fmedia&parent=4364"}],"curies":[{"name":"wp","href":"https:\/\/api.w.org\/{rel}","templated":true}]}}