{"id":4402,"date":"2024-12-27T14:28:17","date_gmt":"2024-12-27T18:28:17","guid":{"rendered":"https:\/\/site.ac-martinique.fr\/clg-emmanuelsaldes\/?page_id=4402"},"modified":"2025-09-05T18:41:36","modified_gmt":"2025-09-05T22:41:36","slug":"lequipe-du-college","status":"publish","type":"page","link":"https:\/\/site.ac-martinique.fr\/clg-emmanuelsaldes\/?page_id=4402","title":{"rendered":"L&#8217;\u00e9quipe du coll\u00e8ge"},"content":{"rendered":"\n<h2><strong><span style=\"text-decoration: underline; color: #3366ff;\">La direction<\/span><\/strong><\/h2>\n<p>M<sup>me<\/sup><strong> Myrtha CATTIER<\/strong>, principale<\/p>\n<p>M<sup>me<\/sup> <strong>Josiane MERKILED<\/strong>, principale adjointe<\/p>\n<p>M<sup>me<\/sup> <strong>Odile BARBOT<\/strong>, directrice de SEGPA<\/p>\n<h2><strong><span style=\"text-decoration: underline; color: #3366ff;\">Secr\u00e9tariat<\/span><\/strong><\/h2>\n<p>M<sup>me<\/sup> <strong>Marie-Ad\u00e8le DELINDE<\/strong>, assistante de direction<\/p>\n<h2><strong><span style=\"text-decoration: underline; color: #3366ff;\">Service de gestion<\/span><\/strong><\/h2>\n<p>M<sup>me<\/sup> <strong>Virginie LE GOFF<\/strong>, agent comptable<\/p>\n<p>M<sup>me<\/sup> <strong>Manuela ERNEST<\/strong>, secr\u00e9taire g\u00e9n\u00e9rale<\/p>\n<p>M<sup>me<\/sup> <strong>C\u00e9cile RENARD<\/strong>, adjointe administrative<\/p>\n<h2><strong><span style=\"text-decoration: underline; color: #3366ff;\">Vie scolaire<\/span><\/strong><\/h2>\n<p>M<sup>me<\/sup><strong> Aurely LABEL<\/strong>, CPE<\/p>\n<h2><strong><span style=\"text-decoration: underline; color: #3366ff;\">P\u00f4le m\u00e9dico-social<\/span><\/strong><\/h2>\n<p><strong>Dr. Gaoussou KEITA,<\/strong> m\u00e9decin<\/p>\n<p>M<sup>me<\/sup> <strong>Yveline HONORIN<\/strong>, secr\u00e9taire m\u00e9dicale<\/p>\n<p>M<sup>me<\/sup> <strong>Karine LAURENT<\/strong>, infirmi\u00e8re<\/p>\n<p>M<sup>me<\/sup> <strong>Brigitte RISAL<\/strong>, PsyEN\/COP<\/p>\n<p>M<sup>me<\/sup><strong> Marie-Paule MARCY<\/strong>, assistante sociale<\/p>\n<p>\u00a0<\/p>\n","protected":false},"excerpt":{"rendered":"<p>La direction Mme Myrtha CATTIER, principale Mme Josiane MERKILED, principale adjointe Mme Odile BARBOT, directrice de SEGPA Secr\u00e9tariat Mme Marie-Ad\u00e8le DELINDE, assistante de direction Service de gestion Mme Virginie LE [&hellip;]<\/p>\n","protected":false},"author":357,"featured_media":0,"parent":0,"menu_order":0,"comment_status":"closed","ping_status":"closed","template":"","meta":{"_EventAllDay":false,"_EventTimezone":"","_EventStartDate":"","_EventEndDate":"","_EventStartDateUTC":"","_EventEndDateUTC":"","_EventShowMap":false,"_EventShowMapLink":false,"_EventURL":"","_EventCost":"","_EventCostDescription":"","_EventCurrencySymbol":"","_EventCurrencyCode":"","_EventCurrencyPosition":"","_EventDateTimeSeparator":"","_EventTimeRangeSeparator":"","_EventOrganizerID":[],"_EventVenueID":[],"_OrganizerEmail":"","_OrganizerPhone":"","_OrganizerWebsite":"","_VenueAddress":"","_VenueCity":"","_VenueCountry":"","_VenueProvince":"","_VenueState":"","_VenueZip":"","_VenuePhone":"","_VenueURL":"","_VenueStateProvince":"","_VenueLat":"","_VenueLng":"","_VenueShowMap":false,"_VenueShowMapLink":false,"footnotes":""},"class_list":["post-4402","page","type-page","status-publish","hentry"],"_links":{"self":[{"href":"https:\/\/site.ac-martinique.fr\/clg-emmanuelsaldes\/index.php?rest_route=\/wp\/v2\/pages\/4402","targetHints":{"allow":["GET"]}}],"collection":[{"href":"https:\/\/site.ac-martinique.fr\/clg-emmanuelsaldes\/index.php?rest_route=\/wp\/v2\/pages"}],"about":[{"href":"https:\/\/site.ac-martinique.fr\/clg-emmanuelsaldes\/index.php?rest_route=\/wp\/v2\/types\/page"}],"author":[{"embeddable":true,"href":"https:\/\/site.ac-martinique.fr\/clg-emmanuelsaldes\/index.php?rest_route=\/wp\/v2\/users\/357"}],"replies":[{"embeddable":true,"href":"https:\/\/site.ac-martinique.fr\/clg-emmanuelsaldes\/index.php?rest_route=%2Fwp%2Fv2%2Fcomments&post=4402"}],"version-history":[{"count":13,"href":"https:\/\/site.ac-martinique.fr\/clg-emmanuelsaldes\/index.php?rest_route=\/wp\/v2\/pages\/4402\/revisions"}],"predecessor-version":[{"id":5075,"href":"https:\/\/site.ac-martinique.fr\/clg-emmanuelsaldes\/index.php?rest_route=\/wp\/v2\/pages\/4402\/revisions\/5075"}],"wp:attachment":[{"href":"https:\/\/site.ac-martinique.fr\/clg-emmanuelsaldes\/index.php?rest_route=%2Fwp%2Fv2%2Fmedia&parent=4402"}],"curies":[{"name":"wp","href":"https:\/\/api.w.org\/{rel}","templated":true}]}}