{"id":4405,"date":"2025-06-07T17:55:17","date_gmt":"2025-06-07T21:55:17","guid":{"rendered":"https:\/\/site.ac-martinique.fr\/clg-emmanuelsaldes\/?page_id=4405"},"modified":"2025-06-07T18:02:00","modified_gmt":"2025-06-07T22:02:00","slug":"qui-est-emmanuel-saldes","status":"publish","type":"page","link":"https:\/\/site.ac-martinique.fr\/clg-emmanuelsaldes\/?page_id=4405","title":{"rendered":"Qui est Emmanuel SALD\u00c8S ?"},"content":{"rendered":"<div class=\"wp-block-image\">\n<figure class=\"aligncenter size-large\"><img decoding=\"async\" src=\"https:\/\/beliasaintemarie.com\/wp-content\/uploads\/2018\/09\/171309-091318.jpg\" alt=\"\"\/><figcaption class=\"wp-element-caption\">(c) beliasaintemarie.com<\/figcaption><\/figure>\n<\/div>\n\n\n<p class=\"has-vivid-cyan-blue-color has-text-color has-link-color has-large-font-size wp-elements-9521220fbe6dad464b447ba92e0cba6f\"><strong>Emmanuel SALD\u00c8S, un homme d\u00e9vou\u00e9 et engag\u00e9 !<\/strong><\/p>\n\n\n\n<p>Emmanuel SALD\u00c8S est n\u00e9 le 3 d\u00e9cembre 1888 et d\u00e9c\u00e8de le 1<sup>er<\/sup>\u00a0ao\u00fbt 1951 \u00e0 l&#8217;\u00e2ge de 62 ans. Sa vie s&#8217;inscrit dans une p\u00e9riode marqu\u00e9e par les difficult\u00e9s \u00e9conomiques post-abolition de l&#8217;esclavage, notamment dans l&#8217;industrie sucri\u00e8re, et pr\u00e9c\u00e9dant de peu la d\u00e9partementalisation de la Martinique (19 mars 1946).<\/p>\n\n\n\n<p>Il a exerc\u00e9 sont m\u00e9tier d\u2019instituteur dans les communes de Sainte-Marie, du Lorrain et de Saint-Pierre. De plus, apr\u00e8s l\u2019\u00e9ruption de la Montagne Pel\u00e9e le 8 mai 1902, il devient directeur d&#8217;une \u00e9cole \u00e0 Saint-Pierre.<\/p>\n\n\n\n<p>Tout au long de sa carri\u00e8re, il a gravi les \u00e9chelons de l&#8217;administration scolaire :<\/p>\n\n\n\n<ul class=\"wp-block-list\">\n<li>\u00c0 Sainte-Marie, il a \u00e9t\u00e9 directeur du Cours Sup\u00e9rieur \u00e0 l&#8217;\u00e9cole des Gar\u00e7ons (1915) ;<\/li>\n\n\n\n<li>Au Lorrain, il a dirig\u00e9 le Cours Compl\u00e9mentaire (1924), avant d&#8217;\u00eatre promu Inspecteur de l&#8217;Enseignement Primaire (1943).<\/li>\n<\/ul>\n\n\n\n<p>En plus de ses fonctions \u00e9ducatives, Emmanuel SALD\u00c8S a co-fond\u00e9 le club de football \u00ab La Samaritaine \u00bb avec F\u00e9lix LORNE, et a cr\u00e9\u00e9 la premi\u00e8re soci\u00e9t\u00e9 de secours mutuel de Sainte-Marie (La Tontine Samaritaine).<\/p>\n\n\n\n<p>Sa carri\u00e8re exemplaire a \u00e9t\u00e9 reconnue par deux distinctions honorifiques prestigieuses : il a \u00e9t\u00e9 fait Chevalier de la L\u00e9gion d&#8217;Honneur et Officier de l&#8217;Instruction Publique.<\/p>\n\n\n\n<p><\/p>\n\n\n\n<p><strong>Sources :&nbsp;<\/strong><\/p>\n\n<ul>\n\t<li><em>https:\/\/beliasaintemarie.com\/histoire\/1384\/<\/em><\/li>\n\t<li><em>https:\/\/martiniqueannu.com\/autre-personnalite-martiniquaise\/emmanuel-saldes<\/em><\/li>\n<\/ul>\n","protected":false},"excerpt":{"rendered":"<p>Emmanuel SALD\u00c8S, un homme d\u00e9vou\u00e9 et engag\u00e9 ! Emmanuel SALD\u00c8S est n\u00e9 le 3 d\u00e9cembre 1888 et d\u00e9c\u00e8de le 1er\u00a0ao\u00fbt 1951 \u00e0 l&#8217;\u00e2ge de 62 ans. Sa vie s&#8217;inscrit dans [&hellip;]<\/p>\n","protected":false},"author":357,"featured_media":0,"parent":0,"menu_order":0,"comment_status":"closed","ping_status":"closed","template":"","meta":{"_EventAllDay":false,"_EventTimezone":"","_EventStartDate":"","_EventEndDate":"","_EventStartDateUTC":"","_EventEndDateUTC":"","_EventShowMap":false,"_EventShowMapLink":false,"_EventURL":"","_EventCost":"","_EventCostDescription":"","_EventCurrencySymbol":"","_EventCurrencyCode":"","_EventCurrencyPosition":"","_EventDateTimeSeparator":"","_EventTimeRangeSeparator":"","_EventOrganizerID":[],"_EventVenueID":[],"_OrganizerEmail":"","_OrganizerPhone":"","_OrganizerWebsite":"","_VenueAddress":"","_VenueCity":"","_VenueCountry":"","_VenueProvince":"","_VenueState":"","_VenueZip":"","_VenuePhone":"","_VenueURL":"","_VenueStateProvince":"","_VenueLat":"","_VenueLng":"","_VenueShowMap":false,"_VenueShowMapLink":false,"footnotes":""},"class_list":["post-4405","page","type-page","status-publish","hentry"],"_links":{"self":[{"href":"https:\/\/site.ac-martinique.fr\/clg-emmanuelsaldes\/index.php?rest_route=\/wp\/v2\/pages\/4405","targetHints":{"allow":["GET"]}}],"collection":[{"href":"https:\/\/site.ac-martinique.fr\/clg-emmanuelsaldes\/index.php?rest_route=\/wp\/v2\/pages"}],"about":[{"href":"https:\/\/site.ac-martinique.fr\/clg-emmanuelsaldes\/index.php?rest_route=\/wp\/v2\/types\/page"}],"author":[{"embeddable":true,"href":"https:\/\/site.ac-martinique.fr\/clg-emmanuelsaldes\/index.php?rest_route=\/wp\/v2\/users\/357"}],"replies":[{"embeddable":true,"href":"https:\/\/site.ac-martinique.fr\/clg-emmanuelsaldes\/index.php?rest_route=%2Fwp%2Fv2%2Fcomments&post=4405"}],"version-history":[{"count":7,"href":"https:\/\/site.ac-martinique.fr\/clg-emmanuelsaldes\/index.php?rest_route=\/wp\/v2\/pages\/4405\/revisions"}],"predecessor-version":[{"id":4949,"href":"https:\/\/site.ac-martinique.fr\/clg-emmanuelsaldes\/index.php?rest_route=\/wp\/v2\/pages\/4405\/revisions\/4949"}],"wp:attachment":[{"href":"https:\/\/site.ac-martinique.fr\/clg-emmanuelsaldes\/index.php?rest_route=%2Fwp%2Fv2%2Fmedia&parent=4405"}],"curies":[{"name":"wp","href":"https:\/\/api.w.org\/{rel}","templated":true}]}}