{"id":5232,"date":"2026-03-31T08:25:31","date_gmt":"2026-03-31T12:25:31","guid":{"rendered":"https:\/\/site.ac-martinique.fr\/clg-emmanuelsaldes\/?page_id=5232"},"modified":"2026-03-31T08:43:49","modified_gmt":"2026-03-31T12:43:49","slug":"les-epreuves-du-dnb","status":"publish","type":"page","link":"https:\/\/site.ac-martinique.fr\/clg-emmanuelsaldes\/?page_id=5232","title":{"rendered":"Les \u00e9preuves du DNB"},"content":{"rendered":"\n<p>Pour les candidats scolaires, les \u00e9preuves du dipl\u00f4me national du brevet (DNB) comprennent quatre \u00e9crits et un oral. Elles compl\u00e8tent l&#8217;\u00e9valuation du contr\u00f4le continu fond\u00e9 sur la moyenne issue des moyennes annuelles de chacune des disciplines de la classe de troisi\u00e8me.<\/p>\n\n\n\n<p class=\"has-text-color has-link-color has-medium-font-size wp-elements-a8d9fb15f518975cb619664a2b1a9f25\" style=\"color:#1c4d6d\"><strong>Infographie &#8211; les \u00e9preuves finales du DNB pour les candidats scolaires :<\/strong><\/p>\n\n\n<div class=\"wp-block-image\">\n<figure class=\"aligncenter size-full\"><a href=\"https:\/\/site.ac-martinique.fr\/clg-emmanuelsaldes\/wp-content\/uploads\/sites\/56\/2026\/03\/infographie-les-epreuves-finales-du-dnb-pour-les-candidats-scolaires-scaled.jpg\"><img loading=\"lazy\" decoding=\"async\" width=\"2446\" height=\"2560\" src=\"https:\/\/site.ac-martinique.fr\/clg-emmanuelsaldes\/wp-content\/uploads\/sites\/56\/2026\/03\/infographie-les-epreuves-finales-du-dnb-pour-les-candidats-scolaires-scaled.jpg\" alt=\"\" class=\"wp-image-5234\" srcset=\"https:\/\/site.ac-martinique.fr\/clg-emmanuelsaldes\/wp-content\/uploads\/sites\/56\/2026\/03\/infographie-les-epreuves-finales-du-dnb-pour-les-candidats-scolaires-scaled.jpg 2446w, https:\/\/site.ac-martinique.fr\/clg-emmanuelsaldes\/wp-content\/uploads\/sites\/56\/2026\/03\/infographie-les-epreuves-finales-du-dnb-pour-les-candidats-scolaires-287x300.jpg 287w, https:\/\/site.ac-martinique.fr\/clg-emmanuelsaldes\/wp-content\/uploads\/sites\/56\/2026\/03\/infographie-les-epreuves-finales-du-dnb-pour-les-candidats-scolaires-978x1024.jpg 978w, https:\/\/site.ac-martinique.fr\/clg-emmanuelsaldes\/wp-content\/uploads\/sites\/56\/2026\/03\/infographie-les-epreuves-finales-du-dnb-pour-les-candidats-scolaires-768x804.jpg 768w, https:\/\/site.ac-martinique.fr\/clg-emmanuelsaldes\/wp-content\/uploads\/sites\/56\/2026\/03\/infographie-les-epreuves-finales-du-dnb-pour-les-candidats-scolaires-1467x1536.jpg 1467w, https:\/\/site.ac-martinique.fr\/clg-emmanuelsaldes\/wp-content\/uploads\/sites\/56\/2026\/03\/infographie-les-epreuves-finales-du-dnb-pour-les-candidats-scolaires-1957x2048.jpg 1957w\" sizes=\"auto, (max-width: 2446px) 100vw, 2446px\" \/><\/a><\/figure>\n<\/div>","protected":false},"excerpt":{"rendered":"<p>Pour les candidats scolaires, les \u00e9preuves du dipl\u00f4me national du brevet (DNB) comprennent quatre \u00e9crits et un oral. Elles compl\u00e8tent l&#8217;\u00e9valuation du contr\u00f4le continu fond\u00e9 sur la moyenne issue des [&hellip;]<\/p>\n","protected":false},"author":357,"featured_media":0,"parent":0,"menu_order":0,"comment_status":"closed","ping_status":"closed","template":"","meta":{"_EventAllDay":false,"_EventTimezone":"","_EventStartDate":"","_EventEndDate":"","_EventStartDateUTC":"","_EventEndDateUTC":"","_EventShowMap":false,"_EventShowMapLink":false,"_EventURL":"","_EventCost":"","_EventCostDescription":"","_EventCurrencySymbol":"","_EventCurrencyCode":"","_EventCurrencyPosition":"","_EventDateTimeSeparator":"","_EventTimeRangeSeparator":"","_EventOrganizerID":[],"_EventVenueID":[],"_OrganizerEmail":"","_OrganizerPhone":"","_OrganizerWebsite":"","_VenueAddress":"","_VenueCity":"","_VenueCountry":"","_VenueProvince":"","_VenueState":"","_VenueZip":"","_VenuePhone":"","_VenueURL":"","_VenueStateProvince":"","_VenueLat":"","_VenueLng":"","_VenueShowMap":false,"_VenueShowMapLink":false,"footnotes":""},"class_list":["post-5232","page","type-page","status-publish","hentry"],"_links":{"self":[{"href":"https:\/\/site.ac-martinique.fr\/clg-emmanuelsaldes\/index.php?rest_route=\/wp\/v2\/pages\/5232","targetHints":{"allow":["GET"]}}],"collection":[{"href":"https:\/\/site.ac-martinique.fr\/clg-emmanuelsaldes\/index.php?rest_route=\/wp\/v2\/pages"}],"about":[{"href":"https:\/\/site.ac-martinique.fr\/clg-emmanuelsaldes\/index.php?rest_route=\/wp\/v2\/types\/page"}],"author":[{"embeddable":true,"href":"https:\/\/site.ac-martinique.fr\/clg-emmanuelsaldes\/index.php?rest_route=\/wp\/v2\/users\/357"}],"replies":[{"embeddable":true,"href":"https:\/\/site.ac-martinique.fr\/clg-emmanuelsaldes\/index.php?rest_route=%2Fwp%2Fv2%2Fcomments&post=5232"}],"version-history":[{"count":4,"href":"https:\/\/site.ac-martinique.fr\/clg-emmanuelsaldes\/index.php?rest_route=\/wp\/v2\/pages\/5232\/revisions"}],"predecessor-version":[{"id":5239,"href":"https:\/\/site.ac-martinique.fr\/clg-emmanuelsaldes\/index.php?rest_route=\/wp\/v2\/pages\/5232\/revisions\/5239"}],"wp:attachment":[{"href":"https:\/\/site.ac-martinique.fr\/clg-emmanuelsaldes\/index.php?rest_route=%2Fwp%2Fv2%2Fmedia&parent=5232"}],"curies":[{"name":"wp","href":"https:\/\/api.w.org\/{rel}","templated":true}]}}