{"id":33,"date":"2013-04-30T20:18:51","date_gmt":"2013-04-30T20:18:51","guid":{"rendered":"https:\/\/clg-eugenemona.ac-martinique.fr\/wordpress\/?page_id=33"},"modified":"2023-03-29T15:04:25","modified_gmt":"2023-03-29T13:04:25","slug":"eugenemona","status":"publish","type":"page","link":"https:\/\/site.ac-martinique.fr\/clg-eugenemona\/eugenemona\/","title":{"rendered":"Eug\u00e8ne MONA"},"content":{"rendered":"<p><a href=\"\/clg-eugenemona\/wp-content\/uploads\/sites\/76\/2013\/04\/eugene-mona-185366.jpg\"><img loading=\"lazy\" decoding=\"async\" class=\"aligncenter size-full wp-image-37\" title=\"eugene-mona-185366\" src=\"\/clg-eugenemona\/wp-content\/uploads\/sites\/76\/2013\/04\/eugene-mona-185366.jpg\" alt=\"\" width=\"304\" height=\"301\" srcset=\"https:\/\/site.ac-martinique.fr\/clg-eugenemona\/wp-content\/uploads\/sites\/76\/2013\/04\/eugene-mona-185366.jpg 304w, https:\/\/site.ac-martinique.fr\/clg-eugenemona\/wp-content\/uploads\/sites\/76\/2013\/04\/eugene-mona-185366-150x150.jpg 150w, https:\/\/site.ac-martinique.fr\/clg-eugenemona\/wp-content\/uploads\/sites\/76\/2013\/04\/eugene-mona-185366-300x297.jpg 300w\" sizes=\"auto, (max-width: 304px) 100vw, 304px\" \/><\/a><\/p>\n<p>&nbsp;<\/p>\n<p><strong>Eug\u00e8ne Mona<\/strong>, de son vrai nom <strong>Georges Nilecam<\/strong> est un chanteur et fl\u00fbtiste martiniquais, n\u00e9 le 13 juillet 1943 au Vauclin (Martinique) et mort le 21 septembre 1991 \u00e0 Morne Calebasse, un quartier de Fort-de-France (Martinique).<\/p>\n<p>Artiste phare de la musique antillaise, l&rsquo;auteur-compositeur a re\u00e7u l&rsquo;\u00e9loge d&rsquo;\u00e9crivains comme Patrick Chamoiseau et Rapha\u00ebl Confiant pour ses chants qui renferment un puissant contenu litt\u00e9raire cr\u00e9ole.<\/p>\n<p>Surnomm\u00e9 \u00ab le N\u00e8gre debout \u00bb ou \u00ab poto mitan \u00bb, le chanteur fl\u00fbtiste se disait artiste cr\u00e9ole, revendiquant les h\u00e9ritages africain et europ\u00e9en, bien s\u00fbr, mais aussi indien en introduisant notamment des sonorit\u00e9s tamoules dans ses rythmes d\u00e9tonnants.<\/p>\n<p>Fils de musicien, il grandit dans cet univers et se fit remarquer en remportant un concours de chant cr\u00e9ole \u00e0 l&rsquo;\u00e2ge de 15 ans. Il fit quelques apparitions au cin\u00e9ma, tant\u00f4t en tant que com\u00e9dien (dans Rue Cases-N\u00e8gres d\u2019Euzhan Palcy), tant\u00f4t en tant que compositeur. A l&rsquo;\u00e2ge de 48 ans, il succombe d&rsquo;une congestion c\u00e9r\u00e9brale suite \u00e0 une altercation avec un voisin.<\/p>\n<p>Source :<a title=\"Wikipedia\" href=\"http:\/\/fr.wikipedia.org\">Wikipedia\u00ae<\/a><\/p>\n","protected":false},"excerpt":{"rendered":"<p>&nbsp; Eug\u00e8ne Mona, de son vrai nom Georges Nilecam est un chanteur et fl\u00fbtiste martiniquais, n\u00e9 le 13 juillet 1943 au Vauclin (Martinique) et mort le 21 septembre 1991 \u00e0 Morne Calebasse, un quartier de Fort-de-France (Martinique). Artiste phare de la musique antillaise, l&rsquo;auteur-compositeur a re\u00e7u l&rsquo;\u00e9loge d&rsquo;\u00e9crivains comme Patrick Chamoiseau et Rapha\u00ebl Confiant pour &hellip; <\/p>\n<p><a class=\"more-link btn\" href=\"https:\/\/site.ac-martinique.fr\/clg-eugenemona\/eugenemona\/\">Lire la suite<\/a><\/p>\n","protected":false},"author":208,"featured_media":0,"parent":0,"menu_order":5,"comment_status":"closed","ping_status":"open","template":"","meta":{"footnotes":""},"class_list":["post-33","page","type-page","status-publish","hentry","nodate","item-wrap"],"_links":{"self":[{"href":"https:\/\/site.ac-martinique.fr\/clg-eugenemona\/wp-json\/wp\/v2\/pages\/33","targetHints":{"allow":["GET"]}}],"collection":[{"href":"https:\/\/site.ac-martinique.fr\/clg-eugenemona\/wp-json\/wp\/v2\/pages"}],"about":[{"href":"https:\/\/site.ac-martinique.fr\/clg-eugenemona\/wp-json\/wp\/v2\/types\/page"}],"author":[{"embeddable":true,"href":"https:\/\/site.ac-martinique.fr\/clg-eugenemona\/wp-json\/wp\/v2\/users\/208"}],"replies":[{"embeddable":true,"href":"https:\/\/site.ac-martinique.fr\/clg-eugenemona\/wp-json\/wp\/v2\/comments?post=33"}],"version-history":[{"count":9,"href":"https:\/\/site.ac-martinique.fr\/clg-eugenemona\/wp-json\/wp\/v2\/pages\/33\/revisions"}],"predecessor-version":[{"id":520,"href":"https:\/\/site.ac-martinique.fr\/clg-eugenemona\/wp-json\/wp\/v2\/pages\/33\/revisions\/520"}],"wp:attachment":[{"href":"https:\/\/site.ac-martinique.fr\/clg-eugenemona\/wp-json\/wp\/v2\/media?parent=33"}],"curies":[{"name":"wp","href":"https:\/\/api.w.org\/{rel}","templated":true}]}}