{"id":60,"date":"2013-05-07T15:14:20","date_gmt":"2013-05-07T19:14:20","guid":{"rendered":"https:\/\/clg-eugenemona.ac-martinique.fr\/wordpress\/?page_id=60"},"modified":"2023-03-29T15:04:25","modified_gmt":"2023-03-29T13:04:25","slug":"disciplines","status":"publish","type":"page","link":"https:\/\/site.ac-martinique.fr\/clg-eugenemona\/disciplines\/","title":{"rendered":"Les Disciplines"},"content":{"rendered":"<p>Le coll\u00e8ge Eug\u00e8ne Mona dispense tout les cours demand\u00e9s par Le Minist\u00e8re de l&rsquo;Education Nationale, en portant cependant une attention particuli\u00e8re \u00e0 l&rsquo;Accompagnement \u00c9ducatif, qui \u00e0 pour but de faciliter l&rsquo;apprentissage des \u00e9l\u00e8ves.<br \/>\nLe cours dispens\u00e9s sont donc :<br \/>\n<a title=\"Fran\u00e7ais\" href=\"\/clg-eugenemona\/cours\/francais\/\"> Le Fran\u00e7ais<\/a><br \/>\n<a title=\"Histoire-G\u00e9ographie\" href=\"\/clg-eugenemona\/cours\/histoire-geographie\/\"> L&rsquo;Histoire-G\u00e9ographie<\/a><br \/>\n<a title=\"Anglais\" href=\"\/clg-eugenemona\/cours\/anglais\/\"> L&rsquo;Anglais<\/a><br \/>\n<a title=\"Espagnol\" href=\"\/clg-eugenemona\/cours\/espagnol\/\"> L&rsquo;Espagnol<\/a><br \/>\n<a title=\"Math\u00e9matiques\" href=\"\/clg-eugenemona\/cours\/mathematiques\/\"> Les Math\u00e9matiques<\/a><br \/>\n<a title=\"Physique-Chimie\" href=\"\/clg-eugenemona\/cours\/physique-chimie\/\"> La Physique-Chimie<\/a><br \/>\n<a title=\"S.V.T.\" href=\"\/clg-eugenemona\/cours\/s-v-t\/\"> Les Sciences de la Vie et de la Terre<\/a><br \/>\n<a title=\"Technologie\" href=\"\/clg-eugenemona\/cours\/technologie\/\"> La Technologie<\/a><br \/>\n<a title=\"Arts-Plastiques\" href=\"\/clg-eugenemona\/cours\/arts-plastiques\/\"> Les Arts Plastiques<\/a><br \/>\n<a title=\"Musique\" href=\"\/clg-eugenemona\/cours\/musique\/\"> La Musique<\/a><br \/>\n<a title=\"E.P.S.\" href=\"\/clg-eugenemona\/cours\/e-p-s\/\"> L&rsquo;Education Physique et Sportive<\/a><\/p>\n","protected":false},"excerpt":{"rendered":"<p>Le coll\u00e8ge Eug\u00e8ne Mona dispense tout les cours demand\u00e9s par Le Minist\u00e8re de l&rsquo;Education Nationale, en portant cependant une attention particuli\u00e8re \u00e0 l&rsquo;Accompagnement \u00c9ducatif, qui \u00e0 pour but de faciliter l&rsquo;apprentissage des \u00e9l\u00e8ves. Le cours dispens\u00e9s sont donc : Le Fran\u00e7ais L&rsquo;Histoire-G\u00e9ographie L&rsquo;Anglais L&rsquo;Espagnol Les Math\u00e9matiques La Physique-Chimie Les Sciences de la Vie et de &hellip; <\/p>\n<p><a class=\"more-link btn\" href=\"https:\/\/site.ac-martinique.fr\/clg-eugenemona\/disciplines\/\">Lire la suite<\/a><\/p>\n","protected":false},"author":208,"featured_media":0,"parent":0,"menu_order":2,"comment_status":"closed","ping_status":"open","template":"","meta":{"footnotes":""},"class_list":["post-60","page","type-page","status-publish","hentry","nodate","item-wrap"],"_links":{"self":[{"href":"https:\/\/site.ac-martinique.fr\/clg-eugenemona\/wp-json\/wp\/v2\/pages\/60","targetHints":{"allow":["GET"]}}],"collection":[{"href":"https:\/\/site.ac-martinique.fr\/clg-eugenemona\/wp-json\/wp\/v2\/pages"}],"about":[{"href":"https:\/\/site.ac-martinique.fr\/clg-eugenemona\/wp-json\/wp\/v2\/types\/page"}],"author":[{"embeddable":true,"href":"https:\/\/site.ac-martinique.fr\/clg-eugenemona\/wp-json\/wp\/v2\/users\/208"}],"replies":[{"embeddable":true,"href":"https:\/\/site.ac-martinique.fr\/clg-eugenemona\/wp-json\/wp\/v2\/comments?post=60"}],"version-history":[{"count":6,"href":"https:\/\/site.ac-martinique.fr\/clg-eugenemona\/wp-json\/wp\/v2\/pages\/60\/revisions"}],"predecessor-version":[{"id":512,"href":"https:\/\/site.ac-martinique.fr\/clg-eugenemona\/wp-json\/wp\/v2\/pages\/60\/revisions\/512"}],"wp:attachment":[{"href":"https:\/\/site.ac-martinique.fr\/clg-eugenemona\/wp-json\/wp\/v2\/media?parent=60"}],"curies":[{"name":"wp","href":"https:\/\/api.w.org\/{rel}","templated":true}]}}