{"id":813,"date":"2018-09-21T17:26:35","date_gmt":"2018-09-21T15:26:35","guid":{"rendered":"https:\/\/clg-eugenemona.ac-martinique.fr\/wordpress\/?page_id=813"},"modified":"2023-03-29T15:04:25","modified_gmt":"2023-03-29T13:04:25","slug":"le-college","status":"publish","type":"page","link":"https:\/\/site.ac-martinique.fr\/clg-eugenemona\/le-college\/","title":{"rendered":"Le coll\u00e8ge"},"content":{"rendered":"<p><img loading=\"lazy\" decoding=\"async\" class=\"aligncenter wp-image-469\" title=\"IMG_20151118_092810\" src=\"\/clg-eugenemona\/wp-content\/uploads\/sites\/76\/2013\/04\/IMG_20151118_092810.jpg\" alt=\"\" width=\"614\" height=\"614\" srcset=\"https:\/\/site.ac-martinique.fr\/clg-eugenemona\/wp-content\/uploads\/sites\/76\/2013\/04\/IMG_20151118_092810.jpg 2448w, https:\/\/site.ac-martinique.fr\/clg-eugenemona\/wp-content\/uploads\/sites\/76\/2013\/04\/IMG_20151118_092810-150x150.jpg 150w, https:\/\/site.ac-martinique.fr\/clg-eugenemona\/wp-content\/uploads\/sites\/76\/2013\/04\/IMG_20151118_092810-300x300.jpg 300w, https:\/\/site.ac-martinique.fr\/clg-eugenemona\/wp-content\/uploads\/sites\/76\/2013\/04\/IMG_20151118_092810-1024x1024.jpg 1024w\" sizes=\"auto, (max-width: 614px) 100vw, 614px\" \/><\/p>\n<p style=\"text-align: left;\">Anciennement appel\u00e9 Coll\u00e8ge <strong>La Marie, <\/strong> le coll\u00e8ge a chang\u00e9 de nom lors de sa c\u00e9r\u00e9monie d\u2019inauguration du Vendredi 07 Juin 2013 pour devenir le <strong>Coll\u00e8ge Eug\u00e8ne MONA.<\/strong><\/p>\n<p>Situ\u00e9 dans le quartier La Marie, sur un espace de superficie confortable, le coll\u00e8ge Eug\u00e8ne Mona surplombe l\u2019Atlantique garantissant \u00e0 toute sa population une vue sans pr\u00e9c\u00e9dent.<\/p>\n<p>Voici quelques coordonn\u00e9es qui vous permettront de joindre l\u2019\u00e9tablissement:<\/p>\n","protected":false},"excerpt":{"rendered":"<p>Anciennement appel\u00e9 Coll\u00e8ge La Marie, le coll\u00e8ge a chang\u00e9 de nom lors de sa c\u00e9r\u00e9monie d\u2019inauguration du Vendredi 07 Juin 2013 pour devenir le Coll\u00e8ge Eug\u00e8ne MONA. Situ\u00e9 dans le quartier La Marie, sur un espace de superficie confortable, le coll\u00e8ge Eug\u00e8ne Mona surplombe l\u2019Atlantique garantissant \u00e0 toute sa population une vue sans pr\u00e9c\u00e9dent. Voici &hellip; <\/p>\n<p><a class=\"more-link btn\" href=\"https:\/\/site.ac-martinique.fr\/clg-eugenemona\/le-college\/\">Lire la suite<\/a><\/p>\n","protected":false},"author":208,"featured_media":0,"parent":0,"menu_order":3,"comment_status":"closed","ping_status":"closed","template":"","meta":{"footnotes":""},"class_list":["post-813","page","type-page","status-publish","hentry","nodate","item-wrap"],"_links":{"self":[{"href":"https:\/\/site.ac-martinique.fr\/clg-eugenemona\/wp-json\/wp\/v2\/pages\/813","targetHints":{"allow":["GET"]}}],"collection":[{"href":"https:\/\/site.ac-martinique.fr\/clg-eugenemona\/wp-json\/wp\/v2\/pages"}],"about":[{"href":"https:\/\/site.ac-martinique.fr\/clg-eugenemona\/wp-json\/wp\/v2\/types\/page"}],"author":[{"embeddable":true,"href":"https:\/\/site.ac-martinique.fr\/clg-eugenemona\/wp-json\/wp\/v2\/users\/208"}],"replies":[{"embeddable":true,"href":"https:\/\/site.ac-martinique.fr\/clg-eugenemona\/wp-json\/wp\/v2\/comments?post=813"}],"version-history":[{"count":3,"href":"https:\/\/site.ac-martinique.fr\/clg-eugenemona\/wp-json\/wp\/v2\/pages\/813\/revisions"}],"predecessor-version":[{"id":1197,"href":"https:\/\/site.ac-martinique.fr\/clg-eugenemona\/wp-json\/wp\/v2\/pages\/813\/revisions\/1197"}],"wp:attachment":[{"href":"https:\/\/site.ac-martinique.fr\/clg-eugenemona\/wp-json\/wp\/v2\/media?parent=813"}],"curies":[{"name":"wp","href":"https:\/\/api.w.org\/{rel}","templated":true}]}}