{"id":87,"date":"2013-05-07T15:25:14","date_gmt":"2013-05-07T19:25:14","guid":{"rendered":"https:\/\/clg-eugenemona.ac-martinique.fr\/wordpress\/?page_id=87"},"modified":"2023-03-29T15:04:25","modified_gmt":"2023-03-29T13:04:25","slug":"technologie","status":"publish","type":"page","link":"https:\/\/site.ac-martinique.fr\/clg-eugenemona\/disciplines\/technologie\/","title":{"rendered":"Technologie"},"content":{"rendered":"<p>En technologie, les \u00e9l\u00e8ves du coll\u00e8ge La Marie travaillent dans un espace de 104 m\u00b2 dot\u00e9 d&rsquo;un \u00e9quipement informatique comprenant une vingtaine de postes r\u00e9partis en 6 \u00eelots. Les projets technologiques s&rsquo;appuient cette ann\u00e9e, particuli\u00e8rement en 3\u00e8me, sur le projet d\u2019\u00e9tablissement dans son volet \u00ab\u00a0grands projets\u00a0\u00bb : Donner un nom au Coll\u00e8ge.<\/p>\n<p style=\"text-align: center;\"><a href=\"\/clg-eugenemona\/wp-content\/uploads\/sites\/76\/2013\/05\/Slide-1.jpg\"><img loading=\"lazy\" decoding=\"async\" class=\"aligncenter size-medium wp-image-54\" title=\"Slide 1\" src=\"\/clg-eugenemona\/wp-content\/uploads\/sites\/76\/2013\/05\/Slide-1-300x101.jpg\" alt=\"\" width=\"300\" height=\"101\" srcset=\"https:\/\/site.ac-martinique.fr\/clg-eugenemona\/wp-content\/uploads\/sites\/76\/2013\/05\/Slide-1-300x101.jpg 300w, https:\/\/site.ac-martinique.fr\/clg-eugenemona\/wp-content\/uploads\/sites\/76\/2013\/05\/Slide-1.jpg 920w\" sizes=\"auto, (max-width: 300px) 100vw, 300px\" \/><\/a><\/p>\n","protected":false},"excerpt":{"rendered":"<p>En technologie, les \u00e9l\u00e8ves du coll\u00e8ge La Marie travaillent dans un espace de 104 m\u00b2 dot\u00e9 d&rsquo;un \u00e9quipement informatique comprenant une vingtaine de postes r\u00e9partis en 6 \u00eelots. Les projets technologiques s&rsquo;appuient cette ann\u00e9e, particuli\u00e8rement en 3\u00e8me, sur le projet d\u2019\u00e9tablissement dans son volet \u00ab\u00a0grands projets\u00a0\u00bb : Donner un nom au Coll\u00e8ge.<\/p>\n","protected":false},"author":208,"featured_media":0,"parent":60,"menu_order":0,"comment_status":"closed","ping_status":"open","template":"","meta":{"footnotes":""},"class_list":["post-87","page","type-page","status-publish","hentry","nodate","item-wrap"],"_links":{"self":[{"href":"https:\/\/site.ac-martinique.fr\/clg-eugenemona\/wp-json\/wp\/v2\/pages\/87","targetHints":{"allow":["GET"]}}],"collection":[{"href":"https:\/\/site.ac-martinique.fr\/clg-eugenemona\/wp-json\/wp\/v2\/pages"}],"about":[{"href":"https:\/\/site.ac-martinique.fr\/clg-eugenemona\/wp-json\/wp\/v2\/types\/page"}],"author":[{"embeddable":true,"href":"https:\/\/site.ac-martinique.fr\/clg-eugenemona\/wp-json\/wp\/v2\/users\/208"}],"replies":[{"embeddable":true,"href":"https:\/\/site.ac-martinique.fr\/clg-eugenemona\/wp-json\/wp\/v2\/comments?post=87"}],"version-history":[{"count":7,"href":"https:\/\/site.ac-martinique.fr\/clg-eugenemona\/wp-json\/wp\/v2\/pages\/87\/revisions"}],"predecessor-version":[{"id":1123,"href":"https:\/\/site.ac-martinique.fr\/clg-eugenemona\/wp-json\/wp\/v2\/pages\/87\/revisions\/1123"}],"up":[{"embeddable":true,"href":"https:\/\/site.ac-martinique.fr\/clg-eugenemona\/wp-json\/wp\/v2\/pages\/60"}],"wp:attachment":[{"href":"https:\/\/site.ac-martinique.fr\/clg-eugenemona\/wp-json\/wp\/v2\/media?parent=87"}],"curies":[{"name":"wp","href":"https:\/\/api.w.org\/{rel}","templated":true}]}}