{"id":91,"date":"2013-05-07T15:27:05","date_gmt":"2013-05-07T19:27:05","guid":{"rendered":"https:\/\/clg-eugenemona.ac-martinique.fr\/wordpress\/?page_id=91"},"modified":"2023-03-29T15:04:25","modified_gmt":"2023-03-29T13:04:25","slug":"musique","status":"publish","type":"page","link":"https:\/\/site.ac-martinique.fr\/clg-eugenemona\/disciplines\/musique\/","title":{"rendered":"Musique"},"content":{"rendered":"<p>Le site est actuellement en construction, restez connect\u00e9 pour continuer a visiter notre coll\u00e8ge \u00e0 travers le Net.<\/p>\n","protected":false},"excerpt":{"rendered":"<p>Le site est actuellement en construction, restez connect\u00e9 pour continuer a visiter notre coll\u00e8ge \u00e0 travers le Net.<\/p>\n","protected":false},"author":208,"featured_media":0,"parent":60,"menu_order":0,"comment_status":"closed","ping_status":"open","template":"","meta":{"footnotes":""},"class_list":["post-91","page","type-page","status-publish","hentry","nodate","item-wrap"],"_links":{"self":[{"href":"https:\/\/site.ac-martinique.fr\/clg-eugenemona\/wp-json\/wp\/v2\/pages\/91","targetHints":{"allow":["GET"]}}],"collection":[{"href":"https:\/\/site.ac-martinique.fr\/clg-eugenemona\/wp-json\/wp\/v2\/pages"}],"about":[{"href":"https:\/\/site.ac-martinique.fr\/clg-eugenemona\/wp-json\/wp\/v2\/types\/page"}],"author":[{"embeddable":true,"href":"https:\/\/site.ac-martinique.fr\/clg-eugenemona\/wp-json\/wp\/v2\/users\/208"}],"replies":[{"embeddable":true,"href":"https:\/\/site.ac-martinique.fr\/clg-eugenemona\/wp-json\/wp\/v2\/comments?post=91"}],"version-history":[{"count":2,"href":"https:\/\/site.ac-martinique.fr\/clg-eugenemona\/wp-json\/wp\/v2\/pages\/91\/revisions"}],"predecessor-version":[{"id":1120,"href":"https:\/\/site.ac-martinique.fr\/clg-eugenemona\/wp-json\/wp\/v2\/pages\/91\/revisions\/1120"}],"up":[{"embeddable":true,"href":"https:\/\/site.ac-martinique.fr\/clg-eugenemona\/wp-json\/wp\/v2\/pages\/60"}],"wp:attachment":[{"href":"https:\/\/site.ac-martinique.fr\/clg-eugenemona\/wp-json\/wp\/v2\/media?parent=91"}],"curies":[{"name":"wp","href":"https:\/\/api.w.org\/{rel}","templated":true}]}}