{"id":186,"date":"2019-09-01T16:06:10","date_gmt":"2019-09-01T20:06:10","guid":{"rendered":"\/clg-fernanddonatien\/?page_id=186"},"modified":"2020-01-17T05:47:37","modified_gmt":"2020-01-17T09:47:37","slug":"structure-pedagogique","status":"publish","type":"page","link":"https:\/\/site.ac-martinique.fr\/clg-fernanddonatien\/?page_id=186","title":{"rendered":"Structure P\u00e9dagogique  2019 &#8211; 2020"},"content":{"rendered":"<p>La partie g\u00e9n\u00e9ral du Coll\u00e8ge Fernand Donatien compte\u00a016 classes r\u00e9parties comme suit :<br \/>\n<strong><span style=\"text-decoration: underline\">Niveau 6<sup>\u00e8me<\/sup> <\/span><\/strong><\/p>\n<p>4 divisions en 6<sup><span style=\"font-size: small\">\u00e8me\u00a0<\/span><\/sup> dont un groupe bilangue (anglais \u2013espagnol)<\/p>\n<p><strong><span style=\"text-decoration: underline\">Niveau 5<sup>\u00e8me<\/sup> <\/span><\/strong><\/p>\n<p>4 divisions en 5\u00e8me dont\u00a0 une CHAAP (Classe \u00e0 horaires am\u00e9nag\u00e9s en arts plastiques)<\/p>\n<p>Options :<\/p>\n<ul>\n<li>LCR cr\u00e9ole : 1 groupe<\/li>\n<li>LCE europ\u00e9ennes : 1 groupe<\/li>\n<\/ul>\n<p><strong><span style=\"text-decoration: underline\">Niveau 4<sup>\u00e8me<\/sup> <\/span><\/strong><\/p>\n<p>4 divisions en 4\u00e8me\u00a0 dont une CHAM (Classe \u00e0 horaires am\u00e9nag\u00e9s en musique)<\/p>\n<p>Options\u00a0:<\/p>\n<ul>\n<li>LCA latin : 1 groupe<\/li>\n<li>LCR cr\u00e9ole : 1 groupe<\/li>\n<li>LCE europ\u00e9ennes : 1 groupe<\/li>\n<\/ul>\n<p><strong><span style=\"text-decoration: underline\">Niveau 3<sup>\u00e8me<\/sup> <\/span><\/strong><\/p>\n<p>4 divisions en 3<sup><span style=\"font-size: small\">\u00e8me\u00a0<\/span><\/sup><\/p>\n<p>Options :<\/p>\n<div>\n<ul>\n<li>LCA latin : 1 groupe<\/li>\n<li>LCR cr\u00e9ole : 1 groupe<\/li>\n<li>LCE europ\u00e9ennes : 1 groupe<\/li>\n<\/ul>\n<p>La partie SEGPA du Coll\u00e8ge Fernand Donatien compte 7 classes SEGPA r\u00e9parties comme suit :<\/p>\n<p><strong><span style=\"text-decoration: underline\">Niveau 6<sup>\u00e8me<\/sup><\/span> \u00a0 et\u00a0<span style=\"text-decoration: underline\">Niveau 5<\/span><sup>\u00e8me<\/sup><\/strong><\/p>\n<p>1 division en 6<sup>\u00e8me<\/sup><\/p>\n<p>1 division de 6\u00e8me \/ 5\u00e8me<\/p>\n<p>1 division en 5<sup>\u00e8me<\/sup><\/p>\n<p><span style=\"text-decoration: underline\"><strong>Niveau 4<\/strong><\/span><sup><strong>\u00e8me<\/strong><\/sup><\/p>\n<p>2 divisions en 4<sup>\u00e8me<\/sup><\/p>\n<p><span style=\"text-decoration: underline\"><strong>Niveau 3<\/strong><\/span><strong><sup>\u00e8me<\/sup><\/strong><\/p>\n<p>2 divisions en 3<sup>\u00e8me<\/sup><\/p>\n<\/div>\n","protected":false},"excerpt":{"rendered":"<p>La partie g\u00e9n\u00e9ral du Coll\u00e8ge Fernand Donatien compte\u00a016 classes r\u00e9parties comme suit : Niveau 6\u00e8me 4 divisions en 6\u00e8me\u00a0 dont un groupe bilangue (anglais \u2013espagnol) Niveau 5\u00e8me 4 divisions en 5\u00e8me dont\u00a0 une CHAAP (Classe \u00e0 horaires am\u00e9nag\u00e9s en arts plastiques) Options : LCR cr\u00e9ole : 1 groupe LCE europ\u00e9ennes : 1 groupe Niveau 4\u00e8me 4 divisions en 4\u00e8me\u00a0 dont une CHAM (Classe \u00e0 horaires am\u00e9nag\u00e9s en musique) Options\u00a0: LCA latin : 1 groupe LCR cr\u00e9ole : 1 groupe LCE europ\u00e9ennes : 1 groupe Niveau 3\u00e8me 4 divisions en 3\u00e8me\u00a0 Options : LCA latin : 1 groupe LCR cr\u00e9ole : 1 groupe LCE europ\u00e9ennes : 1 groupe La partie SEGPA du Coll\u00e8ge Fernand Donatien compte 7 classes SEGPA r\u00e9parties comme suit : Niveau 6\u00e8me \u00a0 et\u00a0Niveau 5\u00e8me 1 division en 6\u00e8me 1 division de 6\u00e8me \/ 5\u00e8me 1 division en 5\u00e8me Niveau 4\u00e8me 2 divisions en 4\u00e8me Niveau 3\u00e8me 2 divisions en 3\u00e8me<\/p>\n","protected":false},"author":126,"featured_media":0,"parent":0,"menu_order":0,"comment_status":"closed","ping_status":"closed","template":"","meta":{"footnotes":"","_links_to":"","_links_to_target":""},"class_list":["post-186","page","type-page","status-publish","hentry"],"_links":{"self":[{"href":"https:\/\/site.ac-martinique.fr\/clg-fernanddonatien\/index.php?rest_route=\/wp\/v2\/pages\/186","targetHints":{"allow":["GET"]}}],"collection":[{"href":"https:\/\/site.ac-martinique.fr\/clg-fernanddonatien\/index.php?rest_route=\/wp\/v2\/pages"}],"about":[{"href":"https:\/\/site.ac-martinique.fr\/clg-fernanddonatien\/index.php?rest_route=\/wp\/v2\/types\/page"}],"author":[{"embeddable":true,"href":"https:\/\/site.ac-martinique.fr\/clg-fernanddonatien\/index.php?rest_route=\/wp\/v2\/users\/126"}],"replies":[{"embeddable":true,"href":"https:\/\/site.ac-martinique.fr\/clg-fernanddonatien\/index.php?rest_route=%2Fwp%2Fv2%2Fcomments&post=186"}],"version-history":[{"count":15,"href":"https:\/\/site.ac-martinique.fr\/clg-fernanddonatien\/index.php?rest_route=\/wp\/v2\/pages\/186\/revisions"}],"predecessor-version":[{"id":2971,"href":"https:\/\/site.ac-martinique.fr\/clg-fernanddonatien\/index.php?rest_route=\/wp\/v2\/pages\/186\/revisions\/2971"}],"wp:attachment":[{"href":"https:\/\/site.ac-martinique.fr\/clg-fernanddonatien\/index.php?rest_route=%2Fwp%2Fv2%2Fmedia&parent=186"}],"curies":[{"name":"wp","href":"https:\/\/api.w.org\/{rel}","templated":true}]}}