{"id":221,"date":"2013-04-11T17:59:40","date_gmt":"2013-04-11T17:59:40","guid":{"rendered":"\/clg-fernanddonatien\/?page_id=221"},"modified":"2021-05-14T11:52:35","modified_gmt":"2021-05-14T15:52:35","slug":"quest-ce-que-la-segpa","status":"publish","type":"page","link":"https:\/\/site.ac-martinique.fr\/clg-fernanddonatien\/?page_id=221","title":{"rendered":"La SEGPA"},"content":{"rendered":"<p>S.E.G.P.A. signifie \u00ab\u00a0Section d\u2019Enseignement G\u00e9n\u00e9ral et Professionnel Adapt\u00e9\u00a0\u00bb.<\/p>\n<p>Cette Section accueille des coll\u00e9giens, en grande difficult\u00e9 scolaire principalement \u00e0 la fin du cycle 3 de l\u2019\u00e9cole \u00e9l\u00e9mentaire et s\u2019applique \u00e0 les amener, \u00e0 l\u2019issue d\u2019un cursus de 4 ans (de la 6<sup>\u00e8me<\/sup> \u00e0 la 3<sup>\u00e8me<\/sup>), vers une formation qualifiante de niveau CAP.<\/p>\n<p><strong><span style=\"text-decoration: underline\"><em>LA NAISSANCE DE LA SEGPA AU COLLEGE Fernand DONATIEN ex-Dillon 1<\/em><\/span><\/strong><\/p>\n<p>L\u2019exploitation d\u00e9mographique des ann\u00e9es soixante avait n\u00e9cessit\u00e9 la cr\u00e9ation de logements \u00e0 Dillon sur un terrain de 194 hectares autrefois utilis\u00e9 pour la culture de la canne \u00e0 sucre. Presqu\u2019en m\u00eame temps fut \u00e9labor\u00e9 un projet de construction d\u2019un coll\u00e8ge avec une section d\u2019\u00e9ducation sp\u00e9cialis\u00e9e (SES). Ce coll\u00e8ge a donc \u00e9t\u00e9 cr\u00e9\u00e9 et appel\u00e9 \u00ab\u00a0Coll\u00e8ge de Dillon\u00a0\u00bb.<\/p>\n<p>La SES est devenue SEGPA depuis la circulaire du 20\/06\/1996. Le coll\u00e8ge\u00a0Dillon 1\u00a0a ouvert ses portes en Octobre 1972. Et porte depuis le 1er Juin 2013 le Nom Coll\u00e8ge Fernand DONATIEN.<\/p>\n","protected":false},"excerpt":{"rendered":"<p>S.E.G.P.A. signifie \u00ab\u00a0Section d\u2019Enseignement G\u00e9n\u00e9ral et Professionnel Adapt\u00e9\u00a0\u00bb. Cette Section accueille des coll\u00e9giens, en grande difficult\u00e9 scolaire principalement \u00e0 la fin du cycle 3 de l\u2019\u00e9cole \u00e9l\u00e9mentaire et s\u2019applique \u00e0 les amener, \u00e0 l\u2019issue d\u2019un cursus de 4 ans (de la 6\u00e8me \u00e0 la 3\u00e8me), vers une formation qualifiante de niveau CAP. LA NAISSANCE DE LA SEGPA AU COLLEGE Fernand DONATIEN ex-Dillon 1 L\u2019exploitation d\u00e9mographique des ann\u00e9es soixante avait n\u00e9cessit\u00e9 la cr\u00e9ation de logements \u00e0 Dillon sur un terrain de 194 hectares autrefois utilis\u00e9 pour la culture de la canne \u00e0 sucre. Presqu\u2019en m\u00eame temps fut \u00e9labor\u00e9 un projet de construction d\u2019un coll\u00e8ge avec une section d\u2019\u00e9ducation sp\u00e9cialis\u00e9e (SES). Ce coll\u00e8ge a donc \u00e9t\u00e9 cr\u00e9\u00e9 et appel\u00e9 \u00ab\u00a0Coll\u00e8ge de Dillon\u00a0\u00bb. La SES est devenue SEGPA depuis la circulaire du 20\/06\/1996. Le coll\u00e8ge\u00a0Dillon 1\u00a0a ouvert ses portes en Octobre 1972. Et porte depuis le 1er Juin 2013 le Nom Coll\u00e8ge Fernand DONATIEN.<\/p>\n","protected":false},"author":126,"featured_media":0,"parent":0,"menu_order":0,"comment_status":"closed","ping_status":"closed","template":"","meta":{"footnotes":"","_links_to":"","_links_to_target":""},"class_list":["post-221","page","type-page","status-publish","hentry"],"_links":{"self":[{"href":"https:\/\/site.ac-martinique.fr\/clg-fernanddonatien\/index.php?rest_route=\/wp\/v2\/pages\/221","targetHints":{"allow":["GET"]}}],"collection":[{"href":"https:\/\/site.ac-martinique.fr\/clg-fernanddonatien\/index.php?rest_route=\/wp\/v2\/pages"}],"about":[{"href":"https:\/\/site.ac-martinique.fr\/clg-fernanddonatien\/index.php?rest_route=\/wp\/v2\/types\/page"}],"author":[{"embeddable":true,"href":"https:\/\/site.ac-martinique.fr\/clg-fernanddonatien\/index.php?rest_route=\/wp\/v2\/users\/126"}],"replies":[{"embeddable":true,"href":"https:\/\/site.ac-martinique.fr\/clg-fernanddonatien\/index.php?rest_route=%2Fwp%2Fv2%2Fcomments&post=221"}],"version-history":[{"count":7,"href":"https:\/\/site.ac-martinique.fr\/clg-fernanddonatien\/index.php?rest_route=\/wp\/v2\/pages\/221\/revisions"}],"predecessor-version":[{"id":3047,"href":"https:\/\/site.ac-martinique.fr\/clg-fernanddonatien\/index.php?rest_route=\/wp\/v2\/pages\/221\/revisions\/3047"}],"wp:attachment":[{"href":"https:\/\/site.ac-martinique.fr\/clg-fernanddonatien\/index.php?rest_route=%2Fwp%2Fv2%2Fmedia&parent=221"}],"curies":[{"name":"wp","href":"https:\/\/api.w.org\/{rel}","templated":true}]}}