{"id":2964,"date":"2021-05-03T10:27:41","date_gmt":"2021-05-03T14:27:41","guid":{"rendered":"https:\/\/site.ac-martinique.fr\/clg-fernanddonatien\/?page_id=2964"},"modified":"2021-05-17T09:41:28","modified_gmt":"2021-05-17T13:41:28","slug":"le-college-et-son-environnement","status":"publish","type":"page","link":"https:\/\/site.ac-martinique.fr\/clg-fernanddonatien\/?page_id=2964","title":{"rendered":"Le coll\u00e8ge et son environnement"},"content":{"rendered":"\n<div class=\"wp-block-columns is-layout-flex wp-container-core-columns-is-layout-d0b3c9c8 wp-block-columns-is-layout-flex\">\n<div class=\"wp-block-column is-layout-flow wp-block-column-is-layout-flow\">\n<figure class=\"wp-block-gallery columns-1 is-cropped is-style-default wp-block-gallery-1 is-layout-flex wp-block-gallery-is-layout-flex\"><ul class=\"blocks-gallery-grid\"><li class=\"blocks-gallery-item\"><figure><a href=\"https:\/\/site.ac-martinique.fr\/clg-fernanddonatien\/wp-content\/uploads\/sites\/53\/2021\/05\/dillon-2-2.jpg\"><img loading=\"lazy\" decoding=\"async\" width=\"225\" height=\"225\" src=\"https:\/\/site.ac-martinique.fr\/clg-fernanddonatien\/wp-content\/uploads\/sites\/53\/2021\/05\/dillon-2-2.jpg\" alt=\"\" data-id=\"2986\" data-full-url=\"https:\/\/site.ac-martinique.fr\/clg-fernanddonatien\/wp-content\/uploads\/sites\/53\/2021\/05\/dillon-2-2.jpg\" data-link=\"https:\/\/site.ac-martinique.fr\/clg-fernanddonatien\/?attachment_id=2986\" class=\"wp-image-2986\" srcset=\"https:\/\/site.ac-martinique.fr\/clg-fernanddonatien\/wp-content\/uploads\/sites\/53\/2021\/05\/dillon-2-2.jpg 225w, https:\/\/site.ac-martinique.fr\/clg-fernanddonatien\/wp-content\/uploads\/sites\/53\/2021\/05\/dillon-2-2-150x150.jpg 150w\" sizes=\"auto, (max-width: 225px) 100vw, 225px\" \/><\/a><\/figure><\/li><\/ul><\/figure>\n<\/div>\n\n\n\n<div class=\"wp-block-column is-layout-flow wp-block-column-is-layout-flow\"><\/div>\n<\/div>\n\n\n\n<p>Contexte g\u00e9ographique et socio-\u00e9conomique :<br>Le coll\u00e8ge Fernand DONATIEN, est implant\u00e9 \u00e0 Fort de France, au c\u0153ur de la Cit\u00e9 Dillon, quartier o\u00f9 vivent environ 10000 habitants et 400 foyers. La cit\u00e9 Dillon date de 1966. C\u2019est une zone franche active en plein d\u00e9veloppement, anim\u00e9e par un centre culturel et un tissu associatif dynamique f\u00e9d\u00e9r\u00e9 par des actions sociales et culturelles.<\/p>\n\n\n\n<figure class=\"wp-block-image size-large is-resized\"><a href=\"https:\/\/site.ac-martinique.fr\/clg-fernanddonatien\/wp-content\/uploads\/sites\/53\/2016\/12\/unnamed.jpg\"><img loading=\"lazy\" decoding=\"async\" src=\"https:\/\/site.ac-martinique.fr\/clg-fernanddonatien\/wp-content\/uploads\/sites\/53\/2016\/12\/unnamed-1024x768.jpg\" alt=\"\" class=\"wp-image-1891\" width=\"420\" height=\"315\" \/><\/a><figcaption><strong>A la disposition des enfants se trouvent  un syst\u00e8me p\u00e9dagogique pr\u00eat \u00e0 les accueillir et \u00e0 les soutenir peu importe les difficult\u00e9s auxquels ils feront face.<\/strong> <br><\/figcaption><\/figure>\n\n\n\n<div class=\"wp-block-buttons is-layout-flex wp-block-buttons-is-layout-flex\">\n<div class=\"wp-block-button has-custom-width wp-block-button__width-100 is-style-outline is-style-outline--2\"><a class=\"wp-block-button__link has-white-color has-black-background-color has-text-color has-background\" href=\"https:\/\/site.ac-martinique.fr\/clg-fernanddonatien\/?page_id=186\" style=\"border-radius:16px\" target=\"_blank\" rel=\"noreferrer noopener\">Structure p\u00e9dagogique de l&rsquo;etablissement<\/a><\/div>\n<\/div>\n\n\n\n<p><\/p>\n\n\n","protected":false},"excerpt":{"rendered":"<p>Contexte g\u00e9ographique et socio-\u00e9conomique :Le coll\u00e8ge Fernand DONATIEN, est implant\u00e9 \u00e0 Fort de France, au c\u0153ur de la Cit\u00e9 Dillon, quartier o\u00f9 vivent environ 10000 habitants et 400 foyers. La cit\u00e9 Dillon date de 1966. C\u2019est une zone franche active en plein d\u00e9veloppement, anim\u00e9e par un centre culturel et un tissu associatif dynamique f\u00e9d\u00e9r\u00e9 par des actions sociales et culturelles.<\/p>\n","protected":false},"author":126,"featured_media":0,"parent":0,"menu_order":0,"comment_status":"closed","ping_status":"closed","template":"","meta":{"footnotes":"","_links_to":"","_links_to_target":""},"class_list":["post-2964","page","type-page","status-publish","hentry"],"_links":{"self":[{"href":"https:\/\/site.ac-martinique.fr\/clg-fernanddonatien\/index.php?rest_route=\/wp\/v2\/pages\/2964","targetHints":{"allow":["GET"]}}],"collection":[{"href":"https:\/\/site.ac-martinique.fr\/clg-fernanddonatien\/index.php?rest_route=\/wp\/v2\/pages"}],"about":[{"href":"https:\/\/site.ac-martinique.fr\/clg-fernanddonatien\/index.php?rest_route=\/wp\/v2\/types\/page"}],"author":[{"embeddable":true,"href":"https:\/\/site.ac-martinique.fr\/clg-fernanddonatien\/index.php?rest_route=\/wp\/v2\/users\/126"}],"replies":[{"embeddable":true,"href":"https:\/\/site.ac-martinique.fr\/clg-fernanddonatien\/index.php?rest_route=%2Fwp%2Fv2%2Fcomments&post=2964"}],"version-history":[{"count":14,"href":"https:\/\/site.ac-martinique.fr\/clg-fernanddonatien\/index.php?rest_route=\/wp\/v2\/pages\/2964\/revisions"}],"predecessor-version":[{"id":3101,"href":"https:\/\/site.ac-martinique.fr\/clg-fernanddonatien\/index.php?rest_route=\/wp\/v2\/pages\/2964\/revisions\/3101"}],"wp:attachment":[{"href":"https:\/\/site.ac-martinique.fr\/clg-fernanddonatien\/index.php?rest_route=%2Fwp%2Fv2%2Fmedia&parent=2964"}],"curies":[{"name":"wp","href":"https:\/\/api.w.org\/{rel}","templated":true}]}}