{"id":202,"date":"2015-02-23T12:58:05","date_gmt":"2015-02-23T16:58:05","guid":{"rendered":"\/clg-georgeselisabeth\/?page_id=202"},"modified":"2017-02-13T16:47:01","modified_gmt":"2017-02-13T20:47:01","slug":"liens-pedagogiques-utiles-2","status":"publish","type":"page","link":"https:\/\/site.ac-martinique.fr\/clg-georgeselisabeth\/?page_id=202","title":{"rendered":"Liens p\u00e9dagogiques"},"content":{"rendered":"<table>\n<tbody>\n<tr>\n<td style=\"text-align: right;\" align=\"center\"><strong>Se connecter pour apprendre!<\/strong><\/p>\n<p><strong>La plateforme de soutien scolaire de la Collectivit\u00e9 Territoriale de Martinique<\/strong><\/p>\n<p>Elle est disponible 24h\/24, 7j\/7 mais aussi 100% gratuite pour les parents, une occasion de redonner ses chances de r\u00e9ussite aux publics les plus n\u00e9cessiteux notamment.<\/p>\n<p><strong>Comment faire?<\/strong><\/p>\n<ol>\n<li style=\"text-align: left;\">Je me rends sur la plateforme en cliquant sur l&rsquo;image<\/li>\n<li style=\"text-align: left;\">Je clique sur \u00ab\u00a0Inscrivez-vous\u00a0\u00bb<\/li>\n<li style=\"text-align: left;\">Je rentre le Code d\u2019activation CTM : <strong>BSS16-CTM<\/strong><\/li>\n<li style=\"text-align: left;\">Je m\u2019inscris<\/li>\n<\/ol>\n<\/td>\n<td align=\"top\"><a href=\"http:\/\/soutienscolaire.collectivitedemartinique.mq\" target=\"_blank\"><img loading=\"lazy\" decoding=\"async\" class=\"alignnone size-full wp-image-1326\" src=\"\/clg-georgeselisabeth\/wp-content\/uploads\/sites\/58\/2016\/12\/IMG_4921.jpg\" alt=\"img_4921\" width=\"725\" height=\"941\" srcset=\"https:\/\/site.ac-martinique.fr\/clg-georgeselisabeth\/wp-content\/uploads\/sites\/58\/2016\/12\/IMG_4921.jpg 725w, https:\/\/site.ac-martinique.fr\/clg-georgeselisabeth\/wp-content\/uploads\/sites\/58\/2016\/12\/IMG_4921-231x300.jpg 231w, https:\/\/site.ac-martinique.fr\/clg-georgeselisabeth\/wp-content\/uploads\/sites\/58\/2016\/12\/IMG_4921-462x600.jpg 462w\" sizes=\"auto, (max-width: 725px) 100vw, 725px\" \/><\/a><\/td>\n<\/tr>\n<tr>\n<td style=\"text-align: right;\"><strong>D&rsquo;COL,<\/strong> un service d\u2019accompagnement personnalis\u00e9 pour 30 000 \u00e9l\u00e8ves de 6e des \u00e9tablissements d\u2019\u00e9ducation prioritaire, en fran\u00e7ais, math\u00e9matique et anglais.<\/td>\n<td align=\"center\"><a href=\"https:\/\/www.dcol.fr\/Identification\/Login.aspx?ReturnUrl=%2f\" target=\"_blank\"><img loading=\"lazy\" decoding=\"async\" class=\"size-full wp-image-131 aligncenter\" src=\"\/clg-georgeselisabeth\/wp-content\/uploads\/sites\/58\/2015\/02\/logo-dcol.png\" alt=\"logo-dcol\" width=\"100\" height=\"100\" \/><\/a><\/td>\n<\/tr>\n<tr>\n<td style=\"text-align: right;\">\u00a0<strong>LE KIOSQUE NUM\u00c9RIQUE DE L&rsquo;EDUCATION<\/strong>, acc\u00e9der \u00e0 des milliers de ressources fiables et de qualit\u00e9.<\/td>\n<td align=\"center\"><a href=\"https:\/\/www.kiosque-edu.com\/\" target=\"_blank\"><img loading=\"lazy\" decoding=\"async\" class=\"alignnone size-full wp-image-453\" src=\"\/clg-georgeselisabeth\/wp-content\/uploads\/sites\/58\/2015\/02\/kne.png\" alt=\"kne\" width=\"239\" height=\"95\" \/><\/a><\/td>\n<\/tr>\n<tr>\n<td style=\"text-align: right;\">\u00a0<strong>LE SITE.TV<\/strong>, l&rsquo;espace vid\u00e9o des enseignants.<\/td>\n<td align=\"center\"><a href=\"http:\/\/www.lesite.tv\/\" target=\"_blank\"><img loading=\"lazy\" decoding=\"async\" class=\"alignnone size-full wp-image-452\" src=\"\/clg-georgeselisabeth\/wp-content\/uploads\/sites\/58\/2015\/02\/lesitetv.png\" alt=\"lesitetv\" width=\"167\" height=\"53\" \/><\/a><\/td>\n<\/tr>\n<tr>\n<td style=\"text-align: right;\">\u00a0<strong>CANAL\u00a0NUM\u00c9RIQUE\u00a0DES SAVOIRS<\/strong>, le catalogues des ressources num\u00e9riques \u00e9ducation<\/td>\n<td align=\"center\"><a href=\"http:\/\/www.cns-edu.com\/\" target=\"_blank\"><img loading=\"lazy\" decoding=\"async\" class=\"alignnone size-full wp-image-454\" src=\"\/clg-georgeselisabeth\/wp-content\/uploads\/sites\/58\/2015\/02\/cns.png\" alt=\"cns\" width=\"175\" height=\"62\" \/><\/a><\/td>\n<\/tr>\n<tr>\n<td style=\"text-align: right;\"><strong>PREP&rsquo;EXAM,<\/strong> acc\u00e8s en ligne \u00e0 des sujets des baccalaur\u00e9ats g\u00e9n\u00e9ral, technologique et professionnel.<\/td>\n<td align=\"center\"><a href=\"http:\/\/eduscol.education.fr\/prep-exam\/\" target=\"_blank\"><img loading=\"lazy\" decoding=\"async\" class=\"size-full wp-image-135 aligncenter\" src=\"\/clg-georgeselisabeth\/wp-content\/uploads\/sites\/58\/2015\/02\/prepexam.png\" alt=\"prepexam\" width=\"650\" height=\"100\" \/><\/a><\/td>\n<\/tr>\n<tr>\n<td style=\"text-align: right;\"><strong>MATHENPOCHE,<\/strong> site p\u00e9dagogique gratuit pour les math\u00e9matiques avec acc\u00e8s libre \u00e0 des exercices corrig\u00e9s (avec rappels de cours) pour tous les niveaux.<\/td>\n<td align=\"center\"><a href=\"http:\/\/mathenpoche.sesamath.net\/\" target=\"_blank\"><img loading=\"lazy\" decoding=\"async\" class=\"size-full wp-image-134 aligncenter\" src=\"\/clg-georgeselisabeth\/wp-content\/uploads\/sites\/58\/2015\/02\/mathenpoche.jpg\" alt=\"mathenpoche\" width=\"650\" height=\"100\" \/><\/a><\/td>\n<\/tr>\n<tr>\n<td style=\"text-align: right;\"><strong>Se pr\u00e9parer aux ASSR1 et ASSR2,\u00a0<\/strong>Cette application permet de pr\u00e9parer l\u2019ASSR \u00e0 partir des vid\u00e9os d\u2019\u00e9preuves. Elle peut \u00eatre utilis\u00e9e par les \u00e9l\u00e8ves en classe, au CDI ou en accompagnement sur des supports divers.<\/td>\n<td align=\"center\"><a href=\"http:\/\/preparer-assr.education-securite-routiere.fr\/\" target=\"_blank\"><img loading=\"lazy\" decoding=\"async\" class=\"size-full wp-image-278 aligncenter\" src=\"\/clg-georgeselisabeth\/wp-content\/uploads\/sites\/58\/2015\/02\/logo-securite-routiere.png\" alt=\"logo-securite-routiere\" width=\"650\" height=\"100\" \/><\/a><\/td>\n<\/tr>\n<\/tbody>\n<\/table>\n","protected":false},"excerpt":{"rendered":"<p>Se connecter pour apprendre! La plateforme de soutien scolaire de la Collectivit\u00e9 Territoriale de Martinique Elle est disponible 24h\/24, 7j\/7 mais aussi 100% gratuite pour les parents, une occasion de redonner ses chances de r\u00e9ussite aux publics les plus n\u00e9cessiteux &hellip; <a href=\"https:\/\/site.ac-martinique.fr\/clg-georgeselisabeth\/?page_id=202\">Continuer la lecture <span class=\"meta-nav\">&rarr;<\/span><\/a><\/p>\n","protected":false},"author":140,"featured_media":0,"parent":403,"menu_order":0,"comment_status":"closed","ping_status":"closed","template":"","meta":{"footnotes":""},"class_list":["post-202","page","type-page","status-publish","hentry"],"_links":{"self":[{"href":"https:\/\/site.ac-martinique.fr\/clg-georgeselisabeth\/index.php?rest_route=\/wp\/v2\/pages\/202","targetHints":{"allow":["GET"]}}],"collection":[{"href":"https:\/\/site.ac-martinique.fr\/clg-georgeselisabeth\/index.php?rest_route=\/wp\/v2\/pages"}],"about":[{"href":"https:\/\/site.ac-martinique.fr\/clg-georgeselisabeth\/index.php?rest_route=\/wp\/v2\/types\/page"}],"author":[{"embeddable":true,"href":"https:\/\/site.ac-martinique.fr\/clg-georgeselisabeth\/index.php?rest_route=\/wp\/v2\/users\/140"}],"replies":[{"embeddable":true,"href":"https:\/\/site.ac-martinique.fr\/clg-georgeselisabeth\/index.php?rest_route=%2Fwp%2Fv2%2Fcomments&post=202"}],"version-history":[{"count":50,"href":"https:\/\/site.ac-martinique.fr\/clg-georgeselisabeth\/index.php?rest_route=\/wp\/v2\/pages\/202\/revisions"}],"predecessor-version":[{"id":1470,"href":"https:\/\/site.ac-martinique.fr\/clg-georgeselisabeth\/index.php?rest_route=\/wp\/v2\/pages\/202\/revisions\/1470"}],"up":[{"embeddable":true,"href":"https:\/\/site.ac-martinique.fr\/clg-georgeselisabeth\/index.php?rest_route=\/wp\/v2\/pages\/403"}],"wp:attachment":[{"href":"https:\/\/site.ac-martinique.fr\/clg-georgeselisabeth\/index.php?rest_route=%2Fwp%2Fv2%2Fmedia&parent=202"}],"curies":[{"name":"wp","href":"https:\/\/api.w.org\/{rel}","templated":true}]}}