{"id":204,"date":"2015-02-23T12:58:52","date_gmt":"2015-02-23T16:58:52","guid":{"rendered":"\/clg-georgeselisabeth\/?page_id=204"},"modified":"2023-12-09T13:35:07","modified_gmt":"2023-12-09T17:35:07","slug":"vie-scolaire","status":"publish","type":"page","link":"https:\/\/site.ac-martinique.fr\/clg-georgeselisabeth\/?page_id=204","title":{"rendered":"Activit\u00e9s coll\u00e8ge"},"content":{"rendered":"<p><a href=\"\/clg-georgeselisabeth\/wp-content\/uploads\/sites\/58\/2015\/02\/Activites2.png\"><img loading=\"lazy\" decoding=\"async\" class=\"alignnone size-full wp-image-478 aligncenter\" alt=\"Activites2\" src=\"\/clg-georgeselisabeth\/wp-content\/uploads\/sites\/58\/2015\/02\/Activites2.png\" width=\"343\" height=\"606\" \/><\/a><\/p>\n\n\n<h2 class=\"wp-block-heading\">Rencontre avec l&rsquo;autrice et interpr\u00e8te Marie-Audrey Simoneau lors de ses deux spectacles TERRE MER et SOUS LA PEAU\/ENFANCE D\u00c9RACIN\u00c9E.<\/h2>\n\n\n\n<p>Marie-Audrey Simoneau est \u00e0 l&rsquo;origine de ce beau projet, et est aid\u00e9e par l&rsquo;association My Com&rsquo;pany pour la partie production (montage de dossier, contrats, feuilles de route, relation avec les structures accueillant les spectacles\u2026).<\/p>\n\n\n\n<p>Le spectacle TERRE MER entrem\u00eale l&rsquo;Histoire officielle et l&rsquo;histoire personnelle de Marie-Audrey Simoneau. Elle rend hommage \u00e0 ses a\u00efeules et raconte la r\u00e9sistance et la r\u00e9volte des femmes contre l&rsquo;esclavage en Martinique.<\/p>\n\n\n\n<p>La lecture th\u00e9\u00e2tralis\u00e9e de SOUS LA PEAU\/ENFANCE D\u00c9RACIN\u00c9E part du point de vue d&rsquo;une petite fille m\u00e9tisse, Brune, que l&rsquo;on suit de son enfance \u00e0 l&rsquo;\u00e2ge adulte. Marie-Audrey Simoneau \u00e9voque la th\u00e9matique du harc\u00e8lement scolaire et du d\u00e9racinement.<\/p>\n\n\n\n<figure class=\"wp-block-gallery has-nested-images columns-default is-cropped wp-block-gallery-1 is-layout-flex wp-block-gallery-is-layout-flex\">\n<figure class=\"wp-block-image size-large\"><img loading=\"lazy\" decoding=\"async\" width=\"600\" height=\"450\" data-id=\"3480\" src=\"https:\/\/site.ac-martinique.fr\/clg-georgeselisabeth\/wp-content\/uploads\/sites\/58\/2023\/12\/20231127_140140-600x450.jpg\" alt=\"\" class=\"wp-image-3480\" srcset=\"https:\/\/site.ac-martinique.fr\/clg-georgeselisabeth\/wp-content\/uploads\/sites\/58\/2023\/12\/20231127_140140-600x450.jpg 600w, https:\/\/site.ac-martinique.fr\/clg-georgeselisabeth\/wp-content\/uploads\/sites\/58\/2023\/12\/20231127_140140-300x225.jpg 300w, https:\/\/site.ac-martinique.fr\/clg-georgeselisabeth\/wp-content\/uploads\/sites\/58\/2023\/12\/20231127_140140-768x576.jpg 768w, https:\/\/site.ac-martinique.fr\/clg-georgeselisabeth\/wp-content\/uploads\/sites\/58\/2023\/12\/20231127_140140-1536x1152.jpg 1536w, https:\/\/site.ac-martinique.fr\/clg-georgeselisabeth\/wp-content\/uploads\/sites\/58\/2023\/12\/20231127_140140-2048x1536.jpg 2048w\" sizes=\"auto, (max-width: 600px) 100vw, 600px\" \/><\/figure>\n\n\n\n<figure class=\"wp-block-image size-large\"><img loading=\"lazy\" decoding=\"async\" width=\"600\" height=\"450\" data-id=\"3481\" src=\"https:\/\/site.ac-martinique.fr\/clg-georgeselisabeth\/wp-content\/uploads\/sites\/58\/2023\/12\/20231127_140157-600x450.jpg\" alt=\"\" class=\"wp-image-3481\" srcset=\"https:\/\/site.ac-martinique.fr\/clg-georgeselisabeth\/wp-content\/uploads\/sites\/58\/2023\/12\/20231127_140157-600x450.jpg 600w, https:\/\/site.ac-martinique.fr\/clg-georgeselisabeth\/wp-content\/uploads\/sites\/58\/2023\/12\/20231127_140157-300x225.jpg 300w, https:\/\/site.ac-martinique.fr\/clg-georgeselisabeth\/wp-content\/uploads\/sites\/58\/2023\/12\/20231127_140157-768x576.jpg 768w, https:\/\/site.ac-martinique.fr\/clg-georgeselisabeth\/wp-content\/uploads\/sites\/58\/2023\/12\/20231127_140157-1536x1152.jpg 1536w, https:\/\/site.ac-martinique.fr\/clg-georgeselisabeth\/wp-content\/uploads\/sites\/58\/2023\/12\/20231127_140157-2048x1536.jpg 2048w\" sizes=\"auto, (max-width: 600px) 100vw, 600px\" \/><\/figure>\n\n\n\n<figure class=\"wp-block-image size-large tw-width-100\"><img loading=\"lazy\" decoding=\"async\" width=\"600\" height=\"450\" data-id=\"3473\" src=\"https:\/\/site.ac-martinique.fr\/clg-georgeselisabeth\/wp-content\/uploads\/sites\/58\/2023\/12\/20231127_144150-600x450.jpg\" alt=\"\" class=\"wp-image-3473\" srcset=\"https:\/\/site.ac-martinique.fr\/clg-georgeselisabeth\/wp-content\/uploads\/sites\/58\/2023\/12\/20231127_144150-600x450.jpg 600w, https:\/\/site.ac-martinique.fr\/clg-georgeselisabeth\/wp-content\/uploads\/sites\/58\/2023\/12\/20231127_144150-300x225.jpg 300w, https:\/\/site.ac-martinique.fr\/clg-georgeselisabeth\/wp-content\/uploads\/sites\/58\/2023\/12\/20231127_144150-768x576.jpg 768w, https:\/\/site.ac-martinique.fr\/clg-georgeselisabeth\/wp-content\/uploads\/sites\/58\/2023\/12\/20231127_144150-1536x1152.jpg 1536w, https:\/\/site.ac-martinique.fr\/clg-georgeselisabeth\/wp-content\/uploads\/sites\/58\/2023\/12\/20231127_144150-2048x1536.jpg 2048w\" sizes=\"auto, (max-width: 600px) 100vw, 600px\" \/><\/figure>\n\n\n\n<figure class=\"wp-block-image size-large\"><img loading=\"lazy\" decoding=\"async\" width=\"450\" height=\"600\" data-id=\"3482\" src=\"https:\/\/site.ac-martinique.fr\/clg-georgeselisabeth\/wp-content\/uploads\/sites\/58\/2023\/12\/20231127_140315-450x600.jpg\" alt=\"\" class=\"wp-image-3482\" srcset=\"https:\/\/site.ac-martinique.fr\/clg-georgeselisabeth\/wp-content\/uploads\/sites\/58\/2023\/12\/20231127_140315-450x600.jpg 450w, https:\/\/site.ac-martinique.fr\/clg-georgeselisabeth\/wp-content\/uploads\/sites\/58\/2023\/12\/20231127_140315-225x300.jpg 225w, https:\/\/site.ac-martinique.fr\/clg-georgeselisabeth\/wp-content\/uploads\/sites\/58\/2023\/12\/20231127_140315-768x1024.jpg 768w, https:\/\/site.ac-martinique.fr\/clg-georgeselisabeth\/wp-content\/uploads\/sites\/58\/2023\/12\/20231127_140315-1152x1536.jpg 1152w, https:\/\/site.ac-martinique.fr\/clg-georgeselisabeth\/wp-content\/uploads\/sites\/58\/2023\/12\/20231127_140315-1536x2048.jpg 1536w, https:\/\/site.ac-martinique.fr\/clg-georgeselisabeth\/wp-content\/uploads\/sites\/58\/2023\/12\/20231127_140315-scaled.jpg 1920w\" sizes=\"auto, (max-width: 450px) 100vw, 450px\" \/><\/figure>\n\n\n\n<figure class=\"wp-block-image size-large\"><img loading=\"lazy\" decoding=\"async\" width=\"450\" height=\"600\" data-id=\"3483\" src=\"https:\/\/site.ac-martinique.fr\/clg-georgeselisabeth\/wp-content\/uploads\/sites\/58\/2023\/12\/20231127_140325-450x600.jpg\" alt=\"\" class=\"wp-image-3483\" srcset=\"https:\/\/site.ac-martinique.fr\/clg-georgeselisabeth\/wp-content\/uploads\/sites\/58\/2023\/12\/20231127_140325-450x600.jpg 450w, https:\/\/site.ac-martinique.fr\/clg-georgeselisabeth\/wp-content\/uploads\/sites\/58\/2023\/12\/20231127_140325-225x300.jpg 225w, https:\/\/site.ac-martinique.fr\/clg-georgeselisabeth\/wp-content\/uploads\/sites\/58\/2023\/12\/20231127_140325-768x1024.jpg 768w, https:\/\/site.ac-martinique.fr\/clg-georgeselisabeth\/wp-content\/uploads\/sites\/58\/2023\/12\/20231127_140325-1152x1536.jpg 1152w, https:\/\/site.ac-martinique.fr\/clg-georgeselisabeth\/wp-content\/uploads\/sites\/58\/2023\/12\/20231127_140325-1536x2048.jpg 1536w, https:\/\/site.ac-martinique.fr\/clg-georgeselisabeth\/wp-content\/uploads\/sites\/58\/2023\/12\/20231127_140325-scaled.jpg 1920w\" sizes=\"auto, (max-width: 450px) 100vw, 450px\" \/><\/figure>\n\n\n\n<figure class=\"wp-block-image size-large\"><img loading=\"lazy\" decoding=\"async\" width=\"450\" height=\"600\" data-id=\"3485\" src=\"https:\/\/site.ac-martinique.fr\/clg-georgeselisabeth\/wp-content\/uploads\/sites\/58\/2023\/12\/20231127_140328-450x600.jpg\" alt=\"\" class=\"wp-image-3485\" srcset=\"https:\/\/site.ac-martinique.fr\/clg-georgeselisabeth\/wp-content\/uploads\/sites\/58\/2023\/12\/20231127_140328-450x600.jpg 450w, https:\/\/site.ac-martinique.fr\/clg-georgeselisabeth\/wp-content\/uploads\/sites\/58\/2023\/12\/20231127_140328-225x300.jpg 225w, https:\/\/site.ac-martinique.fr\/clg-georgeselisabeth\/wp-content\/uploads\/sites\/58\/2023\/12\/20231127_140328-768x1024.jpg 768w, https:\/\/site.ac-martinique.fr\/clg-georgeselisabeth\/wp-content\/uploads\/sites\/58\/2023\/12\/20231127_140328-1152x1536.jpg 1152w, https:\/\/site.ac-martinique.fr\/clg-georgeselisabeth\/wp-content\/uploads\/sites\/58\/2023\/12\/20231127_140328-1536x2048.jpg 1536w, https:\/\/site.ac-martinique.fr\/clg-georgeselisabeth\/wp-content\/uploads\/sites\/58\/2023\/12\/20231127_140328-scaled.jpg 1920w\" sizes=\"auto, (max-width: 450px) 100vw, 450px\" \/><\/figure>\n\n\n\n<figure class=\"wp-block-image size-large\"><img loading=\"lazy\" decoding=\"async\" width=\"450\" height=\"600\" data-id=\"3484\" src=\"https:\/\/site.ac-martinique.fr\/clg-georgeselisabeth\/wp-content\/uploads\/sites\/58\/2023\/12\/20231127_140423-450x600.jpg\" alt=\"\" class=\"wp-image-3484\" srcset=\"https:\/\/site.ac-martinique.fr\/clg-georgeselisabeth\/wp-content\/uploads\/sites\/58\/2023\/12\/20231127_140423-450x600.jpg 450w, https:\/\/site.ac-martinique.fr\/clg-georgeselisabeth\/wp-content\/uploads\/sites\/58\/2023\/12\/20231127_140423-225x300.jpg 225w, https:\/\/site.ac-martinique.fr\/clg-georgeselisabeth\/wp-content\/uploads\/sites\/58\/2023\/12\/20231127_140423-768x1024.jpg 768w, https:\/\/site.ac-martinique.fr\/clg-georgeselisabeth\/wp-content\/uploads\/sites\/58\/2023\/12\/20231127_140423-1152x1536.jpg 1152w, https:\/\/site.ac-martinique.fr\/clg-georgeselisabeth\/wp-content\/uploads\/sites\/58\/2023\/12\/20231127_140423-1536x2048.jpg 1536w, https:\/\/site.ac-martinique.fr\/clg-georgeselisabeth\/wp-content\/uploads\/sites\/58\/2023\/12\/20231127_140423-scaled.jpg 1920w\" sizes=\"auto, (max-width: 450px) 100vw, 450px\" \/><\/figure>\n\n\n\n<figure class=\"wp-block-image size-large\"><img loading=\"lazy\" decoding=\"async\" width=\"450\" height=\"600\" data-id=\"3475\" src=\"https:\/\/site.ac-martinique.fr\/clg-georgeselisabeth\/wp-content\/uploads\/sites\/58\/2023\/12\/20231127_144208-450x600.jpg\" alt=\"\" class=\"wp-image-3475\" srcset=\"https:\/\/site.ac-martinique.fr\/clg-georgeselisabeth\/wp-content\/uploads\/sites\/58\/2023\/12\/20231127_144208-450x600.jpg 450w, https:\/\/site.ac-martinique.fr\/clg-georgeselisabeth\/wp-content\/uploads\/sites\/58\/2023\/12\/20231127_144208-225x300.jpg 225w, https:\/\/site.ac-martinique.fr\/clg-georgeselisabeth\/wp-content\/uploads\/sites\/58\/2023\/12\/20231127_144208-768x1024.jpg 768w, https:\/\/site.ac-martinique.fr\/clg-georgeselisabeth\/wp-content\/uploads\/sites\/58\/2023\/12\/20231127_144208-1152x1536.jpg 1152w, https:\/\/site.ac-martinique.fr\/clg-georgeselisabeth\/wp-content\/uploads\/sites\/58\/2023\/12\/20231127_144208-1536x2048.jpg 1536w, https:\/\/site.ac-martinique.fr\/clg-georgeselisabeth\/wp-content\/uploads\/sites\/58\/2023\/12\/20231127_144208-scaled.jpg 1920w\" sizes=\"auto, (max-width: 450px) 100vw, 450px\" \/><\/figure>\n\n\n\n<figure class=\"wp-block-image size-large\"><img loading=\"lazy\" decoding=\"async\" width=\"450\" height=\"600\" data-id=\"3476\" src=\"https:\/\/site.ac-martinique.fr\/clg-georgeselisabeth\/wp-content\/uploads\/sites\/58\/2023\/12\/20231127_144354-450x600.jpg\" alt=\"\" class=\"wp-image-3476\" srcset=\"https:\/\/site.ac-martinique.fr\/clg-georgeselisabeth\/wp-content\/uploads\/sites\/58\/2023\/12\/20231127_144354-450x600.jpg 450w, https:\/\/site.ac-martinique.fr\/clg-georgeselisabeth\/wp-content\/uploads\/sites\/58\/2023\/12\/20231127_144354-225x300.jpg 225w, https:\/\/site.ac-martinique.fr\/clg-georgeselisabeth\/wp-content\/uploads\/sites\/58\/2023\/12\/20231127_144354-768x1024.jpg 768w, https:\/\/site.ac-martinique.fr\/clg-georgeselisabeth\/wp-content\/uploads\/sites\/58\/2023\/12\/20231127_144354-1152x1536.jpg 1152w, https:\/\/site.ac-martinique.fr\/clg-georgeselisabeth\/wp-content\/uploads\/sites\/58\/2023\/12\/20231127_144354-1536x2048.jpg 1536w, https:\/\/site.ac-martinique.fr\/clg-georgeselisabeth\/wp-content\/uploads\/sites\/58\/2023\/12\/20231127_144354-scaled.jpg 1920w\" sizes=\"auto, (max-width: 450px) 100vw, 450px\" \/><\/figure>\n\n\n\n<figure class=\"wp-block-image size-large\"><img loading=\"lazy\" decoding=\"async\" width=\"450\" height=\"600\" data-id=\"3477\" src=\"https:\/\/site.ac-martinique.fr\/clg-georgeselisabeth\/wp-content\/uploads\/sites\/58\/2023\/12\/20231127_144349-450x600.jpg\" alt=\"\" class=\"wp-image-3477\" srcset=\"https:\/\/site.ac-martinique.fr\/clg-georgeselisabeth\/wp-content\/uploads\/sites\/58\/2023\/12\/20231127_144349-450x600.jpg 450w, https:\/\/site.ac-martinique.fr\/clg-georgeselisabeth\/wp-content\/uploads\/sites\/58\/2023\/12\/20231127_144349-225x300.jpg 225w, https:\/\/site.ac-martinique.fr\/clg-georgeselisabeth\/wp-content\/uploads\/sites\/58\/2023\/12\/20231127_144349-768x1024.jpg 768w, https:\/\/site.ac-martinique.fr\/clg-georgeselisabeth\/wp-content\/uploads\/sites\/58\/2023\/12\/20231127_144349-1152x1536.jpg 1152w, https:\/\/site.ac-martinique.fr\/clg-georgeselisabeth\/wp-content\/uploads\/sites\/58\/2023\/12\/20231127_144349-1536x2048.jpg 1536w, https:\/\/site.ac-martinique.fr\/clg-georgeselisabeth\/wp-content\/uploads\/sites\/58\/2023\/12\/20231127_144349-scaled.jpg 1920w\" sizes=\"auto, (max-width: 450px) 100vw, 450px\" \/><\/figure>\n\n\n\n<figure class=\"wp-block-image size-large\"><img loading=\"lazy\" decoding=\"async\" width=\"450\" height=\"600\" data-id=\"3478\" src=\"https:\/\/site.ac-martinique.fr\/clg-georgeselisabeth\/wp-content\/uploads\/sites\/58\/2023\/12\/20231127_144330-450x600.jpg\" alt=\"\" class=\"wp-image-3478\" srcset=\"https:\/\/site.ac-martinique.fr\/clg-georgeselisabeth\/wp-content\/uploads\/sites\/58\/2023\/12\/20231127_144330-450x600.jpg 450w, https:\/\/site.ac-martinique.fr\/clg-georgeselisabeth\/wp-content\/uploads\/sites\/58\/2023\/12\/20231127_144330-225x300.jpg 225w, https:\/\/site.ac-martinique.fr\/clg-georgeselisabeth\/wp-content\/uploads\/sites\/58\/2023\/12\/20231127_144330-768x1024.jpg 768w, https:\/\/site.ac-martinique.fr\/clg-georgeselisabeth\/wp-content\/uploads\/sites\/58\/2023\/12\/20231127_144330-1152x1536.jpg 1152w, https:\/\/site.ac-martinique.fr\/clg-georgeselisabeth\/wp-content\/uploads\/sites\/58\/2023\/12\/20231127_144330-1536x2048.jpg 1536w, https:\/\/site.ac-martinique.fr\/clg-georgeselisabeth\/wp-content\/uploads\/sites\/58\/2023\/12\/20231127_144330-scaled.jpg 1920w\" sizes=\"auto, (max-width: 450px) 100vw, 450px\" \/><\/figure>\n\n\n\n<figure class=\"wp-block-image size-large\"><img loading=\"lazy\" decoding=\"async\" width=\"450\" height=\"600\" data-id=\"3479\" src=\"https:\/\/site.ac-martinique.fr\/clg-georgeselisabeth\/wp-content\/uploads\/sites\/58\/2023\/12\/20231127_144317-450x600.jpg\" alt=\"\" class=\"wp-image-3479\" srcset=\"https:\/\/site.ac-martinique.fr\/clg-georgeselisabeth\/wp-content\/uploads\/sites\/58\/2023\/12\/20231127_144317-450x600.jpg 450w, https:\/\/site.ac-martinique.fr\/clg-georgeselisabeth\/wp-content\/uploads\/sites\/58\/2023\/12\/20231127_144317-225x300.jpg 225w, https:\/\/site.ac-martinique.fr\/clg-georgeselisabeth\/wp-content\/uploads\/sites\/58\/2023\/12\/20231127_144317-768x1024.jpg 768w, https:\/\/site.ac-martinique.fr\/clg-georgeselisabeth\/wp-content\/uploads\/sites\/58\/2023\/12\/20231127_144317-1152x1536.jpg 1152w, https:\/\/site.ac-martinique.fr\/clg-georgeselisabeth\/wp-content\/uploads\/sites\/58\/2023\/12\/20231127_144317-1536x2048.jpg 1536w, https:\/\/site.ac-martinique.fr\/clg-georgeselisabeth\/wp-content\/uploads\/sites\/58\/2023\/12\/20231127_144317-scaled.jpg 1920w\" sizes=\"auto, (max-width: 450px) 100vw, 450px\" \/><\/figure>\n<\/figure>\n\n\n\n<h2 class=\"wp-block-heading\">Rencontre avec Ludvy VAILLANT<\/h2>\n\n\n\n<blockquote class=\"wp-block-quote is-layout-flow wp-block-quote-is-layout-flow\">\n<p><strong>Visite d\u2019un ancien \u00e9l\u00e8ve, pas comme les autres !<\/strong><\/p>\n<\/blockquote>\n\n\n\n<p>Ancien \u00e9l\u00e8ve du coll\u00e8ge Georges ELISABETH, Ludvy VAILLANT a rencontr\u00e9 nos \u00e9l\u00e8ves de 4\u00e8me et de 3\u00e8me pour les inspirer par son parcours exceptionnel.<\/p>\n\n\n\n<p>Nos \u00e9l\u00e8ves retiendront qu\u2019avec de la discipline et de la pers\u00e9v\u00e9rance, on peut performer dans le sport tout en poursuivant ses \u00e9tudes. Dipl\u00f4m\u00e9 et m\u00e9daill\u00e9, d\u00e9tenteur de records, <a href=\"https:\/\/twitter.com\/VaillantLudvy\">@VaillantLudvy<\/a> fait la fiert\u00e9 de son \u00eele et de son club, et est un mod\u00e8le pour nos jeunes.<\/p>\n\n\n\n<figure class=\"wp-block-gallery has-nested-images columns-default is-cropped wp-block-gallery-2 is-layout-flex wp-block-gallery-is-layout-flex\">\n<figure class=\"wp-block-image size-large\"><img loading=\"lazy\" decoding=\"async\" width=\"450\" height=\"600\" data-id=\"3449\" src=\"https:\/\/site.ac-martinique.fr\/clg-georgeselisabeth\/wp-content\/uploads\/sites\/58\/2023\/12\/F_84bbMW0AEDeLr-450x600.jpeg\" alt=\"\" class=\"wp-image-3449\" srcset=\"https:\/\/site.ac-martinique.fr\/clg-georgeselisabeth\/wp-content\/uploads\/sites\/58\/2023\/12\/F_84bbMW0AEDeLr-450x600.jpeg 450w, https:\/\/site.ac-martinique.fr\/clg-georgeselisabeth\/wp-content\/uploads\/sites\/58\/2023\/12\/F_84bbMW0AEDeLr-225x300.jpeg 225w, https:\/\/site.ac-martinique.fr\/clg-georgeselisabeth\/wp-content\/uploads\/sites\/58\/2023\/12\/F_84bbMW0AEDeLr.jpeg 768w\" sizes=\"auto, (max-width: 450px) 100vw, 450px\" \/><\/figure>\n\n\n\n<figure class=\"wp-block-image size-large\"><img loading=\"lazy\" decoding=\"async\" width=\"450\" height=\"600\" data-id=\"3450\" src=\"https:\/\/site.ac-martinique.fr\/clg-georgeselisabeth\/wp-content\/uploads\/sites\/58\/2023\/12\/F_84bbIW8AARyQ6-450x600.jpeg\" alt=\"\" class=\"wp-image-3450\" srcset=\"https:\/\/site.ac-martinique.fr\/clg-georgeselisabeth\/wp-content\/uploads\/sites\/58\/2023\/12\/F_84bbIW8AARyQ6-450x600.jpeg 450w, https:\/\/site.ac-martinique.fr\/clg-georgeselisabeth\/wp-content\/uploads\/sites\/58\/2023\/12\/F_84bbIW8AARyQ6-225x300.jpeg 225w, https:\/\/site.ac-martinique.fr\/clg-georgeselisabeth\/wp-content\/uploads\/sites\/58\/2023\/12\/F_84bbIW8AARyQ6.jpeg 768w\" sizes=\"auto, (max-width: 450px) 100vw, 450px\" \/><\/figure>\n\n\n\n<figure class=\"wp-block-image size-large tw-width-100\"><img loading=\"lazy\" decoding=\"async\" width=\"450\" height=\"600\" data-id=\"3452\" src=\"https:\/\/site.ac-martinique.fr\/clg-georgeselisabeth\/wp-content\/uploads\/sites\/58\/2023\/12\/F_84YXcXUAA19Ck-450x600.jpeg\" alt=\"\" class=\"wp-image-3452\" srcset=\"https:\/\/site.ac-martinique.fr\/clg-georgeselisabeth\/wp-content\/uploads\/sites\/58\/2023\/12\/F_84YXcXUAA19Ck-450x600.jpeg 450w, https:\/\/site.ac-martinique.fr\/clg-georgeselisabeth\/wp-content\/uploads\/sites\/58\/2023\/12\/F_84YXcXUAA19Ck-225x300.jpeg 225w, https:\/\/site.ac-martinique.fr\/clg-georgeselisabeth\/wp-content\/uploads\/sites\/58\/2023\/12\/F_84YXcXUAA19Ck.jpeg 768w\" sizes=\"auto, (max-width: 450px) 100vw, 450px\" \/><\/figure>\n\n\n\n<figure class=\"wp-block-image size-large tw-width-100\"><img loading=\"lazy\" decoding=\"async\" width=\"600\" height=\"450\" data-id=\"3453\" src=\"https:\/\/site.ac-martinique.fr\/clg-georgeselisabeth\/wp-content\/uploads\/sites\/58\/2023\/12\/F_84ba7XwAAXJ-E-600x450.jpeg\" alt=\"\" class=\"wp-image-3453\" srcset=\"https:\/\/site.ac-martinique.fr\/clg-georgeselisabeth\/wp-content\/uploads\/sites\/58\/2023\/12\/F_84ba7XwAAXJ-E-600x450.jpeg 600w, https:\/\/site.ac-martinique.fr\/clg-georgeselisabeth\/wp-content\/uploads\/sites\/58\/2023\/12\/F_84ba7XwAAXJ-E-300x225.jpeg 300w, https:\/\/site.ac-martinique.fr\/clg-georgeselisabeth\/wp-content\/uploads\/sites\/58\/2023\/12\/F_84ba7XwAAXJ-E-768x576.jpeg 768w, https:\/\/site.ac-martinique.fr\/clg-georgeselisabeth\/wp-content\/uploads\/sites\/58\/2023\/12\/F_84ba7XwAAXJ-E-1536x1152.jpeg 1536w, https:\/\/site.ac-martinique.fr\/clg-georgeselisabeth\/wp-content\/uploads\/sites\/58\/2023\/12\/F_84ba7XwAAXJ-E.jpeg 2048w\" sizes=\"auto, (max-width: 600px) 100vw, 600px\" \/><\/figure>\n\n\n\n<figure class=\"wp-block-image size-large\"><img loading=\"lazy\" decoding=\"async\" width=\"338\" height=\"600\" data-id=\"3451\" src=\"https:\/\/site.ac-martinique.fr\/clg-georgeselisabeth\/wp-content\/uploads\/sites\/58\/2023\/12\/F_84YXaXUAAIQZC-338x600.jpeg\" alt=\"\" class=\"wp-image-3451\" srcset=\"https:\/\/site.ac-martinique.fr\/clg-georgeselisabeth\/wp-content\/uploads\/sites\/58\/2023\/12\/F_84YXaXUAAIQZC-338x600.jpeg 338w, https:\/\/site.ac-martinique.fr\/clg-georgeselisabeth\/wp-content\/uploads\/sites\/58\/2023\/12\/F_84YXaXUAAIQZC-169x300.jpeg 169w, https:\/\/site.ac-martinique.fr\/clg-georgeselisabeth\/wp-content\/uploads\/sites\/58\/2023\/12\/F_84YXaXUAAIQZC.jpeg 576w\" sizes=\"auto, (max-width: 338px) 100vw, 338px\" \/><\/figure>\n\n\n\n<figure class=\"wp-block-image size-large\"><img loading=\"lazy\" decoding=\"async\" width=\"450\" height=\"600\" data-id=\"3454\" src=\"https:\/\/site.ac-martinique.fr\/clg-georgeselisabeth\/wp-content\/uploads\/sites\/58\/2023\/12\/F_84YXZWgAAVQFo-450x600.jpeg\" alt=\"\" class=\"wp-image-3454\" srcset=\"https:\/\/site.ac-martinique.fr\/clg-georgeselisabeth\/wp-content\/uploads\/sites\/58\/2023\/12\/F_84YXZWgAAVQFo-450x600.jpeg 450w, https:\/\/site.ac-martinique.fr\/clg-georgeselisabeth\/wp-content\/uploads\/sites\/58\/2023\/12\/F_84YXZWgAAVQFo-225x300.jpeg 225w, https:\/\/site.ac-martinique.fr\/clg-georgeselisabeth\/wp-content\/uploads\/sites\/58\/2023\/12\/F_84YXZWgAAVQFo-768x1024.jpeg 768w, https:\/\/site.ac-martinique.fr\/clg-georgeselisabeth\/wp-content\/uploads\/sites\/58\/2023\/12\/F_84YXZWgAAVQFo-1152x1536.jpeg 1152w, https:\/\/site.ac-martinique.fr\/clg-georgeselisabeth\/wp-content\/uploads\/sites\/58\/2023\/12\/F_84YXZWgAAVQFo.jpeg 1536w\" sizes=\"auto, (max-width: 450px) 100vw, 450px\" \/><\/figure>\n<\/figure>\n","protected":false},"excerpt":{"rendered":"<p>Rencontre avec l&rsquo;autrice et interpr\u00e8te Marie-Audrey Simoneau lors de ses deux spectacles TERRE MER et SOUS LA PEAU\/ENFANCE D\u00c9RACIN\u00c9E. Marie-Audrey Simoneau est \u00e0 l&rsquo;origine de ce beau projet, et est aid\u00e9e par l&rsquo;association My Com&rsquo;pany pour la partie production (montage &hellip; <a href=\"https:\/\/site.ac-martinique.fr\/clg-georgeselisabeth\/?page_id=204\">Continuer la lecture <span class=\"meta-nav\">&rarr;<\/span><\/a><\/p>\n","protected":false},"author":140,"featured_media":0,"parent":0,"menu_order":5,"comment_status":"closed","ping_status":"closed","template":"","meta":{"footnotes":""},"class_list":["post-204","page","type-page","status-publish","hentry"],"_links":{"self":[{"href":"https:\/\/site.ac-martinique.fr\/clg-georgeselisabeth\/index.php?rest_route=\/wp\/v2\/pages\/204","targetHints":{"allow":["GET"]}}],"collection":[{"href":"https:\/\/site.ac-martinique.fr\/clg-georgeselisabeth\/index.php?rest_route=\/wp\/v2\/pages"}],"about":[{"href":"https:\/\/site.ac-martinique.fr\/clg-georgeselisabeth\/index.php?rest_route=\/wp\/v2\/types\/page"}],"author":[{"embeddable":true,"href":"https:\/\/site.ac-martinique.fr\/clg-georgeselisabeth\/index.php?rest_route=\/wp\/v2\/users\/140"}],"replies":[{"embeddable":true,"href":"https:\/\/site.ac-martinique.fr\/clg-georgeselisabeth\/index.php?rest_route=%2Fwp%2Fv2%2Fcomments&post=204"}],"version-history":[{"count":9,"href":"https:\/\/site.ac-martinique.fr\/clg-georgeselisabeth\/index.php?rest_route=\/wp\/v2\/pages\/204\/revisions"}],"predecessor-version":[{"id":3489,"href":"https:\/\/site.ac-martinique.fr\/clg-georgeselisabeth\/index.php?rest_route=\/wp\/v2\/pages\/204\/revisions\/3489"}],"wp:attachment":[{"href":"https:\/\/site.ac-martinique.fr\/clg-georgeselisabeth\/index.php?rest_route=%2Fwp%2Fv2%2Fmedia&parent=204"}],"curies":[{"name":"wp","href":"https:\/\/api.w.org\/{rel}","templated":true}]}}