{"id":217,"date":"2015-02-23T13:09:11","date_gmt":"2015-02-23T17:09:11","guid":{"rendered":"\/clg-georgeselisabeth\/?page_id=217"},"modified":"2023-11-05T07:33:43","modified_gmt":"2023-11-05T11:33:43","slug":"cdi","status":"publish","type":"page","link":"https:\/\/site.ac-martinique.fr\/clg-georgeselisabeth\/?page_id=217","title":{"rendered":"Pr\u00e9sentation du coll\u00e8ge"},"content":{"rendered":"<p>La commune de Rivi\u00e8re-Sal\u00e9e compte environ 12\u00a0900 habitants et fait partie depuis 2000 des 12 communes formant la Communaut\u00e9 d\u2019agglom\u00e9ration de l\u2019Espace Sud de la Martinique (CAESM).<\/p>\n<p>Rivi\u00e8re-Sal\u00e9e comprend <b>6 \u00e9coles primaires<\/b> rattach\u00e9es (Mixte A et B, Petit Bourg, Thoraille, Desmarini\u00e8res et Fond Masson), <b>un lyc\u00e9e polyvalent<\/b> (Joseph Zobel) et <b>le coll\u00e8ge Georges Elisabeth.<\/b> Construit en 1957, le coll\u00e8ge poss\u00e8de depuis quelques ann\u00e9es un effectif variant entre 600 et 500 \u00e9l\u00e8ves, comprenant une SEGPA et deux classes ULIS depuis la rentr\u00e9e scolaire 2016\/2017.<\/p>\n<p>\u00a0<\/p>\n\n\n<figure class=\"wp-block-image size-full is-style-tw-rounded-corners\"><img loading=\"lazy\" decoding=\"async\" width=\"570\" height=\"840\" src=\"https:\/\/site.ac-martinique.fr\/clg-georgeselisabeth\/wp-content\/uploads\/sites\/58\/2022\/11\/notre-2.png\" alt=\"\" class=\"wp-image-3137\" srcset=\"https:\/\/site.ac-martinique.fr\/clg-georgeselisabeth\/wp-content\/uploads\/sites\/58\/2022\/11\/notre-2.png 570w, https:\/\/site.ac-martinique.fr\/clg-georgeselisabeth\/wp-content\/uploads\/sites\/58\/2022\/11\/notre-2-204x300.png 204w, https:\/\/site.ac-martinique.fr\/clg-georgeselisabeth\/wp-content\/uploads\/sites\/58\/2022\/11\/notre-2-407x600.png 407w\" sizes=\"auto, (max-width: 570px) 100vw, 570px\" \/><\/figure>\n","protected":false},"excerpt":{"rendered":"<p>La commune de Rivi\u00e8re-Sal\u00e9e compte environ 12\u00a0900 habitants et fait partie depuis 2000 des 12 communes formant la Communaut\u00e9 d\u2019agglom\u00e9ration de l\u2019Espace Sud de la Martinique (CAESM). Rivi\u00e8re-Sal\u00e9e comprend 6 \u00e9coles primaires rattach\u00e9es (Mixte A et B, Petit Bourg, Thoraille, &hellip; <a href=\"https:\/\/site.ac-martinique.fr\/clg-georgeselisabeth\/?page_id=217\">Continuer la lecture <span class=\"meta-nav\">&rarr;<\/span><\/a><\/p>\n","protected":false},"author":140,"featured_media":0,"parent":211,"menu_order":0,"comment_status":"closed","ping_status":"closed","template":"","meta":{"footnotes":""},"class_list":["post-217","page","type-page","status-publish","hentry"],"_links":{"self":[{"href":"https:\/\/site.ac-martinique.fr\/clg-georgeselisabeth\/index.php?rest_route=\/wp\/v2\/pages\/217","targetHints":{"allow":["GET"]}}],"collection":[{"href":"https:\/\/site.ac-martinique.fr\/clg-georgeselisabeth\/index.php?rest_route=\/wp\/v2\/pages"}],"about":[{"href":"https:\/\/site.ac-martinique.fr\/clg-georgeselisabeth\/index.php?rest_route=\/wp\/v2\/types\/page"}],"author":[{"embeddable":true,"href":"https:\/\/site.ac-martinique.fr\/clg-georgeselisabeth\/index.php?rest_route=\/wp\/v2\/users\/140"}],"replies":[{"embeddable":true,"href":"https:\/\/site.ac-martinique.fr\/clg-georgeselisabeth\/index.php?rest_route=%2Fwp%2Fv2%2Fcomments&post=217"}],"version-history":[{"count":12,"href":"https:\/\/site.ac-martinique.fr\/clg-georgeselisabeth\/index.php?rest_route=\/wp\/v2\/pages\/217\/revisions"}],"predecessor-version":[{"id":3139,"href":"https:\/\/site.ac-martinique.fr\/clg-georgeselisabeth\/index.php?rest_route=\/wp\/v2\/pages\/217\/revisions\/3139"}],"up":[{"embeddable":true,"href":"https:\/\/site.ac-martinique.fr\/clg-georgeselisabeth\/index.php?rest_route=\/wp\/v2\/pages\/211"}],"wp:attachment":[{"href":"https:\/\/site.ac-martinique.fr\/clg-georgeselisabeth\/index.php?rest_route=%2Fwp%2Fv2%2Fmedia&parent=217"}],"curies":[{"name":"wp","href":"https:\/\/api.w.org\/{rel}","templated":true}]}}