{"id":234,"date":"2015-02-23T13:19:19","date_gmt":"2015-02-23T17:19:19","guid":{"rendered":"\/clg-georgeselisabeth\/?page_id=234"},"modified":"2015-05-12T11:19:53","modified_gmt":"2015-05-12T15:19:53","slug":"obii","status":"publish","type":"page","link":"https:\/\/site.ac-martinique.fr\/clg-georgeselisabeth\/?page_id=234","title":{"rendered":"Applications OBII et GAIA"},"content":{"rendered":"<p>&nbsp;<\/p>\n<p style=\"text-align: justify;\">Pour acc\u00e9der \u00e0 vos applications <strong>OBII<\/strong> et <strong>GAIA<\/strong>, <a href=\"https:\/\/extranet.ac-martinique.fr\/arena\/\" target=\"_blank\">cliquez ici.<\/a><\/p>\n<table>\n<tr>\n<td>\n<img loading=\"lazy\" decoding=\"async\" class=\"wp-image-333\" src=\"\/clg-georgeselisabeth\/wp-content\/uploads\/sites\/58\/2015\/02\/obii.jpg\" alt=\"obii\" width=\"90\" height=\"27\" \/><\/td>\n<td>\u00a0L&rsquo;application OBII(outiller le B2i) assure le suivi de l&rsquo;acquisition des comp\u00e9tences du B2i en g\u00e9rant les relations \u00e9l\u00e8ves-enseignants et l&rsquo;organisation mise en place entre enseignants.<\/p>\n<p>Pour de plus amples informations concernant OBII, cliquez <a href=\"http:\/\/eduscol.education.fr\/cid57004\/obii-outiller-le-b2i.html\" target=\"_blank\">ici<\/a>.\n<\/td>\n<\/tr>\n<tr>\n<td>\n<a href=\"\/clg-georgeselisabeth\/wp-content\/uploads\/sites\/58\/2015\/02\/gaia.png\"><img loading=\"lazy\" decoding=\"async\" class=\"alignnone  wp-image-346\" src=\"\/clg-georgeselisabeth\/wp-content\/uploads\/sites\/58\/2015\/02\/gaia.png\" alt=\"gaia\" width=\"90\" height=\"31\" \/><\/a><\/td>\n<td>L&rsquo;application GAIA permet le suivi du plan acad\u00e9mique\u00a0de Formation.<\/p>\n<p>Le plan acad\u00e9mique de formation(PAF) est destin\u00e9 \u00e0 tous les personnels de l&rsquo;Education nationale, quelle que soit leur fonction. Ce plan d\u00e9cline les grands axes de la politique \u00e9ducative selon les besoins acad\u00e9miques de formation qui ont \u00e9t\u00e9 d\u00e9finis avec le concours des usagers et de l&rsquo;encadrement.\n<\/td>\n<\/tr>\n<p>&nbsp;<br \/>\n<\/table>\n","protected":false},"excerpt":{"rendered":"<p>&nbsp; Pour acc\u00e9der \u00e0 vos applications OBII et GAIA, cliquez ici. \u00a0L&rsquo;application OBII(outiller le B2i) assure le suivi de l&rsquo;acquisition des comp\u00e9tences du B2i en g\u00e9rant les relations \u00e9l\u00e8ves-enseignants et l&rsquo;organisation mise en place entre enseignants. Pour de plus amples &hellip; <a href=\"https:\/\/site.ac-martinique.fr\/clg-georgeselisabeth\/?page_id=234\">Continuer la lecture <span class=\"meta-nav\">&rarr;<\/span><\/a><\/p>\n","protected":false},"author":140,"featured_media":0,"parent":208,"menu_order":2,"comment_status":"closed","ping_status":"closed","template":"","meta":{"footnotes":""},"class_list":["post-234","page","type-page","status-publish","hentry"],"_links":{"self":[{"href":"https:\/\/site.ac-martinique.fr\/clg-georgeselisabeth\/index.php?rest_route=\/wp\/v2\/pages\/234","targetHints":{"allow":["GET"]}}],"collection":[{"href":"https:\/\/site.ac-martinique.fr\/clg-georgeselisabeth\/index.php?rest_route=\/wp\/v2\/pages"}],"about":[{"href":"https:\/\/site.ac-martinique.fr\/clg-georgeselisabeth\/index.php?rest_route=\/wp\/v2\/types\/page"}],"author":[{"embeddable":true,"href":"https:\/\/site.ac-martinique.fr\/clg-georgeselisabeth\/index.php?rest_route=\/wp\/v2\/users\/140"}],"replies":[{"embeddable":true,"href":"https:\/\/site.ac-martinique.fr\/clg-georgeselisabeth\/index.php?rest_route=%2Fwp%2Fv2%2Fcomments&post=234"}],"version-history":[{"count":19,"href":"https:\/\/site.ac-martinique.fr\/clg-georgeselisabeth\/index.php?rest_route=\/wp\/v2\/pages\/234\/revisions"}],"predecessor-version":[{"id":716,"href":"https:\/\/site.ac-martinique.fr\/clg-georgeselisabeth\/index.php?rest_route=\/wp\/v2\/pages\/234\/revisions\/716"}],"up":[{"embeddable":true,"href":"https:\/\/site.ac-martinique.fr\/clg-georgeselisabeth\/index.php?rest_route=\/wp\/v2\/pages\/208"}],"wp:attachment":[{"href":"https:\/\/site.ac-martinique.fr\/clg-georgeselisabeth\/index.php?rest_route=%2Fwp%2Fv2%2Fmedia&parent=234"}],"curies":[{"name":"wp","href":"https:\/\/api.w.org\/{rel}","templated":true}]}}